{"id":925,"date":"2017-04-18T10:46:59","date_gmt":"2017-04-18T14:46:59","guid":{"rendered":"http:\/\/www.astrorimouski.net\/club\/?page_id=925"},"modified":"2017-10-17T17:26:33","modified_gmt":"2017-10-17T21:26:33","slug":"donateurs","status":"publish","type":"page","link":"https:\/\/www.astrorimouski.net\/club\/biblioscope\/donateurs\/","title":{"rendered":"Donateurs"},"content":{"rendered":"<p>Le service de pr\u00eat de t\u00e9lescope \u00ab <em>Biblioscopes pour tous<\/em> \u00bb a \u00e9t\u00e9 inaugur\u00e9 avec cinq t\u00e9lescopes.<\/p>\n<p>Un premier t\u00e9lescope a \u00e9t\u00e9 offert par Wilfrid Ouellet (membre du Club). Avec ce premier t\u00e9lescope en mains, il a \u00e9t\u00e9 facile pour le Club de susciter l\u2019int\u00e9r\u00eat des Biblioth\u00e8ques de Rimouski \u00e0 monter un projet en collaboration.<\/p>\n<p>Un second t\u00e9lescope a \u00e9t\u00e9 offert par le Club comme contribution au projet.<\/p>\n<p>Un troisi\u00e8me t\u00e9lescope a \u00e9t\u00e9 gracieusement offert par le <a href=\"https:\/\/www.facebook.com\/clublionsdebic\/\" target=\"_blank\" rel=\"noopener noreferrer\"><strong>Club Lions du Bic<\/strong><\/a> \u00e0 qui nous offrons tous nos remerciements.<\/p>\n<p>La Biblioth\u00e8que Lisette-Morin a acquis deux t\u00e9lescopes suppl\u00e9mentaires de sorte que le service \u00ab <em>Biblioscope pour tous<\/em> \u00bb a pu \u00eatre lanc\u00e9 dans toutes les biblioth\u00e8ques de Rimouski simultan\u00e9ment.<\/p>\n<p>\u00c0 l&rsquo;automne 2017, la Biblioth\u00e8que Lisette-Morin a acquis cinq t\u00e9lescopes suppl\u00e9mentaires, portant \u00e0 10 le nombre de t\u00e9lescopes disponibles.<\/p>\n","protected":false},"excerpt":{"rendered":"<p>Le service de pr\u00eat de t\u00e9lescope \u00ab Biblioscopes pour tous \u00bb a \u00e9t\u00e9 inaugur\u00e9 avec cinq t\u00e9lescopes. Un premier t\u00e9lescope a \u00e9t\u00e9 offert par Wilfrid Ouellet (membre du Club). Avec ce premier t\u00e9lescope en mains, il a \u00e9t\u00e9 facile pour le Club de susciter l\u2019int\u00e9r\u00eat des Biblioth\u00e8ques de Rimouski \u00e0 monter un projet en collaboration. &#8230; <a title=\"Donateurs\" class=\"read-more\" href=\"https:\/\/www.astrorimouski.net\/club\/biblioscope\/donateurs\/\" aria-label=\"En savoir plus sur Donateurs\">Lire la suite<\/a><\/p>\n","protected":false},"author":2,"featured_media":0,"parent":52,"menu_order":0,"comment_status":"closed","ping_status":"closed","template":"","meta":{"footnotes":""},"class_list":["post-925","page","type-page","status-publish"],"_links":{"self":[{"href":"https:\/\/www.astrorimouski.net\/club\/wp-json\/wp\/v2\/pages\/925","targetHints":{"allow":["GET"]}}],"collection":[{"href":"https:\/\/www.astrorimouski.net\/club\/wp-json\/wp\/v2\/pages"}],"about":[{"href":"https:\/\/www.astrorimouski.net\/club\/wp-json\/wp\/v2\/types\/page"}],"author":[{"embeddable":true,"href":"https:\/\/www.astrorimouski.net\/club\/wp-json\/wp\/v2\/users\/2"}],"replies":[{"embeddable":true,"href":"https:\/\/www.astrorimouski.net\/club\/wp-json\/wp\/v2\/comments?post=925"}],"version-history":[{"count":10,"href":"https:\/\/www.astrorimouski.net\/club\/wp-json\/wp\/v2\/pages\/925\/revisions"}],"predecessor-version":[{"id":1782,"href":"https:\/\/www.astrorimouski.net\/club\/wp-json\/wp\/v2\/pages\/925\/revisions\/1782"}],"up":[{"embeddable":true,"href":"https:\/\/www.astrorimouski.net\/club\/wp-json\/wp\/v2\/pages\/52"}],"wp:attachment":[{"href":"https:\/\/www.astrorimouski.net\/club\/wp-json\/wp\/v2\/media?parent=925"}],"curies":[{"name":"wp","href":"https:\/\/api.w.org\/{rel}","templated":true}]}}