{"id":86,"date":"2017-03-15T03:05:05","date_gmt":"2017-03-15T03:05:05","guid":{"rendered":"http:\/\/www.astrorimouski.net\/club\/?page_id=86"},"modified":"2017-10-17T10:58:44","modified_gmt":"2017-10-17T14:58:44","slug":"intro","status":"publish","type":"page","link":"https:\/\/www.astrorimouski.net\/club\/biblioscope\/intro\/","title":{"rendered":"Pr\u00e9sentation"},"content":{"rendered":"<h1><em>Biblioscopes pour tous<\/em><\/h1>\n<p>Le service de pr\u00eat de t\u00e9lescopes \u00ab\u00a0<em><strong>Biblioscopes pour tous<\/strong>\u00a0<\/em>\u00bb est le fruit d\u2019une collaboration entre le Club d\u2019astronomie de Rimouski et les <a href=\"http:\/\/www.ville.rimouski.qc.ca\/fr\/citoyens\/nav\/bibliotheques.html\"><strong>Biblioth\u00e8ques de la Ville de Rimouski<\/strong><\/a>. Le but du service est de promouvoir la culture scientifique, stimuler l\u2019int\u00e9r\u00eat en astronomie et permettre \u00e0 tous ceux qui n\u2019ont jamais eu la chance d\u2019observer le ciel \u00e0 travers un t\u00e9lescope de connaitre l\u2019excitation associ\u00e9e \u00e0 la d\u00e9couverte.<\/p>\n<p>Le service a \u00e9t\u00e9 officiellement lanc\u00e9 en conf\u00e9rence de presse \u00e0 la <a href=\"http:\/\/www.ville.rimouski.qc.ca\/fr\/citoyens\/nav\/sports\/galerieleonardparent.html\" target=\"_blank\" rel=\"noopener noreferrer\"><strong>Galerie d\u2019Art L\u00e9onard-Parent<\/strong><\/a>, le lundi 15 mai 2017 \u00e0 9h00. Les cinq premier t\u00e9lescopes ont fait leur premi\u00e8re apparition publique deux jours auparavant (le 13 mai) dans le cadre de l\u2019\u00e9v\u00e9nement <a href=\"http:\/\/www.science24heures.com\/programme\/details_resultats.php?varID=167\"><strong>24\u00a0heures de sciences au Centre commercial Carrefour Rimouski<\/strong><\/a>. \u00c0 l&rsquo;automne 2017, cinq t\u00e9lescopes suppl\u00e9mentaires ont \u00e9t\u00e9 ajout\u00e9s. Les t\u00e9lescopes sont disponibles en pr\u00eat au comptoir des quatre biblioth\u00e8ques de la ville de Rimouski depuis le 20 mai 2017. Les abonn\u00e9s des biblioth\u00e8ques de Rimouski peuvent emprunter un t\u00e9lescope sans frais pour une p\u00e9riode maximale d\u2019une semaine \u00e0 la fin de laquelle, le t\u00e9lescope sera pr\u00eat\u00e9 \u00e0 l\u2019usager suivant sur la liste d\u2019attente.<\/p>\n<p>Le service \u00ab\u00a0<strong>Biblioscopes pour tous<\/strong>\u00a0\u00bb est inspir\u00e9 du \u00ab\u00a0<a href=\"http:\/\/www.nhastro.com\/ltp.php\"><em><strong>Library Telescope Program<\/strong><\/em><\/a>\u00a0\u00bb d\u00e9velopp\u00e9 en 2008 par la \u00ab\u00a0<a href=\"http:\/\/www.nhastro.com\/index.php\"><em><strong>New Hampshire Astronomical Society<\/strong><\/em><\/a>\u00a0\u00bb. Nous leur sommes redevables de l\u2019id\u00e9e originale et nous les remercions pour leur g\u00e9n\u00e9rosit\u00e9 dans le partage de leur expertise et de leur documentation.<\/p>\n","protected":false},"excerpt":{"rendered":"<p>Biblioscopes pour tous Le service de pr\u00eat de t\u00e9lescopes \u00ab\u00a0Biblioscopes pour tous\u00a0\u00bb est le fruit d\u2019une collaboration entre le Club d\u2019astronomie de Rimouski et les Biblioth\u00e8ques de la Ville de Rimouski. Le but du service est de promouvoir la culture scientifique, stimuler l\u2019int\u00e9r\u00eat en astronomie et permettre \u00e0 tous ceux qui n\u2019ont jamais eu la &#8230; <a title=\"Pr\u00e9sentation\" class=\"read-more\" href=\"https:\/\/www.astrorimouski.net\/club\/biblioscope\/intro\/\" aria-label=\"En savoir plus sur Pr\u00e9sentation\">Lire la suite<\/a><\/p>\n","protected":false},"author":1,"featured_media":0,"parent":52,"menu_order":0,"comment_status":"closed","ping_status":"closed","template":"","meta":{"footnotes":""},"class_list":["post-86","page","type-page","status-publish"],"_links":{"self":[{"href":"https:\/\/www.astrorimouski.net\/club\/wp-json\/wp\/v2\/pages\/86","targetHints":{"allow":["GET"]}}],"collection":[{"href":"https:\/\/www.astrorimouski.net\/club\/wp-json\/wp\/v2\/pages"}],"about":[{"href":"https:\/\/www.astrorimouski.net\/club\/wp-json\/wp\/v2\/types\/page"}],"author":[{"embeddable":true,"href":"https:\/\/www.astrorimouski.net\/club\/wp-json\/wp\/v2\/users\/1"}],"replies":[{"embeddable":true,"href":"https:\/\/www.astrorimouski.net\/club\/wp-json\/wp\/v2\/comments?post=86"}],"version-history":[{"count":19,"href":"https:\/\/www.astrorimouski.net\/club\/wp-json\/wp\/v2\/pages\/86\/revisions"}],"predecessor-version":[{"id":1781,"href":"https:\/\/www.astrorimouski.net\/club\/wp-json\/wp\/v2\/pages\/86\/revisions\/1781"}],"up":[{"embeddable":true,"href":"https:\/\/www.astrorimouski.net\/club\/wp-json\/wp\/v2\/pages\/52"}],"wp:attachment":[{"href":"https:\/\/www.astrorimouski.net\/club\/wp-json\/wp\/v2\/media?parent=86"}],"curies":[{"name":"wp","href":"https:\/\/api.w.org\/{rel}","templated":true}]}}