{"id":77,"date":"2017-03-15T02:45:07","date_gmt":"2017-03-15T06:45:07","guid":{"rendered":"http:\/\/www.astrorimouski.net\/club\/?page_id=77"},"modified":"2017-10-17T21:16:06","modified_gmt":"2017-10-18T01:16:06","slug":"activites","status":"publish","type":"page","link":"https:\/\/www.astrorimouski.net\/club\/activites\/","title":{"rendered":"Activit\u00e9s"},"content":{"rendered":"<p><a href=\"https:\/\/www.astrorimouski.net\/club\/stars-party-2012\/\"><img loading=\"lazy\" decoding=\"async\" class=\"wp-image-615 alignleft\" src=\"https:\/\/www.astrorimouski.net\/club\/wp-content\/uploads\/2017\/04\/IMG_4234.jpg\" alt=\"Kiosque au 24 heures de science\" width=\"500\" height=\"333\" srcset=\"https:\/\/www.astrorimouski.net\/club\/wp-content\/uploads\/2017\/04\/IMG_4234.jpg 1200w, https:\/\/www.astrorimouski.net\/club\/wp-content\/uploads\/2017\/04\/IMG_4234-300x200.jpg 300w, https:\/\/www.astrorimouski.net\/club\/wp-content\/uploads\/2017\/04\/IMG_4234-768x512.jpg 768w, https:\/\/www.astrorimouski.net\/club\/wp-content\/uploads\/2017\/04\/IMG_4234-1024x683.jpg 1024w\" sizes=\"auto, (max-width: 500px) 100vw, 500px\" \/><\/a>Le Club d&rsquo;astronomie organise des activit\u00e9s destin\u00e9es au grand-public et des soir\u00e9es d&rsquo;observation tout au long de l&rsquo;ann\u00e9e.<\/p>\n<p>La saison estivale est, bien s\u00fbr, plus active. \u00c0 chaque \u00e9t\u00e9, entre autres, nos membres offrent des conf\u00e9rences au <a href=\"http:\/\/www.sepaq.com\/pq\/bic\/\" target=\"_blank\" rel=\"noopener noreferrer\"><strong>Parc national du Bic<\/strong><\/a>, suivies lorsque le temps le permet de soir\u00e9es d\u2019observation au t\u00e9lescope. Le public de de tout \u00e2ge est invit\u00e9 \u00e0 venir nous y rencontrer, \u00e0 poser des questions et \u00e0 d\u00e9couvrir les splendeurs du ciel!<\/p>\n<p>Nous organisons aussi des \u00e9v\u00e9nements sp\u00e9ciaux, par exemple lors des \u00e9clipses de Lune ou de Soleil ou encore \u00e0 l&rsquo;occasion des pluies d&rsquo;\u00e9toiles filantes. Nous participons \u00e9galement \u00e0 chaque ann\u00e9e au <a href=\"http:\/\/www.science24heures.com\/\" target=\"_blank\" rel=\"noopener noreferrer\"><strong>24 heures de science<\/strong><\/a> au Carrefour Rimouski.<\/p>\n<p>\u00c0 chaque ann\u00e9e, depuis 23 ans, <!--Il vaudrait mieux \u00e9crire l'ann\u00e9e (sinon il faudra penser de changer le texte \u00e0 chaque ann\u00e9e; v\u00e9rifier si c'est bien 1994 --> nous c\u00e9l\u00e9brons les \u00e9toiles \u00e0 l&rsquo;occasion d&rsquo;un grand \u00ab\u00a0<em>Star Party<\/em>\u00a0\u00bb destin\u00e9 aux membres du Club et leur familles.<\/p>\n<p>Quelques images des nos \u00e9v\u00e9nements :<\/p>\n<ul>\n<li><a href=\"https:\/\/www.astrorimouski.net\/club\/parc-du-bic\/\"><strong>Parc du Bic<\/strong><\/a><\/li>\n<li><a href=\"https:\/\/www.astrorimouski.net\/club\/24-heures-des-sciences-au-carefour-rimouski\/\"><strong>24 heures de science au Carrefour Rimouski<\/strong><\/a><\/li>\n<li><a href=\"https:\/\/www.astrorimouski.net\/club\/stars-party-2016\/\"><strong><em>Star Party<\/em> 2016<\/strong><\/a><\/li>\n<li><a href=\"https:\/\/www.astrorimouski.net\/club\/stars-party-2015\/\"><strong><em>Star Party<\/em> 2015<\/strong><\/a><\/li>\n<li><a href=\"https:\/\/www.astrorimouski.net\/club\/stars-party-2014\/\"><strong><em>Star Party<\/em> 2014<\/strong><\/a><\/li>\n<li><a href=\"https:\/\/www.astrorimouski.net\/club\/stars-party-2013\/\"><strong><em>Star Party<\/em> 2013<\/strong><\/a><\/li>\n<li><a href=\"https:\/\/www.astrorimouski.net\/club\/stars-party-2012\/\"><strong><em>Star Party<\/em> 2012<\/strong><\/a><\/li>\n<li><a href=\"https:\/\/www.astrorimouski.net\/club\/stars-party-2009\/\"><strong><em>Star Party<\/em> 2009<\/strong><\/a><\/li>\n<li><a href=\"https:\/\/www.astrorimouski.net\/club\/stars-party-2003\/\"><strong><em>Star Party<\/em> 2003<\/strong><\/a><\/li>\n<li><a href=\"https:\/\/www.astrorimouski.net\/club\/stars-party-2000\/\"><strong><em>Star Party<\/em> 2000<\/strong><\/a><\/li>\n<\/ul>\n<p>&nbsp;<\/p>\n","protected":false},"excerpt":{"rendered":"<p>Le Club d&rsquo;astronomie organise des activit\u00e9s destin\u00e9es au grand-public et des soir\u00e9es d&rsquo;observation tout au long de l&rsquo;ann\u00e9e. La saison estivale est, bien s\u00fbr, plus active. \u00c0 chaque \u00e9t\u00e9, entre autres, nos membres offrent des conf\u00e9rences au Parc national du Bic, suivies lorsque le temps le permet de soir\u00e9es d\u2019observation au t\u00e9lescope. Le public de &#8230; <a title=\"Activit\u00e9s\" class=\"read-more\" href=\"https:\/\/www.astrorimouski.net\/club\/activites\/\" aria-label=\"En savoir plus sur Activit\u00e9s\">Lire la suite<\/a><\/p>\n","protected":false},"author":1,"featured_media":0,"parent":0,"menu_order":6,"comment_status":"closed","ping_status":"closed","template":"","meta":{"footnotes":""},"class_list":["post-77","page","type-page","status-publish"],"_links":{"self":[{"href":"https:\/\/www.astrorimouski.net\/club\/wp-json\/wp\/v2\/pages\/77","targetHints":{"allow":["GET"]}}],"collection":[{"href":"https:\/\/www.astrorimouski.net\/club\/wp-json\/wp\/v2\/pages"}],"about":[{"href":"https:\/\/www.astrorimouski.net\/club\/wp-json\/wp\/v2\/types\/page"}],"author":[{"embeddable":true,"href":"https:\/\/www.astrorimouski.net\/club\/wp-json\/wp\/v2\/users\/1"}],"replies":[{"embeddable":true,"href":"https:\/\/www.astrorimouski.net\/club\/wp-json\/wp\/v2\/comments?post=77"}],"version-history":[{"count":24,"href":"https:\/\/www.astrorimouski.net\/club\/wp-json\/wp\/v2\/pages\/77\/revisions"}],"predecessor-version":[{"id":1181,"href":"https:\/\/www.astrorimouski.net\/club\/wp-json\/wp\/v2\/pages\/77\/revisions\/1181"}],"wp:attachment":[{"href":"https:\/\/www.astrorimouski.net\/club\/wp-json\/wp\/v2\/media?parent=77"}],"curies":[{"name":"wp","href":"https:\/\/api.w.org\/{rel}","templated":true}]}}