{"id":62,"date":"2017-03-15T02:23:03","date_gmt":"2017-03-15T02:23:03","guid":{"rendered":"http:\/\/www.astrorimouski.net\/club\/?page_id=62"},"modified":"2019-02-05T20:32:10","modified_gmt":"2019-02-06T01:32:10","slug":"documentation","status":"publish","type":"page","link":"https:\/\/www.astrorimouski.net\/club\/biblioscope\/documentation\/","title":{"rendered":"Documentation"},"content":{"rendered":"<h2>Manuel d\u2019instructions du t\u00e9lescope Orion StarBlast 4.5<\/h2>\n<ul>\n<li><a href=\"https:\/\/www.astrorimouski.net\/clubdocuments\/biblioscope\/manuel_compr_v1_0.pdf\"><strong>Version PDF du manuel imprim\u00e9<\/strong><\/a> fourni avec le t\u00e9lescope au moment du pr\u00eat en biblioth\u00e8que<\/li>\n<li><a href=\"https:\/\/www.astrorimouski.net\/club\/biblioscope\/documentation\/manuel\/\"><strong>Version HTML<\/strong><\/a> du m\u00eame document.<\/li>\n<\/ul>\n<h2>Lancer votre propre service<\/h2>\n<p>N&rsquo;h\u00e9sitez pas \u00e0 <strong><a href=\"https:\/\/www.astrorimouski.net\/club\/divers\/formulaire-de-contact\/\">nous contacter <\/a><\/strong>si vous avez besoin d&rsquo;information suppl\u00e9mentaire<\/p>\n<ul>\n<li><strong><a href=\"https:\/\/www.astrorimouski.net\/club\/biblioscope\/documentation\/autocollants\/\">\u00c9tiquettes autocollantes<\/a><\/strong> ajout\u00e9es aux t\u00e9lescopes.<\/li>\n<li><strong><a href=\"https:\/\/www.astrorimouski.net\/clubdocuments\/biblioscope\/biblioscope-archive-manuel-v01.zip\">Fichiers-sources pour le Manuel d&rsquo;instructions<\/a><\/strong>.<\/li>\n<li><strong><a href=\"https:\/\/www.astrorimouski.net\/clubdocuments\/biblioscope\/biblioscope-archive-v02.zip\">Formulaires, listes de v\u00e9rification, instructions et aides-m\u00e9moire<\/a><\/strong> utilis\u00e9s par le personnel des biblioth\u00e8ques de Rimouski au moment du pr\u00eat, ainsi que les fiches d&rsquo;\u00e9valuation et de commentaires que peuvent remplir les usagers du service s&rsquo;ils le d\u00e9sirent.<\/li>\n<li><a href=\"https:\/\/www.astrorimouski.net\/clubdocuments\/biblioscope\/modification-telescope-v20180108.pdf\"><strong>Modifications apport\u00e9es au t\u00e9lescope StarBlast 4.5 d\u2019Orion dans le cadre du programme Biblioscopes pour tous<\/strong><\/a> \u2013 Une description des modifications que nous avons effectu\u00e9 sur les t\u00e9lescopes de fa\u00e7on \u00e0 les rendre plus r\u00e9sistants aux manipulations intempestives et minimiser les risques de d\u00e9sajustement.<\/li>\n<\/ul>\n","protected":false},"excerpt":{"rendered":"<p>Manuel d\u2019instructions du t\u00e9lescope Orion StarBlast 4.5 Version PDF du manuel imprim\u00e9 fourni avec le t\u00e9lescope au moment du pr\u00eat en biblioth\u00e8que Version HTML du m\u00eame document. Lancer votre propre service N&rsquo;h\u00e9sitez pas \u00e0 nous contacter si vous avez besoin d&rsquo;information suppl\u00e9mentaire \u00c9tiquettes autocollantes ajout\u00e9es aux t\u00e9lescopes. Fichiers-sources pour le Manuel d&rsquo;instructions. Formulaires, listes de &#8230; <a title=\"Documentation\" class=\"read-more\" href=\"https:\/\/www.astrorimouski.net\/club\/biblioscope\/documentation\/\" aria-label=\"En savoir plus sur Documentation\">Lire la suite<\/a><\/p>\n","protected":false},"author":1,"featured_media":0,"parent":52,"menu_order":0,"comment_status":"closed","ping_status":"closed","template":"","meta":{"footnotes":""},"class_list":["post-62","page","type-page","status-publish"],"_links":{"self":[{"href":"https:\/\/www.astrorimouski.net\/club\/wp-json\/wp\/v2\/pages\/62","targetHints":{"allow":["GET"]}}],"collection":[{"href":"https:\/\/www.astrorimouski.net\/club\/wp-json\/wp\/v2\/pages"}],"about":[{"href":"https:\/\/www.astrorimouski.net\/club\/wp-json\/wp\/v2\/types\/page"}],"author":[{"embeddable":true,"href":"https:\/\/www.astrorimouski.net\/club\/wp-json\/wp\/v2\/users\/1"}],"replies":[{"embeddable":true,"href":"https:\/\/www.astrorimouski.net\/club\/wp-json\/wp\/v2\/comments?post=62"}],"version-history":[{"count":29,"href":"https:\/\/www.astrorimouski.net\/club\/wp-json\/wp\/v2\/pages\/62\/revisions"}],"predecessor-version":[{"id":2306,"href":"https:\/\/www.astrorimouski.net\/club\/wp-json\/wp\/v2\/pages\/62\/revisions\/2306"}],"up":[{"embeddable":true,"href":"https:\/\/www.astrorimouski.net\/club\/wp-json\/wp\/v2\/pages\/52"}],"wp:attachment":[{"href":"https:\/\/www.astrorimouski.net\/club\/wp-json\/wp\/v2\/media?parent=62"}],"curies":[{"name":"wp","href":"https:\/\/api.w.org\/{rel}","templated":true}]}}