{"id":605,"date":"2017-04-16T21:15:50","date_gmt":"2017-04-17T01:15:50","guid":{"rendered":"http:\/\/www.astrorimouski.net\/club\/?page_id=605"},"modified":"2025-06-14T20:10:33","modified_gmt":"2025-06-15T00:10:33","slug":"parc-du-bic","status":"publish","type":"page","link":"https:\/\/www.astrorimouski.net\/club\/activites\/parc-du-bic\/","title":{"rendered":"Parc national du Bic"},"content":{"rendered":"<p>Pour l&rsquo;\u00e9t\u00e9 2025, nous avons programm\u00e9 3 activit\u00e9s d&rsquo;animation au Parc national du Bic.<br \/>Consultez notre <a href=\"https:\/\/www.astrorimouski.net\/club\/calendrier\/\"><strong>calendrier d&rsquo;activit\u00e9s estivales<\/strong><\/a> pour les d\u00e9tails.<\/p>\n<p>Vous pouvez voir ci-dessous quelques photos prises lors d&rsquo;une Journ\u00e9e d&rsquo;astronomie publique au Parc du Bic en 2015<\/p>\n<div id=\"envira-gallery-wrap-595\" class=\"envira-gallery-wrap envira-gallery-theme-base envira-lightbox-theme-base\" itemscope itemtype=\"https:\/\/schema.org\/ImageGallery\"><div data-row-height=\"150\" data-gallery-theme=\"normal\" id=\"envira-gallery-595\" class=\"envira-gallery-public envira-gallery-justified-public envira-gallery-0-columns envira-clear enviratope envira-gallery-css-animations\" data-envira-columns=\"0\"><div id=\"envira-gallery-item-596\" class=\"envira-gallery-item enviratope-item envira-gallery-item-1 envira-lazy-load\" style=\"padding-left: 5px; padding-bottom: 10px; padding-right: 5px;\"  itemscope itemtype=\"https:\/\/schema.org\/ImageObject\"><div class=\"envira-gallery-item-inner\"><div class=\"envira-gallery-position-overlay  envira-gallery-top-left\"><\/div><div class=\"envira-gallery-position-overlay  envira-gallery-top-right\"><\/div><div class=\"envira-gallery-position-overlay  envira-gallery-bottom-left\"><\/div><div class=\"envira-gallery-position-overlay  envira-gallery-bottom-right\"><\/div><a href=\"http:\/\/www.astrorimouski.net\/club\/wp-content\/uploads\/2017\/04\/parcbic201508a.jpg\" class=\"envira-gallery-595 envira-gallery-link\" rel=\"enviragallery595\" title=\"parcbic201508a\" data-envira-caption=\"parcbic201508a\" data-envira-retina=\"\" data-thumbnail=\"\"  itemprop=\"contentUrl\"><img decoding=\"async\" id=\"envira-gallery-image-596\" class=\"envira-gallery-image envira-gallery-image-1 envira-normal envira-lazy\" data-envira-index=\"1\" src=\"https:\/\/www.astrorimouski.net\/club\/wp-content\/uploads\/2017\/04\/parcbic201508a-1024x683-640x480.jpg\" data-envira-src=\"https:\/\/www.astrorimouski.net\/club\/wp-content\/uploads\/2017\/04\/parcbic201508a-1024x683-640x480.jpg\" data-envira-gallery-id=\"595\" data-envira-item-id=\"596\" data-envira-caption=\"parcbic201508a\" alt=\"\" title=\"parcbic201508a\"  itemprop=\"thumbnailUrl\" data-envira-srcset=\"https:\/\/www.astrorimouski.net\/club\/wp-content\/uploads\/2017\/04\/parcbic201508a-1024x683-640x480.jpg 400w,https:\/\/www.astrorimouski.net\/club\/wp-content\/uploads\/2017\/04\/parcbic201508a-1024x683-640x480.jpg 2x\" data-envira-width=\"300\" data-envira-height=\"200\" srcset=\"data:image\/gif;base64,R0lGODlhAQABAIAAAP\/\/\/\/\/\/\/yH5BAEKAAEALAAAAAABAAEAAAICTAEAOw==\" data-safe-src=\"data:image\/gif;base64,R0lGODlhAQABAIAAAP\/\/\/\/\/\/\/yH5BAEKAAEALAAAAAABAAEAAAICTAEAOw==\" \/><\/a><\/div><\/div><div id=\"envira-gallery-item-597\" class=\"envira-gallery-item enviratope-item envira-gallery-item-2 envira-lazy-load\" style=\"padding-left: 5px; padding-bottom: 10px; padding-right: 5px;\"  itemscope itemtype=\"https:\/\/schema.org\/ImageObject\"><div class=\"envira-gallery-item-inner\"><div class=\"envira-gallery-position-overlay  envira-gallery-top-left\"><\/div><div class=\"envira-gallery-position-overlay  envira-gallery-top-right\"><\/div><div class=\"envira-gallery-position-overlay  envira-gallery-bottom-left\"><\/div><div class=\"envira-gallery-position-overlay  envira-gallery-bottom-right\"><\/div><a href=\"http:\/\/www.astrorimouski.net\/club\/wp-content\/uploads\/2017\/04\/parcbic201508b.jpg\" class=\"envira-gallery-595 envira-gallery-link\" rel=\"enviragallery595\" title=\"parcbic201508b\" data-envira-caption=\"parcbic201508b\" data-envira-retina=\"\" data-thumbnail=\"\"  itemprop=\"contentUrl\"><img decoding=\"async\" id=\"envira-gallery-image-597\" class=\"envira-gallery-image envira-gallery-image-2 envira-normal envira-lazy\" data-envira-index=\"2\" src=\"https:\/\/www.astrorimouski.net\/club\/wp-content\/uploads\/2017\/04\/parcbic201508b-1024x683-640x480.jpg\" data-envira-src=\"https:\/\/www.astrorimouski.net\/club\/wp-content\/uploads\/2017\/04\/parcbic201508b-1024x683-640x480.jpg\" data-envira-gallery-id=\"595\" data-envira-item-id=\"597\" data-envira-caption=\"parcbic201508b\" alt=\"\" title=\"parcbic201508b\"  itemprop=\"thumbnailUrl\" data-envira-srcset=\"https:\/\/www.astrorimouski.net\/club\/wp-content\/uploads\/2017\/04\/parcbic201508b-1024x683-640x480.jpg 400w,https:\/\/www.astrorimouski.net\/club\/wp-content\/uploads\/2017\/04\/parcbic201508b-1024x683-640x480.jpg 2x\" data-envira-width=\"300\" data-envira-height=\"200\" srcset=\"data:image\/gif;base64,R0lGODlhAQABAIAAAP\/\/\/\/\/\/\/yH5BAEKAAEALAAAAAABAAEAAAICTAEAOw==\" data-safe-src=\"data:image\/gif;base64,R0lGODlhAQABAIAAAP\/\/\/\/\/\/\/yH5BAEKAAEALAAAAAABAAEAAAICTAEAOw==\" \/><\/a><\/div><\/div><div id=\"envira-gallery-item-598\" class=\"envira-gallery-item enviratope-item envira-gallery-item-3 envira-lazy-load\" style=\"padding-left: 5px; padding-bottom: 10px; padding-right: 5px;\"  itemscope itemtype=\"https:\/\/schema.org\/ImageObject\"><div class=\"envira-gallery-item-inner\"><div class=\"envira-gallery-position-overlay  envira-gallery-top-left\"><\/div><div class=\"envira-gallery-position-overlay  envira-gallery-top-right\"><\/div><div class=\"envira-gallery-position-overlay  envira-gallery-bottom-left\"><\/div><div class=\"envira-gallery-position-overlay  envira-gallery-bottom-right\"><\/div><a href=\"http:\/\/www.astrorimouski.net\/club\/wp-content\/uploads\/2017\/04\/parcbic201508c.jpg\" class=\"envira-gallery-595 envira-gallery-link\" rel=\"enviragallery595\" title=\"parcbic201508c\" data-envira-caption=\"parcbic201508c\" data-envira-retina=\"\" data-thumbnail=\"\"  itemprop=\"contentUrl\"><img decoding=\"async\" id=\"envira-gallery-image-598\" class=\"envira-gallery-image envira-gallery-image-3 envira-normal envira-lazy\" data-envira-index=\"3\" src=\"https:\/\/www.astrorimouski.net\/club\/wp-content\/uploads\/2017\/04\/parcbic201508c-1024x683-640x480.jpg\" data-envira-src=\"https:\/\/www.astrorimouski.net\/club\/wp-content\/uploads\/2017\/04\/parcbic201508c-1024x683-640x480.jpg\" data-envira-gallery-id=\"595\" data-envira-item-id=\"598\" data-envira-caption=\"parcbic201508c\" alt=\"\" title=\"parcbic201508c\"  itemprop=\"thumbnailUrl\" data-envira-srcset=\"https:\/\/www.astrorimouski.net\/club\/wp-content\/uploads\/2017\/04\/parcbic201508c-1024x683-640x480.jpg 400w,https:\/\/www.astrorimouski.net\/club\/wp-content\/uploads\/2017\/04\/parcbic201508c-1024x683-640x480.jpg 2x\" data-envira-width=\"300\" data-envira-height=\"200\" srcset=\"data:image\/gif;base64,R0lGODlhAQABAIAAAP\/\/\/\/\/\/\/yH5BAEKAAEALAAAAAABAAEAAAICTAEAOw==\" data-safe-src=\"data:image\/gif;base64,R0lGODlhAQABAIAAAP\/\/\/\/\/\/\/yH5BAEKAAEALAAAAAABAAEAAAICTAEAOw==\" \/><\/a><\/div><\/div><div id=\"envira-gallery-item-599\" class=\"envira-gallery-item enviratope-item envira-gallery-item-4 envira-lazy-load\" style=\"padding-left: 5px; padding-bottom: 10px; padding-right: 5px;\"  itemscope itemtype=\"https:\/\/schema.org\/ImageObject\"><div class=\"envira-gallery-item-inner\"><div class=\"envira-gallery-position-overlay  envira-gallery-top-left\"><\/div><div class=\"envira-gallery-position-overlay  envira-gallery-top-right\"><\/div><div class=\"envira-gallery-position-overlay  envira-gallery-bottom-left\"><\/div><div class=\"envira-gallery-position-overlay  envira-gallery-bottom-right\"><\/div><a href=\"http:\/\/www.astrorimouski.net\/club\/wp-content\/uploads\/2017\/04\/parcbic201508d.jpg\" class=\"envira-gallery-595 envira-gallery-link\" rel=\"enviragallery595\" title=\"parcbic201508d\" data-envira-caption=\"parcbic201508d\" data-envira-retina=\"\" data-thumbnail=\"\"  itemprop=\"contentUrl\"><img decoding=\"async\" id=\"envira-gallery-image-599\" class=\"envira-gallery-image envira-gallery-image-4 envira-normal envira-lazy\" data-envira-index=\"4\" src=\"https:\/\/www.astrorimouski.net\/club\/wp-content\/uploads\/2017\/04\/parcbic201508d-1024x683-640x480.jpg\" data-envira-src=\"https:\/\/www.astrorimouski.net\/club\/wp-content\/uploads\/2017\/04\/parcbic201508d-1024x683-640x480.jpg\" data-envira-gallery-id=\"595\" data-envira-item-id=\"599\" data-envira-caption=\"parcbic201508d\" alt=\"\" title=\"parcbic201508d\"  itemprop=\"thumbnailUrl\" data-envira-srcset=\"https:\/\/www.astrorimouski.net\/club\/wp-content\/uploads\/2017\/04\/parcbic201508d-1024x683-640x480.jpg 400w,https:\/\/www.astrorimouski.net\/club\/wp-content\/uploads\/2017\/04\/parcbic201508d-1024x683-640x480.jpg 2x\" data-envira-width=\"300\" data-envira-height=\"200\" srcset=\"data:image\/gif;base64,R0lGODlhAQABAIAAAP\/\/\/\/\/\/\/yH5BAEKAAEALAAAAAABAAEAAAICTAEAOw==\" data-safe-src=\"data:image\/gif;base64,R0lGODlhAQABAIAAAP\/\/\/\/\/\/\/yH5BAEKAAEALAAAAAABAAEAAAICTAEAOw==\" \/><\/a><\/div><\/div><div id=\"envira-gallery-item-600\" class=\"envira-gallery-item enviratope-item envira-gallery-item-5 envira-lazy-load\" style=\"padding-left: 5px; padding-bottom: 10px; padding-right: 5px;\"  itemscope itemtype=\"https:\/\/schema.org\/ImageObject\"><div class=\"envira-gallery-item-inner\"><div class=\"envira-gallery-position-overlay  envira-gallery-top-left\"><\/div><div class=\"envira-gallery-position-overlay  envira-gallery-top-right\"><\/div><div class=\"envira-gallery-position-overlay  envira-gallery-bottom-left\"><\/div><div class=\"envira-gallery-position-overlay  envira-gallery-bottom-right\"><\/div><a href=\"http:\/\/www.astrorimouski.net\/club\/wp-content\/uploads\/2017\/04\/parcbic201508e.jpg\" class=\"envira-gallery-595 envira-gallery-link\" rel=\"enviragallery595\" title=\"parcbic201508e\" data-envira-caption=\"parcbic201508e\" data-envira-retina=\"\" data-thumbnail=\"\"  itemprop=\"contentUrl\"><img decoding=\"async\" id=\"envira-gallery-image-600\" class=\"envira-gallery-image envira-gallery-image-5 envira-normal envira-lazy\" data-envira-index=\"5\" src=\"https:\/\/www.astrorimouski.net\/club\/wp-content\/uploads\/2017\/04\/parcbic201508e-1024x683-640x480.jpg\" data-envira-src=\"https:\/\/www.astrorimouski.net\/club\/wp-content\/uploads\/2017\/04\/parcbic201508e-1024x683-640x480.jpg\" data-envira-gallery-id=\"595\" data-envira-item-id=\"600\" data-envira-caption=\"parcbic201508e\" alt=\"\" title=\"parcbic201508e\"  itemprop=\"thumbnailUrl\" data-envira-srcset=\"https:\/\/www.astrorimouski.net\/club\/wp-content\/uploads\/2017\/04\/parcbic201508e-1024x683-640x480.jpg 400w,https:\/\/www.astrorimouski.net\/club\/wp-content\/uploads\/2017\/04\/parcbic201508e-1024x683-640x480.jpg 2x\" data-envira-width=\"300\" data-envira-height=\"200\" srcset=\"data:image\/gif;base64,R0lGODlhAQABAIAAAP\/\/\/\/\/\/\/yH5BAEKAAEALAAAAAABAAEAAAICTAEAOw==\" data-safe-src=\"data:image\/gif;base64,R0lGODlhAQABAIAAAP\/\/\/\/\/\/\/yH5BAEKAAEALAAAAAABAAEAAAICTAEAOw==\" \/><\/a><\/div><\/div><div id=\"envira-gallery-item-601\" class=\"envira-gallery-item enviratope-item envira-gallery-item-6 envira-lazy-load\" style=\"padding-left: 5px; padding-bottom: 10px; padding-right: 5px;\"  itemscope itemtype=\"https:\/\/schema.org\/ImageObject\"><div class=\"envira-gallery-item-inner\"><div class=\"envira-gallery-position-overlay  envira-gallery-top-left\"><\/div><div class=\"envira-gallery-position-overlay  envira-gallery-top-right\"><\/div><div class=\"envira-gallery-position-overlay  envira-gallery-bottom-left\"><\/div><div class=\"envira-gallery-position-overlay  envira-gallery-bottom-right\"><\/div><a href=\"http:\/\/www.astrorimouski.net\/club\/wp-content\/uploads\/2017\/04\/parcbic201508f.jpg\" class=\"envira-gallery-595 envira-gallery-link\" rel=\"enviragallery595\" title=\"parcbic201508f\" data-envira-caption=\"parcbic201508f\" data-envira-retina=\"\" data-thumbnail=\"\"  itemprop=\"contentUrl\"><img decoding=\"async\" id=\"envira-gallery-image-601\" class=\"envira-gallery-image envira-gallery-image-6 envira-normal envira-lazy\" data-envira-index=\"6\" src=\"https:\/\/www.astrorimouski.net\/club\/wp-content\/uploads\/2017\/04\/parcbic201508f-640x480.jpg\" data-envira-src=\"https:\/\/www.astrorimouski.net\/club\/wp-content\/uploads\/2017\/04\/parcbic201508f-640x480.jpg\" data-envira-gallery-id=\"595\" data-envira-item-id=\"601\" data-envira-caption=\"parcbic201508f\" alt=\"\" title=\"parcbic201508f\"  itemprop=\"thumbnailUrl\" data-envira-srcset=\"https:\/\/www.astrorimouski.net\/club\/wp-content\/uploads\/2017\/04\/parcbic201508f-640x480.jpg 400w,https:\/\/www.astrorimouski.net\/club\/wp-content\/uploads\/2017\/04\/parcbic201508f-640x480.jpg 2x\" data-envira-width=\"200\" data-envira-height=\"300\" srcset=\"data:image\/gif;base64,R0lGODlhAQABAIAAAP\/\/\/\/\/\/\/yH5BAEKAAEALAAAAAABAAEAAAICTAEAOw==\" data-safe-src=\"data:image\/gif;base64,R0lGODlhAQABAIAAAP\/\/\/\/\/\/\/yH5BAEKAAEALAAAAAABAAEAAAICTAEAOw==\" \/><\/a><\/div><\/div><div id=\"envira-gallery-item-602\" class=\"envira-gallery-item enviratope-item envira-gallery-item-7 envira-lazy-load\" style=\"padding-left: 5px; padding-bottom: 10px; padding-right: 5px;\"  itemscope itemtype=\"https:\/\/schema.org\/ImageObject\"><div class=\"envira-gallery-item-inner\"><div class=\"envira-gallery-position-overlay  envira-gallery-top-left\"><\/div><div class=\"envira-gallery-position-overlay  envira-gallery-top-right\"><\/div><div class=\"envira-gallery-position-overlay  envira-gallery-bottom-left\"><\/div><div class=\"envira-gallery-position-overlay  envira-gallery-bottom-right\"><\/div><a href=\"http:\/\/www.astrorimouski.net\/club\/wp-content\/uploads\/2017\/04\/parcbic201508g.jpg\" class=\"envira-gallery-595 envira-gallery-link\" rel=\"enviragallery595\" title=\"parcbic201508g\" data-envira-caption=\"parcbic201508g\" data-envira-retina=\"\" data-thumbnail=\"\"  itemprop=\"contentUrl\"><img decoding=\"async\" id=\"envira-gallery-image-602\" class=\"envira-gallery-image envira-gallery-image-7 envira-normal envira-lazy\" data-envira-index=\"7\" src=\"https:\/\/www.astrorimouski.net\/club\/wp-content\/uploads\/2017\/04\/parcbic201508g-640x480.jpg\" data-envira-src=\"https:\/\/www.astrorimouski.net\/club\/wp-content\/uploads\/2017\/04\/parcbic201508g-640x480.jpg\" data-envira-gallery-id=\"595\" data-envira-item-id=\"602\" data-envira-caption=\"parcbic201508g\" alt=\"\" title=\"parcbic201508g\"  itemprop=\"thumbnailUrl\" data-envira-srcset=\"https:\/\/www.astrorimouski.net\/club\/wp-content\/uploads\/2017\/04\/parcbic201508g-640x480.jpg 400w,https:\/\/www.astrorimouski.net\/club\/wp-content\/uploads\/2017\/04\/parcbic201508g-640x480.jpg 2x\" data-envira-width=\"200\" data-envira-height=\"300\" srcset=\"data:image\/gif;base64,R0lGODlhAQABAIAAAP\/\/\/\/\/\/\/yH5BAEKAAEALAAAAAABAAEAAAICTAEAOw==\" data-safe-src=\"data:image\/gif;base64,R0lGODlhAQABAIAAAP\/\/\/\/\/\/\/yH5BAEKAAEALAAAAAABAAEAAAICTAEAOw==\" \/><\/a><\/div><\/div><div id=\"envira-gallery-item-603\" class=\"envira-gallery-item enviratope-item envira-gallery-item-8 envira-lazy-load\" style=\"padding-left: 5px; padding-bottom: 10px; padding-right: 5px;\"  itemscope itemtype=\"https:\/\/schema.org\/ImageObject\"><div class=\"envira-gallery-item-inner\"><div class=\"envira-gallery-position-overlay  envira-gallery-top-left\"><\/div><div class=\"envira-gallery-position-overlay  envira-gallery-top-right\"><\/div><div class=\"envira-gallery-position-overlay  envira-gallery-bottom-left\"><\/div><div class=\"envira-gallery-position-overlay  envira-gallery-bottom-right\"><\/div><a href=\"http:\/\/www.astrorimouski.net\/club\/wp-content\/uploads\/2017\/04\/parcbic201508h.jpg\" class=\"envira-gallery-595 envira-gallery-link\" rel=\"enviragallery595\" title=\"parcbic201508h\" data-envira-caption=\"parcbic201508h\" data-envira-retina=\"\" data-thumbnail=\"\"  itemprop=\"contentUrl\"><img decoding=\"async\" id=\"envira-gallery-image-603\" class=\"envira-gallery-image envira-gallery-image-8 envira-normal envira-lazy\" data-envira-index=\"8\" src=\"https:\/\/www.astrorimouski.net\/club\/wp-content\/uploads\/2017\/04\/parcbic201508h-1024x683-640x480.jpg\" data-envira-src=\"https:\/\/www.astrorimouski.net\/club\/wp-content\/uploads\/2017\/04\/parcbic201508h-1024x683-640x480.jpg\" data-envira-gallery-id=\"595\" data-envira-item-id=\"603\" data-envira-caption=\"parcbic201508h\" alt=\"\" title=\"parcbic201508h\"  itemprop=\"thumbnailUrl\" data-envira-srcset=\"https:\/\/www.astrorimouski.net\/club\/wp-content\/uploads\/2017\/04\/parcbic201508h-1024x683-640x480.jpg 400w,https:\/\/www.astrorimouski.net\/club\/wp-content\/uploads\/2017\/04\/parcbic201508h-1024x683-640x480.jpg 2x\" data-envira-width=\"300\" data-envira-height=\"200\" srcset=\"data:image\/gif;base64,R0lGODlhAQABAIAAAP\/\/\/\/\/\/\/yH5BAEKAAEALAAAAAABAAEAAAICTAEAOw==\" data-safe-src=\"data:image\/gif;base64,R0lGODlhAQABAIAAAP\/\/\/\/\/\/\/yH5BAEKAAEALAAAAAABAAEAAAICTAEAOw==\" \/><\/a><\/div><\/div><div id=\"envira-gallery-item-604\" class=\"envira-gallery-item enviratope-item envira-gallery-item-9 envira-lazy-load\" style=\"padding-left: 5px; padding-bottom: 10px; padding-right: 5px;\"  itemscope itemtype=\"https:\/\/schema.org\/ImageObject\"><div class=\"envira-gallery-item-inner\"><div class=\"envira-gallery-position-overlay  envira-gallery-top-left\"><\/div><div class=\"envira-gallery-position-overlay  envira-gallery-top-right\"><\/div><div class=\"envira-gallery-position-overlay  envira-gallery-bottom-left\"><\/div><div class=\"envira-gallery-position-overlay  envira-gallery-bottom-right\"><\/div><a href=\"http:\/\/www.astrorimouski.net\/club\/wp-content\/uploads\/2017\/04\/parcbic201508i.jpg\" class=\"envira-gallery-595 envira-gallery-link\" rel=\"enviragallery595\" title=\"parcbic201508i\" data-envira-caption=\"parcbic201508i\" data-envira-retina=\"\" data-thumbnail=\"\"  itemprop=\"contentUrl\"><img decoding=\"async\" id=\"envira-gallery-image-604\" class=\"envira-gallery-image envira-gallery-image-9 envira-normal envira-lazy\" data-envira-index=\"9\" src=\"https:\/\/www.astrorimouski.net\/club\/wp-content\/uploads\/2017\/04\/parcbic201508i-640x480.jpg\" data-envira-src=\"https:\/\/www.astrorimouski.net\/club\/wp-content\/uploads\/2017\/04\/parcbic201508i-640x480.jpg\" data-envira-gallery-id=\"595\" data-envira-item-id=\"604\" data-envira-caption=\"parcbic201508i\" alt=\"\" title=\"parcbic201508i\"  itemprop=\"thumbnailUrl\" data-envira-srcset=\"https:\/\/www.astrorimouski.net\/club\/wp-content\/uploads\/2017\/04\/parcbic201508i-640x480.jpg 400w,https:\/\/www.astrorimouski.net\/club\/wp-content\/uploads\/2017\/04\/parcbic201508i-640x480.jpg 2x\" data-envira-width=\"200\" data-envira-height=\"300\" srcset=\"data:image\/gif;base64,R0lGODlhAQABAIAAAP\/\/\/\/\/\/\/yH5BAEKAAEALAAAAAABAAEAAAICTAEAOw==\" data-safe-src=\"data:image\/gif;base64,R0lGODlhAQABAIAAAP\/\/\/\/\/\/\/yH5BAEKAAEALAAAAAABAAEAAAICTAEAOw==\" \/><\/a><\/div><\/div><\/div><\/div><noscript><img decoding=\"async\" src=\"https:\/\/www.astrorimouski.net\/club\/wp-content\/uploads\/2017\/04\/parcbic201508a.jpg\" alt=\"\" \/><img decoding=\"async\" src=\"https:\/\/www.astrorimouski.net\/club\/wp-content\/uploads\/2017\/04\/parcbic201508b.jpg\" alt=\"\" \/><img decoding=\"async\" src=\"https:\/\/www.astrorimouski.net\/club\/wp-content\/uploads\/2017\/04\/parcbic201508c.jpg\" alt=\"\" \/><img decoding=\"async\" src=\"https:\/\/www.astrorimouski.net\/club\/wp-content\/uploads\/2017\/04\/parcbic201508d.jpg\" alt=\"\" \/><img decoding=\"async\" src=\"https:\/\/www.astrorimouski.net\/club\/wp-content\/uploads\/2017\/04\/parcbic201508e.jpg\" alt=\"\" \/><img decoding=\"async\" src=\"https:\/\/www.astrorimouski.net\/club\/wp-content\/uploads\/2017\/04\/parcbic201508f.jpg\" alt=\"\" \/><img decoding=\"async\" src=\"https:\/\/www.astrorimouski.net\/club\/wp-content\/uploads\/2017\/04\/parcbic201508g.jpg\" alt=\"\" \/><img decoding=\"async\" src=\"https:\/\/www.astrorimouski.net\/club\/wp-content\/uploads\/2017\/04\/parcbic201508h.jpg\" alt=\"\" \/><img decoding=\"async\" src=\"https:\/\/www.astrorimouski.net\/club\/wp-content\/uploads\/2017\/04\/parcbic201508i.jpg\" alt=\"\" \/><\/noscript>\n\n\n<p><\/p>\n","protected":false},"excerpt":{"rendered":"<p>Pour l&rsquo;\u00e9t\u00e9 2025, nous avons programm\u00e9 3 activit\u00e9s d&rsquo;animation au Parc national du Bic.Consultez notre calendrier d&rsquo;activit\u00e9s estivales pour les d\u00e9tails. Vous pouvez voir ci-dessous quelques photos prises lors d&rsquo;une Journ\u00e9e d&rsquo;astronomie publique au Parc du Bic en 2015<\/p>\n","protected":false},"author":1,"featured_media":0,"parent":77,"menu_order":0,"comment_status":"closed","ping_status":"closed","template":"","meta":{"footnotes":""},"class_list":["post-605","page","type-page","status-publish"],"_links":{"self":[{"href":"https:\/\/www.astrorimouski.net\/club\/wp-json\/wp\/v2\/pages\/605","targetHints":{"allow":["GET"]}}],"collection":[{"href":"https:\/\/www.astrorimouski.net\/club\/wp-json\/wp\/v2\/pages"}],"about":[{"href":"https:\/\/www.astrorimouski.net\/club\/wp-json\/wp\/v2\/types\/page"}],"author":[{"embeddable":true,"href":"https:\/\/www.astrorimouski.net\/club\/wp-json\/wp\/v2\/users\/1"}],"replies":[{"embeddable":true,"href":"https:\/\/www.astrorimouski.net\/club\/wp-json\/wp\/v2\/comments?post=605"}],"version-history":[{"count":14,"href":"https:\/\/www.astrorimouski.net\/club\/wp-json\/wp\/v2\/pages\/605\/revisions"}],"predecessor-version":[{"id":4900,"href":"https:\/\/www.astrorimouski.net\/club\/wp-json\/wp\/v2\/pages\/605\/revisions\/4900"}],"up":[{"embeddable":true,"href":"https:\/\/www.astrorimouski.net\/club\/wp-json\/wp\/v2\/pages\/77"}],"wp:attachment":[{"href":"https:\/\/www.astrorimouski.net\/club\/wp-json\/wp\/v2\/media?parent=605"}],"curies":[{"name":"wp","href":"https:\/\/api.w.org\/{rel}","templated":true}]}}