{"id":52,"date":"2017-03-14T00:39:46","date_gmt":"2017-03-14T04:39:46","guid":{"rendered":"http:\/\/www.astrorimouski.net\/club\/?page_id=52"},"modified":"2017-10-17T17:45:01","modified_gmt":"2017-10-17T21:45:01","slug":"biblioscope","status":"publish","type":"page","link":"https:\/\/www.astrorimouski.net\/club\/biblioscope\/","title":{"rendered":"Biblioscope"},"content":{"rendered":"<h1>Biblioscopes pour tous<\/h1>\n<p><!-- <img decoding=\"async\" src=\"https:\/\/www.astrorimouski.net\/club\/wp-content\/uploads\/2017\/04\/biblioscopes.png\" alt=\"Cinq biblioscopes c\u00f4te-\u00e0-c\u00f4te\" \/> --><br \/>\n<figure id=\"attachment_1415\" aria-describedby=\"caption-attachment-1415\" style=\"width: 753px\" class=\"wp-caption alignleft\"><img loading=\"lazy\" decoding=\"async\" src=\"https:\/\/www.astrorimouski.net\/club\/wp-content\/uploads\/2017\/05\/Biblioscopes-carrefour-1.png\" alt=\"\" width=\"763\" height=\"512\" class=\"size-full wp-image-1415\" srcset=\"https:\/\/www.astrorimouski.net\/club\/wp-content\/uploads\/2017\/05\/Biblioscopes-carrefour-1.png 763w, https:\/\/www.astrorimouski.net\/club\/wp-content\/uploads\/2017\/05\/Biblioscopes-carrefour-1-300x201.png 300w\" sizes=\"auto, (max-width: 763px) 100vw, 763px\" \/><figcaption id=\"caption-attachment-1415\" class=\"wp-caption-text\">Biblioscopes au Carrefour Rimouski<\/figcaption><\/figure><\/p>\n<p>\u00ab Biblioscopes pour tous \u00bb est un service de pr\u00eat de t\u00e9lescopes op\u00e9r\u00e9 par les Biblioth\u00e8ques de la ville de Rimouski, en collaboration avec le Club d&rsquo;astronomie de Rimouski.<\/p>\n<ul>\n<li><a href=\"https:\/\/www.astrorimouski.net\/club\/biblioscope\/intro\/\"><strong>Pr\u00e9sentation<\/strong><\/a><\/li>\n<li><a href=\"https:\/\/www.astrorimouski.net\/club\/biblioscope\/documentation\/\"><strong>Documentation<\/strong><\/a><\/li>\n<li><a href=\"https:\/\/www.astrorimouski.net\/club\/donateurs\/\"><strong>Donateurs<\/strong><\/a><\/li>\n<li>Suggestions d&rsquo;observations \u2014 Consulter notre document <a href=\"https:\/\/www.astrorimouski.net\/club\/le-ciel-du-mois\/\">\u00ab <strong>Le ciel du mois<\/strong> \u00bb<\/a><\/li>\n<li><a href=\"https:\/\/www.astrorimouski.net\/club\/biblioscope\/ciel\/\"><strong>Pr\u00e9vision de l\u2019\u00e9tat du ciel \u00e0 Rimouski<\/strong><\/a><\/li>\n<\/ul>\n","protected":false},"excerpt":{"rendered":"<p>Biblioscopes pour tous \u00ab Biblioscopes pour tous \u00bb est un service de pr\u00eat de t\u00e9lescopes op\u00e9r\u00e9 par les Biblioth\u00e8ques de la ville de Rimouski, en collaboration avec le Club d&rsquo;astronomie de Rimouski. Pr\u00e9sentation Documentation Donateurs Suggestions d&rsquo;observations \u2014 Consulter notre document \u00ab Le ciel du mois \u00bb Pr\u00e9vision de l\u2019\u00e9tat du ciel \u00e0 Rimouski<\/p>\n","protected":false},"author":1,"featured_media":0,"parent":0,"menu_order":5,"comment_status":"closed","ping_status":"closed","template":"","meta":{"footnotes":""},"class_list":["post-52","page","type-page","status-publish"],"_links":{"self":[{"href":"https:\/\/www.astrorimouski.net\/club\/wp-json\/wp\/v2\/pages\/52","targetHints":{"allow":["GET"]}}],"collection":[{"href":"https:\/\/www.astrorimouski.net\/club\/wp-json\/wp\/v2\/pages"}],"about":[{"href":"https:\/\/www.astrorimouski.net\/club\/wp-json\/wp\/v2\/types\/page"}],"author":[{"embeddable":true,"href":"https:\/\/www.astrorimouski.net\/club\/wp-json\/wp\/v2\/users\/1"}],"replies":[{"embeddable":true,"href":"https:\/\/www.astrorimouski.net\/club\/wp-json\/wp\/v2\/comments?post=52"}],"version-history":[{"count":37,"href":"https:\/\/www.astrorimouski.net\/club\/wp-json\/wp\/v2\/pages\/52\/revisions"}],"predecessor-version":[{"id":1491,"href":"https:\/\/www.astrorimouski.net\/club\/wp-json\/wp\/v2\/pages\/52\/revisions\/1491"}],"wp:attachment":[{"href":"https:\/\/www.astrorimouski.net\/club\/wp-json\/wp\/v2\/media?parent=52"}],"curies":[{"name":"wp","href":"https:\/\/api.w.org\/{rel}","templated":true}]}}