{"id":4788,"date":"2025-01-24T19:25:19","date_gmt":"2025-01-25T00:25:19","guid":{"rendered":"https:\/\/www.astrorimouski.net\/club\/?page_id=4788"},"modified":"2025-01-26T08:46:30","modified_gmt":"2025-01-26T13:46:30","slug":"chroniques-radiophoniques","status":"publish","type":"page","link":"https:\/\/www.astrorimouski.net\/club\/chroniques-radiophoniques\/","title":{"rendered":"Chroniques radiophoniques"},"content":{"rendered":"\n<p>Depuis janvier 2025, des membres du club pr\u00e9sentent des chroniques d&rsquo;astronomie le vendredi matin vers 8h30 \u00e0 l&rsquo;\u00e9mission matinale \u00ab&nbsp;<a href=\"https:\/\/flofm.ca\/programmation\/2-cremes-1-sucre\"><strong>2 cr\u00e8mes 1 sucre<\/strong><\/a>&nbsp;\u00bb de la station de radio r\u00e9gionale <strong><a href=\"https:\/\/flofm.ca\/\">FLO&nbsp;96.FM<\/a><\/strong> \u00e0 Rimouski.<\/p>\n\n\n\n<p>Vous pouvez \u00e9couter les enregistrements de ces chroniques aux liens ci-dessous&nbsp;:<\/p>\n\n\n\n<ul class=\"wp-block-list\">\n<li><strong><a href=\"https:\/\/flofm.ca\/assets\/audio_clips\/chronique-astronomie-du-10-janvier---presentation---planetes-visibles.mp3\">10 janvier 2025<\/a><\/strong> &#8211; Pierre L\u00e9vesque &#8211; Les plan\u00e8tes visibles \u00e0 l\u2019\u0153il nu au cours des prochains mois&nbsp;: V\u00e9nus, Saturne, Jupiter et Mars (11:21 minutes).<\/li>\n\n\n\n<li><a href=\"https:\/\/flofm.ca\/assets\/audio_clips\/chronique-astronomie-du-17-janvier---constellations---pollution-visuelle.mp3\" data-type=\"link\" data-id=\"https:\/\/flofm.ca\/assets\/audio_clips\/chronique-astronomie-du-17-janvier---constellations---pollution-visuelle.mp3\"><strong>17 janvier 2025<\/strong><\/a> &#8211; Damien Lemay &#8211; La fondation du club en 1981; rappel sur les plan\u00e8tes visibles en ce moment; que sont les constellations; la pollution lumineuse en ville (7:58 minutes).<\/li>\n\n\n\n<li>24 janvier 2025 (lien \u00e0 venir sous peu)<\/li>\n<\/ul>\n\n\n\n<p><\/p>\n","protected":false},"excerpt":{"rendered":"<p>Depuis janvier 2025, des membres du club pr\u00e9sentent des chroniques d&rsquo;astronomie le vendredi matin vers 8h30 \u00e0 l&rsquo;\u00e9mission matinale \u00ab&nbsp;2 cr\u00e8mes 1 sucre&nbsp;\u00bb de la station de radio r\u00e9gionale FLO&nbsp;96.FM \u00e0 Rimouski. Vous pouvez \u00e9couter les enregistrements de ces chroniques aux liens ci-dessous&nbsp;:<\/p>\n","protected":false},"author":2,"featured_media":0,"parent":0,"menu_order":0,"comment_status":"closed","ping_status":"closed","template":"","meta":{"footnotes":""},"class_list":["post-4788","page","type-page","status-publish"],"_links":{"self":[{"href":"https:\/\/www.astrorimouski.net\/club\/wp-json\/wp\/v2\/pages\/4788","targetHints":{"allow":["GET"]}}],"collection":[{"href":"https:\/\/www.astrorimouski.net\/club\/wp-json\/wp\/v2\/pages"}],"about":[{"href":"https:\/\/www.astrorimouski.net\/club\/wp-json\/wp\/v2\/types\/page"}],"author":[{"embeddable":true,"href":"https:\/\/www.astrorimouski.net\/club\/wp-json\/wp\/v2\/users\/2"}],"replies":[{"embeddable":true,"href":"https:\/\/www.astrorimouski.net\/club\/wp-json\/wp\/v2\/comments?post=4788"}],"version-history":[{"count":9,"href":"https:\/\/www.astrorimouski.net\/club\/wp-json\/wp\/v2\/pages\/4788\/revisions"}],"predecessor-version":[{"id":4800,"href":"https:\/\/www.astrorimouski.net\/club\/wp-json\/wp\/v2\/pages\/4788\/revisions\/4800"}],"wp:attachment":[{"href":"https:\/\/www.astrorimouski.net\/club\/wp-json\/wp\/v2\/media?parent=4788"}],"curies":[{"name":"wp","href":"https:\/\/api.w.org\/{rel}","templated":true}]}}