{"id":3376,"date":"2022-01-15T08:27:34","date_gmt":"2022-01-15T13:27:34","guid":{"rendered":"http:\/\/www.astrorimouski.net\/club\/?page_id=3376"},"modified":"2026-01-10T09:29:07","modified_gmt":"2026-01-10T14:29:07","slug":"2021-2","status":"publish","type":"page","link":"https:\/\/www.astrorimouski.net\/club\/le-ciel-du-mois\/2021-2\/","title":{"rendered":"2021"},"content":{"rendered":"<p><img loading=\"lazy\" decoding=\"async\" class=\"wp-image-167 aligncenter\" src=\"https:\/\/www.astrorimouski.net\/club\/wp-content\/uploads\/2017\/03\/ciel-mois-300x128.jpg\" alt=\"\" width=\"732\" height=\"312\" srcset=\"https:\/\/www.astrorimouski.net\/club\/wp-content\/uploads\/2017\/03\/ciel-mois-300x128.jpg 300w, https:\/\/www.astrorimouski.net\/club\/wp-content\/uploads\/2017\/03\/ciel-mois-768x326.jpg 768w, https:\/\/www.astrorimouski.net\/club\/wp-content\/uploads\/2017\/03\/ciel-mois-1024x435.jpg 1024w, https:\/\/www.astrorimouski.net\/club\/wp-content\/uploads\/2017\/03\/ciel-mois-1030x438.jpg 1030w, https:\/\/www.astrorimouski.net\/club\/wp-content\/uploads\/2017\/03\/ciel-mois.jpg 1200w\" sizes=\"auto, (max-width: 732px) 100vw, 732px\" \/><\/p>\n<h2>Le ciel du mois 2021<\/h2>\n<ul>\n<li><a href=\"https:\/\/www.astrorimouski.net\/clubdocuments\/ciel_du_mois\/2021\/20211210decembre2021.pdf\"><strong>10 d\u00e9cembre 2021 au 14 janvier 2022<\/strong><\/a><\/li>\n<li><a href=\"https:\/\/www.astrorimouski.net\/clubdocuments\/ciel_du_mois\/2021\/20211112novembre2021.pdf\"><strong>12 novembre au 10 d\u00e9cembre 2021<\/strong><\/a><\/li>\n<li><a href=\"https:\/\/www.astrorimouski.net\/clubdocuments\/ciel_du_mois\/2021\/20211008octobre2021.pdf\"><strong>8 octobre au 12 novembre 2021<\/strong><\/a><\/li>\n<li><a href=\"https:\/\/www.astrorimouski.net\/clubdocuments\/ciel_du_mois\/2021\/20210910septembre2021.pdf\"><strong>10 septembre au 8 octobre 2021<\/strong><\/a><\/li>\n<li><a href=\"https:\/\/www.astrorimouski.net\/clubdocuments\/ciel_du_mois\/2021\/20210813aout2021.pdf\"><strong>13 ao\u00fbt au 10 septembre 2021<\/strong><\/a><\/li>\n<li><a href=\"https:\/\/www.astrorimouski.net\/clubdocuments\/ciel_du_mois\/2021\/20210709juillet2021.pdf\"><strong>9 juillet au 13 ao\u00fbt 2021<\/strong><\/a><\/li>\n<li><a href=\"https:\/\/www.astrorimouski.net\/clubdocuments\/ciel_du_mois\/2021\/20210611juin2021.pdf\"><strong>11 juin au 9 juillet 2021<\/strong><\/a><\/li>\n<li><a href=\"https:\/\/www.astrorimouski.net\/clubdocuments\/ciel_du_mois\/2021\/20210514mai2021.pdf\"><strong>14 mai au 11 juin 2021<\/strong><\/a><\/li>\n<li><a href=\"https:\/\/www.astrorimouski.net\/clubdocuments\/ciel_du_mois\/2021\/20210409avril2021.pdf\"><strong>9 avril au 14 mai 2021<\/strong><\/a><\/li>\n<li><a href=\"https:\/\/www.astrorimouski.net\/clubdocuments\/ciel_du_mois\/2021\/20210312mars2021.pdf\"><strong>12 mars au 9 avril 2021<\/strong><\/a><\/li>\n<li><a href=\"https:\/\/www.astrorimouski.net\/clubdocuments\/ciel_du_mois\/2021\/20210212f\u00e9vrier2021.pdf\"><strong>12 f\u00e9vrier au 12 mars 2021<\/strong><\/a><\/li>\n<li><a href=\"https:\/\/www.astrorimouski.net\/clubdocuments\/ciel_du_mois\/2021\/20210108janvier2021.pdf\"><strong>8 janvier au 12 f\u00e9vrier 2021<\/strong><\/a><\/li>\n<\/ul>\n\n\n<p><\/p>\n","protected":false},"excerpt":{"rendered":"<p>Le ciel du mois 2021 10 d\u00e9cembre 2021 au 14 janvier 2022 12 novembre au 10 d\u00e9cembre 2021 8 octobre au 12 novembre 2021 10 septembre au 8 octobre 2021 13 ao\u00fbt au 10 septembre 2021 9 juillet au 13 ao\u00fbt 2021 11 juin au 9 juillet 2021 14 mai au 11 juin 2021 9 &#8230; <a title=\"2021\" class=\"read-more\" href=\"https:\/\/www.astrorimouski.net\/club\/le-ciel-du-mois\/2021-2\/\" aria-label=\"En savoir plus sur 2021\">Lire la suite<\/a><\/p>\n","protected":false},"author":2,"featured_media":0,"parent":43,"menu_order":0,"comment_status":"closed","ping_status":"closed","template":"","meta":{"footnotes":""},"class_list":["post-3376","page","type-page","status-publish"],"_links":{"self":[{"href":"https:\/\/www.astrorimouski.net\/club\/wp-json\/wp\/v2\/pages\/3376","targetHints":{"allow":["GET"]}}],"collection":[{"href":"https:\/\/www.astrorimouski.net\/club\/wp-json\/wp\/v2\/pages"}],"about":[{"href":"https:\/\/www.astrorimouski.net\/club\/wp-json\/wp\/v2\/types\/page"}],"author":[{"embeddable":true,"href":"https:\/\/www.astrorimouski.net\/club\/wp-json\/wp\/v2\/users\/2"}],"replies":[{"embeddable":true,"href":"https:\/\/www.astrorimouski.net\/club\/wp-json\/wp\/v2\/comments?post=3376"}],"version-history":[{"count":7,"href":"https:\/\/www.astrorimouski.net\/club\/wp-json\/wp\/v2\/pages\/3376\/revisions"}],"predecessor-version":[{"id":4988,"href":"https:\/\/www.astrorimouski.net\/club\/wp-json\/wp\/v2\/pages\/3376\/revisions\/4988"}],"up":[{"embeddable":true,"href":"https:\/\/www.astrorimouski.net\/club\/wp-json\/wp\/v2\/pages\/43"}],"wp:attachment":[{"href":"https:\/\/www.astrorimouski.net\/club\/wp-json\/wp\/v2\/media?parent=3376"}],"curies":[{"name":"wp","href":"https:\/\/api.w.org\/{rel}","templated":true}]}}