{"id":32,"date":"2017-03-13T03:03:31","date_gmt":"2017-03-13T07:03:31","guid":{"rendered":"http:\/\/www.astrorimouski.net\/club\/?page_id=32"},"modified":"2026-04-11T09:02:11","modified_gmt":"2026-04-11T13:02:11","slug":"prochaines-reunions","status":"publish","type":"page","link":"https:\/\/www.astrorimouski.net\/club\/prochaines-reunions\/","title":{"rendered":"Nos r\u00e9unions"},"content":{"rendered":"<h3><strong>R\u00e9union en salle avec diffusion simultan\u00e9e par visioconf\u00e9rence<br \/><\/strong><\/h3>\n<p><strong>Nos r\u00e9unions se font habituellement \u00e0 l&rsquo;amphith\u00e9\u00e2tre D-114 du c\u00e9gep de Rimouski, avec diffusion simultan\u00e9e par visioconf\u00e9rence.<br \/><\/strong><\/p>\n<p>Les param\u00e8tres de connexion \u00e0 la visioconf\u00e9rence sont communiqu\u00e9s aux membres par courriel peu de temps avant la r\u00e9union. Si vous d\u00e9sirez recevoir ces informations, <strong><a href=\"https:\/\/www.astrorimouski.net\/club\/divers\/abonnement\/\">joignez-vous au club!<\/a><\/strong><\/p>\n\n\n<hr class=\"wp-block-separator has-css-opacity\"\/>\n\n\n\n<h3 class=\"wp-block-heading\"><p class=\"MsoNormal\"><strong><strong>Notre prochaine r\u00e9union aura lieu le 8 mai 2026, \u00e0 compter de 19h30<\/strong><\/strong><\/p><p class=\"MsoNormal\"><\/p><\/h3>\n\n\n\n<ul class=\"wp-block-list\">\n<li>Le programme sera mis en ligne le 5 mai<\/li>\n<\/ul>\n\n\n\n<hr class=\"wp-block-separator has-css-opacity\"\/>\n\n\n\n<h3 class=\"wp-block-heading\"><strong>R\u00e9unions subs\u00e9quentes<\/strong><\/h3>\n\n\n<ul>\n<li>Le 12 juin 2026<\/li>\n<li><em>Pause estivale en juillet et ao\u00fbt<\/em><\/li>\n<li>Le 11 septembre 2026<\/li>\n<li>Le 9 octobre 2026<\/li>\n<li>Le 13 novembre 2026<\/li>\n<li>Le 11 d\u00e9cembre 2026<\/li>\n<\/ul>\n\n\n<p><\/p>\n","protected":false},"excerpt":{"rendered":"<p>R\u00e9union en salle avec diffusion simultan\u00e9e par visioconf\u00e9rence Nos r\u00e9unions se font habituellement \u00e0 l&rsquo;amphith\u00e9\u00e2tre D-114 du c\u00e9gep de Rimouski, avec diffusion simultan\u00e9e par visioconf\u00e9rence. Les param\u00e8tres de connexion \u00e0 la visioconf\u00e9rence sont communiqu\u00e9s aux membres par courriel peu de temps avant la r\u00e9union. Si vous d\u00e9sirez recevoir ces informations, joignez-vous au club! Notre prochaine &#8230; <a title=\"Nos r\u00e9unions\" class=\"read-more\" href=\"https:\/\/www.astrorimouski.net\/club\/prochaines-reunions\/\" aria-label=\"En savoir plus sur Nos r\u00e9unions\">Lire la suite<\/a><\/p>\n","protected":false},"author":1,"featured_media":0,"parent":0,"menu_order":2,"comment_status":"closed","ping_status":"closed","template":"","meta":{"footnotes":""},"class_list":["post-32","page","type-page","status-publish"],"_links":{"self":[{"href":"https:\/\/www.astrorimouski.net\/club\/wp-json\/wp\/v2\/pages\/32","targetHints":{"allow":["GET"]}}],"collection":[{"href":"https:\/\/www.astrorimouski.net\/club\/wp-json\/wp\/v2\/pages"}],"about":[{"href":"https:\/\/www.astrorimouski.net\/club\/wp-json\/wp\/v2\/types\/page"}],"author":[{"embeddable":true,"href":"https:\/\/www.astrorimouski.net\/club\/wp-json\/wp\/v2\/users\/1"}],"replies":[{"embeddable":true,"href":"https:\/\/www.astrorimouski.net\/club\/wp-json\/wp\/v2\/comments?post=32"}],"version-history":[{"count":373,"href":"https:\/\/www.astrorimouski.net\/club\/wp-json\/wp\/v2\/pages\/32\/revisions"}],"predecessor-version":[{"id":5075,"href":"https:\/\/www.astrorimouski.net\/club\/wp-json\/wp\/v2\/pages\/32\/revisions\/5075"}],"wp:attachment":[{"href":"https:\/\/www.astrorimouski.net\/club\/wp-json\/wp\/v2\/media?parent=32"}],"curies":[{"name":"wp","href":"https:\/\/api.w.org\/{rel}","templated":true}]}}