{"id":3121,"date":"2021-01-04T15:52:08","date_gmt":"2021-01-04T20:52:08","guid":{"rendered":"http:\/\/www.astrorimouski.net\/club\/?page_id=3121"},"modified":"2021-01-04T20:31:06","modified_gmt":"2021-01-05T01:31:06","slug":"2020-2","status":"publish","type":"page","link":"https:\/\/www.astrorimouski.net\/club\/le-ciel-du-mois\/2020-2\/","title":{"rendered":"2020"},"content":{"rendered":"\n<figure class=\"wp-block-image size-large\"><img loading=\"lazy\" decoding=\"async\" width=\"1024\" height=\"435\" src=\"https:\/\/www.astrorimouski.net\/club\/wp-content\/uploads\/2017\/03\/ciel-mois-1024x435.jpg\" alt=\"\" class=\"wp-image-167\" srcset=\"https:\/\/www.astrorimouski.net\/club\/wp-content\/uploads\/2017\/03\/ciel-mois-1024x435.jpg 1024w, https:\/\/www.astrorimouski.net\/club\/wp-content\/uploads\/2017\/03\/ciel-mois-300x128.jpg 300w, https:\/\/www.astrorimouski.net\/club\/wp-content\/uploads\/2017\/03\/ciel-mois-768x326.jpg 768w, https:\/\/www.astrorimouski.net\/club\/wp-content\/uploads\/2017\/03\/ciel-mois-1030x438.jpg 1030w, https:\/\/www.astrorimouski.net\/club\/wp-content\/uploads\/2017\/03\/ciel-mois.jpg 1200w\" sizes=\"auto, (max-width: 1024px) 100vw, 1024px\" \/><\/figure>\n\n\n<p><\/p>\n<h2>Le ciel du mois 2020<\/h2>\n<p><\/p>\n\n\n<ul class=\"wp-block-list\"><li><a href=\"https:\/\/www.astrorimouski.net\/clubdocuments\/ciel_du_mois\/2020\/20201211decembre2020.pdf\"><strong>11 d\u00e9cembre 2020 au 8 janvier 2021<\/strong><\/a><\/li><li><a href=\"https:\/\/www.astrorimouski.net\/clubdocuments\/ciel_du_mois\/2020\/20201113novembre2020.pdf\"><strong>13 novembre au 11 d\u00e9cembre 2020<\/strong><\/a><\/li><li><a href=\"https:\/\/www.astrorimouski.net\/clubdocuments\/ciel_du_mois\/2020\/20201009octobre2020.pdf\"><strong>9 octobre au 13 novembre 2020<\/strong><\/a><\/li><li><a href=\"https:\/\/www.astrorimouski.net\/clubdocuments\/ciel_du_mois\/2020\/20200911septembre2020.pdf\"><strong>11 septembre au 9 octobre 2020<\/strong><\/a><\/li><li><a href=\"https:\/\/www.astrorimouski.net\/clubdocuments\/ciel_du_mois\/2020\/20200814aout2020.pdf\"><strong>14 ao\u00fbt au 11 septembre 2020<\/strong><\/a><\/li><li><a href=\"https:\/\/www.astrorimouski.net\/clubdocuments\/ciel_du_mois\/2020\/20200710juillet2020.pdf\"><strong>10 juillet au 14 ao\u00fbt 2020<\/strong><\/a><\/li><li><a href=\"https:\/\/www.astrorimouski.net\/clubdocuments\/ciel_du_mois\/2020\/20200612juin2020.pdf\"><strong>12 juin au 10 juillet 2020<\/strong><\/a><\/li><li><a href=\"https:\/\/www.astrorimouski.net\/clubdocuments\/ciel_du_mois\/2020\/20200508mai2020.pdf\"><strong>8 mai au 12 juin 2020<\/strong><\/a><\/li><li><a href=\"https:\/\/www.astrorimouski.net\/clubdocuments\/ciel_du_mois\/2020\/20200410avril2020.pdf\"><strong>10 avril au 8 mai 2020<\/strong><\/a><\/li><li><a href=\"https:\/\/www.astrorimouski.net\/clubdocuments\/ciel_du_mois\/2020\/20200313mars2020.pdf\"><strong>13 mars au 10 avril 2020<\/strong><\/a><\/li><li><a href=\"https:\/\/www.astrorimouski.net\/clubdocuments\/ciel_du_mois\/2020\/20200214fevrier2020.pdf\"><strong>14 f\u00e9vrier au 13 mars 2020<\/strong><\/a><\/li><li><a href=\"https:\/\/www.astrorimouski.net\/clubdocuments\/ciel_du_mois\/2020\/20200110janvier2020.pdf\"><strong>10 janvier au 14 f\u00e9vrier 2020<\/strong><\/a><\/li><\/ul>\n","protected":false},"excerpt":{"rendered":"<p>Le ciel du mois 2020 11 d\u00e9cembre 2020 au 8 janvier 2021 13 novembre au 11 d\u00e9cembre 2020 9 octobre au 13 novembre 2020 11 septembre au 9 octobre 2020 14 ao\u00fbt au 11 septembre 2020 10 juillet au 14 ao\u00fbt 2020 12 juin au 10 juillet 2020 8 mai au 12 juin 2020 10 &#8230; <a title=\"2020\" class=\"read-more\" href=\"https:\/\/www.astrorimouski.net\/club\/le-ciel-du-mois\/2020-2\/\" aria-label=\"En savoir plus sur 2020\">Lire la suite<\/a><\/p>\n","protected":false},"author":2,"featured_media":0,"parent":43,"menu_order":0,"comment_status":"closed","ping_status":"closed","template":"","meta":{"footnotes":""},"class_list":["post-3121","page","type-page","status-publish"],"_links":{"self":[{"href":"https:\/\/www.astrorimouski.net\/club\/wp-json\/wp\/v2\/pages\/3121","targetHints":{"allow":["GET"]}}],"collection":[{"href":"https:\/\/www.astrorimouski.net\/club\/wp-json\/wp\/v2\/pages"}],"about":[{"href":"https:\/\/www.astrorimouski.net\/club\/wp-json\/wp\/v2\/types\/page"}],"author":[{"embeddable":true,"href":"https:\/\/www.astrorimouski.net\/club\/wp-json\/wp\/v2\/users\/2"}],"replies":[{"embeddable":true,"href":"https:\/\/www.astrorimouski.net\/club\/wp-json\/wp\/v2\/comments?post=3121"}],"version-history":[{"count":4,"href":"https:\/\/www.astrorimouski.net\/club\/wp-json\/wp\/v2\/pages\/3121\/revisions"}],"predecessor-version":[{"id":3378,"href":"https:\/\/www.astrorimouski.net\/club\/wp-json\/wp\/v2\/pages\/3121\/revisions\/3378"}],"up":[{"embeddable":true,"href":"https:\/\/www.astrorimouski.net\/club\/wp-json\/wp\/v2\/pages\/43"}],"wp:attachment":[{"href":"https:\/\/www.astrorimouski.net\/club\/wp-json\/wp\/v2\/media?parent=3121"}],"curies":[{"name":"wp","href":"https:\/\/api.w.org\/{rel}","templated":true}]}}