{"id":2939,"date":"2020-03-06T11:23:45","date_gmt":"2020-03-06T16:23:45","guid":{"rendered":"http:\/\/www.astrorimouski.net\/club\/?page_id=2939"},"modified":"2020-03-06T11:27:13","modified_gmt":"2020-03-06T16:27:13","slug":"jeu-questionnaire-no-21","status":"publish","type":"page","link":"https:\/\/www.astrorimouski.net\/club\/le-coin-du-debutant\/jeu-questionnaire-no-21\/","title":{"rendered":"Jeu questionnaire No 21"},"content":{"rendered":"\n<div id=\"watu_quiz\" class=\"quiz-area single-page-quiz\">\n<form action=\"\" method=\"post\" class=\"quiz-form \" id=\"quiz-22\" >\n<div class='watu-question' id='question-1'><div class='question-content'><p><span class='watu_num'>1. <\/span>Choisir la ou les bonnes r\u00e9ponses :<\/p>\n<p>Les personnes suivantes sont de l&rsquo;\u00e9cole du mat\u00e9rialisme philosophique grec<\/p>\n<\/div><input type='hidden' name='question_id[]' value='192' \/><div class='watu-questions-wrap '><input type='hidden' name='answer_ids[]' class='watu-answer-ids' value='963' \/><div class='watu-question-choice'><input type='checkbox' name='answer-192[]' id='answer-id-963' class='answer answer-1  answerof-192' value='963' \/>&nbsp;<label for='answer-id-963' id='answer-label-963' class=' answer label-1'><span class='answer'>D\u00e9mocrite<\/span><\/label><\/div>\n<input type='hidden' name='answer_ids[]' class='watu-answer-ids' value='964' \/><div class='watu-question-choice'><input type='checkbox' name='answer-192[]' id='answer-id-964' class='answer answer-1  answerof-192' value='964' \/>&nbsp;<label for='answer-id-964' id='answer-label-964' class=' answer label-1'><span class='answer'>Aristote<\/span><\/label><\/div>\n<input type='hidden' name='answer_ids[]' class='watu-answer-ids' value='965' \/><div class='watu-question-choice'><input type='checkbox' name='answer-192[]' id='answer-id-965' class='answer answer-1  answerof-192' value='965' \/>&nbsp;<label for='answer-id-965' id='answer-label-965' class=' answer label-1'><span class='answer'>Platon<\/span><\/label><\/div>\n<input type='hidden' name='answer_ids[]' class='watu-answer-ids' value='966' \/><div class='watu-question-choice'><input type='checkbox' name='answer-192[]' id='answer-id-966' class='answer answer-1  answerof-192' value='966' \/>&nbsp;<label for='answer-id-966' id='answer-label-966' class=' answer label-1'><span class='answer'>\u00c9picure<\/span><\/label><\/div>\n<\/div><input type='hidden' id='questionType1' value='checkbox' class=''><\/div><div class='watu-question' id='question-2'><div class='question-content'><p><span class='watu_num'>2. <\/span>Les trois \u00ab\u00a0particules\u00a0\u00bb principales qui constituent l&rsquo;atome sont :<\/p>\n<\/div><input type='hidden' name='question_id[]' value='193' \/><div class='watu-questions-wrap '><input type='hidden' name='answer_ids[]' class='watu-answer-ids' value='967' \/><div class='watu-question-choice'><input type='checkbox' name='answer-193[]' id='answer-id-967' class='answer answer-2  answerof-193' value='967' \/>&nbsp;<label for='answer-id-967' id='answer-label-967' class=' answer label-2'><span class='answer'>Proton, \u00e9lectron, neutrino<\/span><\/label><\/div>\n<input type='hidden' name='answer_ids[]' class='watu-answer-ids' value='968' \/><div class='watu-question-choice'><input type='checkbox' name='answer-193[]' id='answer-id-968' class='answer answer-2  answerof-193' value='968' \/>&nbsp;<label for='answer-id-968' id='answer-label-968' class=' answer label-2'><span class='answer'>Proton, neutron, \u00e9lectron<\/span><\/label><\/div>\n<input type='hidden' name='answer_ids[]' class='watu-answer-ids' value='969' \/><div class='watu-question-choice'><input type='checkbox' name='answer-193[]' id='answer-id-969' class='answer answer-2  answerof-193' value='969' \/>&nbsp;<label for='answer-id-969' id='answer-label-969' class=' answer label-2'><span class='answer'>\u00c9lectron, neutrino, m\u00e9son<\/span><\/label><\/div>\n<input type='hidden' name='answer_ids[]' class='watu-answer-ids' value='970' \/><div class='watu-question-choice'><input type='checkbox' name='answer-193[]' id='answer-id-970' class='answer answer-2  answerof-193' value='970' \/>&nbsp;<label for='answer-id-970' id='answer-label-970' class=' answer label-2'><span class='answer'>Photon, gluon, m\u00e9son<\/span><\/label><\/div>\n<\/div><input type='hidden' id='questionType2' value='checkbox' class=''><\/div><div class='watu-question' id='question-3'><div class='question-content'><p><span class='watu_num'>3. <\/span>Choisir la ou les bonnes r\u00e9ponses :<\/p>\n<p>Parmi les propri\u00e9t\u00e9s des quarks, on note :<\/p>\n<\/div><input type='hidden' name='question_id[]' value='194' \/><div class='watu-questions-wrap '><input type='hidden' name='answer_ids[]' class='watu-answer-ids' value='971' \/><div class='watu-question-choice'><input type='checkbox' name='answer-194[]' id='answer-id-971' class='answer answer-3  answerof-194' value='971' \/>&nbsp;<label for='answer-id-971' id='answer-label-971' class=' answer label-3'><span class='answer'>La charge<\/span><\/label><\/div>\n<input type='hidden' name='answer_ids[]' class='watu-answer-ids' value='972' \/><div class='watu-question-choice'><input type='checkbox' name='answer-194[]' id='answer-id-972' class='answer answer-3  answerof-194' value='972' \/>&nbsp;<label for='answer-id-972' id='answer-label-972' class=' answer label-3'><span class='answer'>La saveur<\/span><\/label><\/div>\n<input type='hidden' name='answer_ids[]' class='watu-answer-ids' value='973' \/><div class='watu-question-choice'><input type='checkbox' name='answer-194[]' id='answer-id-973' class='answer answer-3  answerof-194' value='973' \/>&nbsp;<label for='answer-id-973' id='answer-label-973' class=' answer label-3'><span class='answer'>L&rsquo;odeur<\/span><\/label><\/div>\n<input type='hidden' name='answer_ids[]' class='watu-answer-ids' value='974' \/><div class='watu-question-choice'><input type='checkbox' name='answer-194[]' id='answer-id-974' class='answer answer-3  answerof-194' value='974' \/>&nbsp;<label for='answer-id-974' id='answer-label-974' class=' answer label-3'><span class='answer'>La couleur<\/span><\/label><\/div>\n<\/div><input type='hidden' id='questionType3' value='checkbox' class=''><\/div><div class='watu-question' id='question-4'><div class='question-content'><p><span class='watu_num'>4. <\/span>Le neutron est une particule \u00e9l\u00e9mentaire<\/p>\n<\/div><input type='hidden' name='question_id[]' value='195' \/><div class='watu-questions-wrap '><input type='hidden' name='answer_ids[]' class='watu-answer-ids' value='975' \/><div class='watu-question-choice'><input type='radio' name='answer-195[]' id='answer-id-975' class='answer answer-4  answerof-195' value='975' \/>&nbsp;<label for='answer-id-975' id='answer-label-975' class=' answer label-4'><span class='answer'>Vrai<\/span><\/label><\/div>\n<input type='hidden' name='answer_ids[]' class='watu-answer-ids' value='976' \/><div class='watu-question-choice'><input type='radio' name='answer-195[]' id='answer-id-976' class='answer answer-4  answerof-195' value='976' \/>&nbsp;<label for='answer-id-976' id='answer-label-976' class=' answer label-4'><span class='answer'>Faux<\/span><\/label><\/div>\n<\/div><input type='hidden' id='questionType4' value='radio' class=''><\/div><div class='watu-question' id='question-5'><div class='question-content'><p><span class='watu_num'>5. <\/span>Les particules \u00e9l\u00e9mentaires sont class\u00e9es selon leurs propri\u00e9t\u00e9s par :<\/p>\n<\/div><input type='hidden' name='question_id[]' value='196' \/><div class='watu-questions-wrap '><input type='hidden' name='answer_ids[]' class='watu-answer-ids' value='991' \/><div class='watu-question-choice'><input type='radio' name='answer-196[]' id='answer-id-991' class='answer answer-5  answerof-196' value='991' \/>&nbsp;<label for='answer-id-991' id='answer-label-991' class=' answer label-5'><span class='answer'>Le mod\u00e8le standard de la physique de Murray Gell-Mann<\/span><\/label><\/div>\n<input type='hidden' name='answer_ids[]' class='watu-answer-ids' value='992' \/><div class='watu-question-choice'><input type='radio' name='answer-196[]' id='answer-id-992' class='answer answer-5  answerof-196' value='992' \/>&nbsp;<label for='answer-id-992' id='answer-label-992' class=' answer label-5'><span class='answer'>Le tableau p\u00e9riodique des \u00e9l\u00e9ments de Dmitri Mendele\u00efev <\/span><\/label><\/div>\n<\/div><input type='hidden' id='questionType5' value='radio' class=''><\/div><div class='watu-question' id='question-6'><div class='question-content'><p><span class='watu_num'>6. <\/span>Les isotopes d&rsquo;un \u00e9l\u00e9ment chimique varient en fonction du nombre de protons qui constituent leur noyau<\/p>\n<\/div><input type='hidden' name='question_id[]' value='197' \/><div class='watu-questions-wrap '><input type='hidden' name='answer_ids[]' class='watu-answer-ids' value='979' \/><div class='watu-question-choice'><input type='radio' name='answer-197[]' id='answer-id-979' class='answer answer-6  answerof-197' value='979' \/>&nbsp;<label for='answer-id-979' id='answer-label-979' class=' answer label-6'><span class='answer'>Vrai<\/span><\/label><\/div>\n<input type='hidden' name='answer_ids[]' class='watu-answer-ids' value='980' \/><div class='watu-question-choice'><input type='radio' name='answer-197[]' id='answer-id-980' class='answer answer-6  answerof-197' value='980' \/>&nbsp;<label for='answer-id-980' id='answer-label-980' class=' answer label-6'><span class='answer'>Faux<\/span><\/label><\/div>\n<\/div><input type='hidden' id='questionType6' value='radio' class=''><\/div><div class='watu-question' id='question-7'><div class='question-content'><p><span class='watu_num'>7. <\/span>Cette ou ces interactions fondamentales de la physique ont une port\u00e9e infinie dans l&rsquo;espace<\/p>\n<\/div><input type='hidden' name='question_id[]' value='198' \/><div class='watu-questions-wrap '><input type='hidden' name='answer_ids[]' class='watu-answer-ids' value='981' \/><div class='watu-question-choice'><input type='checkbox' name='answer-198[]' id='answer-id-981' class='answer answer-7  answerof-198' value='981' \/>&nbsp;<label for='answer-id-981' id='answer-label-981' class=' answer label-7'><span class='answer'>\u00c9lectromagn\u00e9tique<\/span><\/label><\/div>\n<input type='hidden' name='answer_ids[]' class='watu-answer-ids' value='982' \/><div class='watu-question-choice'><input type='checkbox' name='answer-198[]' id='answer-id-982' class='answer answer-7  answerof-198' value='982' \/>&nbsp;<label for='answer-id-982' id='answer-label-982' class=' answer label-7'><span class='answer'>Nucl\u00e9aire faible<\/span><\/label><\/div>\n<input type='hidden' name='answer_ids[]' class='watu-answer-ids' value='983' \/><div class='watu-question-choice'><input type='checkbox' name='answer-198[]' id='answer-id-983' class='answer answer-7  answerof-198' value='983' \/>&nbsp;<label for='answer-id-983' id='answer-label-983' class=' answer label-7'><span class='answer'>Gravitationnelle<\/span><\/label><\/div>\n<input type='hidden' name='answer_ids[]' class='watu-answer-ids' value='984' \/><div class='watu-question-choice'><input type='checkbox' name='answer-198[]' id='answer-id-984' class='answer answer-7  answerof-198' value='984' \/>&nbsp;<label for='answer-id-984' id='answer-label-984' class=' answer label-7'><span class='answer'>Nucl\u00e9aire forte<\/span><\/label><\/div>\n<\/div><input type='hidden' id='questionType7' value='checkbox' class=''><\/div><div class='watu-question' id='question-8'><div class='question-content'><p><span class='watu_num'>8. <\/span>La force gravitationnelle est la plus faible des interactions fondamentales de la physique<\/p>\n<\/div><input type='hidden' name='question_id[]' value='199' \/><div class='watu-questions-wrap '><input type='hidden' name='answer_ids[]' class='watu-answer-ids' value='985' \/><div class='watu-question-choice'><input type='radio' name='answer-199[]' id='answer-id-985' class='answer answer-8  answerof-199' value='985' \/>&nbsp;<label for='answer-id-985' id='answer-label-985' class=' answer label-8'><span class='answer'>Vrai<\/span><\/label><\/div>\n<input type='hidden' name='answer_ids[]' class='watu-answer-ids' value='986' \/><div class='watu-question-choice'><input type='radio' name='answer-199[]' id='answer-id-986' class='answer answer-8  answerof-199' value='986' \/>&nbsp;<label for='answer-id-986' id='answer-label-986' class=' answer label-8'><span class='answer'>Faux<\/span><\/label><\/div>\n<\/div><input type='hidden' id='questionType8' value='radio' class=''><\/div><div class='watu-question' id='question-9'><div class='question-content'><p><span class='watu_num'>9. <\/span>Dans l&rsquo;interaction \u00e9lectromagn\u00e9tique, deux charges de signe contraire s&rsquo;attirent<\/p>\n<\/div><input type='hidden' name='question_id[]' value='200' \/><div class='watu-questions-wrap '><input type='hidden' name='answer_ids[]' class='watu-answer-ids' value='987' \/><div class='watu-question-choice'><input type='radio' name='answer-200[]' id='answer-id-987' class='answer answer-9  answerof-200' value='987' \/>&nbsp;<label for='answer-id-987' id='answer-label-987' class=' answer label-9'><span class='answer'>Vrai<\/span><\/label><\/div>\n<input type='hidden' name='answer_ids[]' class='watu-answer-ids' value='988' \/><div class='watu-question-choice'><input type='radio' name='answer-200[]' id='answer-id-988' class='answer answer-9  answerof-200' value='988' \/>&nbsp;<label for='answer-id-988' id='answer-label-988' class=' answer label-9'><span class='answer'>Faux<\/span><\/label><\/div>\n<\/div><input type='hidden' id='questionType9' value='radio' class=''><\/div><div class='watu-question' id='question-10'><div class='question-content'><p><span class='watu_num'>10. <\/span>Le m\u00e9diateur de la force \u00e9lectromagn\u00e9tique est le photon<\/p>\n<\/div><input type='hidden' name='question_id[]' value='201' \/><div class='watu-questions-wrap '><input type='hidden' name='answer_ids[]' class='watu-answer-ids' value='989' \/><div class='watu-question-choice'><input type='radio' name='answer-201[]' id='answer-id-989' class='answer answer-10  answerof-201' value='989' \/>&nbsp;<label for='answer-id-989' id='answer-label-989' class=' answer label-10'><span class='answer'>Vrai<\/span><\/label><\/div>\n<input type='hidden' name='answer_ids[]' class='watu-answer-ids' value='990' \/><div class='watu-question-choice'><input type='radio' name='answer-201[]' id='answer-id-990' class='answer answer-10  answerof-201' value='990' \/>&nbsp;<label for='answer-id-990' id='answer-label-990' class=' answer label-10'><span class='answer'>Faux<\/span><\/label><\/div>\n<\/div><input type='hidden' id='questionType10' value='radio' class=''><\/div><div style='display:none' id='question-11'><br \/><div class='question-content'><img loading=\"lazy\" decoding=\"async\" src=\"https:\/\/www.astrorimouski.net\/club\/wp-content\/plugins\/watu\/loading.gif\" width=\"16\" height=\"16\" alt=\"Chargement ...\" title=\"Chargement ...\" \/>&nbsp;Chargement &#8230;<\/div><\/div><br \/>\n<input type=\"button\" name=\"action\" onclick=\"Watu.submitResult()\" id=\"action-button\" value=\"Envoy\u00e9\"  class=\"watu-submit-button\" \/>\n<input type=\"hidden\" name=\"no_ajax\" value=\"0\"><input type=\"hidden\" name=\"quiz_id\" value=\"22\" \/>\n<input type=\"hidden\" id=\"watuStartTime\" name=\"start_time\" value=\"2026-05-09 08:58:01\" \/>\n<\/form>\n<\/div>\n<div id=\"watu-loading-result\" style=\"display:none;\">\n\t<p align=\"center\"><img loading=\"lazy\" decoding=\"async\" src=\"https:\/\/www.astrorimouski.net\/club\/wp-content\/plugins\/watu\/loading.gif\" width=\"16\" height=\"16\" alt=\"Chargement\" title=\"Chargement\" \/><\/p>\n<\/div>\t\n<script type=\"text\/javascript\">\nvar exam_id=0;\nvar question_ids='';\nvar watuURL='';\njQuery(function($){\nquestion_ids = \"192,193,194,195,196,197,198,199,200,201\";\nexam_id = 22;\nWatu.exam_id = exam_id;\nWatu.qArr = question_ids.split(',');\nWatu.post_id = 2939;\nWatu.singlePage = '1';\nWatu.hAppID = \"0.91026200 1778331481\";\nwatuURL = \"https:\/\/www.astrorimouski.net\/club\/wp-admin\/admin-ajax.php\";\nWatu.noAlertUnanswered = 0;\n});\n<\/script>\n","protected":false},"excerpt":{"rendered":"","protected":false},"author":4,"featured_media":0,"parent":1739,"menu_order":21,"comment_status":"closed","ping_status":"closed","template":"","meta":{"footnotes":""},"class_list":["post-2939","page","type-page","status-publish"],"_links":{"self":[{"href":"https:\/\/www.astrorimouski.net\/club\/wp-json\/wp\/v2\/pages\/2939","targetHints":{"allow":["GET"]}}],"collection":[{"href":"https:\/\/www.astrorimouski.net\/club\/wp-json\/wp\/v2\/pages"}],"about":[{"href":"https:\/\/www.astrorimouski.net\/club\/wp-json\/wp\/v2\/types\/page"}],"author":[{"embeddable":true,"href":"https:\/\/www.astrorimouski.net\/club\/wp-json\/wp\/v2\/users\/4"}],"replies":[{"embeddable":true,"href":"https:\/\/www.astrorimouski.net\/club\/wp-json\/wp\/v2\/comments?post=2939"}],"version-history":[{"count":1,"href":"https:\/\/www.astrorimouski.net\/club\/wp-json\/wp\/v2\/pages\/2939\/revisions"}],"predecessor-version":[{"id":2940,"href":"https:\/\/www.astrorimouski.net\/club\/wp-json\/wp\/v2\/pages\/2939\/revisions\/2940"}],"up":[{"embeddable":true,"href":"https:\/\/www.astrorimouski.net\/club\/wp-json\/wp\/v2\/pages\/1739"}],"wp:attachment":[{"href":"https:\/\/www.astrorimouski.net\/club\/wp-json\/wp\/v2\/media?parent=2939"}],"curies":[{"name":"wp","href":"https:\/\/api.w.org\/{rel}","templated":true}]}}