{"id":2906,"date":"2020-01-11T16:17:57","date_gmt":"2020-01-11T21:17:57","guid":{"rendered":"http:\/\/www.astrorimouski.net\/club\/?page_id=2906"},"modified":"2021-01-04T20:23:37","modified_gmt":"2021-01-05T01:23:37","slug":"2019-2","status":"publish","type":"page","link":"https:\/\/www.astrorimouski.net\/club\/le-ciel-du-mois\/2019-2\/","title":{"rendered":"2019"},"content":{"rendered":"\n<figure class=\"wp-block-image size-large\"><img loading=\"lazy\" decoding=\"async\" width=\"1024\" height=\"435\" src=\"https:\/\/www.astrorimouski.net\/club\/wp-content\/uploads\/2017\/03\/ciel-mois-1024x435.jpg\" alt=\"\" class=\"wp-image-167\" srcset=\"https:\/\/www.astrorimouski.net\/club\/wp-content\/uploads\/2017\/03\/ciel-mois-1024x435.jpg 1024w, https:\/\/www.astrorimouski.net\/club\/wp-content\/uploads\/2017\/03\/ciel-mois-300x128.jpg 300w, https:\/\/www.astrorimouski.net\/club\/wp-content\/uploads\/2017\/03\/ciel-mois-768x326.jpg 768w, https:\/\/www.astrorimouski.net\/club\/wp-content\/uploads\/2017\/03\/ciel-mois-1030x438.jpg 1030w, https:\/\/www.astrorimouski.net\/club\/wp-content\/uploads\/2017\/03\/ciel-mois.jpg 1200w\" sizes=\"auto, (max-width: 1024px) 100vw, 1024px\" \/><\/figure>\n\n\n\n<h2 class=\"wp-block-heading\">Le ciel du mois 2019<\/h2>\n\n\n\n<ul class=\"wp-block-list\"><li><a href=\"https:\/\/www.astrorimouski.net\/clubdocuments\/ciel_du_mois\/2019\/20191213decembre2019.pdf\"><strong>13 d\u00e9cembre 2019 au 10 janvier 2020<\/strong><\/a><\/li><li><a href=\"https:\/\/www.astrorimouski.net\/clubdocuments\/ciel_du_mois\/2019\/20191108novembre2019.pdf\"><strong>8 novembre au 13 d\u00e9cembre 2019<\/strong><\/a><\/li><li><a href=\"https:\/\/www.astrorimouski.net\/clubdocuments\/ciel_du_mois\/2019\/20191011octobre2019.pdf\"><strong>11 octobre au 8 novembre 2019<\/strong><\/a><\/li><li><a href=\"https:\/\/www.astrorimouski.net\/clubdocuments\/ciel_du_mois\/2019\/20190913septembre2019.pdf\"><strong>13 septembre au 11 octobre 2019<\/strong><\/a><\/li><li><a href=\"https:\/\/www.astrorimouski.net\/clubdocuments\/ciel_du_mois\/2019\/20190809aout2019.pdf\"><strong>9 ao\u00fbt au 13 septembre 2019<\/strong><\/a><\/li><li><a href=\"https:\/\/www.astrorimouski.net\/clubdocuments\/ciel_du_mois\/2019\/20190712juillet2019.pdf\"><strong>12 juillet au 9 ao\u00fbt 2019<\/strong><\/a><\/li><li><a href=\"https:\/\/www.astrorimouski.net\/clubdocuments\/ciel_du_mois\/2019\/20190614juin2019.pdf\"><strong>14 juin au 12 juillet 2019<\/strong><\/a><\/li><li><a href=\"https:\/\/www.astrorimouski.net\/clubdocuments\/ciel_du_mois\/2019\/20190510mai2019.pdf\"><strong>10 mai au 14 juin 2019<\/strong><\/a><\/li><li><a href=\"https:\/\/www.astrorimouski.net\/clubdocuments\/ciel_du_mois\/2019\/20190412avril2019.pdf\"><strong>12 avril au 10 mai 2019<\/strong><\/a><\/li><li><a href=\"https:\/\/www.astrorimouski.net\/clubdocuments\/ciel_du_mois\/2019\/20190308mars2019.pdf\"><strong>8 mars au 12 avril 2019<\/strong><\/a><\/li><li><a href=\"https:\/\/www.astrorimouski.net\/clubdocuments\/ciel_du_mois\/2019\/20190208fevrier2019.pdf\"><strong>8 f\u00e9vrier au 8 mars 2019<\/strong><\/a><\/li><li><a href=\"https:\/\/www.astrorimouski.net\/clubdocuments\/ciel_du_mois\/2019\/20190111janvier2019.pdf\"><strong>11 janvier au 8 f\u00e9vrier 2019<\/strong><\/a><\/li><\/ul>\n","protected":false},"excerpt":{"rendered":"<p>Le ciel du mois 2019 13 d\u00e9cembre 2019 au 10 janvier 2020 8 novembre au 13 d\u00e9cembre 2019 11 octobre au 8 novembre 2019 13 septembre au 11 octobre 2019 9 ao\u00fbt au 13 septembre 2019 12 juillet au 9 ao\u00fbt 2019 14 juin au 12 juillet 2019 10 mai au 14 juin 2019 12 &#8230; <a title=\"2019\" class=\"read-more\" href=\"https:\/\/www.astrorimouski.net\/club\/le-ciel-du-mois\/2019-2\/\" aria-label=\"En savoir plus sur 2019\">Lire la suite<\/a><\/p>\n","protected":false},"author":2,"featured_media":0,"parent":43,"menu_order":0,"comment_status":"closed","ping_status":"closed","template":"","meta":{"footnotes":""},"class_list":["post-2906","page","type-page","status-publish"],"_links":{"self":[{"href":"https:\/\/www.astrorimouski.net\/club\/wp-json\/wp\/v2\/pages\/2906","targetHints":{"allow":["GET"]}}],"collection":[{"href":"https:\/\/www.astrorimouski.net\/club\/wp-json\/wp\/v2\/pages"}],"about":[{"href":"https:\/\/www.astrorimouski.net\/club\/wp-json\/wp\/v2\/types\/page"}],"author":[{"embeddable":true,"href":"https:\/\/www.astrorimouski.net\/club\/wp-json\/wp\/v2\/users\/2"}],"replies":[{"embeddable":true,"href":"https:\/\/www.astrorimouski.net\/club\/wp-json\/wp\/v2\/comments?post=2906"}],"version-history":[{"count":4,"href":"https:\/\/www.astrorimouski.net\/club\/wp-json\/wp\/v2\/pages\/2906\/revisions"}],"predecessor-version":[{"id":3130,"href":"https:\/\/www.astrorimouski.net\/club\/wp-json\/wp\/v2\/pages\/2906\/revisions\/3130"}],"up":[{"embeddable":true,"href":"https:\/\/www.astrorimouski.net\/club\/wp-json\/wp\/v2\/pages\/43"}],"wp:attachment":[{"href":"https:\/\/www.astrorimouski.net\/club\/wp-json\/wp\/v2\/media?parent=2906"}],"curies":[{"name":"wp","href":"https:\/\/api.w.org\/{rel}","templated":true}]}}