{"id":2855,"date":"2019-12-13T11:51:28","date_gmt":"2019-12-13T16:51:28","guid":{"rendered":"http:\/\/www.astrorimouski.net\/club\/?page_id=2855"},"modified":"2019-12-13T11:55:15","modified_gmt":"2019-12-13T16:55:15","slug":"jeu-questionnaire-no-20-le-calendrier","status":"publish","type":"page","link":"https:\/\/www.astrorimouski.net\/club\/le-coin-du-debutant\/jeu-questionnaire-no-20-le-calendrier\/","title":{"rendered":"Jeu questionnaire No 20 : le calendrier"},"content":{"rendered":"\n<div id=\"watu_quiz\" class=\"quiz-area single-page-quiz\">\n<form action=\"\" method=\"post\" class=\"quiz-form \" id=\"quiz-21\" >\n<div class='watu-question' id='question-1'><div class='question-content'><p><span class='watu_num'>1. <\/span>Cochez la ou les bonnes r\u00e9ponses :<br \/>\nLes grands jalons du temps utilis\u00e9s pour la constitution des calendriers sont :<\/p>\n<\/div><input type='hidden' name='question_id[]' value='182' \/><div class='watu-questions-wrap '><input type='hidden' name='answer_ids[]' class='watu-answer-ids' value='927' \/><div class='watu-question-choice'><input type='checkbox' name='answer-182[]' id='answer-id-927' class='answer answer-1  answerof-182' value='927' \/>&nbsp;<label for='answer-id-927' id='answer-label-927' class=' answer label-1'><span class='answer'>Le mois synodique<\/span><\/label><\/div>\n<input type='hidden' name='answer_ids[]' class='watu-answer-ids' value='928' \/><div class='watu-question-choice'><input type='checkbox' name='answer-182[]' id='answer-id-928' class='answer answer-1  answerof-182' value='928' \/>&nbsp;<label for='answer-id-928' id='answer-label-928' class=' answer label-1'><span class='answer'>Le jour solaire moyen<\/span><\/label><\/div>\n<input type='hidden' name='answer_ids[]' class='watu-answer-ids' value='929' \/><div class='watu-question-choice'><input type='checkbox' name='answer-182[]' id='answer-id-929' class='answer answer-1  answerof-182' value='929' \/>&nbsp;<label for='answer-id-929' id='answer-label-929' class=' answer label-1'><span class='answer'>la semaine de sept jours<\/span><\/label><\/div>\n<input type='hidden' name='answer_ids[]' class='watu-answer-ids' value='930' \/><div class='watu-question-choice'><input type='checkbox' name='answer-182[]' id='answer-id-930' class='answer answer-1  answerof-182' value='930' \/>&nbsp;<label for='answer-id-930' id='answer-label-930' class=' answer label-1'><span class='answer'>L&rsquo;ann\u00e9e tropique<\/span><\/label><\/div>\n<\/div><input type='hidden' id='questionType1' value='checkbox' class=''><\/div><div class='watu-question' id='question-2'><div class='question-content'><p><span class='watu_num'>2. <\/span>Cochez la ou les bonnes r\u00e9ponses :<br \/>\nLa r\u00e9forme julienne du calendrier romain comprend le ou les \u00e9l\u00e9ments suivants :<\/p>\n<\/div><input type='hidden' name='question_id[]' value='183' \/><div class='watu-questions-wrap '><input type='hidden' name='answer_ids[]' class='watu-answer-ids' value='931' \/><div class='watu-question-choice'><input type='checkbox' name='answer-183[]' id='answer-id-931' class='answer answer-2  answerof-183' value='931' \/>&nbsp;<label for='answer-id-931' id='answer-label-931' class=' answer label-2'><span class='answer'>L&rsquo;ann\u00e9e d&rsquo;adoption du calendrier julien est devenue l&rsquo;an 1 de ce nouveau calendrier<\/span><\/label><\/div>\n<input type='hidden' name='answer_ids[]' class='watu-answer-ids' value='932' \/><div class='watu-question-choice'><input type='checkbox' name='answer-183[]' id='answer-id-932' class='answer answer-2  answerof-183' value='932' \/>&nbsp;<label for='answer-id-932' id='answer-label-932' class=' answer label-2'><span class='answer'>L&rsquo;introduction d&rsquo;un jour suppl\u00e9mentaire \u00e0 l&rsquo;ann\u00e9e \u00e0 tous les quatre ans<\/span><\/label><\/div>\n<input type='hidden' name='answer_ids[]' class='watu-answer-ids' value='933' \/><div class='watu-question-choice'><input type='checkbox' name='answer-183[]' id='answer-id-933' class='answer answer-2  answerof-183' value='933' \/>&nbsp;<label for='answer-id-933' id='answer-label-933' class=' answer label-2'><span class='answer'>L&rsquo;adoption d&rsquo;un calendrier purement solaire<\/span><\/label><\/div>\n<input type='hidden' name='answer_ids[]' class='watu-answer-ids' value='934' \/><div class='watu-question-choice'><input type='checkbox' name='answer-183[]' id='answer-id-934' class='answer answer-2  answerof-183' value='934' \/>&nbsp;<label for='answer-id-934' id='answer-label-934' class=' answer label-2'><span class='answer'>L&rsquo;utilisation continue du mois synodique comme jalon d\u00e9terminant du temps<\/span><\/label><\/div>\n<\/div><input type='hidden' id='questionType2' value='checkbox' class=''><\/div><div class='watu-question' id='question-3'><div class='question-content'><p><span class='watu_num'>3. <\/span>La premi\u00e8re journ\u00e9e du 3e mill\u00e9naire fut le 1 janvier 2001<\/p>\n<\/div><input type='hidden' name='question_id[]' value='189' \/><div class='watu-questions-wrap '><input type='hidden' name='answer_ids[]' class='watu-answer-ids' value='955' \/><div class='watu-question-choice'><input type='radio' name='answer-189[]' id='answer-id-955' class='answer answer-3  answerof-189' value='955' \/>&nbsp;<label for='answer-id-955' id='answer-label-955' class=' answer label-3'><span class='answer'>Vrai<\/span><\/label><\/div>\n<input type='hidden' name='answer_ids[]' class='watu-answer-ids' value='956' \/><div class='watu-question-choice'><input type='radio' name='answer-189[]' id='answer-id-956' class='answer answer-3  answerof-189' value='956' \/>&nbsp;<label for='answer-id-956' id='answer-label-956' class=' answer label-3'><span class='answer'>Faux<\/span><\/label><\/div>\n<\/div><input type='hidden' id='questionType3' value='radio' class=''><\/div><div class='watu-question' id='question-4'><div class='question-content'><p><span class='watu_num'>4. <\/span>Cochez la ou les bonnes r\u00e9ponses :<br \/>\nOn trouve de par le monde les types de\u00a0 calendriers suivants :<\/p>\n<\/div><input type='hidden' name='question_id[]' value='184' \/><div class='watu-questions-wrap '><input type='hidden' name='answer_ids[]' class='watu-answer-ids' value='943' \/><div class='watu-question-choice'><input type='radio' name='answer-184[]' id='answer-id-943' class='answer answer-4  answerof-184' value='943' \/>&nbsp;<label for='answer-id-943' id='answer-label-943' class=' answer label-4'><span class='answer'>Le calendrier solaire<\/span><\/label><\/div>\n<input type='hidden' name='answer_ids[]' class='watu-answer-ids' value='944' \/><div class='watu-question-choice'><input type='radio' name='answer-184[]' id='answer-id-944' class='answer answer-4  answerof-184' value='944' \/>&nbsp;<label for='answer-id-944' id='answer-label-944' class=' answer label-4'><span class='answer'>Le calendrier lunaire<\/span><\/label><\/div>\n<input type='hidden' name='answer_ids[]' class='watu-answer-ids' value='945' \/><div class='watu-question-choice'><input type='radio' name='answer-184[]' id='answer-id-945' class='answer answer-4  answerof-184' value='945' \/>&nbsp;<label for='answer-id-945' id='answer-label-945' class=' answer label-4'><span class='answer'>Le calendrier s\u00e9manal<\/span><\/label><\/div>\n<input type='hidden' name='answer_ids[]' class='watu-answer-ids' value='946' \/><div class='watu-question-choice'><input type='radio' name='answer-184[]' id='answer-id-946' class='answer answer-4  answerof-184' value='946' \/>&nbsp;<label for='answer-id-946' id='answer-label-946' class=' answer label-4'><span class='answer'>Le calendrier luni-solaire<\/span><\/label><\/div>\n<\/div><input type='hidden' id='questionType4' value='radio' class=''><\/div><div class='watu-question' id='question-5'><div class='question-content'><p><span class='watu_num'>5. <\/span>La r\u00e9forme gr\u00e9gorienne du calendrier julien a \u00e9t\u00e9 d\u00e9cr\u00e9t\u00e9e pour faire du 25 d\u00e9cembre la date de la naissance du Christ.<\/p>\n<\/div><input type='hidden' name='question_id[]' value='187' \/><div class='watu-questions-wrap '><input type='hidden' name='answer_ids[]' class='watu-answer-ids' value='951' \/><div class='watu-question-choice'><input type='radio' name='answer-187[]' id='answer-id-951' class='answer answer-5  answerof-187' value='951' \/>&nbsp;<label for='answer-id-951' id='answer-label-951' class=' answer label-5'><span class='answer'>Vrai<\/span><\/label><\/div>\n<input type='hidden' name='answer_ids[]' class='watu-answer-ids' value='952' \/><div class='watu-question-choice'><input type='radio' name='answer-187[]' id='answer-id-952' class='answer answer-5  answerof-187' value='952' \/>&nbsp;<label for='answer-id-952' id='answer-label-952' class=' answer label-5'><span class='answer'>Faux<\/span><\/label><\/div>\n<\/div><input type='hidden' id='questionType5' value='radio' class=''><\/div><div class='watu-question' id='question-6'><div class='question-content'><p><span class='watu_num'>6. <\/span>Cochez la ou les bonnes r\u00e9ponses :<br \/>\nLe calendrier s&rsquo;est impos\u00e9 aux hommes lors de la r\u00e9volution n\u00e9olithique pour :<\/p>\n<\/div><input type='hidden' name='question_id[]' value='185' \/><div class='watu-questions-wrap '><input type='hidden' name='answer_ids[]' class='watu-answer-ids' value='939' \/><div class='watu-question-choice'><input type='checkbox' name='answer-185[]' id='answer-id-939' class='answer answer-6  answerof-185' value='939' \/>&nbsp;<label for='answer-id-939' id='answer-label-939' class=' answer label-6'><span class='answer'>Ponctuer les \u00e9v\u00e9nements majeurs et r\u00e9currents de la vie sociale<\/span><\/label><\/div>\n<input type='hidden' name='answer_ids[]' class='watu-answer-ids' value='940' \/><div class='watu-question-choice'><input type='checkbox' name='answer-185[]' id='answer-id-940' class='answer answer-6  answerof-185' value='940' \/>&nbsp;<label for='answer-id-940' id='answer-label-940' class=' answer label-6'><span class='answer'>Souligner les f\u00eates religieuses<\/span><\/label><\/div>\n<input type='hidden' name='answer_ids[]' class='watu-answer-ids' value='941' \/><div class='watu-question-choice'><input type='checkbox' name='answer-185[]' id='answer-id-941' class='answer answer-6  answerof-185' value='941' \/>&nbsp;<label for='answer-id-941' id='answer-label-941' class=' answer label-6'><span class='answer'>D\u00e9terminer les moments du paiement des loyers ou des dettes<\/span><\/label><\/div>\n<input type='hidden' name='answer_ids[]' class='watu-answer-ids' value='942' \/><div class='watu-question-choice'><input type='checkbox' name='answer-185[]' id='answer-id-942' class='answer answer-6  answerof-185' value='942' \/>&nbsp;<label for='answer-id-942' id='answer-label-942' class=' answer label-6'><span class='answer'>D\u00e9terminer les p\u00e9riodes des travaux agricoles<\/span><\/label><\/div>\n<\/div><input type='hidden' id='questionType6' value='checkbox' class=''><\/div><div class='watu-question' id='question-7'><div class='question-content'><p><span class='watu_num'>7. <\/span>Cochez la ou les bonnes r\u00e9ponses :<br \/>\nDans le calendrier gr\u00e9gorien&#8230;<\/p>\n<\/div><input type='hidden' name='question_id[]' value='186' \/><div class='watu-questions-wrap '><input type='hidden' name='answer_ids[]' class='watu-answer-ids' value='947' \/><div class='watu-question-choice'><input type='checkbox' name='answer-186[]' id='answer-id-947' class='answer answer-7  answerof-186' value='947' \/>&nbsp;<label for='answer-id-947' id='answer-label-947' class=' answer label-7'><span class='answer'>Une ann\u00e9e est bissextile lorsque ses deux derniers chiffres sont divisibles par quatre pour former un entier<\/span><\/label><\/div>\n<input type='hidden' name='answer_ids[]' class='watu-answer-ids' value='948' \/><div class='watu-question-choice'><input type='checkbox' name='answer-186[]' id='answer-id-948' class='answer answer-7  answerof-186' value='948' \/>&nbsp;<label for='answer-id-948' id='answer-label-948' class=' answer label-7'><span class='answer'>La dur\u00e9e de l&rsquo;ann\u00e9e du calendrier se rapproche au mieux de la dur\u00e9e de l&rsquo;ann\u00e9e sid\u00e9rale<\/span><\/label><\/div>\n<input type='hidden' name='answer_ids[]' class='watu-answer-ids' value='949' \/><div class='watu-question-choice'><input type='checkbox' name='answer-186[]' id='answer-id-949' class='answer answer-7  answerof-186' value='949' \/>&nbsp;<label for='answer-id-949' id='answer-label-949' class=' answer label-7'><span class='answer'>Les ann\u00e9es s\u00e9culaires divisibles par 400 sont bissextiles<\/span><\/label><\/div>\n<input type='hidden' name='answer_ids[]' class='watu-answer-ids' value='950' \/><div class='watu-question-choice'><input type='checkbox' name='answer-186[]' id='answer-id-950' class='answer answer-7  answerof-186' value='950' \/>&nbsp;<label for='answer-id-950' id='answer-label-950' class=' answer label-7'><span class='answer'>Les ann\u00e9es divisibles par 100 mais non par 400 ne sont pas bissextiles<\/span><\/label><\/div>\n<\/div><input type='hidden' id='questionType7' value='checkbox' class=''><\/div><div class='watu-question' id='question-8'><div class='question-content'><p><span class='watu_num'>8. <\/span>Le premier concile de Nic\u00e9e a fix\u00e9 la date de P\u00e2ques au dimanche de la nouvelle Lune de mars<\/p>\n<\/div><input type='hidden' name='question_id[]' value='188' \/><div class='watu-questions-wrap '><input type='hidden' name='answer_ids[]' class='watu-answer-ids' value='953' \/><div class='watu-question-choice'><input type='radio' name='answer-188[]' id='answer-id-953' class='answer answer-8  answerof-188' value='953' \/>&nbsp;<label for='answer-id-953' id='answer-label-953' class=' answer label-8'><span class='answer'>Vrai<\/span><\/label><\/div>\n<input type='hidden' name='answer_ids[]' class='watu-answer-ids' value='954' \/><div class='watu-question-choice'><input type='radio' name='answer-188[]' id='answer-id-954' class='answer answer-8  answerof-188' value='954' \/>&nbsp;<label for='answer-id-954' id='answer-label-954' class=' answer label-8'><span class='answer'>Faux<\/span><\/label><\/div>\n<\/div><input type='hidden' id='questionType8' value='radio' class=''><\/div><div class='watu-question' id='question-9'><div class='question-content'><p><span class='watu_num'>9. <\/span>Cochez la ou les bonnes r\u00e9ponses :<\/p>\n<\/div><input type='hidden' name='question_id[]' value='190' \/><div class='watu-questions-wrap '><input type='hidden' name='answer_ids[]' class='watu-answer-ids' value='957' \/><div class='watu-question-choice'><input type='checkbox' name='answer-190[]' id='answer-id-957' class='answer answer-9  answerof-190' value='957' \/>&nbsp;<label for='answer-id-957' id='answer-label-957' class=' answer label-9'><span class='answer'>Le calendrier h\u00e9girien (musulman) est bas\u00e9 uniquement sur la dur\u00e9e du mois synodique<\/span><\/label><\/div>\n<input type='hidden' name='answer_ids[]' class='watu-answer-ids' value='958' \/><div class='watu-question-choice'><input type='checkbox' name='answer-190[]' id='answer-id-958' class='answer answer-9  answerof-190' value='958' \/>&nbsp;<label for='answer-id-958' id='answer-label-958' class=' answer label-9'><span class='answer'>Le calendrier \u00e9trusque (romain primitif) \u00e9tait luni-solaire<\/span><\/label><\/div>\n<input type='hidden' name='answer_ids[]' class='watu-answer-ids' value='959' \/><div class='watu-question-choice'><input type='checkbox' name='answer-190[]' id='answer-id-959' class='answer answer-9  answerof-190' value='959' \/>&nbsp;<label for='answer-id-959' id='answer-label-959' class=' answer label-9'><span class='answer'>Le calendrier rituel maya (Tzolk&rsquo;in) r\u00e9fl\u00e8te la dur\u00e9e mesur\u00e9e de l&rsquo;ann\u00e9e sid\u00e9rale<\/span><\/label><\/div>\n<input type='hidden' name='answer_ids[]' class='watu-answer-ids' value='960' \/><div class='watu-question-choice'><input type='checkbox' name='answer-190[]' id='answer-id-960' class='answer answer-9  answerof-190' value='960' \/>&nbsp;<label for='answer-id-960' id='answer-label-960' class=' answer label-9'><span class='answer'>Le calendrier de l&rsquo;\u00c9glise orthodoxe est bas\u00e9 sur l&rsquo;ann\u00e9e tropique<\/span><\/label><\/div>\n<\/div><input type='hidden' id='questionType9' value='checkbox' class=''><\/div><div class='watu-question' id='question-10'><div class='question-content'><p><span class='watu_num'>10. <\/span>Les noms fran\u00e7ais des jours de la semaine sont tous fond\u00e9s sur les noms des astres errants remarqu\u00e9s par les sum\u00e9riens<\/p>\n<\/div><input type='hidden' name='question_id[]' value='191' \/><div class='watu-questions-wrap '><input type='hidden' name='answer_ids[]' class='watu-answer-ids' value='961' \/><div class='watu-question-choice'><input type='radio' name='answer-191[]' id='answer-id-961' class='answer answer-10  answerof-191' value='961' \/>&nbsp;<label for='answer-id-961' id='answer-label-961' class=' answer label-10'><span class='answer'>Vrai<\/span><\/label><\/div>\n<input type='hidden' name='answer_ids[]' class='watu-answer-ids' value='962' \/><div class='watu-question-choice'><input type='radio' name='answer-191[]' id='answer-id-962' class='answer answer-10  answerof-191' value='962' \/>&nbsp;<label for='answer-id-962' id='answer-label-962' class=' answer label-10'><span class='answer'>Faux<\/span><\/label><\/div>\n<\/div><input type='hidden' id='questionType10' value='radio' class=''><\/div><div style='display:none' id='question-11'><br \/><div class='question-content'><img loading=\"lazy\" decoding=\"async\" src=\"https:\/\/www.astrorimouski.net\/club\/wp-content\/plugins\/watu\/loading.gif\" width=\"16\" height=\"16\" alt=\"Chargement ...\" title=\"Chargement ...\" \/>&nbsp;Chargement &#8230;<\/div><\/div><br \/>\n<input type=\"button\" name=\"action\" onclick=\"Watu.submitResult()\" id=\"action-button\" value=\"Envoy\u00e9\"  class=\"watu-submit-button\" \/>\n<input type=\"hidden\" name=\"no_ajax\" value=\"0\"><input type=\"hidden\" name=\"quiz_id\" value=\"21\" \/>\n<input type=\"hidden\" id=\"watuStartTime\" name=\"start_time\" value=\"2026-04-30 17:03:20\" \/>\n<\/form>\n<\/div>\n<div id=\"watu-loading-result\" style=\"display:none;\">\n\t<p align=\"center\"><img loading=\"lazy\" decoding=\"async\" src=\"https:\/\/www.astrorimouski.net\/club\/wp-content\/plugins\/watu\/loading.gif\" width=\"16\" height=\"16\" alt=\"Chargement\" title=\"Chargement\" \/><\/p>\n<\/div>\t\n<script type=\"text\/javascript\">\nvar exam_id=0;\nvar question_ids='';\nvar watuURL='';\njQuery(function($){\nquestion_ids = \"182,183,189,184,187,185,186,188,190,191\";\nexam_id = 21;\nWatu.exam_id = exam_id;\nWatu.qArr = question_ids.split(',');\nWatu.post_id = 2855;\nWatu.singlePage = '1';\nWatu.hAppID = \"0.67090600 1777583000\";\nwatuURL = \"https:\/\/www.astrorimouski.net\/club\/wp-admin\/admin-ajax.php\";\nWatu.noAlertUnanswered = 0;\n});\n<\/script>\n","protected":false},"excerpt":{"rendered":"","protected":false},"author":4,"featured_media":0,"parent":1739,"menu_order":20,"comment_status":"closed","ping_status":"closed","template":"","meta":{"footnotes":""},"class_list":["post-2855","page","type-page","status-publish"],"_links":{"self":[{"href":"https:\/\/www.astrorimouski.net\/club\/wp-json\/wp\/v2\/pages\/2855","targetHints":{"allow":["GET"]}}],"collection":[{"href":"https:\/\/www.astrorimouski.net\/club\/wp-json\/wp\/v2\/pages"}],"about":[{"href":"https:\/\/www.astrorimouski.net\/club\/wp-json\/wp\/v2\/types\/page"}],"author":[{"embeddable":true,"href":"https:\/\/www.astrorimouski.net\/club\/wp-json\/wp\/v2\/users\/4"}],"replies":[{"embeddable":true,"href":"https:\/\/www.astrorimouski.net\/club\/wp-json\/wp\/v2\/comments?post=2855"}],"version-history":[{"count":2,"href":"https:\/\/www.astrorimouski.net\/club\/wp-json\/wp\/v2\/pages\/2855\/revisions"}],"predecessor-version":[{"id":2857,"href":"https:\/\/www.astrorimouski.net\/club\/wp-json\/wp\/v2\/pages\/2855\/revisions\/2857"}],"up":[{"embeddable":true,"href":"https:\/\/www.astrorimouski.net\/club\/wp-json\/wp\/v2\/pages\/1739"}],"wp:attachment":[{"href":"https:\/\/www.astrorimouski.net\/club\/wp-json\/wp\/v2\/media?parent=2855"}],"curies":[{"name":"wp","href":"https:\/\/api.w.org\/{rel}","templated":true}]}}