{"id":2802,"date":"2019-10-18T11:26:11","date_gmt":"2019-10-18T15:26:11","guid":{"rendered":"http:\/\/www.astrorimouski.net\/club\/?page_id=2802"},"modified":"2019-10-18T11:26:12","modified_gmt":"2019-10-18T15:26:12","slug":"jeu-questionnaire-no-19-les-marees","status":"publish","type":"page","link":"https:\/\/www.astrorimouski.net\/club\/le-coin-du-debutant\/jeu-questionnaire-no-19-les-marees\/","title":{"rendered":"Jeu questionnaire No 19 : les mar\u00e9es"},"content":{"rendered":"\n<div id=\"watu_quiz\" class=\"quiz-area single-page-quiz\">\n<form action=\"\" method=\"post\" class=\"quiz-form \" id=\"quiz-20\" >\n<div class='watu-question' id='question-1'><div class='question-content'><p><span class='watu_num'>1. <\/span>Choisissez la ou les bonnes r\u00e9ponses.<br \/>\nLes forces de mar\u00e9e peuvent s&rsquo;expliquer par :<\/p>\n<\/div><input type='hidden' name='question_id[]' value='171' \/><div class='watu-questions-wrap '><input type='hidden' name='answer_ids[]' class='watu-answer-ids' value='901' \/><div class='watu-question-choice'><input type='checkbox' name='answer-171[]' id='answer-id-901' class='answer answer-1  answerof-171' value='901' \/>&nbsp;<label for='answer-id-901' id='answer-label-901' class=' answer label-1'><span class='answer'>Le r\u00e9f\u00e9rentiel galil\u00e9en dans lequel \u00e9voluent les corps c\u00e9lestes<\/span><\/label><\/div>\n<input type='hidden' name='answer_ids[]' class='watu-answer-ids' value='902' \/><div class='watu-question-choice'><input type='checkbox' name='answer-171[]' id='answer-id-902' class='answer answer-1  answerof-171' value='902' \/>&nbsp;<label for='answer-id-902' id='answer-label-902' class=' answer label-1'><span class='answer'>La pression au sein du fluide qui se d\u00e9place<\/span><\/label><\/div>\n<input type='hidden' name='answer_ids[]' class='watu-answer-ids' value='903' \/><div class='watu-question-choice'><input type='checkbox' name='answer-171[]' id='answer-id-903' class='answer answer-1  answerof-171' value='903' \/>&nbsp;<label for='answer-id-903' id='answer-label-903' class=' answer label-1'><span class='answer'>La force gravitationnelle entre deux ou plusieurs corps c\u00e9lestes<\/span><\/label><\/div>\n<input type='hidden' name='answer_ids[]' class='watu-answer-ids' value='904' \/><div class='watu-question-choice'><input type='checkbox' name='answer-171[]' id='answer-id-904' class='answer answer-1  answerof-171' value='904' \/>&nbsp;<label for='answer-id-904' id='answer-label-904' class=' answer label-1'><span class='answer'>La nature tridimensionnelle des corps c\u00e9lestes<\/span><\/label><\/div>\n<\/div><input type='hidden' id='questionType1' value='checkbox' class=''><\/div><div class='watu-question' id='question-2'><div class='question-content'><p><span class='watu_num'>2. <\/span>Les forces de mar\u00e9e varient en fonction du cube de la distance qui s\u00e9parent les corps c\u00e9leste en interaction gravitationnelle.<\/p>\n<\/div><input type='hidden' name='question_id[]' value='172' \/><div class='watu-questions-wrap '><input type='hidden' name='answer_ids[]' class='watu-answer-ids' value='889' \/><div class='watu-question-choice'><input type='radio' name='answer-172[]' id='answer-id-889' class='answer answer-2  answerof-172' value='889' \/>&nbsp;<label for='answer-id-889' id='answer-label-889' class=' answer label-2'><span class='answer'>Vrai<\/span><\/label><\/div>\n<input type='hidden' name='answer_ids[]' class='watu-answer-ids' value='890' \/><div class='watu-question-choice'><input type='radio' name='answer-172[]' id='answer-id-890' class='answer answer-2  answerof-172' value='890' \/>&nbsp;<label for='answer-id-890' id='answer-label-890' class=' answer label-2'><span class='answer'>Faux<\/span><\/label><\/div>\n<\/div><input type='hidden' id='questionType2' value='radio' class=''><\/div><div class='watu-question' id='question-3'><div class='question-content'><p><span class='watu_num'>3. <\/span>On peut expliquer le bourrelet de mar\u00e9e oppos\u00e9 \u00e0 la Lune par :<\/p>\n<\/div><input type='hidden' name='question_id[]' value='173' \/><div class='watu-questions-wrap '><input type='hidden' name='answer_ids[]' class='watu-answer-ids' value='897' \/><div class='watu-question-choice'><input type='checkbox' name='answer-173[]' id='answer-id-897' class='answer answer-3  answerof-173' value='897' \/>&nbsp;<label for='answer-id-897' id='answer-label-897' class=' answer label-3'><span class='answer'>Un effet centrifuge autour du barycentre Terre-Lune<\/span><\/label><\/div>\n<input type='hidden' name='answer_ids[]' class='watu-answer-ids' value='898' \/><div class='watu-question-choice'><input type='checkbox' name='answer-173[]' id='answer-id-898' class='answer answer-3  answerof-173' value='898' \/>&nbsp;<label for='answer-id-898' id='answer-label-898' class=' answer label-3'><span class='answer'>Le d\u00e9placement du centre de masse vers le barycentre<\/span><\/label><\/div>\n<input type='hidden' name='answer_ids[]' class='watu-answer-ids' value='899' \/><div class='watu-question-choice'><input type='checkbox' name='answer-173[]' id='answer-id-899' class='answer answer-3  answerof-173' value='899' \/>&nbsp;<label for='answer-id-899' id='answer-label-899' class=' answer label-3'><span class='answer'>Le fait que la force gravitationnelle de la Lune ne s&rsquo;applique pas au point oppos\u00e9 de la Terre<\/span><\/label><\/div>\n<input type='hidden' name='answer_ids[]' class='watu-answer-ids' value='900' \/><div class='watu-question-choice'><input type='checkbox' name='answer-173[]' id='answer-id-900' class='answer answer-3  answerof-173' value='900' \/>&nbsp;<label for='answer-id-900' id='answer-label-900' class=' answer label-3'><span class='answer'>La nature vectorielle de la force de gravitation appliqu\u00e9e au centre de masse de la Terre<\/span><\/label><\/div>\n<\/div><input type='hidden' id='questionType3' value='checkbox' class=''><\/div><div class='watu-question' id='question-4'><div class='question-content'><p><span class='watu_num'>4. <\/span>La Lune exerce un effet de mar\u00e9e plus fort que le Soleil sur la Terre parce qu&rsquo;elle r\u00e9volutionne autour de la Terre.<\/p>\n<\/div><input type='hidden' name='question_id[]' value='174' \/><div class='watu-questions-wrap '><input type='hidden' name='answer_ids[]' class='watu-answer-ids' value='895' \/><div class='watu-question-choice'><input type='radio' name='answer-174[]' id='answer-id-895' class='answer answer-4  answerof-174' value='895' \/>&nbsp;<label for='answer-id-895' id='answer-label-895' class=' answer label-4'><span class='answer'>Vrai<\/span><\/label><\/div>\n<input type='hidden' name='answer_ids[]' class='watu-answer-ids' value='896' \/><div class='watu-question-choice'><input type='radio' name='answer-174[]' id='answer-id-896' class='answer answer-4  answerof-174' value='896' \/>&nbsp;<label for='answer-id-896' id='answer-label-896' class=' answer label-4'><span class='answer'>Faux<\/span><\/label><\/div>\n<\/div><input type='hidden' id='questionType4' value='radio' class=''><\/div><div class='watu-question' id='question-5'><div class='question-content'><p><span class='watu_num'>5. <\/span>Le retour des mar\u00e9es sur Terre est d\u00e9cal\u00e9 quotidiennement d&rsquo;environ 50 minutes en raison :<\/p>\n<\/div><input type='hidden' name='question_id[]' value='175' \/><div class='watu-questions-wrap '><input type='hidden' name='answer_ids[]' class='watu-answer-ids' value='905' \/><div class='watu-question-choice'><input type='checkbox' name='answer-175[]' id='answer-id-905' class='answer answer-5  answerof-175' value='905' \/>&nbsp;<label for='answer-id-905' id='answer-label-905' class=' answer label-5'><span class='answer'>Du mouvement de r\u00e9volution de la Terre autour du Soleil<\/span><\/label><\/div>\n<input type='hidden' name='answer_ids[]' class='watu-answer-ids' value='906' \/><div class='watu-question-choice'><input type='checkbox' name='answer-175[]' id='answer-id-906' class='answer answer-5  answerof-175' value='906' \/>&nbsp;<label for='answer-id-906' id='answer-label-906' class=' answer label-5'><span class='answer'>Du mouvement de r\u00e9volution de la Lune autour de la Terre<\/span><\/label><\/div>\n<input type='hidden' name='answer_ids[]' class='watu-answer-ids' value='907' \/><div class='watu-question-choice'><input type='checkbox' name='answer-175[]' id='answer-id-907' class='answer answer-5  answerof-175' value='907' \/>&nbsp;<label for='answer-id-907' id='answer-label-907' class=' answer label-5'><span class='answer'>De l&rsquo;inclinaison de l&rsquo;orbite lunaire sur l&rsquo;\u00e9cliptique<\/span><\/label><\/div>\n<input type='hidden' name='answer_ids[]' class='watu-answer-ids' value='908' \/><div class='watu-question-choice'><input type='checkbox' name='answer-175[]' id='answer-id-908' class='answer answer-5  answerof-175' value='908' \/>&nbsp;<label for='answer-id-908' id='answer-label-908' class=' answer label-5'><span class='answer'>De l&rsquo;inclinaison de l&rsquo;axe de rotation de la Terre sur l&rsquo;\u00e9cliptique<\/span><\/label><\/div>\n<\/div><input type='hidden' id='questionType5' value='checkbox' class=''><\/div><div class='watu-question' id='question-6'><div class='question-content'><p><span class='watu_num'>6. <\/span>Le marnage est plus important lorsque la Lune et le Soleil sont en quadrature<\/p>\n<\/div><input type='hidden' name='question_id[]' value='176' \/><div class='watu-questions-wrap '><input type='hidden' name='answer_ids[]' class='watu-answer-ids' value='909' \/><div class='watu-question-choice'><input type='radio' name='answer-176[]' id='answer-id-909' class='answer answer-6  answerof-176' value='909' \/>&nbsp;<label for='answer-id-909' id='answer-label-909' class=' answer label-6'><span class='answer'>Vrai<\/span><\/label><\/div>\n<input type='hidden' name='answer_ids[]' class='watu-answer-ids' value='910' \/><div class='watu-question-choice'><input type='radio' name='answer-176[]' id='answer-id-910' class='answer answer-6  answerof-176' value='910' \/>&nbsp;<label for='answer-id-910' id='answer-label-910' class=' answer label-6'><span class='answer'>Faux<\/span><\/label><\/div>\n<\/div><input type='hidden' id='questionType6' value='radio' class=''><\/div><div class='watu-question' id='question-7'><div class='question-content'><p><span class='watu_num'>7. <\/span>La propagation de l&rsquo;onde de mar\u00e9e d\u00e9pend :<\/p>\n<\/div><input type='hidden' name='question_id[]' value='177' \/><div class='watu-questions-wrap '><input type='hidden' name='answer_ids[]' class='watu-answer-ids' value='911' \/><div class='watu-question-choice'><input type='checkbox' name='answer-177[]' id='answer-id-911' class='answer answer-7  answerof-177' value='911' \/>&nbsp;<label for='answer-id-911' id='answer-label-911' class=' answer label-7'><span class='answer'>De la profondeur de l&rsquo;eau<\/span><\/label><\/div>\n<input type='hidden' name='answer_ids[]' class='watu-answer-ids' value='912' \/><div class='watu-question-choice'><input type='checkbox' name='answer-177[]' id='answer-id-912' class='answer answer-7  answerof-177' value='912' \/>&nbsp;<label for='answer-id-912' id='answer-label-912' class=' answer label-7'><span class='answer'>De la densit\u00e9 de l&rsquo;eau de mer<\/span><\/label><\/div>\n<input type='hidden' name='answer_ids[]' class='watu-answer-ids' value='913' \/><div class='watu-question-choice'><input type='checkbox' name='answer-177[]' id='answer-id-913' class='answer answer-7  answerof-177' value='913' \/>&nbsp;<label for='answer-id-913' id='answer-label-913' class=' answer label-7'><span class='answer'>Des forces de Coriolis<\/span><\/label><\/div>\n<input type='hidden' name='answer_ids[]' class='watu-answer-ids' value='914' \/><div class='watu-question-choice'><input type='checkbox' name='answer-177[]' id='answer-id-914' class='answer answer-7  answerof-177' value='914' \/>&nbsp;<label for='answer-id-914' id='answer-label-914' class=' answer label-7'><span class='answer'>Du d\u00e9coupage des c\u00f4tes<\/span><\/label><\/div>\n<\/div><input type='hidden' id='questionType7' value='checkbox' class=''><\/div><div class='watu-question' id='question-8'><div class='question-content'><p><span class='watu_num'>8. <\/span>Le cycle du Saros influence la hauteur des mar\u00e9es<\/p>\n<\/div><input type='hidden' name='question_id[]' value='178' \/><div class='watu-questions-wrap '><input type='hidden' name='answer_ids[]' class='watu-answer-ids' value='915' \/><div class='watu-question-choice'><input type='radio' name='answer-178[]' id='answer-id-915' class='answer answer-8  answerof-178' value='915' \/>&nbsp;<label for='answer-id-915' id='answer-label-915' class=' answer label-8'><span class='answer'>Vrai<\/span><\/label><\/div>\n<input type='hidden' name='answer_ids[]' class='watu-answer-ids' value='916' \/><div class='watu-question-choice'><input type='radio' name='answer-178[]' id='answer-id-916' class='answer answer-8  answerof-178' value='916' \/>&nbsp;<label for='answer-id-916' id='answer-label-916' class=' answer label-8'><span class='answer'>Faux<\/span><\/label><\/div>\n<\/div><input type='hidden' id='questionType8' value='radio' class=''><\/div><div class='watu-question' id='question-9'><div class='question-content'><p><span class='watu_num'>9. <\/span>Un point amphidromique est un lieu o\u00f9 le marnage est nul<\/p>\n<\/div><input type='hidden' name='question_id[]' value='179' \/><div class='watu-questions-wrap '><input type='hidden' name='answer_ids[]' class='watu-answer-ids' value='917' \/><div class='watu-question-choice'><input type='radio' name='answer-179[]' id='answer-id-917' class='answer answer-9  answerof-179' value='917' \/>&nbsp;<label for='answer-id-917' id='answer-label-917' class=' answer label-9'><span class='answer'>Vrai<\/span><\/label><\/div>\n<input type='hidden' name='answer_ids[]' class='watu-answer-ids' value='918' \/><div class='watu-question-choice'><input type='radio' name='answer-179[]' id='answer-id-918' class='answer answer-9  answerof-179' value='918' \/>&nbsp;<label for='answer-id-918' id='answer-label-918' class=' answer label-9'><span class='answer'>Faux<\/span><\/label><\/div>\n<\/div><input type='hidden' id='questionType9' value='radio' class=''><\/div><div class='watu-question' id='question-10'><div class='question-content'><p><span class='watu_num'>10. <\/span>Les forces de mar\u00e9e peuvent expliquer<\/p>\n<\/div><input type='hidden' name='question_id[]' value='180' \/><div class='watu-questions-wrap '><input type='hidden' name='answer_ids[]' class='watu-answer-ids' value='919' \/><div class='watu-question-choice'><input type='radio' name='answer-180[]' id='answer-id-919' class='answer answer-10  answerof-180' value='919' \/>&nbsp;<label for='answer-id-919' id='answer-label-919' class=' answer label-10'><span class='answer'>Que nous voyons toujours la m\u00eame face de la Lune<\/span><\/label><\/div>\n<input type='hidden' name='answer_ids[]' class='watu-answer-ids' value='920' \/><div class='watu-question-choice'><input type='radio' name='answer-180[]' id='answer-id-920' class='answer answer-10  answerof-180' value='920' \/>&nbsp;<label for='answer-id-920' id='answer-label-920' class=' answer label-10'><span class='answer'>Les anneaux autour des plan\u00e8tes gazeuses de notre syst\u00e8me solaire<\/span><\/label><\/div>\n<input type='hidden' name='answer_ids[]' class='watu-answer-ids' value='921' \/><div class='watu-question-choice'><input type='radio' name='answer-180[]' id='answer-id-921' class='answer answer-10  answerof-180' value='921' \/>&nbsp;<label for='answer-id-921' id='answer-label-921' class=' answer label-10'><span class='answer'>L&rsquo;\u00e9loignement progressif de la Lune<\/span><\/label><\/div>\n<input type='hidden' name='answer_ids[]' class='watu-answer-ids' value='922' \/><div class='watu-question-choice'><input type='radio' name='answer-180[]' id='answer-id-922' class='answer answer-10  answerof-180' value='922' \/>&nbsp;<label for='answer-id-922' id='answer-label-922' class=' answer label-10'><span class='answer'>La d\u00e9formation des galaxies en interaction gravitationnelle<\/span><\/label><\/div>\n<\/div><input type='hidden' id='questionType10' value='radio' class=''><\/div><div class='watu-question' id='question-11'><div class='question-content'><p><span class='watu_num'>11. <\/span>Les mar\u00e9es et le Saint-Laurent<\/p>\n<\/div><input type='hidden' name='question_id[]' value='181' \/><div class='watu-questions-wrap '><input type='hidden' name='answer_ids[]' class='watu-answer-ids' value='923' \/><div class='watu-question-choice'><input type='checkbox' name='answer-181[]' id='answer-id-923' class='answer answer-11  answerof-181' value='923' \/>&nbsp;<label for='answer-id-923' id='answer-label-923' class=' answer label-11'><span class='answer'>Le marnage est le plus important dans la r\u00e9gion du golfe comme aux Iles-de-la-Madeleine<\/span><\/label><\/div>\n<input type='hidden' name='answer_ids[]' class='watu-answer-ids' value='924' \/><div class='watu-question-choice'><input type='checkbox' name='answer-181[]' id='answer-id-924' class='answer answer-11  answerof-181' value='924' \/>&nbsp;<label for='answer-id-924' id='answer-label-924' class=' answer label-11'><span class='answer'>En certains endroits, on assiste \u00e0 des mar\u00e9es d&rsquo;eau douce<\/span><\/label><\/div>\n<input type='hidden' name='answer_ids[]' class='watu-answer-ids' value='925' \/><div class='watu-question-choice'><input type='checkbox' name='answer-181[]' id='answer-id-925' class='answer answer-11  answerof-181' value='925' \/>&nbsp;<label for='answer-id-925' id='answer-label-925' class=' answer label-11'><span class='answer'>Les mar\u00e9es sont de type semi-diurne \u00e0 in\u00e9galit\u00e9s diurnes<\/span><\/label><\/div>\n<input type='hidden' name='answer_ids[]' class='watu-answer-ids' value='926' \/><div class='watu-question-choice'><input type='checkbox' name='answer-181[]' id='answer-id-926' class='answer answer-11  answerof-181' value='926' \/>&nbsp;<label for='answer-id-926' id='answer-label-926' class=' answer label-11'><span class='answer'>La vitesse de propagation de l&rsquo;onde de mar\u00e9e augmente entre Rimouski et Qu\u00e9bec<\/span><\/label><\/div>\n<\/div><input type='hidden' id='questionType11' value='checkbox' class=''><\/div><div style='display:none' id='question-12'><br \/><div class='question-content'><img loading=\"lazy\" decoding=\"async\" src=\"https:\/\/www.astrorimouski.net\/club\/wp-content\/plugins\/watu\/loading.gif\" width=\"16\" height=\"16\" alt=\"Chargement ...\" title=\"Chargement ...\" \/>&nbsp;Chargement &#8230;<\/div><\/div><br \/>\n<input type=\"button\" name=\"action\" onclick=\"Watu.submitResult()\" id=\"action-button\" value=\"Envoy\u00e9\"  class=\"watu-submit-button\" \/>\n<input type=\"hidden\" name=\"no_ajax\" value=\"0\"><input type=\"hidden\" name=\"quiz_id\" value=\"20\" \/>\n<input type=\"hidden\" id=\"watuStartTime\" name=\"start_time\" value=\"2026-05-01 04:02:37\" \/>\n<\/form>\n<\/div>\n<div id=\"watu-loading-result\" style=\"display:none;\">\n\t<p align=\"center\"><img loading=\"lazy\" decoding=\"async\" src=\"https:\/\/www.astrorimouski.net\/club\/wp-content\/plugins\/watu\/loading.gif\" width=\"16\" height=\"16\" alt=\"Chargement\" title=\"Chargement\" \/><\/p>\n<\/div>\t\n<script type=\"text\/javascript\">\nvar exam_id=0;\nvar question_ids='';\nvar watuURL='';\njQuery(function($){\nquestion_ids = \"171,172,173,174,175,176,177,178,179,180,181\";\nexam_id = 20;\nWatu.exam_id = exam_id;\nWatu.qArr = question_ids.split(',');\nWatu.post_id = 2802;\nWatu.singlePage = '1';\nWatu.hAppID = \"0.13739300 1777622557\";\nwatuURL = \"https:\/\/www.astrorimouski.net\/club\/wp-admin\/admin-ajax.php\";\nWatu.noAlertUnanswered = 0;\n});\n<\/script>\n","protected":false},"excerpt":{"rendered":"","protected":false},"author":4,"featured_media":0,"parent":1739,"menu_order":19,"comment_status":"closed","ping_status":"closed","template":"","meta":{"footnotes":""},"class_list":["post-2802","page","type-page","status-publish"],"_links":{"self":[{"href":"https:\/\/www.astrorimouski.net\/club\/wp-json\/wp\/v2\/pages\/2802","targetHints":{"allow":["GET"]}}],"collection":[{"href":"https:\/\/www.astrorimouski.net\/club\/wp-json\/wp\/v2\/pages"}],"about":[{"href":"https:\/\/www.astrorimouski.net\/club\/wp-json\/wp\/v2\/types\/page"}],"author":[{"embeddable":true,"href":"https:\/\/www.astrorimouski.net\/club\/wp-json\/wp\/v2\/users\/4"}],"replies":[{"embeddable":true,"href":"https:\/\/www.astrorimouski.net\/club\/wp-json\/wp\/v2\/comments?post=2802"}],"version-history":[{"count":1,"href":"https:\/\/www.astrorimouski.net\/club\/wp-json\/wp\/v2\/pages\/2802\/revisions"}],"predecessor-version":[{"id":2803,"href":"https:\/\/www.astrorimouski.net\/club\/wp-json\/wp\/v2\/pages\/2802\/revisions\/2803"}],"up":[{"embeddable":true,"href":"https:\/\/www.astrorimouski.net\/club\/wp-json\/wp\/v2\/pages\/1739"}],"wp:attachment":[{"href":"https:\/\/www.astrorimouski.net\/club\/wp-json\/wp\/v2\/media?parent=2802"}],"curies":[{"name":"wp","href":"https:\/\/api.w.org\/{rel}","templated":true}]}}