{"id":2624,"date":"2019-09-11T13:30:41","date_gmt":"2019-09-11T17:30:41","guid":{"rendered":"http:\/\/www.astrorimouski.net\/club\/?page_id=2624"},"modified":"2019-09-11T13:30:41","modified_gmt":"2019-09-11T17:30:41","slug":"jeu-questionnaire-no-18-les-eclipses","status":"publish","type":"page","link":"https:\/\/www.astrorimouski.net\/club\/le-coin-du-debutant\/jeu-questionnaire-no-18-les-eclipses\/","title":{"rendered":"Jeu questionnaire No 18 : Les \u00e9clipses"},"content":{"rendered":"<div id=\"watu_quiz\" class=\"quiz-area single-page-quiz\">\n<form action=\"\" method=\"post\" class=\"quiz-form \" id=\"quiz-19\" >\n<div class='watu-question' id='question-1'><div class='question-content'><p><span class='watu_num'>1. <\/span>Parmi les propositions suivantes, lesquelles sont vraies ?<\/p>\n<\/div><input type='hidden' name='question_id[]' value='161' \/><div class='watu-questions-wrap '><input type='hidden' name='answer_ids[]' class='watu-answer-ids' value='863' \/><div class='watu-question-choice'><input type='checkbox' name='answer-161[]' id='answer-id-863' class='answer answer-1  answerof-161' value='863' \/>&nbsp;<label for='answer-id-863' id='answer-label-863' class=' answer label-1'><span class='answer'>L&rsquo;\u00e9clipse porte le nom de l&rsquo;astre \u00e9clips\u00e9 de la perspective de l&rsquo;observateur<\/span><\/label><\/div>\n<input type='hidden' name='answer_ids[]' class='watu-answer-ids' value='864' \/><div class='watu-question-choice'><input type='checkbox' name='answer-161[]' id='answer-id-864' class='answer answer-1  answerof-161' value='864' \/>&nbsp;<label for='answer-id-864' id='answer-label-864' class=' answer label-1'><span class='answer'>L&rsquo;\u00e9clipse de Soleil se produit au cours de la phase de la Nouvelle Lune<\/span><\/label><\/div>\n<input type='hidden' name='answer_ids[]' class='watu-answer-ids' value='865' \/><div class='watu-question-choice'><input type='checkbox' name='answer-161[]' id='answer-id-865' class='answer answer-1  answerof-161' value='865' \/>&nbsp;<label for='answer-id-865' id='answer-label-865' class=' answer label-1'><span class='answer'>Une \u00e9clipse ne peut survenir que lorsque la Lune est pr\u00e8s ou \u00e0 l&rsquo;un des noeuds de son orbite<\/span><\/label><\/div>\n<input type='hidden' name='answer_ids[]' class='watu-answer-ids' value='866' \/><div class='watu-question-choice'><input type='checkbox' name='answer-161[]' id='answer-id-866' class='answer answer-1  answerof-161' value='866' \/>&nbsp;<label for='answer-id-866' id='answer-label-866' class=' answer label-1'><span class='answer'>Les \u00e9clipses totales de Lune peuvent \u00eatre vues par toutes les personnes situ\u00e9es sur la face nocturne de la Terre<\/span><\/label><\/div>\n<\/div><input type='hidden' id='questionType1' value='checkbox' class=''><\/div><div class='watu-question' id='question-2'><div class='question-content'><p><span class='watu_num'>2. <\/span>Les \u00e9clipses annulaires de Soleil sont plus fr\u00e9quentes que les \u00e9clipses totales<\/p>\n<\/div><input type='hidden' name='question_id[]' value='162' \/><div class='watu-questions-wrap '><input type='hidden' name='answer_ids[]' class='watu-answer-ids' value='867' \/><div class='watu-question-choice'><input type='radio' name='answer-162[]' id='answer-id-867' class='answer answer-2  answerof-162' value='867' \/>&nbsp;<label for='answer-id-867' id='answer-label-867' class=' answer label-2'><span class='answer'>Vrai<\/span><\/label><\/div>\n<input type='hidden' name='answer_ids[]' class='watu-answer-ids' value='868' \/><div class='watu-question-choice'><input type='radio' name='answer-162[]' id='answer-id-868' class='answer answer-2  answerof-162' value='868' \/>&nbsp;<label for='answer-id-868' id='answer-label-868' class=' answer label-2'><span class='answer'>Faux<\/span><\/label><\/div>\n<\/div><input type='hidden' id='questionType2' value='radio' class=''><\/div><div class='watu-question' id='question-3'><div class='question-content'><p><span class='watu_num'>3. <\/span>Au cours de la totalit\u00e9 de son \u00e9clipse, la Lune&#8230;<\/p>\n<\/div><input type='hidden' name='question_id[]' value='163' \/><div class='watu-questions-wrap '><input type='hidden' name='answer_ids[]' class='watu-answer-ids' value='877' \/><div class='watu-question-choice'><input type='checkbox' name='answer-163[]' id='answer-id-877' class='answer answer-3  answerof-163' value='877' \/>&nbsp;<label for='answer-id-877' id='answer-label-877' class=' answer label-3'><span class='answer'>Dispara\u00eet totalement<\/span><\/label><\/div>\n<input type='hidden' name='answer_ids[]' class='watu-answer-ids' value='878' \/><div class='watu-question-choice'><input type='checkbox' name='answer-163[]' id='answer-id-878' class='answer answer-3  answerof-163' value='878' \/>&nbsp;<label for='answer-id-878' id='answer-label-878' class=' answer label-3'><span class='answer'>Appara\u00eet plus petite<\/span><\/label><\/div>\n<input type='hidden' name='answer_ids[]' class='watu-answer-ids' value='879' \/><div class='watu-question-choice'><input type='checkbox' name='answer-163[]' id='answer-id-879' class='answer answer-3  answerof-163' value='879' \/>&nbsp;<label for='answer-id-879' id='answer-label-879' class=' answer label-3'><span class='answer'>Se colore d&rsquo;une teinte rouge\u00e2tre<\/span><\/label><\/div>\n<input type='hidden' name='answer_ids[]' class='watu-answer-ids' value='880' \/><div class='watu-question-choice'><input type='checkbox' name='answer-163[]' id='answer-id-880' class='answer answer-3  answerof-163' value='880' \/>&nbsp;<label for='answer-id-880' id='answer-label-880' class=' answer label-3'><span class='answer'>Montre des protub\u00e9rances \u00e0 sa surface<\/span><\/label><\/div>\n<\/div><input type='hidden' id='questionType3' value='checkbox' class=''><\/div><div class='watu-question' id='question-4'><div class='question-content'><p><span class='watu_num'>4. <\/span>Une personne situ\u00e9e dans la zone de p\u00e9nombre d&rsquo;une \u00e9clipse de Soleil verra une \u00e9clipse partielle<\/p>\n<\/div><input type='hidden' name='question_id[]' value='164' \/><div class='watu-questions-wrap '><input type='hidden' name='answer_ids[]' class='watu-answer-ids' value='843' \/><div class='watu-question-choice'><input type='radio' name='answer-164[]' id='answer-id-843' class='answer answer-4  answerof-164' value='843' \/>&nbsp;<label for='answer-id-843' id='answer-label-843' class=' answer label-4'><span class='answer'>Vrai<\/span><\/label><\/div>\n<input type='hidden' name='answer_ids[]' class='watu-answer-ids' value='844' \/><div class='watu-question-choice'><input type='radio' name='answer-164[]' id='answer-id-844' class='answer answer-4  answerof-164' value='844' \/>&nbsp;<label for='answer-id-844' id='answer-label-844' class=' answer label-4'><span class='answer'>Faux<\/span><\/label><\/div>\n<\/div><input type='hidden' id='questionType4' value='radio' class=''><\/div><div class='watu-question' id='question-5'><div class='question-content'><p><span class='watu_num'>5. <\/span>Parmi les propositions suivante, lesquelles sont vraies ?<\/p>\n<\/div><input type='hidden' name='question_id[]' value='165' \/><div class='watu-questions-wrap '><input type='hidden' name='answer_ids[]' class='watu-answer-ids' value='869' \/><div class='watu-question-choice'><input type='checkbox' name='answer-165[]' id='answer-id-869' class='answer answer-5  answerof-165' value='869' \/>&nbsp;<label for='answer-id-869' id='answer-label-869' class=' answer label-5'><span class='answer'>Le cycle du Saros a \u00e9t\u00e9 d\u00e9couvert par les sum\u00e9riens \u00e0 partir de calculs g\u00e9om\u00e9triques pr\u00e9cis de la position du Soleil et de la Lune<\/span><\/label><\/div>\n<input type='hidden' name='answer_ids[]' class='watu-answer-ids' value='870' \/><div class='watu-question-choice'><input type='checkbox' name='answer-165[]' id='answer-id-870' class='answer answer-5  answerof-165' value='870' \/>&nbsp;<label for='answer-id-870' id='answer-label-870' class=' answer label-5'><span class='answer'>La dur\u00e9e du Saros repr\u00e9sente le plus petit commun d\u00e9nominateur de la dur\u00e9e des mois synodiques, draconitiques et anomalistiques<\/span><\/label><\/div>\n<input type='hidden' name='answer_ids[]' class='watu-answer-ids' value='871' \/><div class='watu-question-choice'><input type='checkbox' name='answer-165[]' id='answer-id-871' class='answer answer-5  answerof-165' value='871' \/>&nbsp;<label for='answer-id-871' id='answer-label-871' class=' answer label-5'><span class='answer'>Une \u00e9clipse de Soleil reviendra obligatoirement au m\u00eame endroit sur la surface de la Terre apr\u00e8s un cycle complet de Saros<\/span><\/label><\/div>\n<input type='hidden' name='answer_ids[]' class='watu-answer-ids' value='872' \/><div class='watu-question-choice'><input type='checkbox' name='answer-165[]' id='answer-id-872' class='answer answer-5  answerof-165' value='872' \/>&nbsp;<label for='answer-id-872' id='answer-label-872' class=' answer label-5'><span class='answer'>Le cycle du Saros permet de pr\u00e9dire \u00e0 la fois la r\u00e9currence des \u00e9clipses de Soleil et de la Lune<\/span><\/label><\/div>\n<\/div><input type='hidden' id='questionType5' value='checkbox' class=''><\/div><div class='watu-question' id='question-6'><div class='question-content'><p><span class='watu_num'>6. <\/span>Toutes les \u00e9clipses de Lune sont totales parce que l&rsquo;ombre de la Terre est plus grande que le diam\u00e8tre de la Lune<\/p>\n<\/div><input type='hidden' name='question_id[]' value='166' \/><div class='watu-questions-wrap '><input type='hidden' name='answer_ids[]' class='watu-answer-ids' value='849' \/><div class='watu-question-choice'><input type='radio' name='answer-166[]' id='answer-id-849' class='answer answer-6  answerof-166' value='849' \/>&nbsp;<label for='answer-id-849' id='answer-label-849' class=' answer label-6'><span class='answer'>Vrai<\/span><\/label><\/div>\n<input type='hidden' name='answer_ids[]' class='watu-answer-ids' value='850' \/><div class='watu-question-choice'><input type='radio' name='answer-166[]' id='answer-id-850' class='answer answer-6  answerof-166' value='850' \/>&nbsp;<label for='answer-id-850' id='answer-label-850' class=' answer label-6'><span class='answer'>Faux<\/span><\/label><\/div>\n<\/div><input type='hidden' id='questionType6' value='radio' class=''><\/div><div class='watu-question' id='question-7'><div class='question-content'><p><span class='watu_num'>7. <\/span>Au cours d&rsquo;une \u00e9clipse de Soleil&#8230;<\/p>\n<\/div><input type='hidden' name='question_id[]' value='167' \/><div class='watu-questions-wrap '><input type='hidden' name='answer_ids[]' class='watu-answer-ids' value='873' \/><div class='watu-question-choice'><input type='checkbox' name='answer-167[]' id='answer-id-873' class='answer answer-7  answerof-167' value='873' \/>&nbsp;<label for='answer-id-873' id='answer-label-873' class=' answer label-7'><span class='answer'>La Lune se trouve obligatoirement \u00e0 l&rsquo;apog\u00e9e de son orbite<\/span><\/label><\/div>\n<input type='hidden' name='answer_ids[]' class='watu-answer-ids' value='874' \/><div class='watu-question-choice'><input type='checkbox' name='answer-167[]' id='answer-id-874' class='answer answer-7  answerof-167' value='874' \/>&nbsp;<label for='answer-id-874' id='answer-label-874' class=' answer label-7'><span class='answer'>Le c\u00f4ne d&rsquo;ombre de la Lune a une longueur limit\u00e9e dans l&rsquo;espace<\/span><\/label><\/div>\n<input type='hidden' name='answer_ids[]' class='watu-answer-ids' value='875' \/><div class='watu-question-choice'><input type='checkbox' name='answer-167[]' id='answer-id-875' class='answer answer-7  answerof-167' value='875' \/>&nbsp;<label for='answer-id-875' id='answer-label-875' class=' answer label-7'><span class='answer'>La dur\u00e9e de la totalit\u00e9 de l&rsquo;\u00e9clipse est plus grande dans les zones de latitude moyenne (Rimouski) qu&rsquo;\u00e0 l&rsquo;\u00e9quateur<\/span><\/label><\/div>\n<input type='hidden' name='answer_ids[]' class='watu-answer-ids' value='876' \/><div class='watu-question-choice'><input type='checkbox' name='answer-167[]' id='answer-id-876' class='answer answer-7  answerof-167' value='876' \/>&nbsp;<label for='answer-id-876' id='answer-label-876' class=' answer label-7'><span class='answer'>La Lune prend une teinte rouge\u00e2tre plus ou moins prononc\u00e9e selon la composition de l&rsquo;atmosph\u00e8re terrestre<\/span><\/label><\/div>\n<\/div><input type='hidden' id='questionType7' value='checkbox' class=''><\/div><div class='watu-question' id='question-8'><div class='question-content'><p><span class='watu_num'>8. <\/span>L&rsquo;orbite de la Lune est complexe, mais heureusement, le plan de son orbite co\u00efncide avec celui de l&rsquo;\u00e9cliptique, ce qui permet les \u00e9clipses.<\/p>\n<\/div><input type='hidden' name='question_id[]' value='168' \/><div class='watu-questions-wrap '><input type='hidden' name='answer_ids[]' class='watu-answer-ids' value='855' \/><div class='watu-question-choice'><input type='radio' name='answer-168[]' id='answer-id-855' class='answer answer-8  answerof-168' value='855' \/>&nbsp;<label for='answer-id-855' id='answer-label-855' class=' answer label-8'><span class='answer'>Vrai<\/span><\/label><\/div>\n<input type='hidden' name='answer_ids[]' class='watu-answer-ids' value='856' \/><div class='watu-question-choice'><input type='radio' name='answer-168[]' id='answer-id-856' class='answer answer-8  answerof-168' value='856' \/>&nbsp;<label for='answer-id-856' id='answer-label-856' class=' answer label-8'><span class='answer'>Faux<\/span><\/label><\/div>\n<\/div><input type='hidden' id='questionType8' value='radio' class=''><\/div><div class='watu-question' id='question-9'><div class='question-content'><p><span class='watu_num'>9. <\/span>Parmi les propositions suivantes, lesquelles sont vraies ?<\/p>\n<\/div><input type='hidden' name='question_id[]' value='169' \/><div class='watu-questions-wrap '><input type='hidden' name='answer_ids[]' class='watu-answer-ids' value='857' \/><div class='watu-question-choice'><input type='checkbox' name='answer-169[]' id='answer-id-857' class='answer answer-9  answerof-169' value='857' \/>&nbsp;<label for='answer-id-857' id='answer-label-857' class=' answer label-9'><span class='answer'>L&rsquo;observation \u00e0 l&rsquo;oeil nu d&rsquo;une \u00e9clipse de Lune est sans danger<\/span><\/label><\/div>\n<input type='hidden' name='answer_ids[]' class='watu-answer-ids' value='858' \/><div class='watu-question-choice'><input type='checkbox' name='answer-169[]' id='answer-id-858' class='answer answer-9  answerof-169' value='858' \/>&nbsp;<label for='answer-id-858' id='answer-label-858' class=' answer label-9'><span class='answer'>Il n&rsquo;est pas recommand\u00e9 de regarder une \u00e9clipse totale de Soleil \u00e0 l&rsquo;oeil nu car la brillance du Soleil peut revenir soudainement alors que la pupille est toujours dilat\u00e9e<\/span><\/label><\/div>\n<input type='hidden' name='answer_ids[]' class='watu-answer-ids' value='859' \/><div class='watu-question-choice'><input type='checkbox' name='answer-169[]' id='answer-id-859' class='answer answer-9  answerof-169' value='859' \/>&nbsp;<label for='answer-id-859' id='answer-label-859' class=' answer label-9'><span class='answer'>Un bon filtre solaire situ\u00e9 \u00e0 l&rsquo;oculaire d&rsquo;un t\u00e9lescope permet d&rsquo;observer une \u00e9clipse de Soleil en toute s\u00e9curit\u00e9<\/span><\/label><\/div>\n<input type='hidden' name='answer_ids[]' class='watu-answer-ids' value='860' \/><div class='watu-question-choice'><input type='checkbox' name='answer-169[]' id='answer-id-860' class='answer answer-9  answerof-169' value='860' \/>&nbsp;<label for='answer-id-860' id='answer-label-860' class=' answer label-9'><span class='answer'>Il est impossible de subir des dommages irr\u00e9versibles de la vision au cours d&rsquo;une \u00e9clipse de Soleil si l&rsquo;observation directe n&rsquo;est pas douloureuse<\/span><\/label><\/div>\n<\/div><input type='hidden' id='questionType9' value='checkbox' class=''><\/div><div class='watu-question' id='question-10'><div class='question-content'><p><span class='watu_num'>10. <\/span>On peut observer en toute s\u00e9curit\u00e9 une \u00e9clipse de Soleil par une m\u00e9thode indirecte qui utilise un st\u00e9nop\u00e9<\/p>\n<\/div><input type='hidden' name='question_id[]' value='170' \/><div class='watu-questions-wrap '><input type='hidden' name='answer_ids[]' class='watu-answer-ids' value='861' \/><div class='watu-question-choice'><input type='radio' name='answer-170[]' id='answer-id-861' class='answer answer-10  answerof-170' value='861' \/>&nbsp;<label for='answer-id-861' id='answer-label-861' class=' answer label-10'><span class='answer'>Vrai<\/span><\/label><\/div>\n<input type='hidden' name='answer_ids[]' class='watu-answer-ids' value='862' \/><div class='watu-question-choice'><input type='radio' name='answer-170[]' id='answer-id-862' class='answer answer-10  answerof-170' value='862' \/>&nbsp;<label for='answer-id-862' id='answer-label-862' class=' answer label-10'><span class='answer'>Faux<\/span><\/label><\/div>\n<\/div><input type='hidden' id='questionType10' value='radio' class=''><\/div><div style='display:none' id='question-11'><br \/><div class='question-content'><img loading=\"lazy\" decoding=\"async\" src=\"https:\/\/www.astrorimouski.net\/club\/wp-content\/plugins\/watu\/loading.gif\" width=\"16\" height=\"16\" alt=\"Chargement ...\" title=\"Chargement ...\" \/>&nbsp;Chargement &#8230;<\/div><\/div><br \/>\n<input type=\"button\" name=\"action\" onclick=\"Watu.submitResult()\" id=\"action-button\" value=\"Envoy\u00e9\"  class=\"watu-submit-button\" \/>\n<input type=\"hidden\" name=\"no_ajax\" value=\"0\"><input type=\"hidden\" name=\"quiz_id\" value=\"19\" \/>\n<input type=\"hidden\" id=\"watuStartTime\" name=\"start_time\" value=\"2026-05-01 03:45:49\" \/>\n<\/form>\n<\/div>\n<div id=\"watu-loading-result\" style=\"display:none;\">\n\t<p align=\"center\"><img loading=\"lazy\" decoding=\"async\" src=\"https:\/\/www.astrorimouski.net\/club\/wp-content\/plugins\/watu\/loading.gif\" width=\"16\" height=\"16\" alt=\"Chargement\" title=\"Chargement\" \/><\/p>\n<\/div>\t\n<script type=\"text\/javascript\">\nvar exam_id=0;\nvar question_ids='';\nvar watuURL='';\njQuery(function($){\nquestion_ids = \"161,162,163,164,165,166,167,168,169,170\";\nexam_id = 19;\nWatu.exam_id = exam_id;\nWatu.qArr = question_ids.split(',');\nWatu.post_id = 2624;\nWatu.singlePage = '1';\nWatu.hAppID = \"0.73855200 1777621549\";\nwatuURL = \"https:\/\/www.astrorimouski.net\/club\/wp-admin\/admin-ajax.php\";\nWatu.noAlertUnanswered = 0;\n});\n<\/script>\n\n\n<p><\/p>\n","protected":false},"excerpt":{"rendered":"","protected":false},"author":4,"featured_media":0,"parent":1739,"menu_order":18,"comment_status":"closed","ping_status":"closed","template":"","meta":{"footnotes":""},"class_list":["post-2624","page","type-page","status-publish"],"_links":{"self":[{"href":"https:\/\/www.astrorimouski.net\/club\/wp-json\/wp\/v2\/pages\/2624","targetHints":{"allow":["GET"]}}],"collection":[{"href":"https:\/\/www.astrorimouski.net\/club\/wp-json\/wp\/v2\/pages"}],"about":[{"href":"https:\/\/www.astrorimouski.net\/club\/wp-json\/wp\/v2\/types\/page"}],"author":[{"embeddable":true,"href":"https:\/\/www.astrorimouski.net\/club\/wp-json\/wp\/v2\/users\/4"}],"replies":[{"embeddable":true,"href":"https:\/\/www.astrorimouski.net\/club\/wp-json\/wp\/v2\/comments?post=2624"}],"version-history":[{"count":1,"href":"https:\/\/www.astrorimouski.net\/club\/wp-json\/wp\/v2\/pages\/2624\/revisions"}],"predecessor-version":[{"id":2625,"href":"https:\/\/www.astrorimouski.net\/club\/wp-json\/wp\/v2\/pages\/2624\/revisions\/2625"}],"up":[{"embeddable":true,"href":"https:\/\/www.astrorimouski.net\/club\/wp-json\/wp\/v2\/pages\/1739"}],"wp:attachment":[{"href":"https:\/\/www.astrorimouski.net\/club\/wp-json\/wp\/v2\/media?parent=2624"}],"curies":[{"name":"wp","href":"https:\/\/api.w.org\/{rel}","templated":true}]}}