{"id":2452,"date":"2019-04-11T21:18:22","date_gmt":"2019-04-12T01:18:22","guid":{"rendered":"http:\/\/www.astrorimouski.net\/club\/?page_id=2452"},"modified":"2026-03-19T10:46:45","modified_gmt":"2026-03-19T14:46:45","slug":"nos-articles","status":"publish","type":"page","link":"https:\/\/www.astrorimouski.net\/club\/nos-articles\/","title":{"rendered":"Nos articles \u00e0 lire"},"content":{"rendered":"\n<figure class=\"wp-block-image is-resized\"><img loading=\"lazy\" decoding=\"async\" width=\"600\" height=\"182\" src=\"https:\/\/www.astrorimouski.net\/club\/wp-content\/uploads\/2019\/04\/nosarticles.jpg\" alt=\"\" class=\"wp-image-2463\"\/><\/figure>\n\n\n\n<h3 class=\"wp-block-heading\">Articles hors-s\u00e9rie<\/h3>\n\n\n\n<p><\/p>\n\n\n\n<ul class=\"wp-block-list\">\n<li><strong><a href=\"https:\/\/www.astrorimouski.net\/clubdocuments\/articles\/daniel_guay\/Lettre_Elon_Musk.pdf\" data-type=\"link\" data-id=\"https:\/\/www.astrorimouski.net\/clubdocuments\/articles\/daniel_guay\/Lettre_Elon_Musk.pdf\">Lettre \u00e0 Elon Musk<\/a><\/strong> (par Daniel Guay, mars 2026)<\/li>\n\n\n\n<li><strong><a href=\"https:\/\/www.astrorimouski.net\/clubdocuments\/articles\/pierre_levesque\/Les_vagabonds_du_cosmos.pdf\">Les vagabonds du cosmos<\/a><\/strong> (par Pierre L\u00e9vesque, janvier 2026) &#8211; <em>Notez qu&rsquo;il y eu une substitution de certains caract\u00e8res accentu\u00e9s lors de la conversion au format PDF. Le document demeure cependant bien lisible.<\/em><\/li>\n\n\n\n<li><a href=\"https:\/\/www.astrorimouski.net\/clubdocuments\/articles\/pat_browne\/photom\u00e9trie\/Observation_EECepV5.pdf\"><strong>Campagne d\u2019observation : EE Cep l\u2019\u00e9v\u00e9nement d\u2019\u00e9clipse<\/strong><\/a> (par Pat Browne, d\u00e9cembre 2025)<\/li>\n\n\n\n<li><strong><a href=\"https:\/\/www.astrorimouski.net\/clubdocuments\/articles\/manon_bouchard\/La_comete_de_2024_en_spectro.pdf\" data-type=\"link\" data-id=\"https:\/\/www.astrorimouski.net\/clubdocuments\/articles\/manon_bouchard\">La \u00ab&nbsp;Grande com\u00e8te de 2024&nbsp;\u00bb en spectroscopie<\/a> <\/strong>(par Manon Bouchard, d\u00e9cembre 2024)<\/li>\n\n\n\n<li><strong><a href=\"https:\/\/www.astrorimouski.net\/clubdocuments\/articles\/pat_browne\/Taches-CCD.pdf\">Des taches de poussi\u00e8re sur vos astrophotos : comment vivre avec\u2026<\/a> <\/strong>(par Pat Browne, d\u00e9cembre 2024)<\/li>\n\n\n\n<li><strong><a href=\"https:\/\/www.astrorimouski.net\/clubdocuments\/articles\/LucBellavance\/bruit-ccd.pdf\">Du bruit dans les CCD!<\/a><\/strong> (par Luc Bellavance, novembre 2024)<\/li>\n\n\n\n<li><strong><a href=\"https:\/\/www.astrorimouski.net\/clubdocuments\/articles\/martin_laforest\/colonisation_spatiale.pdf\">Le probl\u00e8me \u00e9nerg\u00e9tique de la colonisation spatiale<\/a><\/strong> (par Martin Laforest, octobre 2024)<\/li>\n\n\n\n<li><strong><a href=\"https:\/\/www.astrorimouski.net\/clubdocuments\/articles\/michel_michaud\/Presentation_RR_Lyrae.pdf\">\u00c9tude des \u00e9toiles variables de type RR Lyre dans l\u2019amas globulaire Messier 3<\/a><\/strong> (par Michel Michaud, septembre 2024)<\/li>\n\n\n\n<li><strong><a href=\"https:\/\/www.astrorimouski.net\/clubdocuments\/articles\/pat_browne\/solaire\/postEclipse2024.pdf\">\u00c9clipse 2024 au Parc Beaus\u00e9jour de Rimouski (\u00ab&nbsp;un \u00e9v\u00e9nement rassembleur&nbsp;\u00bb)<\/a><\/strong><\/li>\n\n\n\n<li><strong><a href=\"https:\/\/www.youtube.com\/watch?v=msB49cdlggo\" data-type=\"link\" data-id=\"https:\/\/www.youtube.com\/watch?v=msB49cdlggo\">La chasse aux aurores<\/a><\/strong> &#8211; Interview de Raihan Khan et Lawrence Everitt par Cristiano Pereira sur Radio<strong>Ta\u00efga<\/strong>  au Yukon<\/li>\n\n\n\n<li><strong>Plan\u00e8te bleue<\/strong> (par Pierre L\u00e9vesque)\n<ul class=\"wp-block-list\">\n<li><strong><a href=\"https:\/\/www.astrorimouski.net\/clubdocuments\/coin_du_debutant\/planete_bleue_partie_1.pdf\">Partie 1<\/a><\/strong> (janvier 2024)<\/li>\n\n\n\n<li><strong><a href=\"https:\/\/www.astrorimouski.net\/clubdocuments\/coin_du_debutant\/planete_bleue_partie_2.pdf\">Partie 2<\/a><\/strong> (f\u00e9vrier 2024)<\/li>\n<\/ul>\n<\/li>\n\n\n\n<li><strong><a href=\"https:\/\/www.astrorimouski.net\/clubdocuments\/articles\/sylvain_levesque\/congres_FAAQ_2023.pdf\">Compte-rendu du congr\u00e8s de la FAAQ 2023 \u00e0 Trois-Rivi\u00e8res<\/a><\/strong> (par Sylvain L\u00e9vesque, octobre 2023)<\/li>\n\n\n\n<li><strong><a href=\"https:\/\/www.astrorimouski.net\/clubdocuments\/articles\/sylvain_levesque\/ma_page_web.pdf\">Ma page Web <\/a><\/strong>(par Sylvain L\u00e9vesque, octobre 2023) -&gt; <strong><a href=\"https:\/\/www.astrorimouski.net\/membres\/sylvain\/\">Lien vers le site de Sylvain<\/a><\/strong><\/li>\n\n\n\n<li><strong><a href=\"https:\/\/www.astrorimouski.net\/clubdocuments\/articles\/lawrence_everitt\/nuages_noctulescents.pdf\">Initiation \u00e0 l\u2019observation des nuages noctulescents<\/a><\/strong> (par Lawrence Everitt, octobre 2023)<\/li>\n\n\n\n<li><strong><a href=\"https:\/\/www.astrorimouski.net\/clubdocuments\/articles\/pat_browne\/Mieux_eclairer.pdf\">Mieux \u00e9clairer notre ville<\/a> <\/strong>(par Pat Browne, juin 2023)<\/li>\n\n\n\n<li><a href=\"https:\/\/www.astrorimouski.net\/clubdocuments\/articles\/sylvain_levesque\/20230512_photos_du_ciel_sur_trepied_fixe.pdf\"><strong>Prise de photos sur tr\u00e9pied fixe avec la cam\u00e9ra Canon ESO 80D <\/strong><\/a> (par Sylvain L\u00e9vesque, mai&nbsp;2023)<\/li>\n\n\n\n<li><strong><a href=\"https:\/\/www.astrorimouski.net\/clubdocuments\/articles\/christian_hubert\/relativite_et_lentilles_gravitationnelles_20230314.pdf\">Th\u00e9orie de la relativit\u00e9 et lentilles gravitationnelles<\/a><\/strong> (par Christian Hubert, avril 2023)<\/li>\n\n\n\n<li><strong><a href=\"https:\/\/www.astrorimouski.net\/clubdocuments\/articles\/sylvain_levesque\/20230210-SeanceAstrophoto.pdf\">La pr\u00e9paration d&rsquo;une s\u00e9ance astrophotographique<\/a><\/strong> (par Sylvain L\u00e9vesque, f\u00e9vrier 2023)<\/li>\n\n\n\n<li><a href=\"https:\/\/www.astrorimouski.net\/clubdocuments\/articles\/sylvain_levesque\/Lumiere_zodiacale_20221111.pdf\"><strong>La lumi\u00e8re zodiacale<\/strong><\/a> (par Sylvain L\u00e9vesque, novembre 2022)<\/li>\n\n\n\n<li><strong><a href=\"https:\/\/www.astrorimouski.net\/clubdocuments\/articles\/sylvain_levesque\/Cours_astronomie_Rimouski_1869-1883.pdf\">Le cours d&rsquo;astronomie au S\u00e9minaire de Rimouski durant la p\u00e9riode de 1869 \u00e0 1883<\/a><\/strong> (par Sylvain L\u00e9vesque, octobre 2022)<\/li>\n\n\n\n<li><strong><a href=\"https:\/\/www.astrorimouski.net\/clubdocuments\/articles\/pat_browne\/trouNoirSagA\/TrouNoirSagA.pdf\">L&rsquo;image de Sgr A<\/a><\/strong>* (par Pat Browne, sept. 2022)<\/li>\n\n\n\n<li><a href=\"https:\/\/www.astrorimouski.net\/clubdocuments\/articles\/sylvain_levesque\/Filtre_solaire_et_filtre%20lunaire_20220909.pdf\"><strong>Filtre solaire et filtre lunaire<\/strong><\/a> (par Sylvain L\u00e9vesque, sept. 2022)<\/li>\n\n\n\n<li><strong><a href=\"https:\/\/www.astrorimouski.net\/clubdocuments\/articles\/sylvain_levesque\/ImagesDuCiel20220610.pdf\">Images du ciel<\/a><\/strong> (par Sylvain L\u00e9vesque, juin 2022)<\/li>\n\n\n\n<li><a href=\"https:\/\/www.astrorimouski.net\/clubdocuments\/articles\/pat_browne\/almanach\/almanachKeogram.pdf\"><strong>Almanach c\u00e9leste et k\u00e9ogramme<\/strong><\/a> (par Pat Browne, juin 2022)<\/li>\n\n\n\n<li><strong><a href=\"https:\/\/www.astrorimouski.net\/clubdocuments\/articles\/martin_laforest\/GestionCourantElectriqueEnNomade.pdf\">Gestion du courant \u00e9lectrique en nomade<\/a><\/strong> (par Martin Laforest, juin 2022)<\/li>\n\n\n\n<li><strong><a href=\"https:\/\/astrorimouski.net\/clubdocuments\/articles\/denis_gilbert\/Space_Launch_System-2022-06-10.pdf\"><em>Space Launch System<\/em> &#8211; La fus\u00e9e de la NASA pour retourner sur la Lune<\/a> <\/strong>(par Denis Gilbert, juin 2022)<\/li>\n\n\n\n<li><strong><a href=\"https:\/\/astrorimouski.net\/clubdocuments\/articles\/cegep\/LumiereSystBinaires.pdf\">Un peu de lumi\u00e8re sur les syst\u00e8mes binaires!<\/a><\/strong> <br>(par Marylise Larouche, Vanessa Bujold et Zachary Servant, mai 2022)<\/li>\n\n\n\n<li><strong><a href=\"https:\/\/www.astrorimouski.net\/clubdocuments\/articles\/pat_browne\/ChampVisuel-ImageAlignementJWST.pdf\">Champ visuel de l&rsquo;image d&rsquo;alignement du JWST<\/a> <\/strong>(par Pat Browne, mai 2022)<\/li>\n\n\n\n<li><strong><a href=\"https:\/\/www.astrorimouski.net\/clubdocuments\/articles\/martin_laforest\/Mon_parcours_astrophoto-Mars_2022.pdf\" data-type=\"URL\">Mon parcours astrophoto<\/a><\/strong> (par Martin Laforest, mars 2022)<\/li>\n\n\n\n<li><a href=\"https:\/\/www.astrorimouski.net\/clubdocuments\/articles\/pat_browne\/ClasserEtoiles.pdf\"><strong>L&rsquo;art de classer les \u00e9toiles par leur spectre lumineux<\/strong><\/a> (par Pat Browne)<\/li>\n\n\n\n<li><strong><a href=\"https:\/\/www.astrorimouski.net\/clubdocuments\/articles\/pat_browne\/Astroberry_ObservationGalaxies.pdf\">Observer des galaxies du printemps en ville avec l\u2019Astroberry<\/a>  <\/strong>(par&nbsp;Pat&nbsp;Browne)<\/li>\n\n\n\n<li><strong><a href=\"https:\/\/www.astrorimouski.net\/clubdocuments\/articles\/pat_browne\/Astroberry22Mai.pdf\" data-type=\"URL\" data-id=\"https:\/\/www.astrorimouski.net\/clubdocuments\/articles\/pat_browne\/Astroberry22Mai.pdf\">Pr\u00e9sentation de l&rsquo;<em>Astroberry<\/em><\/a><\/strong> (par Pat Browne)<\/li>\n\n\n\n<li><a href=\"https:\/\/www.astrorimouski.net\/clubdocuments\/coin_du_debutant\/cycles_de_milankovitch_site.pdf\"><strong>Les cycles de Milankovi\u0107<\/strong><\/a> (par Pierre L\u00e9vesque)<\/li>\n\n\n\n<li><strong><a rel=\"noreferrer noopener\" href=\"http:\/\/www.ruralcotranspo.net\/2018\/10\/28\/les-pleiades-un-amas-ouvert-a-loeil-nue\/\" data-type=\"URL\" data-id=\"http:\/\/www.ruralcotranspo.net\/2018\/10\/28\/les-pleiades-un-amas-ouvert-a-loeil-nue\/\" target=\"_blank\">Les Pl\u00e9iades, un amas ouvert visible \u00e0 l\u2019\u0153il nu<\/a> <\/strong>(par Pat Browne)<\/li>\n\n\n\n<li><a rel=\"noreferrer noopener\" href=\"https:\/\/www.astrorimouski.net\/clubdocuments\/articles\/pat_browne\/vitessederotationjupiter2.pdf\" target=\"_blank\"><strong>Vitesse de rotation de Jupiter<\/strong><\/a> (par Pat Browne)<\/li>\n<\/ul>\n\n\n\n<h3 class=\"wp-block-heading\">Chroniques r\u00e9guli\u00e8res<\/h3>\n\n\n\n<ul class=\"wp-block-list\">\n<li><strong><a href=\"https:\/\/www.astrorimouski.net\/club\/le-ciel-du-mois\/\">Le ciel du mois<\/a><\/strong><\/li>\n\n\n\n<li><strong><a href=\"https:\/\/www.astrorimouski.net\/club\/le-coin-du-debutant\/\">Coin du d\u00e9butant<\/a><\/strong><\/li>\n<\/ul>\n\n\n\n<p><\/p>\n","protected":false},"excerpt":{"rendered":"<p>Articles hors-s\u00e9rie Chroniques r\u00e9guli\u00e8res<\/p>\n","protected":false},"author":1,"featured_media":0,"parent":0,"menu_order":0,"comment_status":"closed","ping_status":"closed","template":"","meta":{"footnotes":""},"class_list":["post-2452","page","type-page","status-publish"],"_links":{"self":[{"href":"https:\/\/www.astrorimouski.net\/club\/wp-json\/wp\/v2\/pages\/2452","targetHints":{"allow":["GET"]}}],"collection":[{"href":"https:\/\/www.astrorimouski.net\/club\/wp-json\/wp\/v2\/pages"}],"about":[{"href":"https:\/\/www.astrorimouski.net\/club\/wp-json\/wp\/v2\/types\/page"}],"author":[{"embeddable":true,"href":"https:\/\/www.astrorimouski.net\/club\/wp-json\/wp\/v2\/users\/1"}],"replies":[{"embeddable":true,"href":"https:\/\/www.astrorimouski.net\/club\/wp-json\/wp\/v2\/comments?post=2452"}],"version-history":[{"count":67,"href":"https:\/\/www.astrorimouski.net\/club\/wp-json\/wp\/v2\/pages\/2452\/revisions"}],"predecessor-version":[{"id":5050,"href":"https:\/\/www.astrorimouski.net\/club\/wp-json\/wp\/v2\/pages\/2452\/revisions\/5050"}],"wp:attachment":[{"href":"https:\/\/www.astrorimouski.net\/club\/wp-json\/wp\/v2\/media?parent=2452"}],"curies":[{"name":"wp","href":"https:\/\/api.w.org\/{rel}","templated":true}]}}