{"id":2338,"date":"2019-02-16T11:43:48","date_gmt":"2019-02-16T16:43:48","guid":{"rendered":"http:\/\/www.astrorimouski.net\/club\/?page_id=2338"},"modified":"2024-10-21T08:28:24","modified_gmt":"2024-10-21T12:28:24","slug":"license-de-diffusion","status":"publish","type":"page","link":"https:\/\/www.astrorimouski.net\/club\/divers\/license-de-diffusion\/","title":{"rendered":"License de diffusion"},"content":{"rendered":"\n<div class=\"wp-block-media-text alignwide has-media-on-the-right\"><div class=\"wp-block-media-text__content\">\n<p>Le Club d&rsquo;astronomie de Rimouski diffuse ses publications sous les conditions d\u00e9finies par la licence \u00ab\u00a0<strong><em>Creative Commons <\/em><\/strong><em>\u2014 <\/em><strong><em> Attribution &#8211; Partage dans les m\u00eames conditions 4.0 International (CC BY-SA 4.0)<\/em><\/strong>\u00a0\u00bb<\/p>\n<\/div><figure class=\"wp-block-media-text__media\"><img loading=\"lazy\" decoding=\"async\" width=\"300\" height=\"105\" src=\"https:\/\/www.astrorimouski.net\/club\/wp-content\/uploads\/2019\/02\/rect-by-sa-300x105.png\" alt=\"\" class=\"wp-image-2350 size-full\"\/><\/figure><\/div>\n\n\n\n<h3 class=\"wp-block-heading\">En r\u00e9sum\u00e9, vous \u00eates autoris\u00e9 \u00e0 :<\/h3>\n\n\n\n<ul class=\"wp-block-list\">\n<li> <strong>Partager<\/strong> \u2014 copier, distribuer et communiquer le mat\u00e9riel par tous moyens et sous tous formats.<\/li>\n\n\n\n<li><strong>Adapter<\/strong> \u2014 remixer, transformer et cr\u00e9er \u00e0 partir du mat\u00e9riel pour toute utilisation, y compris commerciale. <\/li>\n<\/ul>\n\n\n\n<h3 class=\"wp-block-heading\">Tout en \u00e9tant soumis aux conditions suivantes:<\/h3>\n\n\n\n<ul class=\"wp-block-list\">\n<li> <strong>Attribution<\/strong> \u2014 Vous devez <a href=\"https:\/\/creativecommons.org\/licenses\/by-sa\/4.0\/deed.fr#\"><strong>cr\u00e9diter<\/strong><\/a> la source, int\u00e9grer un lien vers la licence et indiquer si des modifications ont \u00e9t\u00e9 effectu\u00e9es \u00e0 l&rsquo;\u0153uvre. Vous devez indiquer  ces informations par tous les moyens raisonnables, sans toutefois  sugg\u00e9rer que l&rsquo;Offrant vous soutient ou soutient la fa\u00e7on dont vous avez  utilis\u00e9 son  \u0153uvre. <\/li>\n\n\n\n<li> <strong>Partage dans les m\u00eames conditions<\/strong> \u2014 Dans le cas o\u00f9 vous  effectuez un remix, que vous transformez, ou cr\u00e9ez \u00e0 partir du mat\u00e9riel  composant l&rsquo;\u0153uvre  originale, vous devez diffuser l&rsquo;\u0153uvre modifi\u00e9e  dans les m\u00eames conditions, c&rsquo;est \u00e0 dire avec <a href=\"https:\/\/creativecommons.org\/licenses\/by-sa\/4.0\/deed.fr#\"><strong>la m\u00eame licence<\/strong><\/a> avec laquelle l&rsquo;\u0153uvre  originale a \u00e9t\u00e9 diffus\u00e9e. <\/li>\n\n\n\n<li><strong>Pas de restrictions compl\u00e9mentaires<\/strong> \u2014 Vous n&rsquo;\u00eates pas autoris\u00e9 \u00e0 appliquer des conditions l\u00e9gales ou des <a href=\"https:\/\/creativecommons.org\/licenses\/by-sa\/4.0\/deed.fr#\"><strong>mesures techniques<\/strong><\/a> qui restreindraient l\u00e9galement autrui \u00e0 utiliser l&rsquo;\u0153uvre  dans les conditions d\u00e9crites par la licence.  <\/li>\n<\/ul>\n\n\n\n<h3 class=\"wp-block-heading\">Pour plus de d\u00e9tails, veuillez consulter :<\/h3>\n\n\n\n<ul class=\"wp-block-list\">\n<li><a href=\"https:\/\/www.donneesquebec.ca\/fr\/licence\/\"><strong>https:\/\/www.donneesquebec.ca\/fr\/licence\/<\/strong><\/a><strong>  <\/strong>  <\/li>\n\n\n\n<li><a href=\"https:\/\/creativecommons.org\/licenses\/?lang=fr\"><strong>https:\/\/creativecommons.org\/licenses\/?lang=fr<\/strong><\/a><strong> <\/strong><\/li>\n<\/ul>\n","protected":false},"excerpt":{"rendered":"<p>Le Club d&rsquo;astronomie de Rimouski diffuse ses publications sous les conditions d\u00e9finies par la licence \u00ab\u00a0Creative Commons \u2014 Attribution &#8211; Partage dans les m\u00eames conditions 4.0 International (CC BY-SA 4.0)\u00a0\u00bb En r\u00e9sum\u00e9, vous \u00eates autoris\u00e9 \u00e0 : Tout en \u00e9tant soumis aux conditions suivantes: Pour plus de d\u00e9tails, veuillez consulter :<\/p>\n","protected":false},"author":2,"featured_media":0,"parent":1159,"menu_order":0,"comment_status":"closed","ping_status":"closed","template":"","meta":{"footnotes":""},"class_list":["post-2338","page","type-page","status-publish"],"_links":{"self":[{"href":"https:\/\/www.astrorimouski.net\/club\/wp-json\/wp\/v2\/pages\/2338","targetHints":{"allow":["GET"]}}],"collection":[{"href":"https:\/\/www.astrorimouski.net\/club\/wp-json\/wp\/v2\/pages"}],"about":[{"href":"https:\/\/www.astrorimouski.net\/club\/wp-json\/wp\/v2\/types\/page"}],"author":[{"embeddable":true,"href":"https:\/\/www.astrorimouski.net\/club\/wp-json\/wp\/v2\/users\/2"}],"replies":[{"embeddable":true,"href":"https:\/\/www.astrorimouski.net\/club\/wp-json\/wp\/v2\/comments?post=2338"}],"version-history":[{"count":23,"href":"https:\/\/www.astrorimouski.net\/club\/wp-json\/wp\/v2\/pages\/2338\/revisions"}],"predecessor-version":[{"id":4717,"href":"https:\/\/www.astrorimouski.net\/club\/wp-json\/wp\/v2\/pages\/2338\/revisions\/4717"}],"up":[{"embeddable":true,"href":"https:\/\/www.astrorimouski.net\/club\/wp-json\/wp\/v2\/pages\/1159"}],"wp:attachment":[{"href":"https:\/\/www.astrorimouski.net\/club\/wp-json\/wp\/v2\/media?parent=2338"}],"curies":[{"name":"wp","href":"https:\/\/api.w.org\/{rel}","templated":true}]}}