{"id":2291,"date":"2019-01-21T20:24:27","date_gmt":"2019-01-22T01:24:27","guid":{"rendered":"http:\/\/www.astrorimouski.net\/club\/?page_id=2291"},"modified":"2019-01-21T20:27:10","modified_gmt":"2019-01-22T01:27:10","slug":"jeu-questionnaire-14-la-mesure-du-temps","status":"publish","type":"page","link":"https:\/\/www.astrorimouski.net\/club\/le-coin-du-debutant\/jeu-questionnaire-14-la-mesure-du-temps\/","title":{"rendered":"Jeu questionnaire No 14 : La mesure du temps"},"content":{"rendered":"<div id=\"watu_quiz\" class=\"quiz-area single-page-quiz\">\n<form action=\"\" method=\"post\" class=\"quiz-form \" id=\"quiz-15\" >\n<div class='watu-question' id='question-1'><div class='question-content'><p><span class='watu_num'>1. <\/span>Quelles sont les principales composantes de l\u2019\u00e9quation du temps ?<\/p>\n<\/div><input type='hidden' name='question_id[]' value='125' \/><div class='watu-questions-wrap '><input type='hidden' name='answer_ids[]' class='watu-answer-ids' value='670' \/><div class='watu-question-choice'><input type='checkbox' name='answer-125[]' id='answer-id-670' class='answer answer-1  answerof-125' value='670' \/>&nbsp;<label for='answer-id-670' id='answer-label-670' class=' answer label-1'><span class='answer'>R\u00e9duction \u00e0 l&rsquo;\u00e9quateur<\/span><\/label><\/div>\n<input type='hidden' name='answer_ids[]' class='watu-answer-ids' value='671' \/><div class='watu-question-choice'><input type='checkbox' name='answer-125[]' id='answer-id-671' class='answer answer-1  answerof-125' value='671' \/>&nbsp;<label for='answer-id-671' id='answer-label-671' class=' answer label-1'><span class='answer'>Jour solaire vrai<\/span><\/label><\/div>\n<input type='hidden' name='answer_ids[]' class='watu-answer-ids' value='672' \/><div class='watu-question-choice'><input type='checkbox' name='answer-125[]' id='answer-id-672' class='answer answer-1  answerof-125' value='672' \/>&nbsp;<label for='answer-id-672' id='answer-label-672' class=' answer label-1'><span class='answer'>\u00c9quation du centre<\/span><\/label><\/div>\n<input type='hidden' name='answer_ids[]' class='watu-answer-ids' value='673' \/><div class='watu-question-choice'><input type='checkbox' name='answer-125[]' id='answer-id-673' class='answer answer-1  answerof-125' value='673' \/>&nbsp;<label for='answer-id-673' id='answer-label-673' class=' answer label-1'><span class='answer'>La correction du temps selon la longitude Ouest<\/span><\/label><\/div>\n<\/div><input type='hidden' id='questionType1' value='checkbox' class=''><\/div><div class='watu-question' id='question-2'><div class='question-content'><p><span class='watu_num'>2. <\/span>Quelle forme obtient-on en prenant des photographies grand champ du Soleil tous les jours de l\u2019ann\u00e9e ?<\/p>\n<\/div><input type='hidden' name='question_id[]' value='126' \/><div class='watu-questions-wrap '><input type='hidden' name='answer_ids[]' class='watu-answer-ids' value='674' \/><div class='watu-question-choice'><input type='checkbox' name='answer-126[]' id='answer-id-674' class='answer answer-2  answerof-126' value='674' \/>&nbsp;<label for='answer-id-674' id='answer-label-674' class=' answer label-2'><span class='answer'>Aucune forme parce que le soleil est toujours au m\u00eame endroit<\/span><\/label><\/div>\n<input type='hidden' name='answer_ids[]' class='watu-answer-ids' value='675' \/><div class='watu-question-choice'><input type='checkbox' name='answer-126[]' id='answer-id-675' class='answer answer-2  answerof-126' value='675' \/>&nbsp;<label for='answer-id-675' id='answer-label-675' class=' answer label-2'><span class='answer'>Une forme qui ressemble \u00e0 un 8<\/span><\/label><\/div>\n<input type='hidden' name='answer_ids[]' class='watu-answer-ids' value='676' \/><div class='watu-question-choice'><input type='checkbox' name='answer-126[]' id='answer-id-676' class='answer answer-2  answerof-126' value='676' \/>&nbsp;<label for='answer-id-676' id='answer-label-676' class=' answer label-2'><span class='answer'>Une forme circulaire car le Soleil fait le tour de la Terre en 24 heures<\/span><\/label><\/div>\n<input type='hidden' name='answer_ids[]' class='watu-answer-ids' value='677' \/><div class='watu-question-choice'><input type='checkbox' name='answer-126[]' id='answer-id-677' class='answer answer-2  answerof-126' value='677' \/>&nbsp;<label for='answer-id-677' id='answer-label-677' class=' answer label-2'><span class='answer'>Une ligne droite verticale<\/span><\/label><\/div>\n<\/div><input type='hidden' id='questionType2' value='checkbox' class=''><\/div><div class='watu-question' id='question-3'><div class='question-content'><p><span class='watu_num'>3. <\/span>\u00c0 quels moments de l&rsquo;ann\u00e9e le jour solaire moyen est-il plus grand que le jour solaire vrai ?<\/p>\n<\/div><input type='hidden' name='question_id[]' value='127' \/><div class='watu-questions-wrap '><input type='hidden' name='answer_ids[]' class='watu-answer-ids' value='678' \/><div class='watu-question-choice'><input type='checkbox' name='answer-127[]' id='answer-id-678' class='answer answer-3  answerof-127' value='678' \/>&nbsp;<label for='answer-id-678' id='answer-label-678' class=' answer label-3'><span class='answer'>Aux solstices<\/span><\/label><\/div>\n<input type='hidden' name='answer_ids[]' class='watu-answer-ids' value='679' \/><div class='watu-question-choice'><input type='checkbox' name='answer-127[]' id='answer-id-679' class='answer answer-3  answerof-127' value='679' \/>&nbsp;<label for='answer-id-679' id='answer-label-679' class=' answer label-3'><span class='answer'>Aux \u00e9quinoxes<\/span><\/label><\/div>\n<input type='hidden' name='answer_ids[]' class='watu-answer-ids' value='680' \/><div class='watu-question-choice'><input type='checkbox' name='answer-127[]' id='answer-id-680' class='answer answer-3  answerof-127' value='680' \/>&nbsp;<label for='answer-id-680' id='answer-label-680' class=' answer label-3'><span class='answer'>Aux solstices et aux \u00e9quinoxes<\/span><\/label><\/div>\n<input type='hidden' name='answer_ids[]' class='watu-answer-ids' value='681' \/><div class='watu-question-choice'><input type='checkbox' name='answer-127[]' id='answer-id-681' class='answer answer-3  answerof-127' value='681' \/>&nbsp;<label for='answer-id-681' id='answer-label-681' class=' answer label-3'><span class='answer'>En hiver car les journ\u00e9es sont plus courtes<\/span><\/label><\/div>\n<\/div><input type='hidden' id='questionType3' value='checkbox' class=''><\/div><div class='watu-question' id='question-4'><div class='question-content'><p><span class='watu_num'>4. <\/span>Pendant combien de minutes la Terre doit-elle tourner pour que le Soleil soit de nouveau au m\u00e9ridien \u00e0 midi ?<\/p>\n<\/div><input type='hidden' name='question_id[]' value='128' \/><div class='watu-questions-wrap '><input type='hidden' name='answer_ids[]' class='watu-answer-ids' value='682' \/><div class='watu-question-choice'><input type='checkbox' name='answer-128[]' id='answer-id-682' class='answer answer-4  answerof-128' value='682' \/>&nbsp;<label for='answer-id-682' id='answer-label-682' class=' answer label-4'><span class='answer'>3 minutes et 56 secondes<\/span><\/label><\/div>\n<input type='hidden' name='answer_ids[]' class='watu-answer-ids' value='683' \/><div class='watu-question-choice'><input type='checkbox' name='answer-128[]' id='answer-id-683' class='answer answer-4  answerof-128' value='683' \/>&nbsp;<label for='answer-id-683' id='answer-label-683' class=' answer label-4'><span class='answer'>Il faut appliquer la correction du temps en fonction de la longitude de l&rsquo;observateur<\/span><\/label><\/div>\n<input type='hidden' name='answer_ids[]' class='watu-answer-ids' value='684' \/><div class='watu-question-choice'><input type='checkbox' name='answer-128[]' id='answer-id-684' class='answer answer-4  answerof-128' value='684' \/>&nbsp;<label for='answer-id-684' id='answer-label-684' class=' answer label-4'><span class='answer'>0,98 minute<\/span><\/label><\/div>\n<input type='hidden' name='answer_ids[]' class='watu-answer-ids' value='685' \/><div class='watu-question-choice'><input type='checkbox' name='answer-128[]' id='answer-id-685' class='answer answer-4  answerof-128' value='685' \/>&nbsp;<label for='answer-id-685' id='answer-label-685' class=' answer label-4'><span class='answer'>Aucune de ces r\u00e9ponses<\/span><\/label><\/div>\n<\/div><input type='hidden' id='questionType4' value='checkbox' class=''><\/div><div class='watu-question' id='question-5'><div class='question-content'><p><span class='watu_num'>5. <\/span>Comment appelle-t-on le temps de r\u00e9volution de la Terre par rapport aux \u00e9toiles lointaines ?<\/p>\n<\/div><input type='hidden' name='question_id[]' value='129' \/><div class='watu-questions-wrap '><input type='hidden' name='answer_ids[]' class='watu-answer-ids' value='686' \/><div class='watu-question-choice'><input type='checkbox' name='answer-129[]' id='answer-id-686' class='answer answer-5  answerof-129' value='686' \/>&nbsp;<label for='answer-id-686' id='answer-label-686' class=' answer label-5'><span class='answer'>Le jour sid\u00e9ral<\/span><\/label><\/div>\n<input type='hidden' name='answer_ids[]' class='watu-answer-ids' value='687' \/><div class='watu-question-choice'><input type='checkbox' name='answer-129[]' id='answer-id-687' class='answer answer-5  answerof-129' value='687' \/>&nbsp;<label for='answer-id-687' id='answer-label-687' class=' answer label-5'><span class='answer'>L&rsquo;ann\u00e9e sid\u00e9rale<\/span><\/label><\/div>\n<input type='hidden' name='answer_ids[]' class='watu-answer-ids' value='688' \/><div class='watu-question-choice'><input type='checkbox' name='answer-129[]' id='answer-id-688' class='answer answer-5  answerof-129' value='688' \/>&nbsp;<label for='answer-id-688' id='answer-label-688' class=' answer label-5'><span class='answer'>L&rsquo;ann\u00e9e tropique<\/span><\/label><\/div>\n<input type='hidden' name='answer_ids[]' class='watu-answer-ids' value='689' \/><div class='watu-question-choice'><input type='checkbox' name='answer-129[]' id='answer-id-689' class='answer answer-5  answerof-129' value='689' \/>&nbsp;<label for='answer-id-689' id='answer-label-689' class=' answer label-5'><span class='answer'>L&rsquo;anal\u00e8me<\/span><\/label><\/div>\n<\/div><input type='hidden' id='questionType5' value='checkbox' class=''><\/div><div class='watu-question' id='question-6'><div class='question-content'><p><span class='watu_num'>6. <\/span>\u00c0 quoi servent les fuseaux horaires ?<\/p>\n<\/div><input type='hidden' name='question_id[]' value='130' \/><div class='watu-questions-wrap '><input type='hidden' name='answer_ids[]' class='watu-answer-ids' value='690' \/><div class='watu-question-choice'><input type='checkbox' name='answer-130[]' id='answer-id-690' class='answer answer-6  answerof-130' value='690' \/>&nbsp;<label for='answer-id-690' id='answer-label-690' class=' answer label-6'><span class='answer'>\u00c0 d\u00e9finir l\u2019heure aux diff\u00e8rents endroits sur la Terre \u00e0 un moment donn\u00e9<\/span><\/label><\/div>\n<input type='hidden' name='answer_ids[]' class='watu-answer-ids' value='691' \/><div class='watu-question-choice'><input type='checkbox' name='answer-130[]' id='answer-id-691' class='answer answer-6  answerof-130' value='691' \/>&nbsp;<label for='answer-id-691' id='answer-label-691' class=' answer label-6'><span class='answer'>\u00c0 permettre le calcul de la position par rapport au m\u00e9ridien d\u2019origine<\/span><\/label><\/div>\n<input type='hidden' name='answer_ids[]' class='watu-answer-ids' value='692' \/><div class='watu-question-choice'><input type='checkbox' name='answer-130[]' id='answer-id-692' class='answer answer-6  answerof-130' value='692' \/>&nbsp;<label for='answer-id-692' id='answer-label-692' class=' answer label-6'><span class='answer'>Permettre de pr\u00e9voir les heures du passage du Soleil au m\u00e9ridien<\/span><\/label><\/div>\n<input type='hidden' name='answer_ids[]' class='watu-answer-ids' value='693' \/><div class='watu-question-choice'><input type='checkbox' name='answer-130[]' id='answer-id-693' class='answer answer-6  answerof-130' value='693' \/>&nbsp;<label for='answer-id-693' id='answer-label-693' class=' answer label-6'><span class='answer'>Aucune de ces r\u00e9ponses<\/span><\/label><\/div>\n<\/div><input type='hidden' id='questionType6' value='checkbox' class=''><\/div><div style='display:none' id='question-7'><br \/><div class='question-content'><img loading=\"lazy\" decoding=\"async\" src=\"https:\/\/www.astrorimouski.net\/club\/wp-content\/plugins\/watu\/loading.gif\" width=\"16\" height=\"16\" alt=\"Chargement ...\" title=\"Chargement ...\" \/>&nbsp;Chargement &#8230;<\/div><\/div><br \/>\n<input type=\"button\" name=\"action\" onclick=\"Watu.submitResult()\" id=\"action-button\" value=\"Envoy\u00e9\"  class=\"watu-submit-button\" \/>\n<input type=\"hidden\" name=\"no_ajax\" value=\"0\"><input type=\"hidden\" name=\"quiz_id\" value=\"15\" \/>\n<input type=\"hidden\" id=\"watuStartTime\" name=\"start_time\" value=\"2026-04-30 05:03:07\" \/>\n<\/form>\n<\/div>\n<div id=\"watu-loading-result\" style=\"display:none;\">\n\t<p align=\"center\"><img loading=\"lazy\" decoding=\"async\" src=\"https:\/\/www.astrorimouski.net\/club\/wp-content\/plugins\/watu\/loading.gif\" width=\"16\" height=\"16\" alt=\"Chargement\" title=\"Chargement\" \/><\/p>\n<\/div>\t\n<script type=\"text\/javascript\">\nvar exam_id=0;\nvar question_ids='';\nvar watuURL='';\njQuery(function($){\nquestion_ids = \"125,126,127,128,129,130\";\nexam_id = 15;\nWatu.exam_id = exam_id;\nWatu.qArr = question_ids.split(',');\nWatu.post_id = 2291;\nWatu.singlePage = '1';\nWatu.hAppID = \"0.05250500 1777539787\";\nwatuURL = \"https:\/\/www.astrorimouski.net\/club\/wp-admin\/admin-ajax.php\";\nWatu.noAlertUnanswered = 0;\n});\n<\/script>\n","protected":false},"excerpt":{"rendered":"","protected":false},"author":4,"featured_media":0,"parent":1739,"menu_order":14,"comment_status":"closed","ping_status":"closed","template":"","meta":{"footnotes":""},"class_list":["post-2291","page","type-page","status-publish"],"_links":{"self":[{"href":"https:\/\/www.astrorimouski.net\/club\/wp-json\/wp\/v2\/pages\/2291","targetHints":{"allow":["GET"]}}],"collection":[{"href":"https:\/\/www.astrorimouski.net\/club\/wp-json\/wp\/v2\/pages"}],"about":[{"href":"https:\/\/www.astrorimouski.net\/club\/wp-json\/wp\/v2\/types\/page"}],"author":[{"embeddable":true,"href":"https:\/\/www.astrorimouski.net\/club\/wp-json\/wp\/v2\/users\/4"}],"replies":[{"embeddable":true,"href":"https:\/\/www.astrorimouski.net\/club\/wp-json\/wp\/v2\/comments?post=2291"}],"version-history":[{"count":2,"href":"https:\/\/www.astrorimouski.net\/club\/wp-json\/wp\/v2\/pages\/2291\/revisions"}],"predecessor-version":[{"id":2293,"href":"https:\/\/www.astrorimouski.net\/club\/wp-json\/wp\/v2\/pages\/2291\/revisions\/2293"}],"up":[{"embeddable":true,"href":"https:\/\/www.astrorimouski.net\/club\/wp-json\/wp\/v2\/pages\/1739"}],"wp:attachment":[{"href":"https:\/\/www.astrorimouski.net\/club\/wp-json\/wp\/v2\/media?parent=2291"}],"curies":[{"name":"wp","href":"https:\/\/api.w.org\/{rel}","templated":true}]}}