{"id":2285,"date":"2019-01-13T14:01:18","date_gmt":"2019-01-13T19:01:18","guid":{"rendered":"http:\/\/www.astrorimouski.net\/club\/?page_id=2285"},"modified":"2021-01-04T20:22:06","modified_gmt":"2021-01-05T01:22:06","slug":"2018-2","status":"publish","type":"page","link":"https:\/\/www.astrorimouski.net\/club\/le-ciel-du-mois\/2018-2\/","title":{"rendered":"2018"},"content":{"rendered":"\n<figure class=\"wp-block-image size-large\"><img loading=\"lazy\" decoding=\"async\" width=\"1024\" height=\"435\" src=\"https:\/\/www.astrorimouski.net\/club\/wp-content\/uploads\/2017\/03\/ciel-mois-1024x435.jpg\" alt=\"\" class=\"wp-image-167\" srcset=\"https:\/\/www.astrorimouski.net\/club\/wp-content\/uploads\/2017\/03\/ciel-mois-1024x435.jpg 1024w, https:\/\/www.astrorimouski.net\/club\/wp-content\/uploads\/2017\/03\/ciel-mois-300x128.jpg 300w, https:\/\/www.astrorimouski.net\/club\/wp-content\/uploads\/2017\/03\/ciel-mois-768x326.jpg 768w, https:\/\/www.astrorimouski.net\/club\/wp-content\/uploads\/2017\/03\/ciel-mois-1030x438.jpg 1030w, https:\/\/www.astrorimouski.net\/club\/wp-content\/uploads\/2017\/03\/ciel-mois.jpg 1200w\" sizes=\"auto, (max-width: 1024px) 100vw, 1024px\" \/><\/figure>\n\n\n<h2>Le ciel du mois 2018<\/h2>\n<ul>\n<li><a href=\"https:\/\/www.astrorimouski.net\/clubdocuments\/ciel_du_mois\/2018\/20181214decembre2018.pdf\"><b>14 d\u00e9cembre 2018 au 11 janvier 2019<\/b><\/a><\/li>\n<li><a href=\"https:\/\/www.astrorimouski.net\/clubdocuments\/ciel_du_mois\/2018\/20181109novembre2018.pdf\"><b>9 novembre au 14 d\u00e9cembre 2018<\/b><\/a><\/li>\n<li><a href=\"https:\/\/www.astrorimouski.net\/clubdocuments\/ciel_du_mois\/2018\/20181012octobre2018.pdf\"><b>12 octobre au 9 novembre 2018<\/b><\/a><\/li>\n<li><a href=\"https:\/\/www.astrorimouski.net\/clubdocuments\/ciel_du_mois\/2018\/20180914septembre2018.pdf\"><b>14 septembre au 12 octobre 2018<\/b><\/a><\/li>\n<li><a href=\"https:\/\/www.astrorimouski.net\/clubdocuments\/ciel_du_mois\/2018\/20180810aout2018.pdf\"><b>10 ao\u00fbt au 14 septembre 2018<\/b><\/a><\/li>\n<li><a href=\"https:\/\/www.astrorimouski.net\/clubdocuments\/ciel_du_mois\/2018\/20180713juillet2018.pdf\"><b>13 juillet au 10 ao\u00fbt 2018<\/b><\/a><\/li>\n<li><strong><a href=\"https:\/\/www.astrorimouski.net\/clubdocuments\/ciel_du_mois\/2018\/20180608juin2018.pdf\">8 juin au 13 juillet 2018<\/a><\/strong><\/li>\n<li><strong><a href=\"https:\/\/www.astrorimouski.net\/clubdocuments\/ciel_du_mois\/2018\/20180511mai2018.pdf\">11 mai au 8 juin 2018<\/a><\/strong><\/li>\n<li><a href=\"https:\/\/www.astrorimouski.net\/clubdocuments\/ciel_du_mois\/2018\/20180413avril2018.pdf\"><strong>13 avril au 11 mai 2018<\/strong><\/a><\/li>\n<li><a href=\"https:\/\/www.astrorimouski.net\/clubdocuments\/ciel_du_mois\/2018\/20180309mars2018.pdf\"><strong>9 mars au 13 avril 2018<\/strong><\/a><\/li>\n<li><a href=\"https:\/\/www.astrorimouski.net\/clubdocuments\/ciel_du_mois\/2018\/20180209fevrier2018.pdf\"><strong>9 f\u00e9vrier au 9 mars 2018<\/strong><\/a><\/li>\n<li><a href=\"https:\/\/www.astrorimouski.net\/clubdocuments\/ciel_du_mois\/2018\/20180112janvier2018.pdf\"><strong>12 janvier au 9 f\u00e9vrier 2018<\/strong><\/a><\/li>\n<\/ul>","protected":false},"excerpt":{"rendered":"<p>Le ciel du mois 2018 14 d\u00e9cembre 2018 au 11 janvier 2019 9 novembre au 14 d\u00e9cembre 2018 12 octobre au 9 novembre 2018 14 septembre au 12 octobre 2018 10 ao\u00fbt au 14 septembre 2018 13 juillet au 10 ao\u00fbt 2018 8 juin au 13 juillet 2018 11 mai au 8 juin 2018 13 &#8230; <a title=\"2018\" class=\"read-more\" href=\"https:\/\/www.astrorimouski.net\/club\/le-ciel-du-mois\/2018-2\/\" aria-label=\"En savoir plus sur 2018\">Lire la suite<\/a><\/p>\n","protected":false},"author":2,"featured_media":0,"parent":43,"menu_order":0,"comment_status":"closed","ping_status":"closed","template":"","meta":{"footnotes":""},"class_list":["post-2285","page","type-page","status-publish"],"_links":{"self":[{"href":"https:\/\/www.astrorimouski.net\/club\/wp-json\/wp\/v2\/pages\/2285","targetHints":{"allow":["GET"]}}],"collection":[{"href":"https:\/\/www.astrorimouski.net\/club\/wp-json\/wp\/v2\/pages"}],"about":[{"href":"https:\/\/www.astrorimouski.net\/club\/wp-json\/wp\/v2\/types\/page"}],"author":[{"embeddable":true,"href":"https:\/\/www.astrorimouski.net\/club\/wp-json\/wp\/v2\/users\/2"}],"replies":[{"embeddable":true,"href":"https:\/\/www.astrorimouski.net\/club\/wp-json\/wp\/v2\/comments?post=2285"}],"version-history":[{"count":4,"href":"https:\/\/www.astrorimouski.net\/club\/wp-json\/wp\/v2\/pages\/2285\/revisions"}],"predecessor-version":[{"id":3129,"href":"https:\/\/www.astrorimouski.net\/club\/wp-json\/wp\/v2\/pages\/2285\/revisions\/3129"}],"up":[{"embeddable":true,"href":"https:\/\/www.astrorimouski.net\/club\/wp-json\/wp\/v2\/pages\/43"}],"wp:attachment":[{"href":"https:\/\/www.astrorimouski.net\/club\/wp-json\/wp\/v2\/media?parent=2285"}],"curies":[{"name":"wp","href":"https:\/\/api.w.org\/{rel}","templated":true}]}}