{"id":2262,"date":"2018-12-07T11:29:20","date_gmt":"2018-12-07T16:29:20","guid":{"rendered":"http:\/\/www.astrorimouski.net\/club\/?page_id=2262"},"modified":"2018-12-07T11:31:28","modified_gmt":"2018-12-07T16:31:28","slug":"jeu-questionnaire-no-13","status":"publish","type":"page","link":"https:\/\/www.astrorimouski.net\/club\/le-coin-du-debutant\/jeu-questionnaire-no-13\/","title":{"rendered":"Jeu questionnaire No 13 : les coordonn\u00e9es compl\u00e9ment d&rsquo;informations"},"content":{"rendered":"<div id=\"watu_quiz\" class=\"quiz-area single-page-quiz\">\n<form action=\"\" method=\"post\" class=\"quiz-form \" id=\"quiz-14\" >\n<div class='watu-question' id='question-1'><div class='question-content'><p><span class='watu_num'>1. <\/span>Le village de Salluit situ\u00e9 au Nord du Qu\u00e9bec a une latitude de 62 degr\u00e9s. \u00c0 partir de ce lieu, les \u00e9toiles suivantes sont visibles \u00e0 un moment ou l&rsquo;autre de l&rsquo;ann\u00e9e :<\/p>\n<\/div><input type='hidden' name='question_id[]' value='115' \/><div class='watu-questions-wrap '><input type='hidden' name='answer_ids[]' class='watu-answer-ids' value='636' \/><div class='watu-question-choice'><input type='checkbox' name='answer-115[]' id='answer-id-636' class='answer answer-1  answerof-115' value='636' \/>&nbsp;<label for='answer-id-636' id='answer-label-636' class=' answer label-1'><span class='answer'>Antares (D\u00e9c = -26 degr\u00e9s)<\/span><\/label><\/div>\n<input type='hidden' name='answer_ids[]' class='watu-answer-ids' value='637' \/><div class='watu-question-choice'><input type='checkbox' name='answer-115[]' id='answer-id-637' class='answer answer-1  answerof-115' value='637' \/>&nbsp;<label for='answer-id-637' id='answer-label-637' class=' answer label-1'><span class='answer'>Canopus (D\u00e9c = -52 degr\u00e9s)<\/span><\/label><\/div>\n<input type='hidden' name='answer_ids[]' class='watu-answer-ids' value='638' \/><div class='watu-question-choice'><input type='checkbox' name='answer-115[]' id='answer-id-638' class='answer answer-1  answerof-115' value='638' \/>&nbsp;<label for='answer-id-638' id='answer-label-638' class=' answer label-1'><span class='answer'>Fomalhaut (D\u00e9c = -29 degr\u00e9s)<\/span><\/label><\/div>\n<input type='hidden' name='answer_ids[]' class='watu-answer-ids' value='639' \/><div class='watu-question-choice'><input type='checkbox' name='answer-115[]' id='answer-id-639' class='answer answer-1  answerof-115' value='639' \/>&nbsp;<label for='answer-id-639' id='answer-label-639' class=' answer label-1'><span class='answer'>Sirius (D\u00e9c = -16 degr\u00e9s)<\/span><\/label><\/div>\n<\/div><input type='hidden' id='questionType1' value='checkbox' class=''><\/div><div class='watu-question' id='question-2'><div class='question-content'><p><span class='watu_num'>2. <\/span>\u00c0 Salluit, les \u00e9toiles suivantes sont circumpolaires :<\/p>\n<\/div><input type='hidden' name='question_id[]' value='116' \/><div class='watu-questions-wrap '><input type='hidden' name='answer_ids[]' class='watu-answer-ids' value='640' \/><div class='watu-question-choice'><input type='checkbox' name='answer-116[]' id='answer-id-640' class='answer answer-2  answerof-116' value='640' \/>&nbsp;<label for='answer-id-640' id='answer-label-640' class=' answer label-2'><span class='answer'>Arcturus (D\u00e9c = 19 degr\u00e9s)<\/span><\/label><\/div>\n<input type='hidden' name='answer_ids[]' class='watu-answer-ids' value='641' \/><div class='watu-question-choice'><input type='checkbox' name='answer-116[]' id='answer-id-641' class='answer answer-2  answerof-116' value='641' \/>&nbsp;<label for='answer-id-641' id='answer-label-641' class=' answer label-2'><span class='answer'>V\u00e9ga (D\u00e9c = 38 degr\u00e9s)<\/span><\/label><\/div>\n<input type='hidden' name='answer_ids[]' class='watu-answer-ids' value='642' \/><div class='watu-question-choice'><input type='checkbox' name='answer-116[]' id='answer-id-642' class='answer answer-2  answerof-116' value='642' \/>&nbsp;<label for='answer-id-642' id='answer-label-642' class=' answer label-2'><span class='answer'>Capella (D\u00e9c = 45 degr\u00e9s)<\/span><\/label><\/div>\n<input type='hidden' name='answer_ids[]' class='watu-answer-ids' value='643' \/><div class='watu-question-choice'><input type='checkbox' name='answer-116[]' id='answer-id-643' class='answer answer-2  answerof-116' value='643' \/>&nbsp;<label for='answer-id-643' id='answer-label-643' class=' answer label-2'><span class='answer'>Pollux (D\u00e9c = 31 degr\u00e9s)<\/span><\/label><\/div>\n<\/div><input type='hidden' id='questionType2' value='checkbox' class=''><\/div><div class='watu-question' id='question-3'><div class='question-content'><p><span class='watu_num'>3. <\/span>Lesquels des \u00e9nonc\u00e9s suivants sont vrais ?<\/p>\n<\/div><input type='hidden' name='question_id[]' value='117' \/><div class='watu-questions-wrap '><input type='hidden' name='answer_ids[]' class='watu-answer-ids' value='644' \/><div class='watu-question-choice'><input type='checkbox' name='answer-117[]' id='answer-id-644' class='answer answer-3  answerof-117' value='644' \/>&nbsp;<label for='answer-id-644' id='answer-label-644' class=' answer label-3'><span class='answer'>Une \u00e9toile circumpolaire \u00e0 un lieu est visible de ce lieu tout au long de l&rsquo;ann\u00e9e.<\/span><\/label><\/div>\n<input type='hidden' name='answer_ids[]' class='watu-answer-ids' value='645' \/><div class='watu-question-choice'><input type='checkbox' name='answer-117[]' id='answer-id-645' class='answer answer-3  answerof-117' value='645' \/>&nbsp;<label for='answer-id-645' id='answer-label-645' class=' answer label-3'><span class='answer'>L&rsquo;\u00e9quateur repr\u00e9sente la seule latitude d&rsquo;o\u00f9 toutes les \u00e9toiles du ciel sont visibles \u00e0 un moment ou l&rsquo;autre de l&rsquo;ann\u00e9e.<\/span><\/label><\/div>\n<input type='hidden' name='answer_ids[]' class='watu-answer-ids' value='646' \/><div class='watu-question-choice'><input type='checkbox' name='answer-117[]' id='answer-id-646' class='answer answer-3  answerof-117' value='646' \/>&nbsp;<label for='answer-id-646' id='answer-label-646' class=' answer label-3'><span class='answer'>Les \u00e9toiles se \u00ab\u00a0l\u00e8vent\u00a0\u00bb vers l&rsquo;Est et se \u00ab\u00a0couchent\u00a0\u00bb vers l&rsquo;Ouest.<\/span><\/label><\/div>\n<input type='hidden' name='answer_ids[]' class='watu-answer-ids' value='647' \/><div class='watu-question-choice'><input type='checkbox' name='answer-117[]' id='answer-id-647' class='answer answer-3  answerof-117' value='647' \/>&nbsp;<label for='answer-id-647' id='answer-label-647' class=' answer label-3'><span class='answer'>En tout point sur Terre, ailleurs qu&rsquo;\u00e0 l&rsquo;\u00e9quateur, il existe des \u00e9toiles qui sont circumpolaires.<\/span><\/label><\/div>\n<\/div><input type='hidden' id='questionType3' value='checkbox' class=''><\/div><div class='watu-question' id='question-4'><div class='question-content'><p><span class='watu_num'>4. <\/span>Lesquelles, parmi les propositions suivantes,\u00a0sont vraies ?<\/p>\n<\/div><input type='hidden' name='question_id[]' value='118' \/><div class='watu-questions-wrap '><input type='hidden' name='answer_ids[]' class='watu-answer-ids' value='648' \/><div class='watu-question-choice'><input type='checkbox' name='answer-118[]' id='answer-id-648' class='answer answer-4  answerof-118' value='648' \/>&nbsp;<label for='answer-id-648' id='answer-label-648' class=' answer label-4'><span class='answer'>Au-del\u00e0 du cercle arctique, il y a au moins un jour o\u00f9 le Soleil ne se l\u00e8ve pas.<\/span><\/label><\/div>\n<input type='hidden' name='answer_ids[]' class='watu-answer-ids' value='649' \/><div class='watu-question-choice'><input type='checkbox' name='answer-118[]' id='answer-id-649' class='answer answer-4  answerof-118' value='649' \/>&nbsp;<label for='answer-id-649' id='answer-label-649' class=' answer label-4'><span class='answer'>Le Tropique du Capricorne est le lieu o\u00f9 le Soleil culmine au z\u00e9nith vers le 22 septembre.<\/span><\/label><\/div>\n<input type='hidden' name='answer_ids[]' class='watu-answer-ids' value='650' \/><div class='watu-question-choice'><input type='checkbox' name='answer-118[]' id='answer-id-650' class='answer answer-4  answerof-118' value='650' \/>&nbsp;<label for='answer-id-650' id='answer-label-650' class=' answer label-4'><span class='answer'>\u00c0 l&rsquo;\u00e9quateur, la course du Soleil passe par le Nord entre \u00b1 le 21 mars et le \u00b1 21 septembre.<\/span><\/label><\/div>\n<input type='hidden' name='answer_ids[]' class='watu-answer-ids' value='651' \/><div class='watu-question-choice'><input type='checkbox' name='answer-118[]' id='answer-id-651' class='answer answer-4  answerof-118' value='651' \/>&nbsp;<label for='answer-id-651' id='answer-label-651' class=' answer label-4'><span class='answer'>Aux solstices, les dur\u00e9es du jour et de la nuit sont \u00e9gales.<\/span><\/label><\/div>\n<\/div><input type='hidden' id='questionType4' value='checkbox' class=''><\/div><div class='watu-question' id='question-5'><div class='question-content'><p><span class='watu_num'>5. <\/span>Lesquelles des propositions suivantes sont vraies ?<\/p>\n<\/div><input type='hidden' name='question_id[]' value='119' \/><div class='watu-questions-wrap '><input type='hidden' name='answer_ids[]' class='watu-answer-ids' value='652' \/><div class='watu-question-choice'><input type='checkbox' name='answer-119[]' id='answer-id-652' class='answer answer-5  answerof-119' value='652' \/>&nbsp;<label for='answer-id-652' id='answer-label-652' class=' answer label-5'><span class='answer'>On ne retrouve la plan\u00e8te Mercure qu&rsquo;aux alentours de l&rsquo;\u00e9cliptique.<\/span><\/label><\/div>\n<input type='hidden' name='answer_ids[]' class='watu-answer-ids' value='653' \/><div class='watu-question-choice'><input type='checkbox' name='answer-119[]' id='answer-id-653' class='answer answer-5  answerof-119' value='653' \/>&nbsp;<label for='answer-id-653' id='answer-label-653' class=' answer label-5'><span class='answer'>Au mois de juillet, la Lune est sous l&rsquo;\u00e9quateur c\u00e9leste lorsqu&rsquo;elle culmine au m\u00e9ridien du lieu.<\/span><\/label><\/div>\n<input type='hidden' name='answer_ids[]' class='watu-answer-ids' value='654' \/><div class='watu-question-choice'><input type='checkbox' name='answer-119[]' id='answer-id-654' class='answer answer-5  answerof-119' value='654' \/>&nbsp;<label for='answer-id-654' id='answer-label-654' class=' answer label-5'><span class='answer'>C&rsquo;est en mars que le Soleil passe de l&rsquo;h\u00e9misph\u00e8re Nord vers l&rsquo;h\u00e9misph\u00e8re Sud dans sa course annuelle \u00e0 travers les \u00e9toiles.<\/span><\/label><\/div>\n<input type='hidden' name='answer_ids[]' class='watu-answer-ids' value='655' \/><div class='watu-question-choice'><input type='checkbox' name='answer-119[]' id='answer-id-655' class='answer answer-5  answerof-119' value='655' \/>&nbsp;<label for='answer-id-655' id='answer-label-655' class=' answer label-5'><span class='answer'>Les constellations du zodiaque sont dans le prolongement de l&rsquo;\u00e9quateur terrestre sur la vo\u00fbte c\u00e9leste.<\/span><\/label><\/div>\n<\/div><input type='hidden' id='questionType5' value='checkbox' class=''><\/div><div class='watu-question' id='question-6'><div class='question-content'><p><span class='watu_num'>6. <\/span>Lesquels des \u00e9nonc\u00e9s suivants sont vrais :<\/p>\n<\/div><input type='hidden' name='question_id[]' value='120' \/><div class='watu-questions-wrap '><input type='hidden' name='answer_ids[]' class='watu-answer-ids' value='656' \/><div class='watu-question-choice'><input type='checkbox' name='answer-120[]' id='answer-id-656' class='answer answer-6  answerof-120' value='656' \/>&nbsp;<label for='answer-id-656' id='answer-label-656' class=' answer label-6'><span class='answer'>En tout point et \u00e0 tout moment, vu de la surface de la Terre, l&rsquo;\u00e9quateur c\u00e9leste se profile de l&rsquo;Est vers l&rsquo;Ouest.<\/span><\/label><\/div>\n<input type='hidden' name='answer_ids[]' class='watu-answer-ids' value='657' \/><div class='watu-question-choice'><input type='checkbox' name='answer-120[]' id='answer-id-657' class='answer answer-6  answerof-120' value='657' \/>&nbsp;<label for='answer-id-657' id='answer-label-657' class=' answer label-6'><span class='answer'>L&rsquo;\u00e9cliptique s&rsquo;\u00e9carte de l&rsquo;\u00e9quateur c\u00e9leste selon un angle \u00e9gal \u00e0 la latitude du lieu de l&rsquo;observateur.<\/span><\/label><\/div>\n<input type='hidden' name='answer_ids[]' class='watu-answer-ids' value='658' \/><div class='watu-question-choice'><input type='checkbox' name='answer-120[]' id='answer-id-658' class='answer answer-6  answerof-120' value='658' \/>&nbsp;<label for='answer-id-658' id='answer-label-658' class=' answer label-6'><span class='answer'>En tout point et \u00e0 tout moment, vu de la surface de la Terre, la course du Soleil se situe exactement sur l&rsquo;\u00e9cliptique.<\/span><\/label><\/div>\n<input type='hidden' name='answer_ids[]' class='watu-answer-ids' value='659' \/><div class='watu-question-choice'><input type='checkbox' name='answer-120[]' id='answer-id-659' class='answer answer-6  answerof-120' value='659' \/>&nbsp;<label for='answer-id-659' id='answer-label-659' class=' answer label-6'><span class='answer'>La ligne de l&rsquo;\u00e9quateur c\u00e9leste se situe toujours dans les constellations du zodiaque<\/span><\/label><\/div>\n<\/div><input type='hidden' id='questionType6' value='checkbox' class=''><\/div><div class='watu-question' id='question-7'><div class='question-content'><p><span class='watu_num'>7. <\/span>On remarque que les plan\u00e8tes ne se couchent pas n\u00e9cessairement au m\u00eame endroit que le Soleil car :<\/p>\n<\/div><input type='hidden' name='question_id[]' value='121' \/><div class='watu-questions-wrap '><input type='hidden' name='answer_ids[]' class='watu-answer-ids' value='660' \/><div class='watu-question-choice'><input type='checkbox' name='answer-121[]' id='answer-id-660' class='answer answer-7  answerof-121' value='660' \/>&nbsp;<label for='answer-id-660' id='answer-label-660' class=' answer label-7'><span class='answer'>L&rsquo;\u00e9cliptique subit une d\u00e9rive associ\u00e9e au mouvement de rotation de la Terre<\/span><\/label><\/div>\n<input type='hidden' name='answer_ids[]' class='watu-answer-ids' value='661' \/><div class='watu-question-choice'><input type='checkbox' name='answer-121[]' id='answer-id-661' class='answer answer-7  answerof-121' value='661' \/>&nbsp;<label for='answer-id-661' id='answer-label-661' class=' answer label-7'><span class='answer'>Le Soleil ne se couche pas toujours exactement \u00e0 l&rsquo;Ouest au cours de l&rsquo;ann\u00e9e.<\/span><\/label><\/div>\n<input type='hidden' name='answer_ids[]' class='watu-answer-ids' value='662' \/><div class='watu-question-choice'><input type='checkbox' name='answer-121[]' id='answer-id-662' class='answer answer-7  answerof-121' value='662' \/>&nbsp;<label for='answer-id-662' id='answer-label-662' class=' answer label-7'><span class='answer'>Il n&rsquo;y a pas vraiment de relation entre la course des plan\u00e8tes et celle du Soleil.<\/span><\/label><\/div>\n<input type='hidden' name='answer_ids[]' class='watu-answer-ids' value='663' \/><div class='watu-question-choice'><input type='checkbox' name='answer-121[]' id='answer-id-663' class='answer answer-7  answerof-121' value='663' \/>&nbsp;<label for='answer-id-663' id='answer-label-663' class=' answer label-7'><span class='answer'>Le plan de l&rsquo;orbite de chacune des plan\u00e8tes ne co\u00efncide pas exactement avec le plan de l&rsquo;\u00e9cliptique.<\/span><\/label><\/div>\n<\/div><input type='hidden' id='questionType7' value='checkbox' class=''><\/div><div class='watu-question' id='question-8'><div class='question-content'><p><span class='watu_num'>8. <\/span>Il fait plus chaud l&rsquo;\u00e9t\u00e9 dans l&rsquo;h\u00e9misph\u00e8re Nord parce qu&rsquo;alors, la Terre est au plus pr\u00e8s du Soleil.<\/p>\n<\/div><input type='hidden' name='question_id[]' value='122' \/><div class='watu-questions-wrap '><input type='hidden' name='answer_ids[]' class='watu-answer-ids' value='664' \/><div class='watu-question-choice'><input type='checkbox' name='answer-122[]' id='answer-id-664' class='answer answer-8  answerof-122' value='664' \/>&nbsp;<label for='answer-id-664' id='answer-label-664' class=' answer label-8'><span class='answer'>Vrai<\/span><\/label><\/div>\n<input type='hidden' name='answer_ids[]' class='watu-answer-ids' value='665' \/><div class='watu-question-choice'><input type='checkbox' name='answer-122[]' id='answer-id-665' class='answer answer-8  answerof-122' value='665' \/>&nbsp;<label for='answer-id-665' id='answer-label-665' class=' answer label-8'><span class='answer'>Faux<\/span><\/label><\/div>\n<\/div><input type='hidden' id='questionType8' value='checkbox' class=''><\/div><div class='watu-question' id='question-9'><div class='question-content'><p><span class='watu_num'>9. <\/span>Comme la Lune est toujours \u00e0 l&rsquo;oppos\u00e9 du Soleil, sa position par rapport \u00e0 l&rsquo;\u00e9quateur c\u00e9leste est invers\u00e9e.<\/p>\n<\/div><input type='hidden' name='question_id[]' value='123' \/><div class='watu-questions-wrap '><input type='hidden' name='answer_ids[]' class='watu-answer-ids' value='666' \/><div class='watu-question-choice'><input type='checkbox' name='answer-123[]' id='answer-id-666' class='answer answer-9  answerof-123' value='666' \/>&nbsp;<label for='answer-id-666' id='answer-label-666' class=' answer label-9'><span class='answer'>Vrai<\/span><\/label><\/div>\n<input type='hidden' name='answer_ids[]' class='watu-answer-ids' value='667' \/><div class='watu-question-choice'><input type='checkbox' name='answer-123[]' id='answer-id-667' class='answer answer-9  answerof-123' value='667' \/>&nbsp;<label for='answer-id-667' id='answer-label-667' class=' answer label-9'><span class='answer'>Faux<\/span><\/label><\/div>\n<\/div><input type='hidden' id='questionType9' value='checkbox' class=''><\/div><div class='watu-question' id='question-10'><div class='question-content'><p><span class='watu_num'>10. <\/span>L&rsquo;angle que fait l&rsquo;\u00e9cliptique par rapport \u00e0 l&rsquo;\u00e9quateur c\u00e9leste est de 23,44 degr\u00e9s.<\/p>\n<\/div><input type='hidden' name='question_id[]' value='124' \/><div class='watu-questions-wrap '><input type='hidden' name='answer_ids[]' class='watu-answer-ids' value='668' \/><div class='watu-question-choice'><input type='checkbox' name='answer-124[]' id='answer-id-668' class='answer answer-10  answerof-124' value='668' \/>&nbsp;<label for='answer-id-668' id='answer-label-668' class=' answer label-10'><span class='answer'>Vrai<\/span><\/label><\/div>\n<input type='hidden' name='answer_ids[]' class='watu-answer-ids' value='669' \/><div class='watu-question-choice'><input type='checkbox' name='answer-124[]' id='answer-id-669' class='answer answer-10  answerof-124' value='669' \/>&nbsp;<label for='answer-id-669' id='answer-label-669' class=' answer label-10'><span class='answer'>Faux<\/span><\/label><\/div>\n<\/div><input type='hidden' id='questionType10' value='checkbox' class=''><\/div><div style='display:none' id='question-11'><br \/><div class='question-content'><img loading=\"lazy\" decoding=\"async\" src=\"https:\/\/www.astrorimouski.net\/club\/wp-content\/plugins\/watu\/loading.gif\" width=\"16\" height=\"16\" alt=\"Chargement ...\" title=\"Chargement ...\" \/>&nbsp;Chargement &#8230;<\/div><\/div><br \/>\n<input type=\"button\" name=\"action\" onclick=\"Watu.submitResult()\" id=\"action-button\" value=\"Envoy\u00e9\"  class=\"watu-submit-button\" \/>\n<input type=\"hidden\" name=\"no_ajax\" value=\"0\"><input type=\"hidden\" name=\"quiz_id\" value=\"14\" \/>\n<input type=\"hidden\" id=\"watuStartTime\" name=\"start_time\" value=\"2026-05-01 23:08:42\" \/>\n<\/form>\n<\/div>\n<div id=\"watu-loading-result\" style=\"display:none;\">\n\t<p align=\"center\"><img loading=\"lazy\" decoding=\"async\" src=\"https:\/\/www.astrorimouski.net\/club\/wp-content\/plugins\/watu\/loading.gif\" width=\"16\" height=\"16\" alt=\"Chargement\" title=\"Chargement\" \/><\/p>\n<\/div>\t\n<script type=\"text\/javascript\">\nvar exam_id=0;\nvar question_ids='';\nvar watuURL='';\njQuery(function($){\nquestion_ids = \"115,116,117,118,119,120,121,122,123,124\";\nexam_id = 14;\nWatu.exam_id = exam_id;\nWatu.qArr = question_ids.split(',');\nWatu.post_id = 2262;\nWatu.singlePage = '1';\nWatu.hAppID = \"0.14596100 1777691322\";\nwatuURL = \"https:\/\/www.astrorimouski.net\/club\/wp-admin\/admin-ajax.php\";\nWatu.noAlertUnanswered = 0;\n});\n<\/script>\n","protected":false},"excerpt":{"rendered":"","protected":false},"author":4,"featured_media":0,"parent":1739,"menu_order":12,"comment_status":"closed","ping_status":"closed","template":"","meta":{"footnotes":""},"class_list":["post-2262","page","type-page","status-publish"],"_links":{"self":[{"href":"https:\/\/www.astrorimouski.net\/club\/wp-json\/wp\/v2\/pages\/2262","targetHints":{"allow":["GET"]}}],"collection":[{"href":"https:\/\/www.astrorimouski.net\/club\/wp-json\/wp\/v2\/pages"}],"about":[{"href":"https:\/\/www.astrorimouski.net\/club\/wp-json\/wp\/v2\/types\/page"}],"author":[{"embeddable":true,"href":"https:\/\/www.astrorimouski.net\/club\/wp-json\/wp\/v2\/users\/4"}],"replies":[{"embeddable":true,"href":"https:\/\/www.astrorimouski.net\/club\/wp-json\/wp\/v2\/comments?post=2262"}],"version-history":[{"count":2,"href":"https:\/\/www.astrorimouski.net\/club\/wp-json\/wp\/v2\/pages\/2262\/revisions"}],"predecessor-version":[{"id":2264,"href":"https:\/\/www.astrorimouski.net\/club\/wp-json\/wp\/v2\/pages\/2262\/revisions\/2264"}],"up":[{"embeddable":true,"href":"https:\/\/www.astrorimouski.net\/club\/wp-json\/wp\/v2\/pages\/1739"}],"wp:attachment":[{"href":"https:\/\/www.astrorimouski.net\/club\/wp-json\/wp\/v2\/media?parent=2262"}],"curies":[{"name":"wp","href":"https:\/\/api.w.org\/{rel}","templated":true}]}}