{"id":2210,"date":"2018-11-01T09:48:50","date_gmt":"2018-11-01T13:48:50","guid":{"rendered":"http:\/\/www.astrorimouski.net\/club\/?page_id=2210"},"modified":"2018-11-01T09:51:29","modified_gmt":"2018-11-01T13:51:29","slug":"jeu-questionnaire-no-12-les-coordonnees-equatoriales","status":"publish","type":"page","link":"https:\/\/www.astrorimouski.net\/club\/le-coin-du-debutant\/jeu-questionnaire-no-12-les-coordonnees-equatoriales\/","title":{"rendered":"Jeu questionnaire No 12 : Les coordonn\u00e9es \u00e9quatoriales"},"content":{"rendered":"<div id=\"watu_quiz\" class=\"quiz-area single-page-quiz\">\n<form action=\"\" method=\"post\" class=\"quiz-form \" id=\"quiz-13\" >\n<div class='watu-question' id='question-1'><div class='question-content'><p><span class='watu_num'>1. <\/span>Choisir la bonne r\u00e9ponse :<\/p>\n<p>Un syst\u00e8me de coordonn\u00e9es universel qui permette \u00e0 tous de partager la position d&rsquo;un astre sur la vo\u00fbte c\u00e9leste doit :<\/p>\n<\/div><input type='hidden' name='question_id[]' value='103' \/><div class='watu-questions-wrap '><input type='hidden' name='answer_ids[]' class='watu-answer-ids' value='602' \/><div class='watu-question-choice'><input type='checkbox' name='answer-103[]' id='answer-id-602' class='answer answer-1  answerof-103' value='602' \/>&nbsp;<label for='answer-id-602' id='answer-label-602' class=' answer label-1'><span class='answer'>Prendre en compte la latitude de l&rsquo;observateur<\/span><\/label><\/div>\n<input type='hidden' name='answer_ids[]' class='watu-answer-ids' value='603' \/><div class='watu-question-choice'><input type='checkbox' name='answer-103[]' id='answer-id-603' class='answer answer-1  answerof-103' value='603' \/>&nbsp;<label for='answer-id-603' id='answer-label-603' class=' answer label-1'><span class='answer'>Utiliser le temps universel comme coordonn\u00e9e horizontale<\/span><\/label><\/div>\n<input type='hidden' name='answer_ids[]' class='watu-answer-ids' value='604' \/><div class='watu-question-choice'><input type='checkbox' name='answer-103[]' id='answer-id-604' class='answer answer-1  answerof-103' value='604' \/>&nbsp;<label for='answer-id-604' id='answer-label-604' class=' answer label-1'><span class='answer'>Utiliser une grille de coordonn\u00e9es ancr\u00e9e \u00e0 la vo\u00fbte c\u00e9leste<\/span><\/label><\/div>\n<input type='hidden' name='answer_ids[]' class='watu-answer-ids' value='605' \/><div class='watu-question-choice'><input type='checkbox' name='answer-103[]' id='answer-id-605' class='answer answer-1  answerof-103' value='605' \/>&nbsp;<label for='answer-id-605' id='answer-label-605' class=' answer label-1'><span class='answer'>Fixer le point z\u00e9ro \u00e0 l&rsquo;horizon Nord de l&rsquo;observateur<\/span><\/label><\/div>\n<\/div><input type='hidden' id='questionType1' value='checkbox' class=''><\/div><div class='watu-question' id='question-2'><div class='question-content'><p><span class='watu_num'>2. <\/span>Parmi les r\u00e9ponses suivantes, une seule est fausse, laquelle ?<\/p>\n<p>Le concept de sph\u00e8re c\u00e9leste :<\/p>\n<\/div><input type='hidden' name='question_id[]' value='104' \/><div class='watu-questions-wrap '><input type='hidden' name='answer_ids[]' class='watu-answer-ids' value='606' \/><div class='watu-question-choice'><input type='checkbox' name='answer-104[]' id='answer-id-606' class='answer answer-2  answerof-104' value='606' \/>&nbsp;<label for='answer-id-606' id='answer-label-606' class=' answer label-2'><span class='answer'>Est analogue au mod\u00e8le cosmologique des plus anciennes civilisations m\u00e9diterran\u00e9ennes<\/span><\/label><\/div>\n<input type='hidden' name='answer_ids[]' class='watu-answer-ids' value='607' \/><div class='watu-question-choice'><input type='checkbox' name='answer-104[]' id='answer-id-607' class='answer answer-2  answerof-104' value='607' \/>&nbsp;<label for='answer-id-607' id='answer-label-607' class=' answer label-2'><span class='answer'>Est d\u00e9riv\u00e9 du concept de sph\u00e8re armillaire<\/span><\/label><\/div>\n<input type='hidden' name='answer_ids[]' class='watu-answer-ids' value='608' \/><div class='watu-question-choice'><input type='checkbox' name='answer-104[]' id='answer-id-608' class='answer answer-2  answerof-104' value='608' \/>&nbsp;<label for='answer-id-608' id='answer-label-608' class=' answer label-2'><span class='answer'>S&rsquo;apparente au mod\u00e8le g\u00e9ocentrique de repr\u00e9sentation de l&rsquo;Univers<\/span><\/label><\/div>\n<input type='hidden' name='answer_ids[]' class='watu-answer-ids' value='609' \/><div class='watu-question-choice'><input type='checkbox' name='answer-104[]' id='answer-id-609' class='answer answer-2  answerof-104' value='609' \/>&nbsp;<label for='answer-id-609' id='answer-label-609' class=' answer label-2'><span class='answer'>Consid\u00e8re que les \u00e9toiles sont \u00e9quidistantes de la Terre<\/span><\/label><\/div>\n<\/div><input type='hidden' id='questionType2' value='checkbox' class=''><\/div><div class='watu-question' id='question-3'><div class='question-content'><p><span class='watu_num'>3. <\/span>Les \u00e9l\u00e9ments suivants sont essentiels \u00e0 la d\u00e9termination des coordonn\u00e9es \u00e9quatoriales sauf un, lequel ?<\/p>\n<\/div><input type='hidden' name='question_id[]' value='105' \/><div class='watu-questions-wrap '><input type='hidden' name='answer_ids[]' class='watu-answer-ids' value='610' \/><div class='watu-question-choice'><input type='checkbox' name='answer-105[]' id='answer-id-610' class='answer answer-3  answerof-105' value='610' \/>&nbsp;<label for='answer-id-610' id='answer-label-610' class=' answer label-3'><span class='answer'>Le m\u00e9ridien de Greenwich<\/span><\/label><\/div>\n<input type='hidden' name='answer_ids[]' class='watu-answer-ids' value='611' \/><div class='watu-question-choice'><input type='checkbox' name='answer-105[]' id='answer-id-611' class='answer answer-3  answerof-105' value='611' \/>&nbsp;<label for='answer-id-611' id='answer-label-611' class=' answer label-3'><span class='answer'>L&rsquo;\u00e9quateur c\u00e9leste<\/span><\/label><\/div>\n<input type='hidden' name='answer_ids[]' class='watu-answer-ids' value='612' \/><div class='watu-question-choice'><input type='checkbox' name='answer-105[]' id='answer-id-612' class='answer answer-3  answerof-105' value='612' \/>&nbsp;<label for='answer-id-612' id='answer-label-612' class=' answer label-3'><span class='answer'>Le point vernal<\/span><\/label><\/div>\n<input type='hidden' name='answer_ids[]' class='watu-answer-ids' value='613' \/><div class='watu-question-choice'><input type='checkbox' name='answer-105[]' id='answer-id-613' class='answer answer-3  answerof-105' value='613' \/>&nbsp;<label for='answer-id-613' id='answer-label-613' class=' answer label-3'><span class='answer'>La grille d&rsquo;ascension droite<\/span><\/label><\/div>\n<\/div><input type='hidden' id='questionType3' value='checkbox' class=''><\/div><div class='watu-question' id='question-4'><div class='question-content'><p><span class='watu_num'>4. <\/span>L&rsquo;\u00e9toile alpha du Centaure indique la direction du p\u00f4le Sud c\u00e9leste.<\/p>\n<\/div><input type='hidden' name='question_id[]' value='106' \/><div class='watu-questions-wrap '><input type='hidden' name='answer_ids[]' class='watu-answer-ids' value='614' \/><div class='watu-question-choice'><input type='checkbox' name='answer-106[]' id='answer-id-614' class='answer answer-4  answerof-106' value='614' \/>&nbsp;<label for='answer-id-614' id='answer-label-614' class=' answer label-4'><span class='answer'>Vrai<\/span><\/label><\/div>\n<input type='hidden' name='answer_ids[]' class='watu-answer-ids' value='615' \/><div class='watu-question-choice'><input type='checkbox' name='answer-106[]' id='answer-id-615' class='answer answer-4  answerof-106' value='615' \/>&nbsp;<label for='answer-id-615' id='answer-label-615' class=' answer label-4'><span class='answer'>Faux<\/span><\/label><\/div>\n<\/div><input type='hidden' id='questionType4' value='checkbox' class=''><\/div><div class='watu-question' id='question-5'><div class='question-content'><p><span class='watu_num'>5. <\/span>La grille d&rsquo;ascension droite est gradu\u00e9e de fa\u00e7on croissante dans le sens antihoraire.<\/p>\n<\/div><input type='hidden' name='question_id[]' value='107' \/><div class='watu-questions-wrap '><input type='hidden' name='answer_ids[]' class='watu-answer-ids' value='616' \/><div class='watu-question-choice'><input type='checkbox' name='answer-107[]' id='answer-id-616' class='answer answer-5  answerof-107' value='616' \/>&nbsp;<label for='answer-id-616' id='answer-label-616' class=' answer label-5'><span class='answer'>Vrai<\/span><\/label><\/div>\n<input type='hidden' name='answer_ids[]' class='watu-answer-ids' value='617' \/><div class='watu-question-choice'><input type='checkbox' name='answer-107[]' id='answer-id-617' class='answer answer-5  answerof-107' value='617' \/>&nbsp;<label for='answer-id-617' id='answer-label-617' class=' answer label-5'><span class='answer'>Faux<\/span><\/label><\/div>\n<\/div><input type='hidden' id='questionType5' value='checkbox' class=''><\/div><div class='watu-question' id='question-6'><div class='question-content'><p><span class='watu_num'>6. <\/span>Quels sont les deux \u00e9l\u00e9ments du syst\u00e8me de coordonn\u00e9es \u00e9quatoriale ?<\/p>\n<\/div><input type='hidden' name='question_id[]' value='108' \/><div class='watu-questions-wrap '><input type='hidden' name='answer_ids[]' class='watu-answer-ids' value='618' \/><div class='watu-question-choice'><input type='checkbox' name='answer-108[]' id='answer-id-618' class='answer answer-6  answerof-108' value='618' \/>&nbsp;<label for='answer-id-618' id='answer-label-618' class=' answer label-6'><span class='answer'>La latitude et la longitude<\/span><\/label><\/div>\n<input type='hidden' name='answer_ids[]' class='watu-answer-ids' value='619' \/><div class='watu-question-choice'><input type='checkbox' name='answer-108[]' id='answer-id-619' class='answer answer-6  answerof-108' value='619' \/>&nbsp;<label for='answer-id-619' id='answer-label-619' class=' answer label-6'><span class='answer'>La d\u00e9clinaison et l&rsquo;ascension droite<\/span><\/label><\/div>\n<input type='hidden' name='answer_ids[]' class='watu-answer-ids' value='620' \/><div class='watu-question-choice'><input type='checkbox' name='answer-108[]' id='answer-id-620' class='answer answer-6  answerof-108' value='620' \/>&nbsp;<label for='answer-id-620' id='answer-label-620' class=' answer label-6'><span class='answer'>L&rsquo;altitude et l&rsquo;azimut<\/span><\/label><\/div>\n<input type='hidden' name='answer_ids[]' class='watu-answer-ids' value='621' \/><div class='watu-question-choice'><input type='checkbox' name='answer-108[]' id='answer-id-621' class='answer answer-6  answerof-108' value='621' \/>&nbsp;<label for='answer-id-621' id='answer-label-621' class=' answer label-6'><span class='answer'>La hauteur et la d\u00e9viation angulaire<\/span><\/label><\/div>\n<\/div><input type='hidden' id='questionType6' value='checkbox' class=''><\/div><div class='watu-question' id='question-7'><div class='question-content'><p><span class='watu_num'>7. <\/span>La d\u00e9clinaison des astres doit \u00eatre ajust\u00e9e selon la latitude de l&rsquo;observateur.<\/p>\n<\/div><input type='hidden' name='question_id[]' value='109' \/><div class='watu-questions-wrap '><input type='hidden' name='answer_ids[]' class='watu-answer-ids' value='622' \/><div class='watu-question-choice'><input type='checkbox' name='answer-109[]' id='answer-id-622' class='answer answer-7  answerof-109' value='622' \/>&nbsp;<label for='answer-id-622' id='answer-label-622' class=' answer label-7'><span class='answer'>Vrai<\/span><\/label><\/div>\n<input type='hidden' name='answer_ids[]' class='watu-answer-ids' value='623' \/><div class='watu-question-choice'><input type='checkbox' name='answer-109[]' id='answer-id-623' class='answer answer-7  answerof-109' value='623' \/>&nbsp;<label for='answer-id-623' id='answer-label-623' class=' answer label-7'><span class='answer'>Faux<\/span><\/label><\/div>\n<\/div><input type='hidden' id='questionType7' value='checkbox' class=''><\/div><div class='watu-question' id='question-8'><div class='question-content'><p><span class='watu_num'>8. <\/span>Le syst\u00e8me d&rsquo;unit\u00e9s choisi pour repr\u00e9senter l&rsquo;ascension droite est :<\/p>\n<\/div><input type='hidden' name='question_id[]' value='110' \/><div class='watu-questions-wrap '><input type='hidden' name='answer_ids[]' class='watu-answer-ids' value='624' \/><div class='watu-question-choice'><input type='checkbox' name='answer-110[]' id='answer-id-624' class='answer answer-8  answerof-110' value='624' \/>&nbsp;<label for='answer-id-624' id='answer-label-624' class=' answer label-8'><span class='answer'>Degr\u00e9 &#8211; minute &#8211; seconde<\/span><\/label><\/div>\n<input type='hidden' name='answer_ids[]' class='watu-answer-ids' value='625' \/><div class='watu-question-choice'><input type='checkbox' name='answer-110[]' id='answer-id-625' class='answer answer-8  answerof-110' value='625' \/>&nbsp;<label for='answer-id-625' id='answer-label-625' class=' answer label-8'><span class='answer'>Kilom\u00e8tre &#8211; m\u00e8tre &#8211; centim\u00e8tre<\/span><\/label><\/div>\n<input type='hidden' name='answer_ids[]' class='watu-answer-ids' value='626' \/><div class='watu-question-choice'><input type='checkbox' name='answer-110[]' id='answer-id-626' class='answer answer-8  answerof-110' value='626' \/>&nbsp;<label for='answer-id-626' id='answer-label-626' class=' answer label-8'><span class='answer'>Degr\u00e9 exprim\u00e9 en radian<\/span><\/label><\/div>\n<input type='hidden' name='answer_ids[]' class='watu-answer-ids' value='627' \/><div class='watu-question-choice'><input type='checkbox' name='answer-110[]' id='answer-id-627' class='answer answer-8  answerof-110' value='627' \/>&nbsp;<label for='answer-id-627' id='answer-label-627' class=' answer label-8'><span class='answer'>Heure &#8211; minute &#8211; seconde<\/span><\/label><\/div>\n<\/div><input type='hidden' id='questionType8' value='checkbox' class=''><\/div><div class='watu-question' id='question-9'><div class='question-content'><p><span class='watu_num'>9. <\/span>La Terre tourne sur elle-m\u00eame de 15 degr\u00e9s par heure.<\/p>\n<\/div><input type='hidden' name='question_id[]' value='111' \/><div class='watu-questions-wrap '><input type='hidden' name='answer_ids[]' class='watu-answer-ids' value='628' \/><div class='watu-question-choice'><input type='checkbox' name='answer-111[]' id='answer-id-628' class='answer answer-9  answerof-111' value='628' \/>&nbsp;<label for='answer-id-628' id='answer-label-628' class=' answer label-9'><span class='answer'>Vrai<\/span><\/label><\/div>\n<input type='hidden' name='answer_ids[]' class='watu-answer-ids' value='629' \/><div class='watu-question-choice'><input type='checkbox' name='answer-111[]' id='answer-id-629' class='answer answer-9  answerof-111' value='629' \/>&nbsp;<label for='answer-id-629' id='answer-label-629' class=' answer label-9'><span class='answer'>Faux<\/span><\/label><\/div>\n<\/div><input type='hidden' id='questionType9' value='checkbox' class=''><\/div><div class='watu-question' id='question-10'><div class='question-content'><p><span class='watu_num'>10. <\/span>L&rsquo;\u00e9cliptique est la ligne virtuelle trac\u00e9e par le Soleil lors de son d\u00e9placement apparent dans le champ des \u00e9toiles.<\/p>\n<\/div><input type='hidden' name='question_id[]' value='112' \/><div class='watu-questions-wrap '><input type='hidden' name='answer_ids[]' class='watu-answer-ids' value='630' \/><div class='watu-question-choice'><input type='checkbox' name='answer-112[]' id='answer-id-630' class='answer answer-10  answerof-112' value='630' \/>&nbsp;<label for='answer-id-630' id='answer-label-630' class=' answer label-10'><span class='answer'>Vrai<\/span><\/label><\/div>\n<input type='hidden' name='answer_ids[]' class='watu-answer-ids' value='631' \/><div class='watu-question-choice'><input type='checkbox' name='answer-112[]' id='answer-id-631' class='answer answer-10  answerof-112' value='631' \/>&nbsp;<label for='answer-id-631' id='answer-label-631' class=' answer label-10'><span class='answer'>Faux<\/span><\/label><\/div>\n<\/div><input type='hidden' id='questionType10' value='checkbox' class=''><\/div><div class='watu-question' id='question-11'><div class='question-content'><p><span class='watu_num'>11. <\/span>L&rsquo;axe de rotation de la Terre est perpendiculaire au plan de son orbite autour du Soleil.<\/p>\n<\/div><input type='hidden' name='question_id[]' value='113' \/><div class='watu-questions-wrap '><input type='hidden' name='answer_ids[]' class='watu-answer-ids' value='632' \/><div class='watu-question-choice'><input type='checkbox' name='answer-113[]' id='answer-id-632' class='answer answer-11  answerof-113' value='632' \/>&nbsp;<label for='answer-id-632' id='answer-label-632' class=' answer label-11'><span class='answer'>Vrai<\/span><\/label><\/div>\n<input type='hidden' name='answer_ids[]' class='watu-answer-ids' value='633' \/><div class='watu-question-choice'><input type='checkbox' name='answer-113[]' id='answer-id-633' class='answer answer-11  answerof-113' value='633' \/>&nbsp;<label for='answer-id-633' id='answer-label-633' class=' answer label-11'><span class='answer'>Faux<\/span><\/label><\/div>\n<\/div><input type='hidden' id='questionType11' value='checkbox' class=''><\/div><div class='watu-question' id='question-12'><div class='question-content'><p><span class='watu_num'>12. <\/span>Le point vernal signe le d\u00e9but du printemps dans l&rsquo;h\u00e9misph\u00e8re nord.<\/p>\n<\/div><input type='hidden' name='question_id[]' value='114' \/><div class='watu-questions-wrap '><input type='hidden' name='answer_ids[]' class='watu-answer-ids' value='634' \/><div class='watu-question-choice'><input type='checkbox' name='answer-114[]' id='answer-id-634' class='answer answer-12  answerof-114' value='634' \/>&nbsp;<label for='answer-id-634' id='answer-label-634' class=' answer label-12'><span class='answer'>Vrai<\/span><\/label><\/div>\n<input type='hidden' name='answer_ids[]' class='watu-answer-ids' value='635' \/><div class='watu-question-choice'><input type='checkbox' name='answer-114[]' id='answer-id-635' class='answer answer-12  answerof-114' value='635' \/>&nbsp;<label for='answer-id-635' id='answer-label-635' class=' answer label-12'><span class='answer'>Faux<\/span><\/label><\/div>\n<\/div><input type='hidden' id='questionType12' value='checkbox' class=''><\/div><div style='display:none' id='question-13'><br \/><div class='question-content'><img loading=\"lazy\" decoding=\"async\" src=\"https:\/\/www.astrorimouski.net\/club\/wp-content\/plugins\/watu\/loading.gif\" width=\"16\" height=\"16\" alt=\"Chargement ...\" title=\"Chargement ...\" \/>&nbsp;Chargement &#8230;<\/div><\/div><br \/>\n<input type=\"button\" name=\"action\" onclick=\"Watu.submitResult()\" id=\"action-button\" value=\"Envoy\u00e9\"  class=\"watu-submit-button\" \/>\n<input type=\"hidden\" name=\"no_ajax\" value=\"0\"><input type=\"hidden\" name=\"quiz_id\" value=\"13\" \/>\n<input type=\"hidden\" id=\"watuStartTime\" name=\"start_time\" value=\"2026-04-30 15:18:19\" \/>\n<\/form>\n<\/div>\n<div id=\"watu-loading-result\" style=\"display:none;\">\n\t<p align=\"center\"><img loading=\"lazy\" decoding=\"async\" src=\"https:\/\/www.astrorimouski.net\/club\/wp-content\/plugins\/watu\/loading.gif\" width=\"16\" height=\"16\" alt=\"Chargement\" title=\"Chargement\" \/><\/p>\n<\/div>\t\n<script type=\"text\/javascript\">\nvar exam_id=0;\nvar question_ids='';\nvar watuURL='';\njQuery(function($){\nquestion_ids = \"103,104,105,106,107,108,109,110,111,112,113,114\";\nexam_id = 13;\nWatu.exam_id = exam_id;\nWatu.qArr = question_ids.split(',');\nWatu.post_id = 2210;\nWatu.singlePage = '1';\nWatu.hAppID = \"0.65912200 1777576699\";\nwatuURL = \"https:\/\/www.astrorimouski.net\/club\/wp-admin\/admin-ajax.php\";\nWatu.noAlertUnanswered = 0;\n});\n<\/script>\n","protected":false},"excerpt":{"rendered":"","protected":false},"author":4,"featured_media":0,"parent":1739,"menu_order":11,"comment_status":"closed","ping_status":"closed","template":"","meta":{"footnotes":""},"class_list":["post-2210","page","type-page","status-publish"],"_links":{"self":[{"href":"https:\/\/www.astrorimouski.net\/club\/wp-json\/wp\/v2\/pages\/2210","targetHints":{"allow":["GET"]}}],"collection":[{"href":"https:\/\/www.astrorimouski.net\/club\/wp-json\/wp\/v2\/pages"}],"about":[{"href":"https:\/\/www.astrorimouski.net\/club\/wp-json\/wp\/v2\/types\/page"}],"author":[{"embeddable":true,"href":"https:\/\/www.astrorimouski.net\/club\/wp-json\/wp\/v2\/users\/4"}],"replies":[{"embeddable":true,"href":"https:\/\/www.astrorimouski.net\/club\/wp-json\/wp\/v2\/comments?post=2210"}],"version-history":[{"count":2,"href":"https:\/\/www.astrorimouski.net\/club\/wp-json\/wp\/v2\/pages\/2210\/revisions"}],"predecessor-version":[{"id":2212,"href":"https:\/\/www.astrorimouski.net\/club\/wp-json\/wp\/v2\/pages\/2210\/revisions\/2212"}],"up":[{"embeddable":true,"href":"https:\/\/www.astrorimouski.net\/club\/wp-json\/wp\/v2\/pages\/1739"}],"wp:attachment":[{"href":"https:\/\/www.astrorimouski.net\/club\/wp-json\/wp\/v2\/media?parent=2210"}],"curies":[{"name":"wp","href":"https:\/\/api.w.org\/{rel}","templated":true}]}}