{"id":2188,"date":"2018-10-04T20:16:00","date_gmt":"2018-10-05T00:16:00","guid":{"rendered":"http:\/\/www.astrorimouski.net\/club\/?page_id=2188"},"modified":"2018-10-04T20:20:12","modified_gmt":"2018-10-05T00:20:12","slug":"jeu-questionnaire-no-11","status":"publish","type":"page","link":"https:\/\/www.astrorimouski.net\/club\/le-coin-du-debutant\/jeu-questionnaire-no-11\/","title":{"rendered":"Jeu questionnaire No 11 : les coordonn\u00e9es horizontales"},"content":{"rendered":"<div id=\"watu_quiz\" class=\"quiz-area single-page-quiz\">\n<form action=\"\" method=\"post\" class=\"quiz-form \" id=\"quiz-12\" >\n<div class='watu-question' id='question-1'><div class='question-content'><p><span class='watu_num'>1. <\/span>Il est 21 heures, l\u2019azimut de l\u2019\u00e9toile B\u00e9telgeuse \u00a0est mesur\u00e9 \u00e0 150\u00b0. Entre quels points cardinaux est-elle situ\u00e9e.<\/p>\n<\/div><input type='hidden' name='question_id[]' value='91' \/><div class='watu-questions-wrap '><input type='hidden' name='answer_ids[]' class='watu-answer-ids' value='557' \/><div class='watu-question-choice'><input type='checkbox' name='answer-91[]' id='answer-id-557' class='answer answer-1  answerof-91' value='557' \/>&nbsp;<label for='answer-id-557' id='answer-label-557' class=' answer label-1'><span class='answer'>Nord et Est<\/span><\/label><\/div>\n<input type='hidden' name='answer_ids[]' class='watu-answer-ids' value='558' \/><div class='watu-question-choice'><input type='checkbox' name='answer-91[]' id='answer-id-558' class='answer answer-1  answerof-91' value='558' \/>&nbsp;<label for='answer-id-558' id='answer-label-558' class=' answer label-1'><span class='answer'>Est et Sud<\/span><\/label><\/div>\n<input type='hidden' name='answer_ids[]' class='watu-answer-ids' value='559' \/><div class='watu-question-choice'><input type='checkbox' name='answer-91[]' id='answer-id-559' class='answer answer-1  answerof-91' value='559' \/>&nbsp;<label for='answer-id-559' id='answer-label-559' class=' answer label-1'><span class='answer'>Sud et Ouest<\/span><\/label><\/div>\n<input type='hidden' name='answer_ids[]' class='watu-answer-ids' value='560' \/><div class='watu-question-choice'><input type='checkbox' name='answer-91[]' id='answer-id-560' class='answer answer-1  answerof-91' value='560' \/>&nbsp;<label for='answer-id-560' id='answer-label-560' class=' answer label-1'><span class='answer'>Ouest et Nord<\/span><\/label><\/div>\n<\/div><input type='hidden' id='questionType1' value='checkbox' class=''><\/div><div class='watu-question' id='question-2'><div class='question-content'><p><span class='watu_num'>2. <\/span>En compl\u00e9ment \u00e0 la question pr\u00e9c\u00e9dente, o\u00f9 l&rsquo;\u00e9toile B\u00e9telgeuse sera-t-elle situ\u00e9e dans deux heures ?<\/p>\n<\/div><input type='hidden' name='question_id[]' value='92' \/><div class='watu-questions-wrap '><input type='hidden' name='answer_ids[]' class='watu-answer-ids' value='561' \/><div class='watu-question-choice'><input type='checkbox' name='answer-92[]' id='answer-id-561' class='answer answer-2  answerof-92' value='561' \/>&nbsp;<label for='answer-id-561' id='answer-label-561' class=' answer label-2'><span class='answer'>Au Nord<\/span><\/label><\/div>\n<input type='hidden' name='answer_ids[]' class='watu-answer-ids' value='562' \/><div class='watu-question-choice'><input type='checkbox' name='answer-92[]' id='answer-id-562' class='answer answer-2  answerof-92' value='562' \/>&nbsp;<label for='answer-id-562' id='answer-label-562' class=' answer label-2'><span class='answer'>Au Sud<\/span><\/label><\/div>\n<input type='hidden' name='answer_ids[]' class='watu-answer-ids' value='563' \/><div class='watu-question-choice'><input type='checkbox' name='answer-92[]' id='answer-id-563' class='answer answer-2  answerof-92' value='563' \/>&nbsp;<label for='answer-id-563' id='answer-label-563' class=' answer label-2'><span class='answer'>\u00c0 l&rsquo;Est<\/span><\/label><\/div>\n<input type='hidden' name='answer_ids[]' class='watu-answer-ids' value='564' \/><div class='watu-question-choice'><input type='checkbox' name='answer-92[]' id='answer-id-564' class='answer answer-2  answerof-92' value='564' \/>&nbsp;<label for='answer-id-564' id='answer-label-564' class=' answer label-2'><span class='answer'>\u00c0 l&rsquo;Ouest<\/span><\/label><\/div>\n<\/div><input type='hidden' id='questionType2' value='checkbox' class=''><\/div><div class='watu-question' id='question-3'><div class='question-content'><p><span class='watu_num'>3. <\/span>La latitude de Quito est de 0,25\u00b0. \u00c0 quelle hauteur les habitants de cette ville peuvent-ils voir l\u2019\u00e9toile polaire ?<\/p>\n<\/div><input type='hidden' name='question_id[]' value='93' \/><div class='watu-questions-wrap '><input type='hidden' name='answer_ids[]' class='watu-answer-ids' value='565' \/><div class='watu-question-choice'><input type='checkbox' name='answer-93[]' id='answer-id-565' class='answer answer-3  answerof-93' value='565' \/>&nbsp;<label for='answer-id-565' id='answer-label-565' class=' answer label-3'><span class='answer'>89,5\u00b0<\/span><\/label><\/div>\n<input type='hidden' name='answer_ids[]' class='watu-answer-ids' value='566' \/><div class='watu-question-choice'><input type='checkbox' name='answer-93[]' id='answer-id-566' class='answer answer-3  answerof-93' value='566' \/>&nbsp;<label for='answer-id-566' id='answer-label-566' class=' answer label-3'><span class='answer'>58\u00b0<\/span><\/label><\/div>\n<input type='hidden' name='answer_ids[]' class='watu-answer-ids' value='567' \/><div class='watu-question-choice'><input type='checkbox' name='answer-93[]' id='answer-id-567' class='answer answer-3  answerof-93' value='567' \/>&nbsp;<label for='answer-id-567' id='answer-label-567' class=' answer label-3'><span class='answer'>0,25\u00b0<\/span><\/label><\/div>\n<input type='hidden' name='answer_ids[]' class='watu-answer-ids' value='568' \/><div class='watu-question-choice'><input type='checkbox' name='answer-93[]' id='answer-id-568' class='answer answer-3  answerof-93' value='568' \/>&nbsp;<label for='answer-id-568' id='answer-label-568' class=' answer label-3'><span class='answer'>35,8\u00b0<\/span><\/label><\/div>\n<\/div><input type='hidden' id='questionType3' value='checkbox' class=''><\/div><div class='watu-question' id='question-4'><div class='question-content'><p><span class='watu_num'>4. <\/span>Chaque personne sur Terre poss\u00e8de un z\u00e9nith unique (qui lui appartient en propre).<\/p>\n<\/div><input type='hidden' name='question_id[]' value='94' \/><div class='watu-questions-wrap '><input type='hidden' name='answer_ids[]' class='watu-answer-ids' value='569' \/><div class='watu-question-choice'><input type='checkbox' name='answer-94[]' id='answer-id-569' class='answer answer-4  answerof-94' value='569' \/>&nbsp;<label for='answer-id-569' id='answer-label-569' class=' answer label-4'><span class='answer'>Vrai<\/span><\/label><\/div>\n<input type='hidden' name='answer_ids[]' class='watu-answer-ids' value='570' \/><div class='watu-question-choice'><input type='checkbox' name='answer-94[]' id='answer-id-570' class='answer answer-4  answerof-94' value='570' \/>&nbsp;<label for='answer-id-570' id='answer-label-570' class=' answer label-4'><span class='answer'>Faux<\/span><\/label><\/div>\n<\/div><input type='hidden' id='questionType4' value='checkbox' class=''><\/div><div class='watu-question' id='question-5'><div class='question-content'><p><span class='watu_num'>5. <\/span>Toutes les personnes vivant sur la m\u00eame longitude ont le m\u00eame m\u00e9ridien local.<\/p>\n<\/div><input type='hidden' name='question_id[]' value='95' \/><div class='watu-questions-wrap '><input type='hidden' name='answer_ids[]' class='watu-answer-ids' value='571' \/><div class='watu-question-choice'><input type='checkbox' name='answer-95[]' id='answer-id-571' class='answer answer-5  answerof-95' value='571' \/>&nbsp;<label for='answer-id-571' id='answer-label-571' class=' answer label-5'><span class='answer'>Vrai<\/span><\/label><\/div>\n<input type='hidden' name='answer_ids[]' class='watu-answer-ids' value='572' \/><div class='watu-question-choice'><input type='checkbox' name='answer-95[]' id='answer-id-572' class='answer answer-5  answerof-95' value='572' \/>&nbsp;<label for='answer-id-572' id='answer-label-572' class=' answer label-5'><span class='answer'>Faux<\/span><\/label><\/div>\n<\/div><input type='hidden' id='questionType5' value='checkbox' class=''><\/div><div class='watu-question' id='question-6'><div class='question-content'><p><span class='watu_num'>6. <\/span>Pour les habitants de l\u2019h\u00e9misph\u00e8re Nord, les astres culminent au Sud en passant au m\u00e9ridien local.<\/p>\n<\/div><input type='hidden' name='question_id[]' value='96' \/><div class='watu-questions-wrap '><input type='hidden' name='answer_ids[]' class='watu-answer-ids' value='573' \/><div class='watu-question-choice'><input type='checkbox' name='answer-96[]' id='answer-id-573' class='answer answer-6  answerof-96' value='573' \/>&nbsp;<label for='answer-id-573' id='answer-label-573' class=' answer label-6'><span class='answer'>Vrai<\/span><\/label><\/div>\n<input type='hidden' name='answer_ids[]' class='watu-answer-ids' value='574' \/><div class='watu-question-choice'><input type='checkbox' name='answer-96[]' id='answer-id-574' class='answer answer-6  answerof-96' value='574' \/>&nbsp;<label for='answer-id-574' id='answer-label-574' class=' answer label-6'><span class='answer'>Faux<\/span><\/label><\/div>\n<\/div><input type='hidden' id='questionType6' value='checkbox' class=''><\/div><div class='watu-question' id='question-7'><div class='question-content'><p><span class='watu_num'>7. <\/span>Les propositions suivantes sont vraies\u00a0:<\/p>\n<\/div><input type='hidden' name='question_id[]' value='97' \/><div class='watu-questions-wrap '><input type='hidden' name='answer_ids[]' class='watu-answer-ids' value='575' \/><div class='watu-question-choice'><input type='checkbox' name='answer-97[]' id='answer-id-575' class='answer answer-7  answerof-97' value='575' \/>&nbsp;<label for='answer-id-575' id='answer-label-575' class=' answer label-7'><span class='answer'>L\u2019azimut se mesure dans le sens horaire \u00e0 partir du point Nord de l\u2019horizon.<\/span><\/label><\/div>\n<input type='hidden' name='answer_ids[]' class='watu-answer-ids' value='576' \/><div class='watu-question-choice'><input type='checkbox' name='answer-97[]' id='answer-id-576' class='answer answer-7  answerof-97' value='576' \/>&nbsp;<label for='answer-id-576' id='answer-label-576' class=' answer label-7'><span class='answer'>La hauteur et la d\u00e9clinaison sont les deux coordonn\u00e9es horizontales.<\/span><\/label><\/div>\n<input type='hidden' name='answer_ids[]' class='watu-answer-ids' value='577' \/><div class='watu-question-choice'><input type='checkbox' name='answer-97[]' id='answer-id-577' class='answer answer-7  answerof-97' value='577' \/>&nbsp;<label for='answer-id-577' id='answer-label-577' class=' answer label-7'><span class='answer'>Le point d\u2019origine du syst\u00e8me de coordonn\u00e9es horizontales est le z\u00e9nith local.<\/span><\/label><\/div>\n<input type='hidden' name='answer_ids[]' class='watu-answer-ids' value='578' \/><div class='watu-question-choice'><input type='checkbox' name='answer-97[]' id='answer-id-578' class='answer answer-7  answerof-97' value='578' \/>&nbsp;<label for='answer-id-578' id='answer-label-578' class=' answer label-7'><span class='answer'>Le m\u00e9ridien local va du Nord au Sud en passant par le z\u00e9nith.<\/span><\/label><\/div>\n<\/div><input type='hidden' id='questionType7' value='checkbox' class=''><\/div><div class='watu-question' id='question-8'><div class='question-content'><p><span class='watu_num'>8. <\/span>Un th\u00e9odolite est un instrument utilis\u00e9 en arpentage. Il peut servir \u00e0 mesurer avec pr\u00e9cision les coordonn\u00e9es horizontales d\u2019un astre.<\/p>\n<\/div><input type='hidden' name='question_id[]' value='98' \/><div class='watu-questions-wrap '><input type='hidden' name='answer_ids[]' class='watu-answer-ids' value='579' \/><div class='watu-question-choice'><input type='checkbox' name='answer-98[]' id='answer-id-579' class='answer answer-8  answerof-98' value='579' \/>&nbsp;<label for='answer-id-579' id='answer-label-579' class=' answer label-8'><span class='answer'>Vrai<\/span><\/label><\/div>\n<input type='hidden' name='answer_ids[]' class='watu-answer-ids' value='580' \/><div class='watu-question-choice'><input type='checkbox' name='answer-98[]' id='answer-id-580' class='answer answer-8  answerof-98' value='580' \/>&nbsp;<label for='answer-id-580' id='answer-label-580' class=' answer label-8'><span class='answer'>Faux<\/span><\/label><\/div>\n<\/div><input type='hidden' id='questionType8' value='checkbox' class=''><\/div><div class='watu-question' id='question-9'><div class='question-content'><p><span class='watu_num'>9. <\/span>On peut mesurer les distances c\u00e9lestes \u00e0 l\u2019estim\u00e9 avec la main tendue \u00e0 bout de bras. Lesquelles parmi les propositions suivantes sont vraies\u00a0:<\/p>\n<\/div><input type='hidden' name='question_id[]' value='99' \/><div class='watu-questions-wrap '><input type='hidden' name='answer_ids[]' class='watu-answer-ids' value='581' \/><div class='watu-question-choice'><input type='checkbox' name='answer-99[]' id='answer-id-581' class='answer answer-9  answerof-99' value='581' \/>&nbsp;<label for='answer-id-581' id='answer-label-581' class=' answer label-9'><span class='answer'>La largeur de l\u2019auriculaire correspond \u00e0 1\u00b0<\/span><\/label><\/div>\n<input type='hidden' name='answer_ids[]' class='watu-answer-ids' value='582' \/><div class='watu-question-choice'><input type='checkbox' name='answer-99[]' id='answer-id-582' class='answer answer-9  answerof-99' value='582' \/>&nbsp;<label for='answer-id-582' id='answer-label-582' class=' answer label-9'><span class='answer'>Le poing vaut 20\u00b0<\/span><\/label><\/div>\n<input type='hidden' name='answer_ids[]' class='watu-answer-ids' value='583' \/><div class='watu-question-choice'><input type='checkbox' name='answer-99[]' id='answer-id-583' class='answer answer-9  answerof-99' value='583' \/>&nbsp;<label for='answer-id-583' id='answer-label-583' class=' answer label-9'><span class='answer'>Un empan vaut 5\u00b0<\/span><\/label><\/div>\n<input type='hidden' name='answer_ids[]' class='watu-answer-ids' value='584' \/><div class='watu-question-choice'><input type='checkbox' name='answer-99[]' id='answer-id-584' class='answer answer-9  answerof-99' value='584' \/>&nbsp;<label for='answer-id-584' id='answer-label-584' class=' answer label-9'><span class='answer'>Une heure angulaire correspond \u00e0 la distance entre l\u2019auriculaire et l\u2019index.<\/span><\/label><\/div>\n<\/div><input type='hidden' id='questionType9' value='checkbox' class=''><\/div><div class='watu-question' id='question-10'><div class='question-content'><p><span class='watu_num'>10. <\/span>La vo\u00fbte c\u00e9leste semble tourner vers l\u2019Ouest parce que la Terre tourne vers l\u2019Est.<\/p>\n<\/div><input type='hidden' name='question_id[]' value='100' \/><div class='watu-questions-wrap '><input type='hidden' name='answer_ids[]' class='watu-answer-ids' value='585' \/><div class='watu-question-choice'><input type='checkbox' name='answer-100[]' id='answer-id-585' class='answer answer-10  answerof-100' value='585' \/>&nbsp;<label for='answer-id-585' id='answer-label-585' class=' answer label-10'><span class='answer'>Vrai<\/span><\/label><\/div>\n<input type='hidden' name='answer_ids[]' class='watu-answer-ids' value='586' \/><div class='watu-question-choice'><input type='checkbox' name='answer-100[]' id='answer-id-586' class='answer answer-10  answerof-100' value='586' \/>&nbsp;<label for='answer-id-586' id='answer-label-586' class=' answer label-10'><span class='answer'>Faux<\/span><\/label><\/div>\n<\/div><input type='hidden' id='questionType10' value='checkbox' class=''><\/div><div class='watu-question' id='question-11'><div class='question-content'><p><span class='watu_num'>11. <\/span>Quelles sont les propositions vraies au sujet du syst\u00e8me de coordonn\u00e9es horizontales ?<\/p>\n<\/div><input type='hidden' name='question_id[]' value='101' \/><div class='watu-questions-wrap '><input type='hidden' name='answer_ids[]' class='watu-answer-ids' value='597' \/><div class='watu-question-choice'><input type='checkbox' name='answer-101[]' id='answer-id-597' class='answer answer-11  answerof-101' value='597' \/>&nbsp;<label for='answer-id-597' id='answer-label-597' class=' answer label-11'><span class='answer'>Sa grille se projette sur le ciel, mais son r\u00e9f\u00e9rentiel est terrestre.<\/span><\/label><\/div>\n<input type='hidden' name='answer_ids[]' class='watu-answer-ids' value='598' \/><div class='watu-question-choice'><input type='checkbox' name='answer-101[]' id='answer-id-598' class='answer answer-11  answerof-101' value='598' \/>&nbsp;<label for='answer-id-598' id='answer-label-598' class=' answer label-11'><span class='answer'>La valeur des mesures effectu\u00e9es d\u00e9pend de la latitude de l&rsquo;observateur.<\/span><\/label><\/div>\n<input type='hidden' name='answer_ids[]' class='watu-answer-ids' value='599' \/><div class='watu-question-choice'><input type='checkbox' name='answer-101[]' id='answer-id-599' class='answer answer-11  answerof-101' value='599' \/>&nbsp;<label for='answer-id-599' id='answer-label-599' class=' answer label-11'><span class='answer'>La valeur des mesures effectu\u00e9es d\u00e9pend de la longitude de l&rsquo;observateur.<\/span><\/label><\/div>\n<input type='hidden' name='answer_ids[]' class='watu-answer-ids' value='600' \/><div class='watu-question-choice'><input type='checkbox' name='answer-101[]' id='answer-id-600' class='answer answer-11  answerof-101' value='600' \/>&nbsp;<label for='answer-id-600' id='answer-label-600' class=' answer label-11'><span class='answer'>Les mesures ont une valeur \u00e9ph\u00e9m\u00e8re.<\/span><\/label><\/div>\n<input type='hidden' name='answer_ids[]' class='watu-answer-ids' value='601' \/><div class='watu-question-choice'><input type='checkbox' name='answer-101[]' id='answer-id-601' class='answer answer-11  answerof-101' value='601' \/>&nbsp;<label for='answer-id-601' id='answer-label-601' class=' answer label-11'><span class='answer'>Les mesure ne sont pas universellement g\u00e9n\u00e9ralisables.<\/span><\/label><\/div>\n<\/div><input type='hidden' id='questionType11' value='checkbox' class=''><\/div><div style='display:none' id='question-12'><br \/><div class='question-content'><img loading=\"lazy\" decoding=\"async\" src=\"https:\/\/www.astrorimouski.net\/club\/wp-content\/plugins\/watu\/loading.gif\" width=\"16\" height=\"16\" alt=\"Chargement ...\" title=\"Chargement ...\" \/>&nbsp;Chargement &#8230;<\/div><\/div><br \/>\n<input type=\"button\" name=\"action\" onclick=\"Watu.submitResult()\" id=\"action-button\" value=\"Envoy\u00e9\"  class=\"watu-submit-button\" \/>\n<input type=\"hidden\" name=\"no_ajax\" value=\"0\"><input type=\"hidden\" name=\"quiz_id\" value=\"12\" \/>\n<input type=\"hidden\" id=\"watuStartTime\" name=\"start_time\" value=\"2026-05-01 11:08:32\" \/>\n<\/form>\n<\/div>\n<div id=\"watu-loading-result\" style=\"display:none;\">\n\t<p align=\"center\"><img loading=\"lazy\" decoding=\"async\" src=\"https:\/\/www.astrorimouski.net\/club\/wp-content\/plugins\/watu\/loading.gif\" width=\"16\" height=\"16\" alt=\"Chargement\" title=\"Chargement\" \/><\/p>\n<\/div>\t\n<script type=\"text\/javascript\">\nvar exam_id=0;\nvar question_ids='';\nvar watuURL='';\njQuery(function($){\nquestion_ids = \"91,92,93,94,95,96,97,98,99,100,101\";\nexam_id = 12;\nWatu.exam_id = exam_id;\nWatu.qArr = question_ids.split(',');\nWatu.post_id = 2188;\nWatu.singlePage = '1';\nWatu.hAppID = \"0.44127400 1777648112\";\nwatuURL = \"https:\/\/www.astrorimouski.net\/club\/wp-admin\/admin-ajax.php\";\nWatu.noAlertUnanswered = 0;\n});\n<\/script>\n","protected":false},"excerpt":{"rendered":"","protected":false},"author":4,"featured_media":0,"parent":1739,"menu_order":11,"comment_status":"closed","ping_status":"closed","template":"","meta":{"footnotes":""},"class_list":["post-2188","page","type-page","status-publish"],"_links":{"self":[{"href":"https:\/\/www.astrorimouski.net\/club\/wp-json\/wp\/v2\/pages\/2188","targetHints":{"allow":["GET"]}}],"collection":[{"href":"https:\/\/www.astrorimouski.net\/club\/wp-json\/wp\/v2\/pages"}],"about":[{"href":"https:\/\/www.astrorimouski.net\/club\/wp-json\/wp\/v2\/types\/page"}],"author":[{"embeddable":true,"href":"https:\/\/www.astrorimouski.net\/club\/wp-json\/wp\/v2\/users\/4"}],"replies":[{"embeddable":true,"href":"https:\/\/www.astrorimouski.net\/club\/wp-json\/wp\/v2\/comments?post=2188"}],"version-history":[{"count":2,"href":"https:\/\/www.astrorimouski.net\/club\/wp-json\/wp\/v2\/pages\/2188\/revisions"}],"predecessor-version":[{"id":2190,"href":"https:\/\/www.astrorimouski.net\/club\/wp-json\/wp\/v2\/pages\/2188\/revisions\/2190"}],"up":[{"embeddable":true,"href":"https:\/\/www.astrorimouski.net\/club\/wp-json\/wp\/v2\/pages\/1739"}],"wp:attachment":[{"href":"https:\/\/www.astrorimouski.net\/club\/wp-json\/wp\/v2\/media?parent=2188"}],"curies":[{"name":"wp","href":"https:\/\/api.w.org\/{rel}","templated":true}]}}