{"id":2166,"date":"2018-09-13T10:10:27","date_gmt":"2018-09-13T14:10:27","guid":{"rendered":"http:\/\/www.astrorimouski.net\/club\/?page_id=2166"},"modified":"2018-09-13T10:12:21","modified_gmt":"2018-09-13T14:12:21","slug":"jeu-questionnaire-no-10","status":"publish","type":"page","link":"https:\/\/www.astrorimouski.net\/club\/le-coin-du-debutant\/jeu-questionnaire-no-10\/","title":{"rendered":"Jeu questionnaire No 10 : Les coordonn\u00e9es g\u00e9ographiques"},"content":{"rendered":"<div id=\"watu_quiz\" class=\"quiz-area single-page-quiz\">\n<form action=\"\" method=\"post\" class=\"quiz-form \" id=\"quiz-11\" >\n<div class='watu-question' id='question-1'><div class='question-content'><p><span class='watu_num'>1. <\/span>Pourquoi la connaissance de ma position sur la Terre est-elle n\u00e9cessaire \u00e0 l&rsquo;observation astronomique ?<\/p>\n<\/div><input type='hidden' name='question_id[]' value='81' \/><div class='watu-questions-wrap '><input type='hidden' name='answer_ids[]' class='watu-answer-ids' value='509' \/><div class='watu-question-choice'><input type='checkbox' name='answer-81[]' id='answer-id-509' class='answer answer-1  answerof-81' value='509' \/>&nbsp;<label for='answer-id-509' id='answer-label-509' class=' answer label-1'><span class='answer'>Ma position affecte l&rsquo;axe de rotation de la Terre et la direction Nord-Sud.<\/span><\/label><\/div>\n<input type='hidden' name='answer_ids[]' class='watu-answer-ids' value='510' \/><div class='watu-question-choice'><input type='checkbox' name='answer-81[]' id='answer-id-510' class='answer answer-1  answerof-81' value='510' \/>&nbsp;<label for='answer-id-510' id='answer-label-510' class=' answer label-1'><span class='answer'>Ma position d\u00e9termine l&rsquo;\u00e9tendue du ciel que je peux observer \u00e0 tout moment.<\/span><\/label><\/div>\n<input type='hidden' name='answer_ids[]' class='watu-answer-ids' value='511' \/><div class='watu-question-choice'><input type='checkbox' name='answer-81[]' id='answer-id-511' class='answer answer-1  answerof-81' value='511' \/>&nbsp;<label for='answer-id-511' id='answer-label-511' class=' answer label-1'><span class='answer'>Ma position a une influence sur le mouvement effectif des \u00e9toiles.<\/span><\/label><\/div>\n<input type='hidden' name='answer_ids[]' class='watu-answer-ids' value='512' \/><div class='watu-question-choice'><input type='checkbox' name='answer-81[]' id='answer-id-512' class='answer answer-1  answerof-81' value='512' \/>&nbsp;<label for='answer-id-512' id='answer-label-512' class=' answer label-1'><span class='answer'>Ma position affecte la taille de la vo\u00fbte c\u00e9leste.<\/span><\/label><\/div>\n<\/div><input type='hidden' id='questionType1' value='checkbox' class=''><\/div><div class='watu-question' id='question-2'><div class='question-content'><p><span class='watu_num'>2. <\/span>Cochez toutes les bonnes r\u00e9ponses.<\/p>\n<p>Afin de d\u00e9terminer la localisation pr\u00e9cise d&rsquo;un lieu sur une surface \u00e0 deux dimensions, nous avons besoin :<\/p>\n<\/div><input type='hidden' name='question_id[]' value='82' \/><div class='watu-questions-wrap '><input type='hidden' name='answer_ids[]' class='watu-answer-ids' value='541' \/><div class='watu-question-choice'><input type='checkbox' name='answer-82[]' id='answer-id-541' class='answer answer-2  answerof-82' value='541' \/>&nbsp;<label for='answer-id-541' id='answer-label-541' class=' answer label-2'><span class='answer'>D&rsquo;un point d&rsquo;origine de r\u00e9f\u00e9rence<\/span><\/label><\/div>\n<input type='hidden' name='answer_ids[]' class='watu-answer-ids' value='542' \/><div class='watu-question-choice'><input type='checkbox' name='answer-82[]' id='answer-id-542' class='answer answer-2  answerof-82' value='542' \/>&nbsp;<label for='answer-id-542' id='answer-label-542' class=' answer label-2'><span class='answer'>Soit d&rsquo;une grille de coordonn\u00e9es<\/span><\/label><\/div>\n<input type='hidden' name='answer_ids[]' class='watu-answer-ids' value='543' \/><div class='watu-question-choice'><input type='checkbox' name='answer-82[]' id='answer-id-543' class='answer answer-2  answerof-82' value='543' \/>&nbsp;<label for='answer-id-543' id='answer-label-543' class=' answer label-2'><span class='answer'>Soit d&rsquo;une direction angulaire et d&rsquo;une distance<\/span><\/label><\/div>\n<input type='hidden' name='answer_ids[]' class='watu-answer-ids' value='544' \/><div class='watu-question-choice'><input type='checkbox' name='answer-82[]' id='answer-id-544' class='answer answer-2  answerof-82' value='544' \/>&nbsp;<label for='answer-id-544' id='answer-label-544' class=' answer label-2'><span class='answer'>D&rsquo;un syst\u00e8me d&rsquo;unit\u00e9s<\/span><\/label><\/div>\n<\/div><input type='hidden' id='questionType2' value='checkbox' class=''><\/div><div class='watu-question' id='question-3'><div class='question-content'><p><span class='watu_num'>3. <\/span>Les \u00e9nonc\u00e9s suivants sont vrais :<\/p>\n<\/div><input type='hidden' name='question_id[]' value='83' \/><div class='watu-questions-wrap '><input type='hidden' name='answer_ids[]' class='watu-answer-ids' value='545' \/><div class='watu-question-choice'><input type='checkbox' name='answer-83[]' id='answer-id-545' class='answer answer-3  answerof-83' value='545' \/>&nbsp;<label for='answer-id-545' id='answer-label-545' class=' answer label-3'><span class='answer'>La Terre poss\u00e8de un champ magn\u00e9tique dipolaire.<\/span><\/label><\/div>\n<input type='hidden' name='answer_ids[]' class='watu-answer-ids' value='546' \/><div class='watu-question-choice'><input type='checkbox' name='answer-83[]' id='answer-id-546' class='answer answer-3  answerof-83' value='546' \/>&nbsp;<label for='answer-id-546' id='answer-label-546' class=' answer label-3'><span class='answer'>Le champ magn\u00e9tique de la Terre est g\u00e9n\u00e9r\u00e9 par la force des vents solaires.<\/span><\/label><\/div>\n<input type='hidden' name='answer_ids[]' class='watu-answer-ids' value='547' \/><div class='watu-question-choice'><input type='checkbox' name='answer-83[]' id='answer-id-547' class='answer answer-3  answerof-83' value='547' \/>&nbsp;<label for='answer-id-547' id='answer-label-547' class=' answer label-3'><span class='answer'>La boussole est l&rsquo;instrument tout indiqu\u00e9 pour d\u00e9terminer la position du p\u00f4le Nord g\u00e9ographique.<\/span><\/label><\/div>\n<input type='hidden' name='answer_ids[]' class='watu-answer-ids' value='548' \/><div class='watu-question-choice'><input type='checkbox' name='answer-83[]' id='answer-id-548' class='answer answer-3  answerof-83' value='548' \/>&nbsp;<label for='answer-id-548' id='answer-label-548' class=' answer label-3'><span class='answer'>Les habitants de l&rsquo;h\u00e9misph\u00e8re nord ont la chance d&rsquo;avoir une \u00e9toile qui indique la position tr\u00e8s exacte du p\u00f4le Nord.<\/span><\/label><\/div>\n<\/div><input type='hidden' id='questionType3' value='checkbox' class=''><\/div><div class='watu-question' id='question-4'><div class='question-content'><p><span class='watu_num'>4. <\/span>Choisissez les bonnes r\u00e9ponses sur la Latitude :<\/p>\n<\/div><input type='hidden' name='question_id[]' value='84' \/><div class='watu-questions-wrap '><input type='hidden' name='answer_ids[]' class='watu-answer-ids' value='553' \/><div class='watu-question-choice'><input type='checkbox' name='answer-84[]' id='answer-id-553' class='answer answer-4  answerof-84' value='553' \/>&nbsp;<label for='answer-id-553' id='answer-label-553' class=' answer label-4'><span class='answer'>La ligne d&rsquo;origine du r\u00e9f\u00e9rentiel de la latitude est le m\u00e9ridien de Greenwich<\/span><\/label><\/div>\n<input type='hidden' name='answer_ids[]' class='watu-answer-ids' value='554' \/><div class='watu-question-choice'><input type='checkbox' name='answer-84[]' id='answer-id-554' class='answer answer-4  answerof-84' value='554' \/>&nbsp;<label for='answer-id-554' id='answer-label-554' class=' answer label-4'><span class='answer'>La Latitude est compt\u00e9e positivement vers le Nord et n\u00e9gativement vers le Sud.<\/span><\/label><\/div>\n<input type='hidden' name='answer_ids[]' class='watu-answer-ids' value='555' \/><div class='watu-question-choice'><input type='checkbox' name='answer-84[]' id='answer-id-555' class='answer answer-4  answerof-84' value='555' \/>&nbsp;<label for='answer-id-555' id='answer-label-555' class=' answer label-4'><span class='answer'>L&rsquo;unit\u00e9 de mesure de la latitude est le kilom\u00e8tre.<\/span><\/label><\/div>\n<input type='hidden' name='answer_ids[]' class='watu-answer-ids' value='556' \/><div class='watu-question-choice'><input type='checkbox' name='answer-84[]' id='answer-id-556' class='answer answer-4  answerof-84' value='556' \/>&nbsp;<label for='answer-id-556' id='answer-label-556' class=' answer label-4'><span class='answer'>La latitude d&rsquo;un lieu correspond \u00e0 l&rsquo;angle au centre de la Terre qu&rsquo;il fait avec le plan de l&rsquo;\u00e9quateur.<\/span><\/label><\/div>\n<\/div><input type='hidden' id='questionType4' value='checkbox' class=''><\/div><div class='watu-question' id='question-5'><div class='question-content'><p><span class='watu_num'>5. <\/span>La longueur du p\u00e9rim\u00e8tre d&rsquo;un parall\u00e8le de latitude est calcul\u00e9e par la formule\u00a0 <strong>P=2\u03c0R\u2022cos\u00a0\u03b8<\/strong>, o\u00f9 R est le rayon de la Terre (6 370 km) et\u00a0\u03b8 est la latitude du lieu.<\/p>\n<p>Quel est la longueur du parall\u00e8le passant par Kangirsuk (baie d&rsquo;Ungava), dont la latitude est 60\u00b0 ?<\/p>\n<\/div><input type='hidden' name='question_id[]' value='85' \/><div class='watu-questions-wrap '><input type='hidden' name='answer_ids[]' class='watu-answer-ids' value='549' \/><div class='watu-question-choice'><input type='checkbox' name='answer-85[]' id='answer-id-549' class='answer answer-5  answerof-85' value='549' \/>&nbsp;<label for='answer-id-549' id='answer-label-549' class=' answer label-5'><span class='answer'>15 518 km<\/span><\/label><\/div>\n<input type='hidden' name='answer_ids[]' class='watu-answer-ids' value='550' \/><div class='watu-question-choice'><input type='checkbox' name='answer-85[]' id='answer-id-550' class='answer answer-5  answerof-85' value='550' \/>&nbsp;<label for='answer-id-550' id='answer-label-550' class=' answer label-5'><span class='answer'>25 853 km<\/span><\/label><\/div>\n<input type='hidden' name='answer_ids[]' class='watu-answer-ids' value='551' \/><div class='watu-question-choice'><input type='checkbox' name='answer-85[]' id='answer-id-551' class='answer answer-5  answerof-85' value='551' \/>&nbsp;<label for='answer-id-551' id='answer-label-551' class=' answer label-5'><span class='answer'>20 011 km<\/span><\/label><\/div>\n<input type='hidden' name='answer_ids[]' class='watu-answer-ids' value='552' \/><div class='watu-question-choice'><input type='checkbox' name='answer-85[]' id='answer-id-552' class='answer answer-5  answerof-85' value='552' \/>&nbsp;<label for='answer-id-552' id='answer-label-552' class=' answer label-5'><span class='answer'>32 654 km<\/span><\/label><\/div>\n<\/div><input type='hidden' id='questionType5' value='checkbox' class=''><\/div><div class='watu-question' id='question-6'><div class='question-content'><p><span class='watu_num'>6. <\/span>On d\u00e9finit le tropique du Cancer comme la latitude o\u00f9 le Soleil se situe au z\u00e9nith lors du solstice d&rsquo;\u00e9t\u00e9.<\/p>\n<\/div><input type='hidden' name='question_id[]' value='86' \/><div class='watu-questions-wrap '><input type='hidden' name='answer_ids[]' class='watu-answer-ids' value='529' \/><div class='watu-question-choice'><input type='checkbox' name='answer-86[]' id='answer-id-529' class='answer answer-6  answerof-86' value='529' \/>&nbsp;<label for='answer-id-529' id='answer-label-529' class=' answer label-6'><span class='answer'>Vrai<\/span><\/label><\/div>\n<input type='hidden' name='answer_ids[]' class='watu-answer-ids' value='530' \/><div class='watu-question-choice'><input type='checkbox' name='answer-86[]' id='answer-id-530' class='answer answer-6  answerof-86' value='530' \/>&nbsp;<label for='answer-id-530' id='answer-label-530' class=' answer label-6'><span class='answer'>Faux<\/span><\/label><\/div>\n<\/div><input type='hidden' id='questionType6' value='checkbox' class=''><\/div><div class='watu-question' id='question-7'><div class='question-content'><p><span class='watu_num'>7. <\/span>Avant d&rsquo;adopter le m\u00e9ridien de Greenwich comme m\u00e9ridien d&rsquo;origine, tous les pays occidentaux utilisaient le m\u00e9ridien de Paris.<\/p>\n<\/div><input type='hidden' name='question_id[]' value='87' \/><div class='watu-questions-wrap '><input type='hidden' name='answer_ids[]' class='watu-answer-ids' value='531' \/><div class='watu-question-choice'><input type='checkbox' name='answer-87[]' id='answer-id-531' class='answer answer-7  answerof-87' value='531' \/>&nbsp;<label for='answer-id-531' id='answer-label-531' class=' answer label-7'><span class='answer'>Vrai<\/span><\/label><\/div>\n<input type='hidden' name='answer_ids[]' class='watu-answer-ids' value='532' \/><div class='watu-question-choice'><input type='checkbox' name='answer-87[]' id='answer-id-532' class='answer answer-7  answerof-87' value='532' \/>&nbsp;<label for='answer-id-532' id='answer-label-532' class=' answer label-7'><span class='answer'>Faux<\/span><\/label><\/div>\n<\/div><input type='hidden' id='questionType7' value='checkbox' class=''><\/div><div class='watu-question' id='question-8'><div class='question-content'><p><span class='watu_num'>8. <\/span>La carte du monde selon Mercator a l&rsquo;avantage de repr\u00e9senter tous les pays en conservant les proportions physiques r\u00e9elles.<\/p>\n<\/div><input type='hidden' name='question_id[]' value='88' \/><div class='watu-questions-wrap '><input type='hidden' name='answer_ids[]' class='watu-answer-ids' value='533' \/><div class='watu-question-choice'><input type='checkbox' name='answer-88[]' id='answer-id-533' class='answer answer-8  answerof-88' value='533' \/>&nbsp;<label for='answer-id-533' id='answer-label-533' class=' answer label-8'><span class='answer'>Vrai<\/span><\/label><\/div>\n<input type='hidden' name='answer_ids[]' class='watu-answer-ids' value='534' \/><div class='watu-question-choice'><input type='checkbox' name='answer-88[]' id='answer-id-534' class='answer answer-8  answerof-88' value='534' \/>&nbsp;<label for='answer-id-534' id='answer-label-534' class=' answer label-8'><span class='answer'>Faux<\/span><\/label><\/div>\n<\/div><input type='hidden' id='questionType8' value='checkbox' class=''><\/div><div class='watu-question' id='question-9'><div class='question-content'><p><span class='watu_num'>9. <\/span>Je mesure l&rsquo;azimut d&rsquo;un astre \u00e0 260\u00b0. De quel point cardinal est-il le plus pr\u00e8s ?<\/p>\n<\/div><input type='hidden' name='question_id[]' value='89' \/><div class='watu-questions-wrap '><input type='hidden' name='answer_ids[]' class='watu-answer-ids' value='535' \/><div class='watu-question-choice'><input type='checkbox' name='answer-89[]' id='answer-id-535' class='answer answer-9  answerof-89' value='535' \/>&nbsp;<label for='answer-id-535' id='answer-label-535' class=' answer label-9'><span class='answer'>Nord<\/span><\/label><\/div>\n<input type='hidden' name='answer_ids[]' class='watu-answer-ids' value='536' \/><div class='watu-question-choice'><input type='checkbox' name='answer-89[]' id='answer-id-536' class='answer answer-9  answerof-89' value='536' \/>&nbsp;<label for='answer-id-536' id='answer-label-536' class=' answer label-9'><span class='answer'>Sud<\/span><\/label><\/div>\n<input type='hidden' name='answer_ids[]' class='watu-answer-ids' value='537' \/><div class='watu-question-choice'><input type='checkbox' name='answer-89[]' id='answer-id-537' class='answer answer-9  answerof-89' value='537' \/>&nbsp;<label for='answer-id-537' id='answer-label-537' class=' answer label-9'><span class='answer'>Est<\/span><\/label><\/div>\n<input type='hidden' name='answer_ids[]' class='watu-answer-ids' value='538' \/><div class='watu-question-choice'><input type='checkbox' name='answer-89[]' id='answer-id-538' class='answer answer-9  answerof-89' value='538' \/>&nbsp;<label for='answer-id-538' id='answer-label-538' class=' answer label-9'><span class='answer'>Ouest<\/span><\/label><\/div>\n<\/div><input type='hidden' id='questionType9' value='checkbox' class=''><\/div><div class='watu-question' id='question-10'><div class='question-content'><p><span class='watu_num'>10. <\/span>Mon m\u00e9ridien local est le demi grand cercle qui va du point Nord de mon horizon, passe par l&rsquo;\u00e9toile polaire et mon z\u00e9nith et puis se termine \u00e0 mon horizon Sud.<\/p>\n<\/div><input type='hidden' name='question_id[]' value='90' \/><div class='watu-questions-wrap '><input type='hidden' name='answer_ids[]' class='watu-answer-ids' value='539' \/><div class='watu-question-choice'><input type='checkbox' name='answer-90[]' id='answer-id-539' class='answer answer-10  answerof-90' value='539' \/>&nbsp;<label for='answer-id-539' id='answer-label-539' class=' answer label-10'><span class='answer'>Vrai<\/span><\/label><\/div>\n<input type='hidden' name='answer_ids[]' class='watu-answer-ids' value='540' \/><div class='watu-question-choice'><input type='checkbox' name='answer-90[]' id='answer-id-540' class='answer answer-10  answerof-90' value='540' \/>&nbsp;<label for='answer-id-540' id='answer-label-540' class=' answer label-10'><span class='answer'>Faux<\/span><\/label><\/div>\n<\/div><input type='hidden' id='questionType10' value='checkbox' class=''><\/div><div style='display:none' id='question-11'><br \/><div class='question-content'><img loading=\"lazy\" decoding=\"async\" src=\"https:\/\/www.astrorimouski.net\/club\/wp-content\/plugins\/watu\/loading.gif\" width=\"16\" height=\"16\" alt=\"Chargement ...\" title=\"Chargement ...\" \/>&nbsp;Chargement &#8230;<\/div><\/div><br \/>\n<input type=\"button\" name=\"action\" onclick=\"Watu.submitResult()\" id=\"action-button\" value=\"Envoy\u00e9\"  class=\"watu-submit-button\" \/>\n<input type=\"hidden\" name=\"no_ajax\" value=\"0\"><input type=\"hidden\" name=\"quiz_id\" value=\"11\" \/>\n<input type=\"hidden\" id=\"watuStartTime\" name=\"start_time\" value=\"2026-05-01 04:03:34\" \/>\n<\/form>\n<\/div>\n<div id=\"watu-loading-result\" style=\"display:none;\">\n\t<p align=\"center\"><img loading=\"lazy\" decoding=\"async\" src=\"https:\/\/www.astrorimouski.net\/club\/wp-content\/plugins\/watu\/loading.gif\" width=\"16\" height=\"16\" alt=\"Chargement\" title=\"Chargement\" \/><\/p>\n<\/div>\t\n<script type=\"text\/javascript\">\nvar exam_id=0;\nvar question_ids='';\nvar watuURL='';\njQuery(function($){\nquestion_ids = \"81,82,83,84,85,86,87,88,89,90\";\nexam_id = 11;\nWatu.exam_id = exam_id;\nWatu.qArr = question_ids.split(',');\nWatu.post_id = 2166;\nWatu.singlePage = '1';\nWatu.hAppID = \"0.68406800 1777622614\";\nwatuURL = \"https:\/\/www.astrorimouski.net\/club\/wp-admin\/admin-ajax.php\";\nWatu.noAlertUnanswered = 0;\n});\n<\/script>\n","protected":false},"excerpt":{"rendered":"","protected":false},"author":4,"featured_media":0,"parent":1739,"menu_order":10,"comment_status":"closed","ping_status":"closed","template":"","meta":{"footnotes":""},"class_list":["post-2166","page","type-page","status-publish"],"_links":{"self":[{"href":"https:\/\/www.astrorimouski.net\/club\/wp-json\/wp\/v2\/pages\/2166","targetHints":{"allow":["GET"]}}],"collection":[{"href":"https:\/\/www.astrorimouski.net\/club\/wp-json\/wp\/v2\/pages"}],"about":[{"href":"https:\/\/www.astrorimouski.net\/club\/wp-json\/wp\/v2\/types\/page"}],"author":[{"embeddable":true,"href":"https:\/\/www.astrorimouski.net\/club\/wp-json\/wp\/v2\/users\/4"}],"replies":[{"embeddable":true,"href":"https:\/\/www.astrorimouski.net\/club\/wp-json\/wp\/v2\/comments?post=2166"}],"version-history":[{"count":2,"href":"https:\/\/www.astrorimouski.net\/club\/wp-json\/wp\/v2\/pages\/2166\/revisions"}],"predecessor-version":[{"id":2168,"href":"https:\/\/www.astrorimouski.net\/club\/wp-json\/wp\/v2\/pages\/2166\/revisions\/2168"}],"up":[{"embeddable":true,"href":"https:\/\/www.astrorimouski.net\/club\/wp-json\/wp\/v2\/pages\/1739"}],"wp:attachment":[{"href":"https:\/\/www.astrorimouski.net\/club\/wp-json\/wp\/v2\/media?parent=2166"}],"curies":[{"name":"wp","href":"https:\/\/api.w.org\/{rel}","templated":true}]}}