{"id":2041,"date":"2018-04-13T15:13:21","date_gmt":"2018-04-13T19:13:21","guid":{"rendered":"http:\/\/www.astrorimouski.net\/club\/?page_id=2041"},"modified":"2018-04-13T16:22:49","modified_gmt":"2018-04-13T20:22:49","slug":"jeu-questionnaire-no-7-les-telescopes-de-type-reflecteur","status":"publish","type":"page","link":"https:\/\/www.astrorimouski.net\/club\/le-coin-du-debutant\/jeu-questionnaire-no-7-les-telescopes-de-type-reflecteur\/","title":{"rendered":"Jeu questionnaire No 7 : les t\u00e9lescopes de type r\u00e9flecteur"},"content":{"rendered":"<div id=\"watu_quiz\" class=\"quiz-area single-page-quiz\">\n<form action=\"\" method=\"post\" class=\"quiz-form \" id=\"quiz-10\" >\n<div class='watu-question' id='question-1'><div class='question-content'><p><span class='watu_num'>1. <\/span>Le but de Newton en inventant le r\u00e9flecteur \u00e9tait de contrer :<\/p>\n<\/div><input type='hidden' name='question_id[]' value='73' \/><div class='watu-questions-wrap '><input type='hidden' name='answer_ids[]' class='watu-answer-ids' value='475' \/><div class='watu-question-choice'><input type='checkbox' name='answer-73[]' id='answer-id-475' class='answer answer-1  answerof-73' value='475' \/>&nbsp;<label for='answer-id-475' id='answer-label-475' class=' answer label-1'><span class='answer'>La distorsion sph\u00e9rique<\/span><\/label><\/div>\n<input type='hidden' name='answer_ids[]' class='watu-answer-ids' value='476' \/><div class='watu-question-choice'><input type='checkbox' name='answer-73[]' id='answer-id-476' class='answer answer-1  answerof-73' value='476' \/>&nbsp;<label for='answer-id-476' id='answer-label-476' class=' answer label-1'><span class='answer'>La distorsion chromatique<\/span><\/label><\/div>\n<input type='hidden' name='answer_ids[]' class='watu-answer-ids' value='477' \/><div class='watu-question-choice'><input type='checkbox' name='answer-73[]' id='answer-id-477' class='answer answer-1  answerof-73' value='477' \/>&nbsp;<label for='answer-id-477' id='answer-label-477' class=' answer label-1'><span class='answer'>L\u2019astigmatisme<\/span><\/label><\/div>\n<\/div><input type='hidden' id='questionType1' value='checkbox' class=''><\/div><div class='watu-question' id='question-2'><div class='question-content'><p><span class='watu_num'>2. <\/span>Parmi les avantages du Newtonien, il faut noter :<\/p>\n<\/div><input type='hidden' name='question_id[]' value='74' \/><div class='watu-questions-wrap '><input type='hidden' name='answer_ids[]' class='watu-answer-ids' value='478' \/><div class='watu-question-choice'><input type='checkbox' name='answer-74[]' id='answer-id-478' class='answer answer-2  answerof-74' value='478' \/>&nbsp;<label for='answer-id-478' id='answer-label-478' class=' answer label-2'><span class='answer'>Son tr\u00e8s petit format, ce qui le rend facilement transportable<\/span><\/label><\/div>\n<input type='hidden' name='answer_ids[]' class='watu-answer-ids' value='479' \/><div class='watu-question-choice'><input type='checkbox' name='answer-74[]' id='answer-id-479' class='answer answer-2  answerof-74' value='479' \/>&nbsp;<label for='answer-id-479' id='answer-label-479' class=' answer label-2'><span class='answer'>La grande dimension du miroir principal qui permet de voir des objets tr\u00e8s faibles<\/span><\/label><\/div>\n<input type='hidden' name='answer_ids[]' class='watu-answer-ids' value='480' \/><div class='watu-question-choice'><input type='checkbox' name='answer-74[]' id='answer-id-480' class='answer answer-2  answerof-74' value='480' \/>&nbsp;<label for='answer-id-480' id='answer-label-480' class=' answer label-2'><span class='answer'>Peut \u00eatre fabriqu\u00e9 par des amateurs<\/span><\/label><\/div>\n<input type='hidden' name='answer_ids[]' class='watu-answer-ids' value='481' \/><div class='watu-question-choice'><input type='checkbox' name='answer-74[]' id='answer-id-481' class='answer answer-2  answerof-74' value='481' \/>&nbsp;<label for='answer-id-481' id='answer-label-481' class=' answer label-2'><span class='answer'>Est le moins dispendieux<\/span><\/label><\/div>\n<\/div><input type='hidden' id='questionType2' value='checkbox' class=''><\/div><div class='watu-question' id='question-3'><div class='question-content'><p><span class='watu_num'>3. <\/span>Les instruments du service \u00ab Biblioscopes pour tous \u00bb sont des :<\/p>\n<\/div><input type='hidden' name='question_id[]' value='75' \/><div class='watu-questions-wrap '><input type='hidden' name='answer_ids[]' class='watu-answer-ids' value='482' \/><div class='watu-question-choice'><input type='checkbox' name='answer-75[]' id='answer-id-482' class='answer answer-3  answerof-75' value='482' \/>&nbsp;<label for='answer-id-482' id='answer-label-482' class=' answer label-3'><span class='answer'>Newtonien<\/span><\/label><\/div>\n<input type='hidden' name='answer_ids[]' class='watu-answer-ids' value='483' \/><div class='watu-question-choice'><input type='checkbox' name='answer-75[]' id='answer-id-483' class='answer answer-3  answerof-75' value='483' \/>&nbsp;<label for='answer-id-483' id='answer-label-483' class=' answer label-3'><span class='answer'>Schmidt-Cassegrain<\/span><\/label><\/div>\n<input type='hidden' name='answer_ids[]' class='watu-answer-ids' value='484' \/><div class='watu-question-choice'><input type='checkbox' name='answer-75[]' id='answer-id-484' class='answer answer-3  answerof-75' value='484' \/>&nbsp;<label for='answer-id-484' id='answer-label-484' class=' answer label-3'><span class='answer'>Cassegrain<\/span><\/label><\/div>\n<input type='hidden' name='answer_ids[]' class='watu-answer-ids' value='485' \/><div class='watu-question-choice'><input type='checkbox' name='answer-75[]' id='answer-id-485' class='answer answer-3  answerof-75' value='485' \/>&nbsp;<label for='answer-id-485' id='answer-label-485' class=' answer label-3'><span class='answer'>Maksutov<\/span><\/label><\/div>\n<\/div><input type='hidden' id='questionType3' value='checkbox' class=''><\/div><div class='watu-question' id='question-4'><div class='question-content'><p><span class='watu_num'>4. <\/span>La partie la plus facile \u00e0 fabriquer d\u2019un Schmidt \u2013Cassegrain est<\/p>\n<\/div><input type='hidden' name='question_id[]' value='76' \/><div class='watu-questions-wrap '><input type='hidden' name='answer_ids[]' class='watu-answer-ids' value='486' \/><div class='watu-question-choice'><input type='radio' name='answer-76[]' id='answer-id-486' class='answer answer-4  answerof-76' value='486' \/>&nbsp;<label for='answer-id-486' id='answer-label-486' class=' answer label-4'><span class='answer'>Le porte-oculaire<\/span><\/label><\/div>\n<input type='hidden' name='answer_ids[]' class='watu-answer-ids' value='487' \/><div class='watu-question-choice'><input type='radio' name='answer-76[]' id='answer-id-487' class='answer answer-4  answerof-76' value='487' \/>&nbsp;<label for='answer-id-487' id='answer-label-487' class=' answer label-4'><span class='answer'>La lame correctrice<\/span><\/label><\/div>\n<input type='hidden' name='answer_ids[]' class='watu-answer-ids' value='488' \/><div class='watu-question-choice'><input type='radio' name='answer-76[]' id='answer-id-488' class='answer answer-4  answerof-76' value='488' \/>&nbsp;<label for='answer-id-488' id='answer-label-488' class=' answer label-4'><span class='answer'>Les deux miroirs sph\u00e9riques<\/span><\/label><\/div>\n<\/div><input type='hidden' id='questionType4' value='radio' class=''><\/div><div class='watu-question' id='question-5'><div class='question-content'><p><span class='watu_num'>5. <\/span>Un des principaux avantages du Schmidt-Cassegrain est :<\/p>\n<\/div><input type='hidden' name='question_id[]' value='77' \/><div class='watu-questions-wrap '><input type='hidden' name='answer_ids[]' class='watu-answer-ids' value='506' \/><div class='watu-question-choice'><input type='radio' name='answer-77[]' id='answer-id-506' class='answer answer-5  answerof-77' value='506' \/>&nbsp;<label for='answer-id-506' id='answer-label-506' class=' answer label-5'><span class='answer'>Un instrument compact et l\u00e9ger<\/span><\/label><\/div>\n<input type='hidden' name='answer_ids[]' class='watu-answer-ids' value='507' \/><div class='watu-question-choice'><input type='radio' name='answer-77[]' id='answer-id-507' class='answer answer-5  answerof-77' value='507' \/>&nbsp;<label for='answer-id-507' id='answer-label-507' class=' answer label-5'><span class='answer'>Sa vitesse optique tr\u00e8s rapide pour la photographie astronomique<\/span><\/label><\/div>\n<input type='hidden' name='answer_ids[]' class='watu-answer-ids' value='508' \/><div class='watu-question-choice'><input type='radio' name='answer-77[]' id='answer-id-508' class='answer answer-5  answerof-77' value='508' \/>&nbsp;<label for='answer-id-508' id='answer-label-508' class=' answer label-5'><span class='answer'>Son co\u00fbt exorbitant<\/span><\/label><\/div>\n<\/div><input type='hidden' id='questionType5' value='radio' class=''><\/div><div class='watu-question' id='question-6'><div class='question-content'><p><span class='watu_num'>6. <\/span>Le Cassegrain existe en de multiples versions, celle pris\u00e9e par les professionnels est :<\/p>\n<\/div><input type='hidden' name='question_id[]' value='78' \/><div class='watu-questions-wrap '><input type='hidden' name='answer_ids[]' class='watu-answer-ids' value='492' \/><div class='watu-question-choice'><input type='radio' name='answer-78[]' id='answer-id-492' class='answer answer-6  answerof-78' value='492' \/>&nbsp;<label for='answer-id-492' id='answer-label-492' class=' answer label-6'><span class='answer'>Le Dobson<\/span><\/label><\/div>\n<input type='hidden' name='answer_ids[]' class='watu-answer-ids' value='493' \/><div class='watu-question-choice'><input type='radio' name='answer-78[]' id='answer-id-493' class='answer answer-6  answerof-78' value='493' \/>&nbsp;<label for='answer-id-493' id='answer-label-493' class=' answer label-6'><span class='answer'>Des jumelles<\/span><\/label><\/div>\n<input type='hidden' name='answer_ids[]' class='watu-answer-ids' value='494' \/><div class='watu-question-choice'><input type='radio' name='answer-78[]' id='answer-id-494' class='answer answer-6  answerof-78' value='494' \/>&nbsp;<label for='answer-id-494' id='answer-label-494' class=' answer label-6'><span class='answer'>Le Ritchey-Chr\u00e9tien<\/span><\/label><\/div>\n<input type='hidden' name='answer_ids[]' class='watu-answer-ids' value='495' \/><div class='watu-question-choice'><input type='radio' name='answer-78[]' id='answer-id-495' class='answer answer-6  answerof-78' value='495' \/>&nbsp;<label for='answer-id-495' id='answer-label-495' class=' answer label-6'><span class='answer'>Un Tasco<\/span><\/label><\/div>\n<\/div><input type='hidden' id='questionType6' value='radio' class=''><\/div><div class='watu-question' id='question-7'><div class='question-content'><p><span class='watu_num'>7. <\/span>Un amateur qui se procure un Cassegrain haut de gamme doit :<\/p>\n<\/div><input type='hidden' name='question_id[]' value='79' \/><div class='watu-questions-wrap '><input type='hidden' name='answer_ids[]' class='watu-answer-ids' value='496' \/><div class='watu-question-choice'><input type='checkbox' name='answer-79[]' id='answer-id-496' class='answer answer-7  answerof-79' value='496' \/>&nbsp;<label for='answer-id-496' id='answer-label-496' class=' answer label-7'><span class='answer'>\u00catre c\u00e9libataire<\/span><\/label><\/div>\n<input type='hidden' name='answer_ids[]' class='watu-answer-ids' value='497' \/><div class='watu-question-choice'><input type='checkbox' name='answer-79[]' id='answer-id-497' class='answer answer-7  answerof-79' value='497' \/>&nbsp;<label for='answer-id-497' id='answer-label-497' class=' answer label-7'><span class='answer'>Avoir gagn\u00e9 la Super Loto<\/span><\/label><\/div>\n<input type='hidden' name='answer_ids[]' class='watu-answer-ids' value='498' \/><div class='watu-question-choice'><input type='checkbox' name='answer-79[]' id='answer-id-498' class='answer answer-7  answerof-79' value='498' \/>&nbsp;<label for='answer-id-498' id='answer-label-498' class=' answer label-7'><span class='answer'>Etre exp\u00e9riment\u00e9 et passionn\u00e9<\/span><\/label><\/div>\n<\/div><input type='hidden' id='questionType7' value='checkbox' class=''><\/div><div class='watu-question' id='question-8'><div class='question-content'><p><span class='watu_num'>8. <\/span>Un d\u00e9butant devrait choisir parmi les options suivantes :<\/p>\n<\/div><input type='hidden' name='question_id[]' value='80' \/><div class='watu-questions-wrap '><input type='hidden' name='answer_ids[]' class='watu-answer-ids' value='499' \/><div class='watu-question-choice'><input type='checkbox' name='answer-80[]' id='answer-id-499' class='answer answer-8  answerof-80' value='499' \/>&nbsp;<label for='answer-id-499' id='answer-label-499' class=' answer label-8'><span class='answer'>Emprunter un biblioscope aux biblioth\u00e8ques de Rimouski<\/span><\/label><\/div>\n<input type='hidden' name='answer_ids[]' class='watu-answer-ids' value='500' \/><div class='watu-question-choice'><input type='checkbox' name='answer-80[]' id='answer-id-500' class='answer answer-8  answerof-80' value='500' \/>&nbsp;<label for='answer-id-500' id='answer-label-500' class=' answer label-8'><span class='answer'>Se procurer un Newtonien<\/span><\/label><\/div>\n<input type='hidden' name='answer_ids[]' class='watu-answer-ids' value='501' \/><div class='watu-question-choice'><input type='checkbox' name='answer-80[]' id='answer-id-501' class='answer answer-8  answerof-80' value='501' \/>&nbsp;<label for='answer-id-501' id='answer-label-501' class=' answer label-8'><span class='answer'>Se procurer un Schmidt-Cassegrain<\/span><\/label><\/div>\n<input type='hidden' name='answer_ids[]' class='watu-answer-ids' value='502' \/><div class='watu-question-choice'><input type='checkbox' name='answer-80[]' id='answer-id-502' class='answer answer-8  answerof-80' value='502' \/>&nbsp;<label for='answer-id-502' id='answer-label-502' class=' answer label-8'><span class='answer'>Les trois options pr\u00e9c\u00e9dentes sont acceptables<\/span><\/label><\/div>\n<\/div><input type='hidden' id='questionType8' value='checkbox' class=''><\/div><div style='display:none' id='question-9'><br \/><div class='question-content'><img loading=\"lazy\" decoding=\"async\" src=\"https:\/\/www.astrorimouski.net\/club\/wp-content\/plugins\/watu\/loading.gif\" width=\"16\" height=\"16\" alt=\"Chargement ...\" title=\"Chargement ...\" \/>&nbsp;Chargement &#8230;<\/div><\/div><br \/>\n<input type=\"button\" name=\"action\" onclick=\"Watu.submitResult()\" id=\"action-button\" value=\"Envoy\u00e9\"  class=\"watu-submit-button\" \/>\n<input type=\"hidden\" name=\"no_ajax\" value=\"0\"><input type=\"hidden\" name=\"quiz_id\" value=\"10\" \/>\n<input type=\"hidden\" id=\"watuStartTime\" name=\"start_time\" value=\"2026-05-09 08:58:01\" \/>\n<\/form>\n<\/div>\n<div id=\"watu-loading-result\" style=\"display:none;\">\n\t<p align=\"center\"><img loading=\"lazy\" decoding=\"async\" src=\"https:\/\/www.astrorimouski.net\/club\/wp-content\/plugins\/watu\/loading.gif\" width=\"16\" height=\"16\" alt=\"Chargement\" title=\"Chargement\" \/><\/p>\n<\/div>\t\n<script type=\"text\/javascript\">\nvar exam_id=0;\nvar question_ids='';\nvar watuURL='';\njQuery(function($){\nquestion_ids = \"73,74,75,76,77,78,79,80\";\nexam_id = 10;\nWatu.exam_id = exam_id;\nWatu.qArr = question_ids.split(',');\nWatu.post_id = 2041;\nWatu.singlePage = '1';\nWatu.hAppID = \"0.98286300 1778331481\";\nwatuURL = \"https:\/\/www.astrorimouski.net\/club\/wp-admin\/admin-ajax.php\";\nWatu.noAlertUnanswered = 0;\n});\n<\/script>\n","protected":false},"excerpt":{"rendered":"","protected":false},"author":2,"featured_media":0,"parent":1739,"menu_order":7,"comment_status":"closed","ping_status":"closed","template":"","meta":{"footnotes":""},"class_list":["post-2041","page","type-page","status-publish"],"_links":{"self":[{"href":"https:\/\/www.astrorimouski.net\/club\/wp-json\/wp\/v2\/pages\/2041","targetHints":{"allow":["GET"]}}],"collection":[{"href":"https:\/\/www.astrorimouski.net\/club\/wp-json\/wp\/v2\/pages"}],"about":[{"href":"https:\/\/www.astrorimouski.net\/club\/wp-json\/wp\/v2\/types\/page"}],"author":[{"embeddable":true,"href":"https:\/\/www.astrorimouski.net\/club\/wp-json\/wp\/v2\/users\/2"}],"replies":[{"embeddable":true,"href":"https:\/\/www.astrorimouski.net\/club\/wp-json\/wp\/v2\/comments?post=2041"}],"version-history":[{"count":1,"href":"https:\/\/www.astrorimouski.net\/club\/wp-json\/wp\/v2\/pages\/2041\/revisions"}],"predecessor-version":[{"id":2042,"href":"https:\/\/www.astrorimouski.net\/club\/wp-json\/wp\/v2\/pages\/2041\/revisions\/2042"}],"up":[{"embeddable":true,"href":"https:\/\/www.astrorimouski.net\/club\/wp-json\/wp\/v2\/pages\/1739"}],"wp:attachment":[{"href":"https:\/\/www.astrorimouski.net\/club\/wp-json\/wp\/v2\/media?parent=2041"}],"curies":[{"name":"wp","href":"https:\/\/api.w.org\/{rel}","templated":true}]}}