{"id":1739,"date":"2017-10-11T20:31:08","date_gmt":"2017-10-12T00:31:08","guid":{"rendered":"http:\/\/www.astrorimouski.net\/club\/?page_id=1739"},"modified":"2025-03-15T15:27:32","modified_gmt":"2025-03-15T19:27:32","slug":"le-coin-du-debutant","status":"publish","type":"page","link":"https:\/\/www.astrorimouski.net\/club\/le-coin-du-debutant\/","title":{"rendered":"Le coin du d\u00e9butant"},"content":{"rendered":"<p><img loading=\"lazy\" decoding=\"async\" class=\"aligncenter size-full wp-image-1769\" src=\"https:\/\/www.astrorimouski.net\/club\/wp-content\/uploads\/2017\/10\/renee_et_jumelles.png\" alt=\"\" width=\"768\" height=\"512\" srcset=\"https:\/\/www.astrorimouski.net\/club\/wp-content\/uploads\/2017\/10\/renee_et_jumelles.png 768w, https:\/\/www.astrorimouski.net\/club\/wp-content\/uploads\/2017\/10\/renee_et_jumelles-300x200.png 300w\" sizes=\"auto, (max-width: 768px) 100vw, 768px\" \/><br \/>\nCe coin du d\u00e9butant cherche \u00e0 combler un besoin maintes fois exprim\u00e9 par les nouveaux membres du Club d\u2019astronomie de Rimouski. L\u2019astronomie est une discipline fascinante mais difficile d\u2019acc\u00e8s. Un cursus minimal est n\u00e9cessaire pour en comprendre les enjeux et en appr\u00e9cier les beaut\u00e9s. Nous avons voulu outiller le d\u00e9butant des notions que nous jugeons essentielles \u00e0 la pleine appr\u00e9ciation de son voyage astronomique.<\/p>\n<p>L\u2019information vous sera transmise sous forme de <strong><em>Capsules<\/em><\/strong> d\u2019une dur\u00e9e maximale de vingt minutes qui vous seront pr\u00e9sent\u00e9es lors de nos rencontres mensuelles r\u00e9guli\u00e8res. Ces <strong><em>Capsules<\/em><\/strong> auront un contenu progressif de sorte que la mati\u00e8re de chacune deviendra un pr\u00e9requis pour les suivantes.<\/p>\n<p>L\u2019acquisition des connaissances demande un effort personnel. Les <strong><em>Capsules<\/em><\/strong> seront disponibles sur le site Web du Club sous l\u2019onglet <strong><em>Coin du d\u00e9butant<\/em><\/strong> le plus t\u00f4t possible apr\u00e8s leur pr\u00e9sentation. Nous vous encourageons \u00e0 bien \u00e9tudier le mat\u00e9riel qu\u2019elles contiennent, \u00a0\u00e0 visiter les sites Internet et \u00e0 prendre connaissances des r\u00e9f\u00e9rences et documents sugg\u00e9r\u00e9s.<\/p>\n<p>Nous vous invitons \u00e0 r\u00e9pondre au <strong><em>Jeu questionnaire<\/em><\/strong> associ\u00e9 \u00e0 chacune des <strong><em>Capsules<\/em><\/strong>. Ces \u201cexamens\u201d sont facultatifs, mais nous pensons qu\u2019ils vous inciteront \u00e0 \u00ab\u00a0bien \u00e9tudier vos le\u00e7ons\u00a0\u00bb. Ils vous permettront de v\u00e9rifier de mani\u00e8re objective l\u2019acquisition des connaissances.<\/p>\n<p>Bonne \u00e9tude !<\/p>\n<p style=\"padding-left: 40px;\"><a href=\"#section01\"><strong>Section 1 &#8211; Principes de l\u2019observation astronomique<\/strong><\/a><\/p>\n<p style=\"padding-left: 40px;\"><a href=\"#section02\"><strong>Section 2 &#8211; Les syst\u00e8mes de coordonn\u00e9es<\/strong><\/a><\/p>\n<p style=\"padding-left: 40px;\"><a href=\"#section03\"><strong>Section 3 &#8211; La m\u00e9canique c\u00e9leste<\/strong><\/a><\/p>\n<p style=\"padding-left: 40px;\"><a href=\"#section04\"><strong>Section 4 &#8211; Les \u00e9toiles<\/strong><\/a><\/p>\n<hr \/>\n<h2 id=\"section01\"><strong>Section 1 &#8211; Principes de l\u2019observation astronomique<\/strong><\/h2>\n<ol>\n<li>\n<h3 id=\"coin01\"><strong>Les \u00e9chelles de l&rsquo;Univers et la notation scientifique<\/strong><\/h3>\n<ul>\n<li><a href=\"https:\/\/www.astrorimouski.net\/clubdocuments\/coin_du_debutant\/1_les_proportions_en_astronomie.pdf\"><strong>Texte de pr\u00e9sentation<\/strong><\/a><\/li>\n<li>Hyperliens de la pr\u00e9sentation\n<ul>\n<li><strong><a href=\"http:\/\/htwins.net\/scale2\/\">Les \u00e9chelles de l&rsquo;Univers<\/a><\/strong><\/li>\n<li><strong><a href=\"https:\/\/www.youtube.com\/watch?v=gzGUio7rBQk\">Les \u00e9chelles de l&rsquo;Univers-Science clic<\/a><\/strong><\/li>\n<\/ul>\n<\/li>\n<li><strong><a href=\"https:\/\/www.astrorimouski.net\/clubdocuments\/coin_du_debutant\/syst_international.pdf\">Les unit\u00e9s du Syst\u00e8me international (SI)<\/a><\/strong><\/li>\n<li><strong><a href=\"https:\/\/www.astrorimouski.net\/clubdocuments\/coin_du_debutant\/comment_repondre.pdf\">Comment r\u00e9pondre au Jeu questionnaire<\/a><\/strong><\/li>\n<li><strong><a href=\"https:\/\/www.astrorimouski.net\/club\/jeu-questionnaire-no1\/\">Jeu questionnaire No 1<br \/>\n<\/a><br \/>\n<\/strong><\/li>\n<\/ul>\n<\/li>\n<li>\n<h3 id=\"coin02\"><strong>La lumi\u00e8re<\/strong><\/h3>\n<ul>\n<li><strong><a href=\"https:\/\/www.astrorimouski.net\/clubdocuments\/coin_du_debutant\/2_la_lumiere.pdf\">Texte de pr\u00e9sentation<\/a><\/strong><\/li>\n<li>Hyperliens de la pr\u00e9sentation\n<ul>\n<li><a href=\"https:\/\/www.youtube.com\/watch?v=tiJgzWldxek\"><strong>Les propri\u00e9t\u00e9s de la lumi\u00e8re<\/strong><br \/>\n<\/a>R\u00e9alis\u00e9e par un qu\u00e9b\u00e9cois (Fran\u00e7ois Corriveau). Bases bien expliqu\u00e9es.<\/li>\n<li><a href=\"https:\/\/www.youtube.com\/watch?v=n0yTf1FRWJ8\"><strong>C&rsquo;est quoi la lumi\u00e8re ?<\/strong><\/a><br \/>\nComplet et donne des r\u00e9f\u00e9rences vers d\u2019autres vid\u00e9os.<\/li>\n<li><a href=\"http:\/\/serge.bertorello.free.fr\/optique\/optique.html\"><strong>Notions d&rsquo;optique pour les astronomes amateurs<\/strong><br \/>\n<\/a>Site Web sur la lumi\u00e8re et l\u2019optique<\/li>\n<\/ul>\n<\/li>\n<li><strong><a href=\"https:\/\/www.astrorimouski.net\/club\/le-coin-du-debutant\/jeu-questionnaire-no-2-la-lumiere\/\">Jeu questionnaire No 2<br \/>\n<\/a><br \/>\n<\/strong><\/li>\n<\/ul>\n<\/li>\n<li>\n<h3 id=\"coin03\"><strong>Les bases de l&rsquo;optique<\/strong><\/h3>\n<ul>\n<li><a href=\"https:\/\/www.astrorimouski.net\/clubdocuments\/coin_du_debutant\/3_base_optique.pdf\"><strong>Texte de pr\u00e9sentation<\/strong><\/a><\/li>\n<li>Hyperliens de la pr\u00e9sentation\n<ul>\n<li><strong><a href=\"https:\/\/media4.obspm.fr\/public\/ressources_lu\/pages_optique-geometrique\/og-introduction.html\">Optique g\u00e9om\u00e9trique : site de l&rsquo;Observatoire de Paris<\/a><\/strong><\/li>\n<li><a href=\"http:\/\/serge.bertorello.free.fr\/optique\/optique.html\"><strong>Notions d&rsquo;optique pour les astronomes amateurs<\/strong><\/a><\/li>\n<li><a href=\"https:\/\/www.youtube.com\/watch?v=B1_UM3LQ0s4\"><strong>Introduction aux lentilles<\/strong><br \/>\n<\/a>Excellente\u00a0s\u00e9rie de vid\u00e9os qui expliquent tr\u00e8s bien le fonctionnement des lentilles optiques<\/li>\n<li><a href=\"https:\/\/www.youtube.com\/watch?v=dckvoph10p4\"><strong>Optique g\u00e9om\u00e9trique<\/strong><br \/>\n<\/a>Excellent\u00a0cours sur l\u2019optique g\u00e9om\u00e9trique pour celles ou ceux qui veulent aller plus loin. Notions avanc\u00e9es.<\/li>\n<\/ul>\n<\/li>\n<li><a href=\"https:\/\/www.astrorimouski.net\/club\/le-coin-du-debutant\/jeu-questionnaire-no-3\/\"><strong>Jeu questionnaire No 3<br \/>\n<\/strong><br \/>\n<\/a><\/li>\n<\/ul>\n<\/li>\n<li>\n<h3 id=\"coin04\"><strong>L\u2019\u0153il et la vision<\/strong><\/h3>\n<ul>\n<li><a href=\"https:\/\/www.astrorimouski.net\/clubdocuments\/coin_du_debutant\/4_oeil_et_vision.pdf\"><strong>Texte de pr\u00e9sentation<\/strong><\/a><\/li>\n<li>Hyperliens de la pr\u00e9sentation\n<ul>\n<li><strong><a href=\"http:\/\/home.btconnect.com\/hindy\/MossDocs\/anatomie%20et%20physiologie%20de%20l%27oeil.pdf\">Anatomie et physiologie de l\u2019\u0153il<\/a><\/strong><br \/>\nExcellent dossier complet en PDF sur l\u2019\u0153il et la vision.<\/li>\n<li><strong><a href=\"http:\/\/serge.bertorello.free.fr\/optique\/vision\/vision.html\">Notions d\u2019optique pour les astronomes amateurs\u00a0: la vision<\/a><\/strong><br \/>\nSite tr\u00e8s complet sur l\u2019optique et la vision. Un incontournable.<\/li>\n<li><strong><a href=\"https:\/\/www.youtube.com\/watch?v=PND09LzJnSI\">Toute la s\u00e9rie des vid\u00e9os \u00ab\u00a0Les bons profs\u00a0\u00bb sur l\u2019\u0153il et la vision<\/a><\/strong><\/li>\n<li><strong><a href=\"https:\/\/www.youtube.com\/watch?v=5zH0v9tYAgk\">S\u00e9rie d\u2019un professeur sur la physique de l\u2019optique et sur la vision<\/a><\/strong><\/li>\n<\/ul>\n<\/li>\n<li><strong><a href=\"https:\/\/www.astrorimouski.net\/club\/le-coin-du-debutant\/jeu-questionnaire-no-4\/\">Jeu questionnaire No 4<br \/>\n<\/a><br \/>\n<\/strong><\/li>\n<\/ul>\n<\/li>\n<li>\n<h3 id=\"coin05\"><strong>Les jumelles pour l&rsquo;observation astronomique<\/strong><\/h3>\n<ul>\n<li><a href=\"https:\/\/www.astrorimouski.net\/clubdocuments\/coin_du_debutant\/5_les_jumelles.pdf\"><strong>Texte de pr\u00e9sentation<\/strong><\/a><\/li>\n<li>Hyperliens de la pr\u00e9sentation\n<ul>\n<li><a href=\"http:\/\/www.planetarium-itinerant.org\/wp-content\/uploads\/Les-Jumelles-en-astronomie.pdf\"><strong>Les jumelles en astronomie<\/strong><\/a> (Raymond Sadin)<br \/>\nTr\u00e8s bonne synth\u00e8se des \u00e9l\u00e9ments essentiels \u00e0 retenir dans le choix d\u2019une paire de jumelles pour l\u2019observation astronomique.<\/li>\n<li><a href=\"http:\/\/www.erquynox.fr\/images\/document\/01-jumelles.pdf\"><strong>Quelques \u00e9l\u00e9ments techniques d\u2019une paire de jumelles<\/strong><\/a><\/li>\n<\/ul>\n<\/li>\n<li><strong><a href=\"https:\/\/www.astrorimouski.net\/club\/le-coin-du-debutant\/jeu-questionnaire-no-5-les-jumelles\/\">Jeu questionnaire No 5<br \/>\n<\/a><br \/>\n<\/strong><\/li>\n<\/ul>\n<\/li>\n<li>\n<h3 id=\"coin06\"><strong>La lunette astronomique<\/strong><\/h3>\n<ul>\n<li><a href=\"https:\/\/www.astrorimouski.net\/clubdocuments\/coin_du_debutant\/6_les_lunettes_astronomiques.pdf\"><strong>Texte de pr\u00e9sentation<\/strong><\/a><\/li>\n<li><a href=\"https:\/\/www.astrorimouski.net\/club\/le-coin-du-debutant\/jeu-questionnaire-no-6\/\"><strong>Jeu questionnaire No 6<br \/>\n<\/strong><br \/>\n<\/a><\/li>\n<\/ul>\n<\/li>\n<li>\n<h3 id=\"coin07\"><strong>Les t\u00e9lescopes de type r\u00e9flecteur<\/strong><\/h3>\n<ul>\n<li><strong><a href=\"https:\/\/www.astrorimouski.net\/clubdocuments\/coin_du_debutant\/7_les_reflecteurs.pdf\">Texte de pr\u00e9sentation<\/a><\/strong><\/li>\n<li>Hyperliens de la pr\u00e9sentation\n<ul>\n<li><strong><a href=\"http:\/\/www.astrosurf.com\/d_bergeron\/astronomie\/Bibliotheque\/fabrication_miroir_telescope\/fabrication_miroir.htm\">Fabrication de miroir pour newtonien<\/a><\/strong>, par Denis Bergeron<\/li>\n<li><strong><a href=\"https:\/\/en.wikipedia.org\/wiki\/Reflecting_telescope\">Wikipedia, Introduction aux r\u00e9flecteurs les plus courants<\/a><\/strong> (en anglais)<\/li>\n<li><strong><a href=\"https:\/\/fr.wikipedia.org\/wiki\/T%C3%A9lescope_Schmidt-Cassegrain\">Wikipedia, le Schmidt-Cassegrain<\/a><\/strong><\/li>\n<li><strong><a href=\"https:\/\/en.wikipedia.org\/wiki\/List_of_telescope_types\">La liste d\u2019\u00e0 peu pr\u00e8s tous les mod\u00e8les de t\u00e9lescopes<\/a><\/strong> (en anglais)<\/li>\n<\/ul>\n<\/li>\n<li><strong><a href=\"https:\/\/www.astrorimouski.net\/club\/jeu-questionnaire-no-7-les-telescopes-de-type-reflecteur\/\">Jeu questionnaire No 7<br \/>\n<\/a><br \/>\n<\/strong><\/li>\n<\/ul>\n<\/li>\n<li>\n<h3 id=\"coin08\"><strong>Les montures de t\u00e9lescope<\/strong><\/h3>\n<ul>\n<li><a href=\"http:\/\/astrorimouski.net\/clubdocuments\/coin_du_debutant\/8_les_montures_de_telescope.pdf\"><strong>Texte de la pr\u00e9sentation<br \/>\n<\/strong><br \/>\n<\/a><\/li>\n<\/ul>\n<\/li>\n<li>\n<h3 id=\"coin09\"><strong>Organisation d&rsquo;une soir\u00e9e d&rsquo;observation<\/strong><\/h3>\n<ul>\n<li><a href=\"https:\/\/www.astrorimouski.net\/clubdocuments\/coin_du_debutant\/9_une_soiree_observation.pdf\"><strong>Texte de pr\u00e9sentation<\/strong><\/a><\/li>\n<li>Hyperliens de la pr\u00e9sentation\n<ul>\n<li><a href=\"http:\/\/www.astro-sanv.com\/download\/PreparationSoiree.pdf\"><strong>ABC d\u2019astro-pratique \u00ab\u00a0pr\u00e9parer sa soir\u00e9e d\u2019observation\u00a0\u00bb<\/strong><\/a><\/li>\n<li><strong><a href=\"https:\/\/media.afastronomie.fr\/PetiteOurse\/SIDERAL_PDF\/outilPO%20-%20doc%20-%20pr%C3%A9parer%20sa%20soir%C3%A9e.pdf\">Pr\u00e9parer sa soir\u00e9e d\u2019observation<\/a><br \/>\n<\/strong>Sp\u00e9cialement \u00e0 l&rsquo;intention des enfants.<\/li>\n<li><a href=\"https:\/\/nanopdf.com\/download\/organiser-des-soirees-dobservations_pdf\"><strong>Organiser des soir\u00e9es d\u2019observation<\/strong><\/a><\/li>\n<li><a href=\"http:\/\/stellarium.org\/fr\/\"><strong>Stellarium : le logiciel indispensable<\/strong><\/a><\/li>\n<\/ul>\n<\/li>\n<li><strong>Jeu questionnaire No 9<br \/>\n<\/strong><\/li>\n<\/ul>\n<\/li>\n<\/ol>\n<h2 id=\"section02\"><strong>Section 2 &#8211; Les syst\u00e8mes de coordonn\u00e9es<\/strong><\/h2>\n<ol start=\"10\">\n<li>\n<h3 id=\"coin10\"><strong>Les coordonn\u00e9es g\u00e9ographiques<\/strong><\/h3>\n<ul>\n<li><a href=\"https:\/\/www.astrorimouski.net\/clubdocuments\/coin_du_debutant\/10_coordonnees_geographiques.pdf\"><strong>Texte de pr\u00e9sentation<\/strong><\/a><\/li>\n<li>Hyperliens de la pr\u00e9sentation\n<ul>\n<li><a href=\"http:\/\/craq-astro.ca\/phy1971\/chap_pdf\/chap6b.pdf\"><strong>Les syst\u00e8mes de coordonn\u00e9es astronomiques et les mouvements de la Terre<\/strong><\/a><br \/>\nBon article qui r\u00e9sume bien les diff\u00e9rents syst\u00e8mes de coordonn\u00e9es utiles en astronomie.<\/li>\n<li><a href=\"http:\/\/expositions.bnf.fr\/ciel\/maths\/pdf\/mesurl1.pdf\"><strong>Les mesures de la latitude et de la longitude<br \/>\n<\/strong><\/a>Explique bri\u00e8vement les mesures de la latitude et de la longitude.<\/li>\n<li><a href=\"http:\/\/www.odpf.org\/images\/archives_docs\/19eme\/memoires\/groupeF\/memoire.pdf\"><strong>Olympiades de physique 2011\/12<\/strong><\/a><br \/>\nExcellent article tr\u00e8s complet sur la d\u00e9termination de la latitude. Tr\u00e8s bon r\u00e9sum\u00e9 historique. Fortement recommand\u00e9.<\/li>\n<li><a href=\"https:\/\/fr.wikipedia.org\/wiki\/Longitude\"><strong>La longitude<\/strong><\/a><br \/>\nArticle succinct de base sur la longitude. Peu d\u00e9velopp\u00e9. Servira de base pour parler plus tard du <em>probl\u00e8me de la longitude<\/em>.<\/li>\n<\/ul>\n<\/li>\n<li><a href=\"https:\/\/www.astrorimouski.net\/club\/le-coin-du-debutant\/jeu-questionnaire-no-10\/\"><strong>Jeu questionnaire No 10<br \/>\n<\/strong><br \/>\n<\/a><\/li>\n<\/ul>\n<\/li>\n<li>\n<h3 id=\"coin11\"><strong>Les coordonn\u00e9es horizontales<\/strong><\/h3>\n<ul>\n<li><a href=\"https:\/\/www.astrorimouski.net\/clubdocuments\/coin_du_debutant\/11_coordonnees_horizontales.pdf\"><strong>Texte de pr\u00e9sentation<\/strong><\/a><\/li>\n<li>Hyperliens de la pr\u00e9sentation\n<ul>\n<li><a href=\"https:\/\/www.youtube.com\/watch?v=9L_tO7UPVAw\"><strong>Les coordonn\u00e9es horizontales<br \/>\n<\/strong><\/a>Un video en espagnol avec sous-titres fran\u00e7ais qui explique tr\u00e8s bien le concept de coordonn\u00e9es horizontales. Facile \u00e0 suivre.<\/li>\n<li><strong><a href=\"https:\/\/fr.wikipedia.org\/wiki\/Syst%C3%A8me_de_coordonn%C3%A9es_horizontales\">Le syst\u00e8me de coordonn\u00e9es horizontales<br \/>\n<\/a><\/strong>Article Wikip\u00e9dia sur les coordonn\u00e9es horizontales. Succint.<\/li>\n<\/ul>\n<\/li>\n<li><a href=\"https:\/\/www.astrorimouski.net\/club\/le-coin-du-debutant\/jeu-questionnaire-no-11\/\"><strong>Jeu questionnaire No 11<br \/>\n<\/strong><br \/>\n<\/a><\/li>\n<\/ul>\n<\/li>\n<li>\n<h3 id=\"coin12\"><strong>Les coordonn\u00e9es \u00e9quatoriales<\/strong><\/h3>\n<ul>\n<li><a href=\"https:\/\/www.astrorimouski.net\/clubdocuments\/coin_du_debutant\/12_coordonnees_equatoriales.pdf\"><strong>Texte de pr\u00e9sentation<\/strong><\/a><\/li>\n<li>Hyperliens de la pr\u00e9sentation\n<ul>\n<li><strong><a href=\"http:\/\/www.astronomes-auvergne.fr\/ecoles\/index.php?p=obj-download,\/1+Ecole+d%27astronomie+les+coordonn%C3%A9es+c%C3%A9lestes+2017.pdf\">Se rep\u00e9rer dans le ciel<\/a><\/strong><br \/>\nAssociation des astronomes amateurs d\u2019Auvergne.\u00a0Bon document de familiarisation avec les syst\u00e8mes de coordonn\u00e9es. Beaucoup d\u2019exemples pratiques.<\/li>\n<li><a href=\"http:\/\/www.astrosurf.com\/toussaint\/dossiers\/coordonnees\/coordonnees.htm\"><strong>Les coordonn\u00e9es en astronomie<\/strong><\/a><br \/>\nExcellente revue des diff\u00e9rents syst\u00e8mes de coordonn\u00e9es utilis\u00e9s en astronomie.<\/li>\n<li><a href=\"https:\/\/www.youtube.com\/watch?v=H8fC4Ml1hoU\"><strong>Le fonctionnement du cherche-\u00e9toile et les coordonn\u00e9es c\u00e9lestes<\/strong><\/a><br \/>\nPar Guy Desgranges. Tr\u00e8s belle suite de vid\u00e9os sur l&rsquo;utilisation du cherche-\u00e9toile et les coordonn\u00e9es \u00e9quatoriales.<\/li>\n<li><a href=\"https:\/\/www.youtube.com\/watch?v=HXb23VmmZsY\"><strong>Mise en station du t\u00e9lescope et les coordonn\u00e9es c\u00e9lestes<\/strong><\/a><br \/>\nExcellente vid\u00e9o sur la mise en station d\u2019une monture \u00e9quatoriale et sur le syst\u00e8me de coordonn\u00e9es c\u00e9lestes\u2026 m\u00eame si le passage incessant de la Lune qui r\u00e9volutionne dans le mauvais sens devient vite harassant.<\/li>\n<\/ul>\n<\/li>\n<li><a href=\"https:\/\/www.astrorimouski.net\/club\/le-coin-du-debutant\/jeu-questionnaire-no-12-les-coordonnees-equatoriales\/\"><strong>Jeu questionnaire No 12<br \/>\n<\/strong><br \/>\n<\/a><\/li>\n<\/ul>\n<\/li>\n<li>\n<h3 id=\"coin13\"><strong>Les coordonn\u00e9es : Compl\u00e9ment d&rsquo;informations<\/strong><\/h3>\n<ul>\n<li><a href=\"http:\/\/astrorimouski.net\/clubdocuments\/coin_du_debutant\/13_coordonnees_complements.pdf\"><strong>Texte de pr\u00e9sentation<\/strong><\/a><\/li>\n<li>Hyperliens de la pr\u00e9sentation\n<ul>\n<li><strong><a href=\"https:\/\/www.astrorimouski.net\/club\/coordonnees-complement-dinformation\/\">Le ciel que je peux voir d\u00e9pend de ma latitude<\/a><\/strong><br \/>\nCette page contient une animation de l&rsquo;horizon et de la partie visible du ciel en relation avec la latitude du lieu (r\u00e9alis\u00e9e par Patricia Browne, membre du Club d&rsquo;astronomie de Rimouski)<\/li>\n<\/ul>\n<\/li>\n<li><a href=\"https:\/\/www.astrorimouski.net\/club\/le-coin-du-debutant\/jeu-questionnaire-no-13\/\"><strong>Jeu questionnaire No 13<br \/>\n<\/strong><br \/>\n<\/a><\/li>\n<\/ul>\n<\/li>\n<li>\n<h3 id=\"coin14\"><strong>La mesure du Temps<\/strong><\/h3>\n<ul>\n<li><a href=\"https:\/\/www.astrorimouski.net\/clubdocuments\/coin_du_debutant\/14_la_mesure_du_temps.pdf\"><strong>Texte de pr\u00e9sentation<\/strong><\/a><\/li>\n<li><a href=\"https:\/\/www.astrorimouski.net\/club\/le-coin-du-debutant\/jeu-questionnaire-14-la-mesure-du-temps\/\"><strong>Jeu questionnaire No 14<\/strong><\/a><\/li>\n<\/ul>\n<\/li>\n<\/ol>\n<h2 id=\"section03\"><strong>Section 3 &#8211; La m\u00e9canique c\u00e9leste<\/strong><\/h2>\n<ol start=\"15\">\n<li>\n<h3 id=\"coin15\"><strong>Les orbites<\/strong><\/h3>\n<ul>\n<li><a href=\"https:\/\/www.astrorimouski.net\/clubdocuments\/coin_du_debutant\/15_les_orbites.pdf\"><strong>Texte de pr\u00e9sentation<\/strong><\/a><\/li>\n<li><a href=\"https:\/\/www.astrorimouski.net\/club\/le-coin-du-debutant\/jeu-questionnaire-no-15-les-orbites\/\"><strong>Jeu questionnaire No 15<br \/>\n<\/strong><br \/>\n<\/a><\/li>\n<\/ul>\n<\/li>\n<li>\n<h3 id=\"coin16\"><strong>Les mouvements de la Lune<\/strong><\/h3>\n<ul>\n<li><a href=\"https:\/\/www.astrorimouski.net\/clubdocuments\/coin_du_debutant\/16_les_mouvements_de_la_lune.pdf\"><strong>Texte de pr\u00e9sentation<\/strong><\/a><\/li>\n<li><a href=\"https:\/\/www.astrorimouski.net\/club\/le-coin-du-debutant\/jeu-questionnaire-no-17\/\"><strong>Jeu questionnaire No 16<br \/>\n<\/strong><br \/>\n<\/a><\/li>\n<\/ul>\n<\/li>\n<li>\n<h3 id=\"coin17\"><strong>Les mouvements de la Terre<\/strong><\/h3>\n<ul>\n<li><a href=\"https:\/\/www.astrorimouski.net\/clubdocuments\/coin_du_debutant\/17_les_mouvements_de_la_terre.pdf\"><strong>Texte de pr\u00e9sentation<\/strong><\/a><\/li>\n<li><a href=\"https:\/\/www.astrorimouski.net\/club\/le-coin-du-debutant\/jeu-questionnaire-no-17-2\/\"><strong>Jeu questionnaire No 17<br \/>\n<\/strong><br \/>\n<\/a><\/li>\n<\/ul>\n<\/li>\n<li>\n<h3 id=\"coin18\"><strong>Les \u00e9clipses<\/strong><\/h3>\n<ul>\n<li><a href=\"https:\/\/www.astrorimouski.net\/clubdocuments\/coin_du_debutant\/18_les_eclipses.pdf\"><strong>Texte de pr\u00e9sentation<\/strong><\/a><\/li>\n<li><a href=\"https:\/\/www.astrorimouski.net\/club\/le-coin-du-debutant\/jeu-questionnaire-no-18-les-eclipses\/\"><strong>Jeu questionnaire No 18<br \/>\n<\/strong><br \/>\n<\/a><\/li>\n<\/ul>\n<\/li>\n<li>\n<h3 id=\"coin19\"><strong>Les mar\u00e9es<\/strong><\/h3>\n<ul>\n<li><a href=\"https:\/\/www.astrorimouski.net\/clubdocuments\/coin_du_debutant\/19_les_marees.pdf\"><strong>Texte de pr\u00e9sentation<\/strong><\/a><\/li>\n<li><a href=\"https:\/\/www.astrorimouski.net\/club\/le-coin-du-debutant\/jeu-questionnaire-no-19-les-marees\/\"><strong>Jeu questionnaire No 19<br \/>\n<\/strong><br \/>\n<\/a><\/li>\n<\/ul>\n<\/li>\n<li>\n<h3 id=\"coin20\"><strong>Le calendrier<\/strong><\/h3>\n<ul>\n<li><a href=\"https:\/\/www.astrorimouski.net\/clubdocuments\/coin_du_debutant\/20_m\u00e9canique_celeste_le_calendrier.pdf\"><strong>Texte de pr\u00e9sentation<\/strong><\/a><\/li>\n<li><a href=\"https:\/\/www.astrorimouski.net\/club\/le-coin-du-debutant\/jeu-questionnaire-no-20-le-calendrier\/\"><strong>Jeu questionnaire No 20<br \/>\n<\/strong><\/a><\/li>\n<\/ul>\n<\/li>\n<\/ol>\n<h2 id=\"section04\"><strong>Section 4 &#8211; Les \u00e9toiles<\/strong><\/h2>\n<ol>\n<li style=\"list-style-type: none;\">\n<ol start=\"21\">\n<li>\n<h3 id=\"coin21\"><strong>La structure de la mati\u00e8re (partie 1)<\/strong><\/h3>\n<ul>\n<li><a href=\"https:\/\/www.astrorimouski.net\/clubdocuments\/coin_du_debutant\/21_la_structure_de_la_matiere_partie_1.pdf\"><strong>Texte de pr\u00e9sentation<\/strong><\/a><\/li>\n<li><a href=\"https:\/\/www.astrorimouski.net\/club\/jeu-questionnaire-no-21\/\"><strong>Jeu questionnaire No 21<br \/>\n<\/strong><br \/>\n<\/a><\/li>\n<\/ul>\n<\/li>\n<li>\n<h3 id=\"coin22\"><strong>La structure de la mati\u00e8re (partie 2)<\/strong><\/h3>\n<ul>\n<li><a href=\"https:\/\/www.astrorimouski.net\/clubdocuments\/coin_du_debutant\/22_la_structure_de_la_matiere_partie_2.pdf\"><strong>Texte de pr\u00e9sentation<\/strong><\/a><\/li>\n<li><strong>Jeu questionnaire No 22<\/strong><\/li>\n<\/ul>\n<h3><\/h3>\n<\/li>\n<li>\n<h3 id=\"coin23\"><strong>L&rsquo;\u00e9nergie des \u00e9toiles<\/strong><\/h3>\n<ul>\n<li><a href=\"https:\/\/www.astrorimouski.net\/clubdocuments\/coin_du_debutant\/23_energie_des_etoiles.pdf\"><strong>Texte de pr\u00e9sentation<\/strong><\/a><\/li>\n<li><a href=\"https:\/\/www.astrorimouski.net\/club\/le-coin-du-debutant\/jeu-questionnaire-no-23\/\"><strong>Jeu questionnaire No 23<\/strong><\/a><\/li>\n<\/ul>\n<h3><\/h3>\n<\/li>\n<li>\n<h3 id=\"coin24\"><strong>L&rsquo;anatomie des \u00e9toiles<\/strong><\/h3>\n<ul>\n<li><a href=\"https:\/\/www.astrorimouski.net\/clubdocuments\/coin_du_debutant\/24_anatomie_des_etoiles.pdf\"><strong>Texte de pr\u00e9sentation<\/strong><\/a><\/li>\n<\/ul>\n<h3><\/h3>\n<\/li>\n<li>\n<h3 id=\"coin25\"><strong>Le milieu interstellaire<\/strong><\/h3>\n<ul>\n<li><a href=\"https:\/\/www.astrorimouski.net\/clubdocuments\/coin_du_debutant\/25_le_milieu_interstellaire.pdf\"><strong>Texte de pr\u00e9sentation<\/strong><\/a><\/li>\n<\/ul>\n<h3><\/h3>\n<\/li>\n<li>\n<h3 id=\"coin26\"><strong>Les n\u00e9buleuses diffuses<\/strong><\/h3>\n<ul>\n<li><a href=\"https:\/\/www.astrorimouski.net\/clubdocuments\/coin_du_debutant\/26_les_nebuleuses_diffuses.pdf\"><strong>Texte de pr\u00e9sentation<\/strong><\/a><\/li>\n<\/ul>\n<h3><\/h3>\n<\/li>\n<li>\n<h3 id=\"coin27\"><strong>La naissance des \u00e9toiles-partie 1<\/strong><\/h3>\n<ul>\n<li><a href=\"https:\/\/www.astrorimouski.net\/clubdocuments\/coin_du_debutant\/27_la_naissance_des_etoiles_1.pdf\"><strong>Texte de pr\u00e9sentation<\/strong><\/a><\/li>\n<\/ul>\n<h3><\/h3>\n<\/li>\n<li>\n<h3 id=\"coin28\"><strong>La naissance des \u00e9toiles-partie 2<\/strong><\/h3>\n<ul>\n<li><a href=\"https:\/\/www.astrorimouski.net\/clubdocuments\/coin_du_debutant\/28_la_naissance_des_etoiles_2.pdf\"><strong>Texte de pr\u00e9sentation<\/strong><\/a><\/li>\n<\/ul>\n<h3><\/h3>\n<\/li>\n<li>\n<h3 id=\"coin29\"><strong>Le disque protoplan\u00e9taire<\/strong><\/h3>\n<ul>\n<li><a href=\"https:\/\/www.astrorimouski.net\/clubdocuments\/coin_du_debutant\/29_Le disque protoplanetaire.pdf\"><strong>Texte de pr\u00e9sentation<\/strong><\/a><\/li>\n<\/ul>\n<h3><\/h3>\n<\/li>\n<li>\n<h3 id=\"coin30\"><strong>La spectroscopie<\/strong><\/h3>\n<ul>\n<li><a href=\"https:\/\/www.astrorimouski.net\/clubdocuments\/coin_du_debutant\/30_Classification_des_etoiles_spectroscopie.pdf\"><strong>Texte de pr\u00e9sentation<\/strong><\/a><\/li>\n<\/ul>\n<h3><\/h3>\n<\/li>\n<li>\n<h3 id=\"coin31\"><strong>La classification des \u00e9toiles &#8211; Hommage aux calculatrices<\/strong><\/h3>\n<ul>\n<li><a href=\"https:\/\/www.astrorimouski.net\/clubdocuments\/coin_du_debutant\/31_classification_des_etoiles_hommage_aux_calculatrices.pdf\"><strong>Texte de pr\u00e9sentation<\/strong><\/a><\/li>\n<\/ul>\n<h3><\/h3>\n<\/li>\n<li>\n<h3 id=\"coin32\"><strong>Le diagramme de Hertzsprung-Russell<\/strong><\/h3>\n<ul>\n<li><a href=\"https:\/\/www.astrorimouski.net\/clubdocuments\/coin_du_debutant\/32_classification_des_etoiles_diagramme_hr.pdf\"><strong>Texte de pr\u00e9sentation<\/strong><\/a><\/li>\n<\/ul>\n<\/li>\n<\/ol>\n<\/li>\n<\/ol>\n","protected":false},"excerpt":{"rendered":"<p>Ce coin du d\u00e9butant cherche \u00e0 combler un besoin maintes fois exprim\u00e9 par les nouveaux membres du Club d\u2019astronomie de Rimouski. L\u2019astronomie est une discipline fascinante mais difficile d\u2019acc\u00e8s. Un cursus minimal est n\u00e9cessaire pour en comprendre les enjeux et en appr\u00e9cier les beaut\u00e9s. Nous avons voulu outiller le d\u00e9butant des notions que nous jugeons &#8230; <a title=\"Le coin du d\u00e9butant\" class=\"read-more\" href=\"https:\/\/www.astrorimouski.net\/club\/le-coin-du-debutant\/\" aria-label=\"En savoir plus sur Le coin du d\u00e9butant\">Lire la suite<\/a><\/p>\n","protected":false},"author":2,"featured_media":0,"parent":0,"menu_order":4,"comment_status":"closed","ping_status":"closed","template":"","meta":{"footnotes":""},"class_list":["post-1739","page","type-page","status-publish"],"_links":{"self":[{"href":"https:\/\/www.astrorimouski.net\/club\/wp-json\/wp\/v2\/pages\/1739","targetHints":{"allow":["GET"]}}],"collection":[{"href":"https:\/\/www.astrorimouski.net\/club\/wp-json\/wp\/v2\/pages"}],"about":[{"href":"https:\/\/www.astrorimouski.net\/club\/wp-json\/wp\/v2\/types\/page"}],"author":[{"embeddable":true,"href":"https:\/\/www.astrorimouski.net\/club\/wp-json\/wp\/v2\/users\/2"}],"replies":[{"embeddable":true,"href":"https:\/\/www.astrorimouski.net\/club\/wp-json\/wp\/v2\/comments?post=1739"}],"version-history":[{"count":238,"href":"https:\/\/www.astrorimouski.net\/club\/wp-json\/wp\/v2\/pages\/1739\/revisions"}],"predecessor-version":[{"id":4847,"href":"https:\/\/www.astrorimouski.net\/club\/wp-json\/wp\/v2\/pages\/1739\/revisions\/4847"}],"wp:attachment":[{"href":"https:\/\/www.astrorimouski.net\/club\/wp-json\/wp\/v2\/media?parent=1739"}],"curies":[{"name":"wp","href":"https:\/\/api.w.org\/{rel}","templated":true}]}}