{"id":1584,"date":"2017-06-08T20:24:15","date_gmt":"2017-06-09T00:24:15","guid":{"rendered":"http:\/\/www.astrorimouski.net\/club\/?page_id=1584"},"modified":"2025-08-03T17:14:34","modified_gmt":"2025-08-03T21:14:34","slug":"calendrier","status":"publish","type":"page","link":"https:\/\/www.astrorimouski.net\/club\/activites\/calendrier\/","title":{"rendered":"calendrier"},"content":{"rendered":"<h2 id=\"tablepress-12-name\" class=\"tablepress-table-name tablepress-table-name-id-12\">Activit\u00e9s estivales publiques en 2025<\/h2>\n\n<table id=\"tablepress-12\" class=\"tablepress tablepress-id-12\" aria-labelledby=\"tablepress-12-name\">\n<thead>\n<tr class=\"row-1\">\n\t<th class=\"column-1\">Date et heure<\/th><th class=\"column-2\">Endroit<\/th><th class=\"column-3\">Description<\/th>\n<\/tr>\n<\/thead>\n<tbody class=\"row-striping row-hover\">\n<tr class=\"row-2\">\n\t<td class=\"column-1\">Le samedi 2 ao\u00fbt 2025 \u00e0 19h30<\/td><td class=\"column-2\"><a href=\"http:\/\/www.sepaq.com\/pq\/bic\/\" target=\"_blank\" rel=\"noopener\">Parc national du Bic<\/a>,<br \/>\n<a href=\"https:\/\/www.sepaq.com\/pq\/bic\/decouvrir\/\" target=\"_blank\" rel=\"noopener\"><strong>Centre de d\u00e9couverte et de services \u2013 Ferme-Rioux<\/strong><\/a><\/td><td class=\"column-3\">Conf\u00e9rence sur la Lune, suivie (si le temps le permet) d'une s\u00e9ance  d'observation avec la Lune en vedette<br \/>\n<\/td>\n<\/tr>\n<tr class=\"row-3\">\n\t<td class=\"column-1\">Le samedi 16 ao\u00fbt 2025 toute la journ\u00e9e, \u00e0 compter de 10h00<\/td><td class=\"column-2\"><a href=\"http:\/\/www.sepaq.com\/pq\/bic\/\" target=\"_blank\" rel=\"noopener\">Parc national du Bic<\/a>,<br \/>\n<a href=\"https:\/\/www.sepaq.com\/pq\/bic\/decouvrir\/\" target=\"_blank\" rel=\"noopener\"><strong>Centre de d\u00e9couverte et de services \u2013 Ferme-Rioux<\/strong><\/a><\/td><td class=\"column-3\">Observation du Soleil en journ\u00e9e et animation sur le Syst\u00e8me solaire.<br \/>\n<br \/>\nConf\u00e9rence \u00e0 19h30,  suivie d\u2019une soir\u00e9e d\u2019observation du ciel nocturne<\/td>\n<\/tr>\n<tr class=\"row-4\">\n\t<td class=\"column-1\">Le samedi 23 ao\u00fbt 2024 \u00e0 19h30<\/td><td class=\"column-2\"><a href=\"http:\/\/www.sepaq.com\/pq\/bic\/\" target=\"_blank\" rel=\"noopener\">Parc national du Bic<\/a>,<br \/>\n<a href=\"https:\/\/www.sepaq.com\/pq\/bic\/decouvrir\/\" target=\"_blank\" rel=\"noopener\"><strong>Centre de d\u00e9couverte et de services \u2013 Ferme-Rioux<\/strong><\/a><\/td><td class=\"column-3\">Conf\u00e9rence, suivie d'une soir\u00e9e d'observation du ciel nocturne<\/td>\n<\/tr>\n<\/tbody>\n<\/table>\n<!-- #tablepress-12 from cache -->\n\n\n<p><\/p>\n","protected":false},"excerpt":{"rendered":"","protected":false},"author":2,"featured_media":0,"parent":77,"menu_order":0,"comment_status":"closed","ping_status":"closed","template":"","meta":{"footnotes":""},"class_list":["post-1584","page","type-page","status-publish"],"_links":{"self":[{"href":"https:\/\/www.astrorimouski.net\/club\/wp-json\/wp\/v2\/pages\/1584","targetHints":{"allow":["GET"]}}],"collection":[{"href":"https:\/\/www.astrorimouski.net\/club\/wp-json\/wp\/v2\/pages"}],"about":[{"href":"https:\/\/www.astrorimouski.net\/club\/wp-json\/wp\/v2\/types\/page"}],"author":[{"embeddable":true,"href":"https:\/\/www.astrorimouski.net\/club\/wp-json\/wp\/v2\/users\/2"}],"replies":[{"embeddable":true,"href":"https:\/\/www.astrorimouski.net\/club\/wp-json\/wp\/v2\/comments?post=1584"}],"version-history":[{"count":12,"href":"https:\/\/www.astrorimouski.net\/club\/wp-json\/wp\/v2\/pages\/1584\/revisions"}],"predecessor-version":[{"id":4913,"href":"https:\/\/www.astrorimouski.net\/club\/wp-json\/wp\/v2\/pages\/1584\/revisions\/4913"}],"up":[{"embeddable":true,"href":"https:\/\/www.astrorimouski.net\/club\/wp-json\/wp\/v2\/pages\/77"}],"wp:attachment":[{"href":"https:\/\/www.astrorimouski.net\/club\/wp-json\/wp\/v2\/media?parent=1584"}],"curies":[{"name":"wp","href":"https:\/\/api.w.org\/{rel}","templated":true}]}}