{"id":1500,"date":"2017-10-17T13:01:56","date_gmt":"2017-10-17T17:01:56","guid":{"rendered":"http:\/\/www.astrorimouski.net\/club\/?page_id=1500"},"modified":"2019-02-05T20:29:53","modified_gmt":"2019-02-06T01:29:53","slug":"autocollants","status":"publish","type":"page","link":"https:\/\/www.astrorimouski.net\/club\/biblioscope\/documentation\/autocollants\/","title":{"rendered":"\u00c9tiquettes autocollantes"},"content":{"rendered":"<h1>\u00c9tiquettes autocollantes<\/h1>\n<p>Plusieurs \u00e9tiquettes autocollantes ont \u00e9t\u00e9 ajout\u00e9es \u00e0 chacun des t\u00e9lescopes. Vous pouvez voir leur apparence en basse r\u00e9solution dans la galerie d\u00e9roulante ci-dessous. Vous pouvez aussi <strong><a href=\"https:\/\/www.astrorimouski.net\/clubdocuments\/biblioscope\/biblioscope-archive-v02.zip\">t\u00e9l\u00e9charger le fichier d&rsquo;archive<\/a><\/strong> (98 MO) contenant leurs images \u00e0 haute r\u00e9solution (mieux appropri\u00e9es pour l&rsquo;imprimerie).<\/p>\n\n","protected":false},"excerpt":{"rendered":"<p>\u00c9tiquettes autocollantes Plusieurs \u00e9tiquettes autocollantes ont \u00e9t\u00e9 ajout\u00e9es \u00e0 chacun des t\u00e9lescopes. Vous pouvez voir leur apparence en basse r\u00e9solution dans la galerie d\u00e9roulante ci-dessous. Vous pouvez aussi t\u00e9l\u00e9charger le fichier d&rsquo;archive (98 MO) contenant leurs images \u00e0 haute r\u00e9solution (mieux appropri\u00e9es pour l&rsquo;imprimerie).<\/p>\n","protected":false},"author":2,"featured_media":0,"parent":62,"menu_order":0,"comment_status":"closed","ping_status":"closed","template":"","meta":{"footnotes":""},"class_list":["post-1500","page","type-page","status-publish"],"_links":{"self":[{"href":"https:\/\/www.astrorimouski.net\/club\/wp-json\/wp\/v2\/pages\/1500","targetHints":{"allow":["GET"]}}],"collection":[{"href":"https:\/\/www.astrorimouski.net\/club\/wp-json\/wp\/v2\/pages"}],"about":[{"href":"https:\/\/www.astrorimouski.net\/club\/wp-json\/wp\/v2\/types\/page"}],"author":[{"embeddable":true,"href":"https:\/\/www.astrorimouski.net\/club\/wp-json\/wp\/v2\/users\/2"}],"replies":[{"embeddable":true,"href":"https:\/\/www.astrorimouski.net\/club\/wp-json\/wp\/v2\/comments?post=1500"}],"version-history":[{"count":12,"href":"https:\/\/www.astrorimouski.net\/club\/wp-json\/wp\/v2\/pages\/1500\/revisions"}],"predecessor-version":[{"id":2304,"href":"https:\/\/www.astrorimouski.net\/club\/wp-json\/wp\/v2\/pages\/1500\/revisions\/2304"}],"up":[{"embeddable":true,"href":"https:\/\/www.astrorimouski.net\/club\/wp-json\/wp\/v2\/pages\/62"}],"wp:attachment":[{"href":"https:\/\/www.astrorimouski.net\/club\/wp-json\/wp\/v2\/media?parent=1500"}],"curies":[{"name":"wp","href":"https:\/\/api.w.org\/{rel}","templated":true}]}}