{"id":1493,"date":"2017-06-01T13:53:12","date_gmt":"2017-06-01T17:53:12","guid":{"rendered":"http:\/\/www.astrorimouski.net\/club\/?page_id=1493"},"modified":"2024-08-23T16:05:28","modified_gmt":"2024-08-23T20:05:28","slug":"les-sites-de-nos-membres","status":"publish","type":"page","link":"https:\/\/www.astrorimouski.net\/club\/divers\/les-sites-de-nos-membres\/","title":{"rendered":"Les sites de nos membres"},"content":{"rendered":"\n<p>Certains des membres du Club d&rsquo;astronomie de Rimouski maintiennent leur propre site web ou encore voient une partie de leur donn\u00e9es h\u00e9berg\u00e9es par d&rsquo;autres organisations. Parmi ceux-ci (en ordre alphab\u00e9tique):<\/p>\n\n\n\n<ul class=\"wp-block-list\">\n<li><a href=\"http:\/\/www.astrorimouski.net\/membres\/luc\/index.htm\"><strong>Luc Bellavance<\/strong><\/a>&nbsp;\u2014 L&rsquo;astrophotographie et l&rsquo;observation du ciel sont deux grandes passions de Luc. Parmi les sections particuli\u00e8rement importantes \u00e0 visiter sur son site web:\n<ul class=\"wp-block-list\">\n<li><a href=\"http:\/\/www.astrorimouski.net\/membres\/luc\/astro\/index.htm\"><strong>Astronomie<\/strong><\/a> (astrophotographie, animations, articles, pr\u00e9sentations, posters, liens sp\u00e9cialis\u00e9s, etc.)\n<ul class=\"wp-block-list\">\n<li>\u00c0 voir en particulier: sa <strong><a href=\"http:\/\/www.astrorimouski.net\/membres\/luc\/astro\/sphere\/index.htm\" target=\"_blank\" rel=\"noopener noreferrer\">carte du ciel interactive<\/a><\/strong>, montrant (entre autres) la position des objets du ciel profond que Luc a photographi\u00e9 au cours des ann\u00e9es. Prenez bien le temps d&rsquo;explorer les nombreuses options d&rsquo;affichage et de manipulation de cette sph\u00e8re c\u00e9leste programm\u00e9e par Luc. En cliquant sur les carr\u00e9s rouges, il est possible d&rsquo;afficher les photos correspondantes.<\/li>\n\n\n\n<li><a href=\"http:\/\/www.astrorimouski.net\/membres\/luc\/meteo\/index.htm\"><strong>M\u00e9t\u00e9orologie<\/strong><\/a> \u2014 Un compl\u00e9ment fort d\u00e9taill\u00e9 \u00e0 notre page <em>Pr\u00e9vision de l&rsquo;\u00e9tat du ciel \u00e0 Rimouski<\/em>.<\/li>\n<\/ul>\n<\/li>\n<\/ul>\n<\/li>\n<\/ul>\n\n\n\n<ul class=\"wp-block-list\">\n<li><strong><strong><a href=\"http:\/\/www.astrosurf.com\/d_bergeron\/\" target=\"_blank\" rel=\"noopener\">Denis Bergeron<\/a> \u2014 <\/strong><\/strong>Splendeurs c\u00e9lestes &#8211; Une invitation \u00e0 la d\u00e9couverte de notre univers. Site extraordinairement riche, avec des dizaines de didactitiels sur une grande vari\u00e9t\u00e9 de sujets astronomiques. Une des sources qu\u00e9b\u00e9coises les plus approfondies en astrophotographie.<\/li>\n<\/ul>\n\n\n\n<ul class=\"wp-block-list\">\n<li><a href=\"https:\/\/denisgilbert.com\/\"><strong>Denis Gilbert<\/strong><\/a> \u2014 Denis s&rsquo;int\u00e9resse aux v\u00e9hicules \u00e9lectriques et hybrides branchables, aux \u00e9nergies renouvellables, aux changements climatiques, \u00e0 la physique en g\u00e9n\u00e9ral et \u00e0 l&rsquo;astro-physique en particulier. La toute premi\u00e8re entr\u00e9e de son nouveau blog (31 d\u00e9c. 2017) porte sur une Kilonova observ\u00e9e gr\u00e2ce \u00e0 la d\u00e9tection d&rsquo;ondes gravitationnelles.<\/li>\n<\/ul>\n\n\n\n<ul class=\"wp-block-list\">\n<li><strong><a href=\"http:\/\/www.astrobin.com\/users\/Lexis33\/\">Daniel Fournier<\/a><\/strong> \u2014 Photographie le ciel depuis Matane (environ 95 km \u00e0 l&rsquo;est de Rimouski). Le site d&rsquo;h\u00e9bergement choisi par Daniel pour ses photographies affiche automatiquement une carte identifiant la position de la photo dans le ciel.<\/li>\n<\/ul>\n\n\n\n<p><strong>Damien Lemay<\/strong>&nbsp;\u2014 Fondateur du club en 1981, et toujours un des ses membres les plus actifs.<\/p>\n\n\n\n<ul class=\"wp-block-list\">\n<li>Damien se consacre maintenant essentiellement \u00e0 l&rsquo;\u00e9tude des \u00e9toiles variables et verse <a href=\"https:\/\/www.aavso.org\/apps\/webobs\/results\/?obscode=LMA&amp;num_results=25&amp;obs_types=all\" target=\"_blank\" rel=\"noopener\"><strong>la majorit\u00e9 de ses observations (identifiant: LMA) dans la base de donn\u00e9es de l&rsquo;AAVSO<\/strong><\/a> (Association am\u00e9ricaine des observateurs d&rsquo;\u00e9toiles variables). Le site de l&rsquo;AAVSO permet d&rsquo;agglom\u00e9rer les donn\u00e9es de plusieurs observateurs. Par exemple, le graphique ci-dessous illustre la variation de luminosit\u00e9 de la supernova <em>SN 2017eaw<\/em> entre le 6 avril et le 31 mai 2017, dans les bandes photom\u00e9triques R ( en rouge) et V (en vert). Les six observations de Damien (parmi 301) sont mises en \u00e9vidence par les croix brunes orang\u00e9es dans la bande photom\u00e9trique V.<img loading=\"lazy\" decoding=\"async\" class=\"alignleft size-large wp-image-1523\" src=\"https:\/\/www.astrorimouski.net\/club\/wp-content\/uploads\/2017\/06\/SN-2017eaw-20170528-VetR-1024x459.png\" alt=\"\" width=\"1024\" height=\"459\" srcset=\"https:\/\/www.astrorimouski.net\/club\/wp-content\/uploads\/2017\/06\/SN-2017eaw-20170528-VetR-1024x459.png 1024w, https:\/\/www.astrorimouski.net\/club\/wp-content\/uploads\/2017\/06\/SN-2017eaw-20170528-VetR-300x135.png 300w, https:\/\/www.astrorimouski.net\/club\/wp-content\/uploads\/2017\/06\/SN-2017eaw-20170528-VetR-768x344.png 768w, https:\/\/www.astrorimouski.net\/club\/wp-content\/uploads\/2017\/06\/SN-2017eaw-20170528-VetR.png 1360w\" sizes=\"auto, (max-width: 1024px) 100vw, 1024px\" \/><\/li>\n\n\n\n<li>Beaucoup plus t\u00f4t dans la longue carri\u00e8re d&rsquo;astronome amateur, Damien a r\u00e9alis\u00e9 un <a href=\"http:\/\/www.rasc.ca\/ap-introduction\"><strong>Atlas photographique<\/strong><\/a> de l&rsquo;ensemble du ciel visible \u00e0 partir de Rimouski. L&rsquo;Atlas a \u00e9t\u00e9 r\u00e9alis\u00e9 entre 1977 et 1985 \u00e0 l&rsquo;aide d&rsquo;un cam\u00e9ra Schmidt de 14 cm. C&rsquo;\u00e9tait avant l&rsquo;\u00e8re de la photographie num\u00e9rique! La cam\u00e9ra utilisait de la pellicule 35mm coup\u00e9e en petits segments d&rsquo;environ 5 cm, suffisants pour prendre une seule photo \u00e0 la fois et mont\u00e9s \u00e0 la main sur un porte-n\u00e9gatif \u00e0 surface sph\u00e9rique. Le relev\u00e9 original comprend 916 photos, imprim\u00e9es sur du papier 8&Prime;x10&Prime; (l&rsquo;ensemble pesant pr\u00e8s de 16 kg). En 1996, les 820 meilleures images ont \u00e9t\u00e9 num\u00e9ris\u00e9es et sauvegard\u00e9es sur CD-ROM. Depuis janvier 2017, la Soci\u00e9t\u00e9 royale d&rsquo;astronomie du Canada maintient une copie d&rsquo;archive en ligne.<\/li>\n<\/ul>\n\n\n\n<p><\/p>\n\n\n\n<ul class=\"wp-block-list\">\n<li><strong>Daniel L\u00e9vesque<\/strong> \u2014 Daniel est un des administrateurs du groupe Facebook <strong><a rel=\"noopener\" href=\"https:\/\/www.facebook.com\/groups\/8700954463254517\" target=\"_blank\">Astronomes Amateurs C\u00f4te-Nord<\/a>.\u00a0 <\/strong>Cr\u00e9\u00e9 le 17 avril 2024, l<span class=\"x193iq5w xeuugli x13faqbe x1vvkbs x1xmvt09 x1lliihq x1s928wv xhkezso x1gmr53x x1cpjm7i x1fgarty x1943h6x x4zkp8e x676frb x1nxh6w3 x1sibtaa xo1l8bm xi81zsa x1yc453h\" dir=\"auto\"><span class=\"x193iq5w xeuugli x13faqbe x1vvkbs x1xmvt09 x1nxh6w3 x1sibtaa xo1l8bm xzsf02u\">e groupe est tr\u00e8s actif avec plus de 100 membres. Tout le monde peut s&rsquo;y joindre et voir ce qui y est publi\u00e9.<br><\/span><\/span><\/li>\n<\/ul>\n\n\n\n<p><\/p>\n\n\n\n<ul class=\"wp-block-list\">\n<li><strong><a href=\"http:\/\/www.astrorimouski.net\/membres\/sylvain\/\">Sylvain L\u00e9vesque<\/a><\/strong>&nbsp;\u2014 Collectionneur (entre autres choses) de m\u00e9t\u00e9orites, d&rsquo;instruments astronomiques et de livres astronomiques anciens. Habile de ses mains, Sylvain a construit au cours des ann\u00e9es plusieurs cadrans solaires ainsi que des instruments scientifiques spectaculaires.<\/li>\n<\/ul>\n","protected":false},"excerpt":{"rendered":"<p>Certains des membres du Club d&rsquo;astronomie de Rimouski maintiennent leur propre site web ou encore voient une partie de leur donn\u00e9es h\u00e9berg\u00e9es par d&rsquo;autres organisations. Parmi ceux-ci (en ordre alphab\u00e9tique): Damien Lemay&nbsp;\u2014 Fondateur du club en 1981, et toujours un des ses membres les plus actifs.<\/p>\n","protected":false},"author":2,"featured_media":0,"parent":1159,"menu_order":0,"comment_status":"closed","ping_status":"closed","template":"","meta":{"footnotes":""},"class_list":["post-1493","page","type-page","status-publish"],"_links":{"self":[{"href":"https:\/\/www.astrorimouski.net\/club\/wp-json\/wp\/v2\/pages\/1493","targetHints":{"allow":["GET"]}}],"collection":[{"href":"https:\/\/www.astrorimouski.net\/club\/wp-json\/wp\/v2\/pages"}],"about":[{"href":"https:\/\/www.astrorimouski.net\/club\/wp-json\/wp\/v2\/types\/page"}],"author":[{"embeddable":true,"href":"https:\/\/www.astrorimouski.net\/club\/wp-json\/wp\/v2\/users\/2"}],"replies":[{"embeddable":true,"href":"https:\/\/www.astrorimouski.net\/club\/wp-json\/wp\/v2\/comments?post=1493"}],"version-history":[{"count":69,"href":"https:\/\/www.astrorimouski.net\/club\/wp-json\/wp\/v2\/pages\/1493\/revisions"}],"predecessor-version":[{"id":4680,"href":"https:\/\/www.astrorimouski.net\/club\/wp-json\/wp\/v2\/pages\/1493\/revisions\/4680"}],"up":[{"embeddable":true,"href":"https:\/\/www.astrorimouski.net\/club\/wp-json\/wp\/v2\/pages\/1159"}],"wp:attachment":[{"href":"https:\/\/www.astrorimouski.net\/club\/wp-json\/wp\/v2\/media?parent=1493"}],"curies":[{"name":"wp","href":"https:\/\/api.w.org\/{rel}","templated":true}]}}