{"id":1159,"date":"2017-05-02T22:59:16","date_gmt":"2017-05-03T02:59:16","guid":{"rendered":"http:\/\/www.astrorimouski.net\/club\/?page_id=1159"},"modified":"2019-02-19T15:09:36","modified_gmt":"2019-02-19T20:09:36","slug":"divers","status":"publish","type":"page","link":"https:\/\/www.astrorimouski.net\/club\/divers\/","title":{"rendered":"Divers"},"content":{"rendered":"<ul>\n<li><strong><a href=\"https:\/\/www.astrorimouski.net\/club\/divers\/license-de-diffusion\/\">License de diffusion<\/a><\/strong><\/li>\n<li><a href=\"https:\/\/www.astrorimouski.net\/club\/formulaire-de-contact\/\"><strong>Formulaire de contact<\/strong><\/a><\/li>\n<li><strong><a href=\"https:\/\/www.astrorimouski.net\/club\/abonnement\/\">Formulaire d&rsquo;adh\u00e9sion au Club d&rsquo;astronomie de Rimouski<\/a><\/strong><\/li>\n<li><a href=\"https:\/\/www.astrorimouski.net\/club\/les-sites-de-nos-membres\/\"><strong>Les sites de nos membres<\/strong><\/a><\/li>\n<li><a href=\"https:\/\/www.astrorimouski.net\/club\/quelques-liens-utiles\/\"><strong>Quelques liens utiles<\/strong><\/a><\/li>\n<li><a href=\"https:\/\/www.astrorimouski.net\/club\/biblioscope\/ciel\/\"><strong>Pr\u00e9vision de l&rsquo;\u00e9tat du ciel \u00e0 Rimouski<\/strong><\/a><\/li>\n<\/ul>\n","protected":false},"excerpt":{"rendered":"<p>License de diffusion Formulaire de contact Formulaire d&rsquo;adh\u00e9sion au Club d&rsquo;astronomie de Rimouski Les sites de nos membres Quelques liens utiles Pr\u00e9vision de l&rsquo;\u00e9tat du ciel \u00e0 Rimouski<\/p>\n","protected":false},"author":1,"featured_media":0,"parent":0,"menu_order":7,"comment_status":"closed","ping_status":"closed","template":"","meta":{"footnotes":""},"class_list":["post-1159","page","type-page","status-publish"],"_links":{"self":[{"href":"https:\/\/www.astrorimouski.net\/club\/wp-json\/wp\/v2\/pages\/1159","targetHints":{"allow":["GET"]}}],"collection":[{"href":"https:\/\/www.astrorimouski.net\/club\/wp-json\/wp\/v2\/pages"}],"about":[{"href":"https:\/\/www.astrorimouski.net\/club\/wp-json\/wp\/v2\/types\/page"}],"author":[{"embeddable":true,"href":"https:\/\/www.astrorimouski.net\/club\/wp-json\/wp\/v2\/users\/1"}],"replies":[{"embeddable":true,"href":"https:\/\/www.astrorimouski.net\/club\/wp-json\/wp\/v2\/comments?post=1159"}],"version-history":[{"count":11,"href":"https:\/\/www.astrorimouski.net\/club\/wp-json\/wp\/v2\/pages\/1159\/revisions"}],"predecessor-version":[{"id":2396,"href":"https:\/\/www.astrorimouski.net\/club\/wp-json\/wp\/v2\/pages\/1159\/revisions\/2396"}],"wp:attachment":[{"href":"https:\/\/www.astrorimouski.net\/club\/wp-json\/wp\/v2\/media?parent=1159"}],"curies":[{"name":"wp","href":"https:\/\/api.w.org\/{rel}","templated":true}]}}