{"id":1157,"date":"2017-05-02T23:00:58","date_gmt":"2017-05-03T03:00:58","guid":{"rendered":"http:\/\/www.astrorimouski.net\/club\/?page_id=1157"},"modified":"2017-10-17T17:32:58","modified_gmt":"2017-10-17T21:32:58","slug":"quelques-liens-utiles","status":"publish","type":"page","link":"https:\/\/www.astrorimouski.net\/club\/divers\/quelques-liens-utiles\/","title":{"rendered":"Quelques liens utiles"},"content":{"rendered":"<h1>S\u00e9lection de quelques liens utiles<\/h1>\n<ul>\n<li><a href=\"http:\/\/www.faaq.org\/\" target=\"_blank\" rel=\"noopener noreferrer\">F\u00e9d\u00e9ration des astronomes amateurs du Qu\u00e9bec (FAAQ)<\/a><\/li>\n<li><a href=\"http:\/\/espacepourlavie.ca\/planetarium\" target=\"_blank\" rel=\"noopener noreferrer\">Plan\u00e9tarium de Montr\u00e9al<\/a><\/li>\n<li><a href=\"http:\/\/astronomie.quebec\/\" target=\"_blank\" rel=\"noopener noreferrer\">Astronomie Qu\u00e9bec<\/a><\/li>\n<li><a href=\"http:\/\/omm-astro.ca\/\" target=\"_blank\" rel=\"noopener noreferrer\">Observatoire du Mont-M\u00e9gantic<\/a><\/li>\n<li><a href=\"http:\/\/www.astrolab-parc-national-mont-megantic.org\/\" target=\"_blank\" rel=\"noopener noreferrer\">ASTROLab du parc national du Mont-M\u00e9gatic<\/a><\/li>\n<li><a href=\"http:\/\/craq-astro.ca\/\" target=\"_blank\" rel=\"noopener noreferrer\">Centre de recherche en astrophysique du Qu\u00e9bec (CRAQ)<\/a><\/li>\n<li><a href=\"http:\/\/www.exoplanetes.umontreal.ca\/\" target=\"_blank\" rel=\"noopener noreferrer\">Institut de recherche sur les exoplan\u00e8tes<\/a><\/li>\n<li><a href=\"http:\/\/www.asc-csa.gc.ca\/fra\/\" target=\"_blank\" rel=\"noopener noreferrer\">Agence spatiale canadienne<\/a><\/li>\n<li><a href=\"http:\/\/www.cadc-ccda.hia-iha.nrc-cnrc.gc.ca\/fr\/\" target=\"_blank\" rel=\"noopener noreferrer\">Centre canadien de donn\u00e9es astronomiques<\/a><\/li>\n<li><a href=\"http:\/\/miac.uqac.ca\/\" target=\"_blank\" rel=\"noopener noreferrer\">Comit\u00e9 consultatif sur les m\u00e9t\u00e9orites et les impacts<\/a><\/li>\n<li><a href=\"http:\/\/www.cidehom.com\/apod.php\" target=\"_blank\" rel=\"noopener noreferrer\">Ciel des hommes &#8211; L&rsquo;image d&rsquo;astronomie du jour<\/a><\/li>\n<\/ul>\n<h2>Sites de la NASA<\/h2>\n<ul>\n<li><a href=\"http:\/\/www.nasa.gov\/today\/index.html\" target=\"_blank\" rel=\"noopener noreferrer\">Actualit\u00e9 NASA<\/a> (site en anglais)<\/li>\n<li><a href=\"http:\/\/www.gsfc.nasa.gov\/\" target=\"_blank\" rel=\"noopener noreferrer\">Nasa Goddard Space Flight Center<\/a> (site en anglais)<\/li>\n<li><a href=\"http:\/\/www.jpl.nasa.gov\/\" target=\"_blank\" rel=\"noopener noreferrer\">Jet Propulsion Laboratory (JPL)<\/a> (site en anglais)<\/li>\n<\/ul>\n<h2>M\u00e9t\u00e9o et environnement<\/h2>\n<ul>\n<li><a href=\"https:\/\/www.astrorimouski.net\/club\/biblioscope\/ciel\/\" target=\"_blank\" rel=\"noopener noreferrer\">Pr\u00e9vision de l\u2019\u00e9tat du ciel \u00e0 Rimouski<\/a><\/li>\n<li><a href=\"http:\/\/www.astrorimouski.net\/membres\/luc\/meteo\/index.htm\" target=\"_blank\" rel=\"noopener noreferrer\">Page m\u00e9t\u00e9o de Luc Bellavance<\/a> pour la r\u00e9gion de Rimouski<\/li>\n<li><a href=\"http:\/\/www.spaceweather.gc.ca\/index-fr.php\" target=\"_blank\" rel=\"noopener noreferrer\">M\u00e9t\u00e9o spatiale Canada<\/a><\/li>\n<li><a href=\"https:\/\/www.wmocloudatlas.org\" target=\"_blank\" rel=\"noopener noreferrer\">Atlas international des nuages<\/a> (site en anglais)<\/li>\n<\/ul>\n","protected":false},"excerpt":{"rendered":"<p>S\u00e9lection de quelques liens utiles F\u00e9d\u00e9ration des astronomes amateurs du Qu\u00e9bec (FAAQ) Plan\u00e9tarium de Montr\u00e9al Astronomie Qu\u00e9bec Observatoire du Mont-M\u00e9gantic ASTROLab du parc national du Mont-M\u00e9gatic Centre de recherche en astrophysique du Qu\u00e9bec (CRAQ) Institut de recherche sur les exoplan\u00e8tes Agence spatiale canadienne Centre canadien de donn\u00e9es astronomiques Comit\u00e9 consultatif sur les m\u00e9t\u00e9orites et les &#8230; <a title=\"Quelques liens utiles\" class=\"read-more\" href=\"https:\/\/www.astrorimouski.net\/club\/divers\/quelques-liens-utiles\/\" aria-label=\"En savoir plus sur Quelques liens utiles\">Lire la suite<\/a><\/p>\n","protected":false},"author":1,"featured_media":0,"parent":1159,"menu_order":0,"comment_status":"closed","ping_status":"closed","template":"","meta":{"footnotes":""},"class_list":["post-1157","page","type-page","status-publish"],"_links":{"self":[{"href":"https:\/\/www.astrorimouski.net\/club\/wp-json\/wp\/v2\/pages\/1157","targetHints":{"allow":["GET"]}}],"collection":[{"href":"https:\/\/www.astrorimouski.net\/club\/wp-json\/wp\/v2\/pages"}],"about":[{"href":"https:\/\/www.astrorimouski.net\/club\/wp-json\/wp\/v2\/types\/page"}],"author":[{"embeddable":true,"href":"https:\/\/www.astrorimouski.net\/club\/wp-json\/wp\/v2\/users\/1"}],"replies":[{"embeddable":true,"href":"https:\/\/www.astrorimouski.net\/club\/wp-json\/wp\/v2\/comments?post=1157"}],"version-history":[{"count":4,"href":"https:\/\/www.astrorimouski.net\/club\/wp-json\/wp\/v2\/pages\/1157\/revisions"}],"predecessor-version":[{"id":1254,"href":"https:\/\/www.astrorimouski.net\/club\/wp-json\/wp\/v2\/pages\/1157\/revisions\/1254"}],"up":[{"embeddable":true,"href":"https:\/\/www.astrorimouski.net\/club\/wp-json\/wp\/v2\/pages\/1159"}],"wp:attachment":[{"href":"https:\/\/www.astrorimouski.net\/club\/wp-json\/wp\/v2\/media?parent=1157"}],"curies":[{"name":"wp","href":"https:\/\/api.w.org\/{rel}","templated":true}]}}